{"id":25123,"date":"2025-10-09T15:50:10","date_gmt":"2025-10-09T15:50:10","guid":{"rendered":"https:\/\/skins-universe.com\/teslimat\/"},"modified":"2026-02-24T16:53:55","modified_gmt":"2026-02-24T16:53:55","slug":"teslimat","status":"publish","type":"page","link":"https:\/\/skins-universe.com\/tr\/teslimat\/","title":{"rendered":"Teslimat"},"content":{"rendered":"\t\t<div data-elementor-type=\"wp-page\" data-elementor-id=\"25123\" class=\"elementor elementor-25123 elementor-23710\">\n\t\t\t\t\t\t<section class=\"elementor-section elementor-top-section elementor-element elementor-element-848369c elementor-section-boxed elementor-section-height-default elementor-section-height-default sc_fly_static\" data-id=\"848369c\" data-element_type=\"section\">\n\t\t\t\t\t\t<div class=\"elementor-container elementor-column-gap-extended\">\n\t\t\t\t\t<div class=\"elementor-column elementor-col-100 elementor-top-column elementor-element elementor-element-9b0a885 sc_content_align_inherit sc_layouts_column_icons_position_left sc_fly_static\" data-id=\"9b0a885\" data-element_type=\"column\">\n\t\t\t<div class=\"elementor-widget-wrap elementor-element-populated\">\n\t\t\t\t\t\t<div class=\"elementor-element elementor-element-56fe629 sc_fly_static elementor-widget elementor-widget-heading\" data-id=\"56fe629\" data-element_type=\"widget\" data-widget_type=\"heading.default\">\n\t\t\t\t<div class=\"elementor-widget-container\">\n\t\t\t\t\t<h1 class=\"elementor-heading-title elementor-size-default\">Teslimat<\/h1>\t\t\t\t<\/div>\n\t\t\t\t<\/div>\n\t\t\t\t\t<\/div>\n\t\t<\/div>\n\t\t\t\t\t<\/div>\n\t\t<\/section>\n\t\t\t\t<section class=\"elementor-section elementor-top-section elementor-element elementor-element-2b1184b0 elementor-section-boxed elementor-section-height-default elementor-section-height-default sc_fly_static\" data-id=\"2b1184b0\" data-element_type=\"section\" data-settings=\"{&quot;background_background&quot;:&quot;classic&quot;}\">\n\t\t\t\t\t\t<div class=\"elementor-container elementor-column-gap-extended\">\n\t\t\t\t\t<div class=\"elementor-column elementor-col-100 elementor-top-column elementor-element elementor-element-153e1c19 sc_content_align_inherit sc_layouts_column_icons_position_left sc_fly_static\" data-id=\"153e1c19\" data-element_type=\"column\">\n\t\t\t<div class=\"elementor-widget-wrap elementor-element-populated\">\n\t\t\t\t\t\t<div class=\"elementor-element elementor-element-54db29de sc_fly_static elementor-widget elementor-widget-text-editor\" data-id=\"54db29de\" data-element_type=\"widget\" data-widget_type=\"text-editor.default\">\n\t\t\t\t<div class=\"elementor-widget-container\">\n\t\t\t\t\t\t\t\t\t<p>\u00a0<\/p><h3><span style=\"font-size: 17px; color: #d6d6de; text-transform: none;\">\u00d6deme ba\u015far\u0131yla tamamland\u0131ktan sonra, sat\u0131n al\u0131nan skin <\/span><b style=\"font-family: inherit; font-size: 17px; font-style: inherit; color: #d6d6de; text-transform: none;\">Steam takas teklifi<\/b><span style=\"font-size: 17px; color: #d6d6de; text-transform: none;\"> yoluyla do\u011frudan kullan\u0131c\u0131n\u0131n <\/span><b style=\"font-family: inherit; font-size: 17px; font-style: inherit; color: #d6d6de; text-transform: none;\">Steam hesab\u0131na<\/b><span style=\"font-size: 17px; color: #d6d6de; text-transform: none;\"> teslim edilir.<\/span><\/h3><p>Teslimat\u0131n ger\u00e7ekle\u015ftirilebilmesi i\u00e7in kullan\u0131c\u0131n\u0131n ge\u00e7erli bir <b>Steam trade link<\/b> sa\u011flamas\u0131 gerekir. Takas teklifi g\u00f6nderilip kabul edildikten sonra skin, kullan\u0131c\u0131n\u0131n Steam envanterinde g\u00f6r\u00fcn\u00fcr ve <b>Counter-Strike 2 (CS2)<\/b> i\u00e7inde kullan\u0131labilir.<\/p><p><span style=\"font-size: 17px;\">Teslimatla ilgili herhangi bir sorun ya\u015farsan\u0131z, <\/span><span style=\"font-size: 17px;\"><b>info@skins-universe.com<\/b><\/span><span style=\"font-size: 17px;\"> adresinden bizimle ileti\u015fime ge\u00e7ebilirsiniz.<\/span><\/p>\t\t\t\t\t\t\t\t<\/div>\n\t\t\t\t<\/div>\n\t\t\t\t\t<\/div>\n\t\t<\/div>\n\t\t\t\t\t<\/div>\n\t\t<\/section>\n\t\t\t\t<\/div>\n\t\t","protected":false},"excerpt":{"rendered":"<p>Teslimat \u00a0 \u00d6deme ba\u015far\u0131yla tamamland\u0131ktan sonra, sat\u0131n al\u0131nan skin Steam takas teklifi yoluyla do\u011frudan kullan\u0131c\u0131n\u0131n Steam hesab\u0131na teslim edilir. Teslimat\u0131n ger\u00e7ekle\u015ftirilebilmesi i\u00e7in kullan\u0131c\u0131n\u0131n ge\u00e7erli bir Steam trade link sa\u011flamas\u0131 gerekir.&hellip;<\/p>\n","protected":false},"author":1,"featured_media":0,"parent":0,"menu_order":0,"comment_status":"closed","ping_status":"closed","template":"","meta":{"footnotes":""},"class_list":["post-25123","page","type-page","status-publish","hentry"],"yoast_head":"<!-- This site is optimized with the Yoast SEO plugin v26.6 - https:\/\/yoast.com\/wordpress\/plugins\/seo\/ -->\n<title>Teslimat &amp; \u0130ndirmeler - Skins Universe<\/title>\n<meta name=\"description\" content=\"Sat\u0131n ald\u0131ktan sonra, indirme sistemimiz arac\u0131l\u0131\u011f\u0131yla skinlerinize kolayca eri\u015fin. T\u00fcm dijital \u00f6\u011feler hesab\u0131n\u0131za an\u0131nda ve g\u00fcvenli bir \u015fekilde teslim edilir.\" \/>\n<meta name=\"robots\" content=\"index, follow, max-snippet:-1, max-image-preview:large, max-video-preview:-1\" \/>\n<link rel=\"canonical\" href=\"https:\/\/skins-universe.com\/delivery\/\" \/>\n<meta property=\"og:locale\" content=\"tr_TR\" \/>\n<meta property=\"og:type\" content=\"article\" \/>\n<meta property=\"og:title\" content=\"Teslimat &amp; \u0130ndirmeler - Skins Universe\" \/>\n<meta property=\"og:description\" content=\"Sat\u0131n ald\u0131ktan sonra, indirme sistemimiz arac\u0131l\u0131\u011f\u0131yla skinlerinize kolayca eri\u015fin. T\u00fcm dijital \u00f6\u011feler hesab\u0131n\u0131za an\u0131nda ve g\u00fcvenli bir \u015fekilde teslim edilir.\" \/>\n<meta property=\"og:url\" content=\"https:\/\/skins-universe.com\/delivery\/\" \/>\n<meta property=\"og:site_name\" content=\"Skins Universe\" \/>\n<meta property=\"article:modified_time\" content=\"2026-02-24T16:53:55+00:00\" \/>\n<meta name=\"twitter:card\" content=\"summary_large_image\" \/>\n<meta name=\"twitter:label1\" content=\"Tahmini okuma s\u00fcresi\" \/>\n\t<meta name=\"twitter:data1\" content=\"1 dakika\" \/>\n<script type=\"application\/ld+json\" class=\"yoast-schema-graph\">{\"@context\":\"https:\/\/schema.org\",\"@graph\":[{\"@type\":\"WebPage\",\"@id\":\"https:\/\/skins-universe.com\/delivery\/\",\"url\":\"https:\/\/skins-universe.com\/delivery\/\",\"name\":\"Teslimat & \u0130ndirmeler - Skins Universe\",\"isPartOf\":{\"@id\":\"https:\/\/skins-universe.com\/#website\"},\"datePublished\":\"2025-10-09T15:50:10+00:00\",\"dateModified\":\"2026-02-24T16:53:55+00:00\",\"description\":\"Sat\u0131n ald\u0131ktan sonra, indirme sistemimiz arac\u0131l\u0131\u011f\u0131yla skinlerinize kolayca eri\u015fin. T\u00fcm dijital \u00f6\u011feler hesab\u0131n\u0131za an\u0131nda ve g\u00fcvenli bir \u015fekilde teslim edilir.\",\"breadcrumb\":{\"@id\":\"https:\/\/skins-universe.com\/delivery\/#breadcrumb\"},\"inLanguage\":\"tr\",\"potentialAction\":[{\"@type\":\"ReadAction\",\"target\":[\"https:\/\/skins-universe.com\/delivery\/\"]}]},{\"@type\":\"BreadcrumbList\",\"@id\":\"https:\/\/skins-universe.com\/delivery\/#breadcrumb\",\"itemListElement\":[{\"@type\":\"ListItem\",\"position\":1,\"name\":\"Home\",\"item\":\"https:\/\/skins-universe.com\/\"},{\"@type\":\"ListItem\",\"position\":2,\"name\":\"Teslimat\"}]},{\"@type\":\"WebSite\",\"@id\":\"https:\/\/skins-universe.com\/#website\",\"url\":\"https:\/\/skins-universe.com\/\",\"name\":\"Skins Universe\",\"description\":\"Elite Skins for Clutch Moments.\",\"publisher\":{\"@id\":\"https:\/\/skins-universe.com\/#organization\"},\"potentialAction\":[{\"@type\":\"SearchAction\",\"target\":{\"@type\":\"EntryPoint\",\"urlTemplate\":\"https:\/\/skins-universe.com\/?s={search_term_string}\"},\"query-input\":{\"@type\":\"PropertyValueSpecification\",\"valueRequired\":true,\"valueName\":\"search_term_string\"}}],\"inLanguage\":\"tr\"},{\"@type\":\"Organization\",\"@id\":\"https:\/\/skins-universe.com\/#organization\",\"name\":\"Skins Universe\",\"url\":\"https:\/\/skins-universe.com\/\",\"logo\":{\"@type\":\"ImageObject\",\"inLanguage\":\"tr\",\"@id\":\"https:\/\/skins-universe.com\/#\/schema\/logo\/image\/\",\"url\":\"https:\/\/skins-universe.com\/wp-content\/uploads\/2020\/06\/cropped-gaming-1-removebg-preview.png\",\"contentUrl\":\"https:\/\/skins-universe.com\/wp-content\/uploads\/2020\/06\/cropped-gaming-1-removebg-preview.png\",\"width\":500,\"height\":262,\"caption\":\"Skins Universe\"},\"image\":{\"@id\":\"https:\/\/skins-universe.com\/#\/schema\/logo\/image\/\"}}]}<\/script>\n<!-- \/ Yoast SEO plugin. -->","yoast_head_json":{"title":"Teslimat & \u0130ndirmeler - Skins Universe","description":"Sat\u0131n ald\u0131ktan sonra, indirme sistemimiz arac\u0131l\u0131\u011f\u0131yla skinlerinize kolayca eri\u015fin. T\u00fcm dijital \u00f6\u011feler hesab\u0131n\u0131za an\u0131nda ve g\u00fcvenli bir \u015fekilde teslim edilir.","robots":{"index":"index","follow":"follow","max-snippet":"max-snippet:-1","max-image-preview":"max-image-preview:large","max-video-preview":"max-video-preview:-1"},"canonical":"https:\/\/skins-universe.com\/delivery\/","og_locale":"tr_TR","og_type":"article","og_title":"Teslimat & \u0130ndirmeler - Skins Universe","og_description":"Sat\u0131n ald\u0131ktan sonra, indirme sistemimiz arac\u0131l\u0131\u011f\u0131yla skinlerinize kolayca eri\u015fin. T\u00fcm dijital \u00f6\u011feler hesab\u0131n\u0131za an\u0131nda ve g\u00fcvenli bir \u015fekilde teslim edilir.","og_url":"https:\/\/skins-universe.com\/delivery\/","og_site_name":"Skins Universe","article_modified_time":"2026-02-24T16:53:55+00:00","twitter_card":"summary_large_image","twitter_misc":{"Tahmini okuma s\u00fcresi":"1 dakika"},"schema":{"@context":"https:\/\/schema.org","@graph":[{"@type":"WebPage","@id":"https:\/\/skins-universe.com\/delivery\/","url":"https:\/\/skins-universe.com\/delivery\/","name":"Teslimat & \u0130ndirmeler - Skins Universe","isPartOf":{"@id":"https:\/\/skins-universe.com\/#website"},"datePublished":"2025-10-09T15:50:10+00:00","dateModified":"2026-02-24T16:53:55+00:00","description":"Sat\u0131n ald\u0131ktan sonra, indirme sistemimiz arac\u0131l\u0131\u011f\u0131yla skinlerinize kolayca eri\u015fin. T\u00fcm dijital \u00f6\u011feler hesab\u0131n\u0131za an\u0131nda ve g\u00fcvenli bir \u015fekilde teslim edilir.","breadcrumb":{"@id":"https:\/\/skins-universe.com\/delivery\/#breadcrumb"},"inLanguage":"tr","potentialAction":[{"@type":"ReadAction","target":["https:\/\/skins-universe.com\/delivery\/"]}]},{"@type":"BreadcrumbList","@id":"https:\/\/skins-universe.com\/delivery\/#breadcrumb","itemListElement":[{"@type":"ListItem","position":1,"name":"Home","item":"https:\/\/skins-universe.com\/"},{"@type":"ListItem","position":2,"name":"Teslimat"}]},{"@type":"WebSite","@id":"https:\/\/skins-universe.com\/#website","url":"https:\/\/skins-universe.com\/","name":"Skins Universe","description":"Elite Skins for Clutch Moments.","publisher":{"@id":"https:\/\/skins-universe.com\/#organization"},"potentialAction":[{"@type":"SearchAction","target":{"@type":"EntryPoint","urlTemplate":"https:\/\/skins-universe.com\/?s={search_term_string}"},"query-input":{"@type":"PropertyValueSpecification","valueRequired":true,"valueName":"search_term_string"}}],"inLanguage":"tr"},{"@type":"Organization","@id":"https:\/\/skins-universe.com\/#organization","name":"Skins Universe","url":"https:\/\/skins-universe.com\/","logo":{"@type":"ImageObject","inLanguage":"tr","@id":"https:\/\/skins-universe.com\/#\/schema\/logo\/image\/","url":"https:\/\/skins-universe.com\/wp-content\/uploads\/2020\/06\/cropped-gaming-1-removebg-preview.png","contentUrl":"https:\/\/skins-universe.com\/wp-content\/uploads\/2020\/06\/cropped-gaming-1-removebg-preview.png","width":500,"height":262,"caption":"Skins Universe"},"image":{"@id":"https:\/\/skins-universe.com\/#\/schema\/logo\/image\/"}}]}},"_links":{"self":[{"href":"https:\/\/skins-universe.com\/tr\/wp-json\/wp\/v2\/pages\/25123","targetHints":{"allow":["GET"]}}],"collection":[{"href":"https:\/\/skins-universe.com\/tr\/wp-json\/wp\/v2\/pages"}],"about":[{"href":"https:\/\/skins-universe.com\/tr\/wp-json\/wp\/v2\/types\/page"}],"author":[{"embeddable":true,"href":"https:\/\/skins-universe.com\/tr\/wp-json\/wp\/v2\/users\/1"}],"replies":[{"embeddable":true,"href":"https:\/\/skins-universe.com\/tr\/wp-json\/wp\/v2\/comments?post=25123"}],"version-history":[{"count":9,"href":"https:\/\/skins-universe.com\/tr\/wp-json\/wp\/v2\/pages\/25123\/revisions"}],"predecessor-version":[{"id":28738,"href":"https:\/\/skins-universe.com\/tr\/wp-json\/wp\/v2\/pages\/25123\/revisions\/28738"}],"wp:attachment":[{"href":"https:\/\/skins-universe.com\/tr\/wp-json\/wp\/v2\/media?parent=25123"}],"curies":[{"name":"wp","href":"https:\/\/api.w.org\/{rel}","templated":true}]}}