{"id":25127,"date":"2025-10-09T14:54:07","date_gmt":"2025-10-09T14:54:07","guid":{"rendered":"https:\/\/skins-universe.com\/cerez-politikasi\/"},"modified":"2025-10-14T13:42:26","modified_gmt":"2025-10-14T13:42:26","slug":"cerez-politikasi","status":"publish","type":"page","link":"https:\/\/skins-universe.com\/tr\/cerez-politikasi\/","title":{"rendered":"\u00c7erez Politikas\u0131"},"content":{"rendered":"\t\t<div data-elementor-type=\"wp-page\" data-elementor-id=\"25127\" class=\"elementor elementor-25127 elementor-23661\">\n\t\t\t\t\t\t<section class=\"elementor-section elementor-top-section elementor-element elementor-element-848369c elementor-section-boxed elementor-section-height-default elementor-section-height-default sc_fly_static\" data-id=\"848369c\" data-element_type=\"section\">\n\t\t\t\t\t\t<div class=\"elementor-container elementor-column-gap-extended\">\n\t\t\t\t\t<div class=\"elementor-column elementor-col-100 elementor-top-column elementor-element elementor-element-9b0a885 sc_content_align_inherit sc_layouts_column_icons_position_left sc_fly_static\" data-id=\"9b0a885\" data-element_type=\"column\">\n\t\t\t<div class=\"elementor-widget-wrap elementor-element-populated\">\n\t\t\t\t\t\t<div class=\"elementor-element elementor-element-56fe629 sc_fly_static elementor-widget elementor-widget-heading\" data-id=\"56fe629\" data-element_type=\"widget\" data-widget_type=\"heading.default\">\n\t\t\t\t<div class=\"elementor-widget-container\">\n\t\t\t\t\t<h1 class=\"elementor-heading-title elementor-size-default\">\n\u00c7erez Politikas\u0131\n<\/h1>\t\t\t\t<\/div>\n\t\t\t\t<\/div>\n\t\t\t\t\t<\/div>\n\t\t<\/div>\n\t\t\t\t\t<\/div>\n\t\t<\/section>\n\t\t\t\t<section class=\"elementor-section elementor-top-section elementor-element elementor-element-2b1184b0 elementor-section-boxed elementor-section-height-default elementor-section-height-default sc_fly_static\" data-id=\"2b1184b0\" data-element_type=\"section\" data-settings=\"{&quot;background_background&quot;:&quot;classic&quot;}\">\n\t\t\t\t\t\t<div class=\"elementor-container elementor-column-gap-extended\">\n\t\t\t\t\t<div class=\"elementor-column elementor-col-100 elementor-top-column elementor-element elementor-element-153e1c19 sc_content_align_inherit sc_layouts_column_icons_position_left sc_fly_static\" data-id=\"153e1c19\" data-element_type=\"column\">\n\t\t\t<div class=\"elementor-widget-wrap elementor-element-populated\">\n\t\t\t\t\t\t<div class=\"elementor-element elementor-element-54db29de sc_fly_static elementor-widget elementor-widget-text-editor\" data-id=\"54db29de\" data-element_type=\"widget\" data-widget_type=\"text-editor.default\">\n\t\t\t\t<div class=\"elementor-widget-container\">\n\t\t\t\t\t\t\t\t\t<p><span style=\"font-family: Calibri, serif;\">Y\u00fcr\u00fcrl\u00fck tarihi: 13 Ekim 2025<\/span><\/p><p><span style=\"font-family: Calibri, serif;\">Denetleyici: GAMES LAND LIMITED (\u015eirket No. 15743776)<\/span><\/p><p><span style=\"font-family: Calibri, serif;\">Kay\u0131tl\u0131 ofis: Dept 4558, 126 East Ferry Road, Londra, E14 9FP, Birle\u015fik Krall\u0131k<\/span><\/p><p><span style=\"font-family: Calibri, serif;\">Site: <a href=\"https:\/\/skins-universe.com\/tr\/\">https:\/\/skins-universe.com<\/a><\/span><\/p><p><span style=\"font-family: Calibri, serif;\">\u0130leti\u015fim: <a href=\"mailto:info@skins-universe.com\" target=\"_blank\" rel=\"noopener\">info@skins-universe.com<\/a><\/span><\/p><p><span style=\"font-family: Calibri, serif;\">Y\u00f6neten \u00e7er\u00e7eve: Birle\u015fik Krall\u0131k GDPR ve 2003 Gizlilik ve Elektronik \u0130leti\u015fim Y\u00f6netmelikleri (PECR).<\/span><\/p><h3 class=\"western\">1. \u00c7erezler nedir?<\/h3><p><span style=\"font-family: Calibri, serif;\">\u00c7erezler, Sitemizi ziyaret etti\u011finizde cihaz\u0131n\u0131za yerle\u015ftirilen k\u00fc\u00e7\u00fck metin dosyalar\u0131d\u0131r. Ayr\u0131ca yerel depolama, SDK&#8217;lar ve pikseller gibi benzer teknolojileri de kullan\u0131yoruz. Bu Politika, bu teknolojileri nas\u0131l ve neden kulland\u0131\u011f\u0131m\u0131z\u0131 ve bunlar\u0131 nas\u0131l kontrol edebilece\u011finizi a\u00e7\u0131klamaktad\u0131r.  <\/span><\/p><h3>2. \u00c7erezleri nas\u0131l kullan\u0131yoruz<\/h3><p><span style=\"font-family: Calibri, serif;\">\u00c7erezleri \u015fu ama\u00e7larla kullan\u0131r\u0131z: (a) temel Site i\u015flevlerini (\u00f6r. al\u0131\u015fveri\u015f sepeti, \u00f6deme, g\u00fcvenlik) i\u015fletmek; (b) Site performans\u0131n\u0131 ve kullan\u0131m\u0131n\u0131 anlamak; (c) \u00fcr\u00fcnleri ve kullan\u0131c\u0131 deneyimini iyile\u015ftirmek; ve (d) -sizin izninizle- pazarlama etkinli\u011fini \u00f6l\u00e7mek.    <\/span><\/p><h3>3. Onay se\u00e7enekleriniz (PECR)<\/h3><p><span style=\"font-family: Calibri, serif;\">3.1 Gerekli olmayan \u00e7erezleri (\u00f6rn. analiz\/pazarlama) yaln\u0131zca sizin izninizle kullan\u0131r\u0131z. \u00c7erez ba\u015fl\u0131\u011f\u0131m\u0131z ve Site altbilgisindeki &#8220;\u00c7erezleri Y\u00f6net&#8221; ba\u011flant\u0131s\u0131 arac\u0131l\u0131\u011f\u0131yla se\u00e7enekleri kabul edebilir, reddedebilir veya \u00f6zelle\u015ftirebilirsiniz.<br>3.2 Kesinlikle gerekli \u00e7erezler onay gerektirmez. Talep etti\u011finiz hizmeti sunmak i\u00e7in ayarlan\u0131rlar (\u00f6rne\u011fin, sepetteki \u00f6\u011feleri hat\u0131rlamak, \u00f6demeyi i\u015flemek).<br>3.3 Tercihler paneli arac\u0131l\u0131\u011f\u0131yla istedi\u011finiz zaman onay\u0131n\u0131z\u0131 geri \u00e7ekebilirsiniz. \u0130znin geri \u00e7ekilmesi, geri \u00e7ekilmeden \u00f6nceki i\u015flemenin yasall\u0131\u011f\u0131n\u0131 etkilemeyecektir.   <\/span><\/p><h3 class=\"western\">4. Kulland\u0131\u011f\u0131m\u0131z \u00e7erez kategorileri<\/h3><p>&#8211; <span style=\"font-family: Calibri, serif;\">Kesinlikle Gerekli &#8211; gezinme, g\u00fcvenlik ve \u00f6deme gibi temel i\u015flevler i\u00e7in gereklidir.<br>&#8211; Performans\/Analitik &#8211; ziyaret\u00e7ilerin Site ile nas\u0131l etkile\u015fimde bulundu\u011funu anlamam\u0131za yard\u0131mc\u0131 olur (sayfa g\u00f6r\u00fcnt\u00fclemeleri, t\u0131klama olaylar\u0131, y\u00f6nlendirenler gibi toplu \u00f6l\u00e7\u00fcmler).<br>&#8211; \u0130\u015flevsel &#8211; deneyiminizi geli\u015ftirmek i\u00e7in se\u00e7imleri (\u00f6r. para birimi, dil) hat\u0131rlar.<br>&#8211; Pazarlama\/Reklam &#8211; kampanyalar\u0131 \u00f6l\u00e7er ve uygun oldu\u011funda reklamlar\u0131 yay\u0131nlar veya s\u0131n\u0131rlar (yaln\u0131zca etkinle\u015ftirilmi\u015f ve izin verilmi\u015fse).<\/span><\/p><h3 class=\"western\">5. \u00d6rnek \u00e7erez tablosu<\/h3><p><span style=\"font-family: Calibri, serif;\">Tam \u00e7erezler mevcut entegrasyonlar\u0131m\u0131za ba\u011fl\u0131d\u0131r. A\u015fa\u011f\u0131da Sitede g\u00f6rebilece\u011finiz \u00f6rnekler yer almaktad\u0131r: <\/span><\/p><table width=\"703\" cellspacing=\"0\" cellpadding=\"7\"><tbody><tr valign=\"top\"><td width=\"188\"><p align=\"left\"><span style=\"font-family: Cambria, serif;\"><span style=\"font-size: small;\"><b>\u0130sim<\/b><\/span><\/span><\/p><\/td><td width=\"101\"><p align=\"left\"><span style=\"font-family: Cambria, serif;\"><span style=\"font-size: small;\"><b>Sa\u011flay\u0131c\u0131<\/b><\/span><\/span><\/p><\/td><td width=\"140\"><p align=\"left\"><span style=\"font-family: Cambria, serif;\"><span style=\"font-size: small;\"><b>Ama\u00e7<\/b><\/span><\/span><\/p><\/td><td width=\"101\"><p align=\"left\"><span style=\"font-family: Cambria, serif;\"><span style=\"font-size: small;\"><b>Tip<\/b><\/span><\/span><\/p><\/td><td width=\"100\"><p align=\"left\"><span style=\"font-family: Cambria, serif;\"><span style=\"font-size: small;\"><b>Sona erdi<\/b><\/span><\/span><\/p><\/td><\/tr><tr valign=\"top\"><td width=\"188\"><p align=\"left\"><span style=\"font-family: Cambria, serif;\"><span style=\"font-size: small;\"><b>_cfduid \/ __cfruid (\u00f6rnek)<\/b><\/span><\/span><\/p><\/td><td width=\"101\"><p align=\"left\"><span style=\"font-family: Cambria, serif;\"><span style=\"font-size: small;\">Cloudflare<\/span><\/span><\/p><\/td><td width=\"140\"><p align=\"left\"><span style=\"font-family: Cambria, serif;\"><span style=\"font-size: small;\">G\u00fcvenlik ve performans; DDoS korumas\u0131<\/span><\/span><\/p><\/td><td width=\"101\"><p align=\"left\"><span style=\"font-family: Cambria, serif;\"><span style=\"font-size: small;\">HTTP \u00e7erezi<\/span><\/span><\/p><\/td><td width=\"100\"><p align=\"left\"><span style=\"font-family: Cambria, serif;\"><span style=\"font-size: small;\">30 g\u00fcne kadar<\/span><\/span><\/p><\/td><\/tr><tr valign=\"top\"><td width=\"188\"><p align=\"left\"><span style=\"font-family: Cambria, serif;\"><span style=\"font-size: small;\"><b>woocommerce_cart_hash (\u00f6rnek)<\/b><\/span><\/span><\/p><\/td><td width=\"101\"><p align=\"left\"><span style=\"font-family: Cambria, serif;\"><span style=\"font-size: small;\">Skins-Universe<\/span><\/span><\/p><\/td><td width=\"140\"><p align=\"left\"><span style=\"font-family: Cambria, serif;\"><span style=\"font-size: small;\">Oturum s\u0131ras\u0131nda al\u0131\u015fveri\u015f sepeti durumunu korur<\/span><\/span><\/p><\/td><td width=\"101\"><p align=\"left\"><span style=\"font-family: Cambria, serif;\"><span style=\"font-size: small;\">HTTP \u00e7erezi<\/span><\/span><\/p><\/td><td width=\"100\"><p align=\"left\"><span style=\"font-family: Cambria, serif;\"><span style=\"font-size: small;\">Oturum<\/span><\/span><\/p><\/td><\/tr><tr valign=\"top\"><td width=\"188\"><p align=\"left\"><span style=\"font-family: Cambria, serif;\"><span style=\"font-size: small;\"><b>_ga (\u00f6rnek)<\/b><\/span><\/span><\/p><\/td><td width=\"101\"><p align=\"left\"><span style=\"font-family: Cambria, serif;\"><span style=\"font-size: small;\">Google Analytics<\/span><\/span><\/p><\/td><td width=\"140\"><p align=\"left\"><span style=\"font-family: Cambria, serif;\"><span style=\"font-size: small;\">Ziyaret\u00e7i analizleri (toplu metrikler)<\/span><\/span><\/p><\/td><td width=\"101\"><p align=\"left\"><span style=\"font-family: Cambria, serif;\"><span style=\"font-size: small;\">HTTP \u00e7erezi<\/span><\/span><\/p><\/td><td width=\"100\"><p align=\"left\"><span style=\"font-family: Cambria, serif;\"><span style=\"font-size: small;\">13 ay<\/span><\/span><\/p><\/td><\/tr><tr valign=\"top\"><td width=\"188\"><p align=\"left\"><span style=\"font-family: Cambria, serif;\"><span style=\"font-size: small;\"><b>_gid (\u00f6rnek)<\/b><\/span><\/span><\/p><\/td><td width=\"101\"><p align=\"left\"><span style=\"font-family: Cambria, serif;\"><span style=\"font-size: small;\">Google Analytics<\/span><\/span><\/p><\/td><td width=\"140\"><p align=\"left\"><span style=\"font-family: Cambria, serif;\"><span style=\"font-size: small;\">Oturum analizleri<\/span><\/span><\/p><\/td><td width=\"101\"><p align=\"left\"><span style=\"font-family: Cambria, serif;\"><span style=\"font-size: small;\">HTTP \u00e7erezi<\/span><\/span><\/p><\/td><td width=\"100\"><p align=\"left\"><span style=\"font-family: Cambria, serif;\"><span style=\"font-size: small;\">24 saat<\/span><\/span><\/p><\/td><\/tr><tr valign=\"top\"><td width=\"188\"><p align=\"left\"><span style=\"font-family: Cambria, serif;\"><span style=\"font-size: small;\"><b>cookie_consent_preferences<\/b><\/span><\/span><\/p><\/td><td width=\"101\"><p align=\"left\"><span style=\"font-family: Cambria, serif;\"><span style=\"font-size: small;\">Skins-Universe<\/span><\/span><\/p><\/td><td width=\"140\"><p align=\"left\"><span style=\"font-family: Cambria, serif;\"><span style=\"font-size: small;\">\u00c7erez se\u00e7imlerinizi saklay\u0131n<\/span><\/span><\/p><\/td><td width=\"101\"><p align=\"left\"><span style=\"font-family: Cambria, serif;\"><span style=\"font-size: small;\">Yerel depolama<\/span><\/span><\/p><\/td><td width=\"100\"><p align=\"left\"><span style=\"font-family: Cambria, serif;\"><span style=\"font-size: small;\">12 ay<\/span><\/span><\/p><\/td><\/tr><tr valign=\"top\"><td width=\"188\"><p align=\"left\"><span style=\"font-family: Cambria, serif;\"><span style=\"font-size: small;\"><b>_fbp (etkinle\u015ftirilmi\u015fse)<\/b><\/span><\/span><\/p><\/td><td width=\"101\"><p align=\"left\"><span style=\"font-family: Cambria, serif;\"><span style=\"font-size: small;\">Meta<\/span><\/span><\/p><\/td><td width=\"140\"><p align=\"left\"><span style=\"font-family: Cambria, serif;\"><span style=\"font-size: small;\">Pazarlama\/at\u0131f (r\u0131za ile)<\/span><\/span><\/p><\/td><td width=\"101\"><p align=\"left\"><span style=\"font-family: Cambria, serif;\"><span style=\"font-size: small;\">HTTP \u00e7erezi<\/span><\/span><\/p><\/td><td width=\"100\"><p align=\"left\"><span style=\"font-family: Cambria, serif;\"><span style=\"font-size: small;\">90 g\u00fcn<\/span><\/span><\/p><\/td><\/tr><\/tbody><\/table><h3 class=\"western\">6. \u00c7erezleri y\u00f6netme<\/h3><p><span style=\"font-family: Calibri, serif;\">6.1 Tercihlerinizi istedi\u011finiz zaman g\u00f6zden ge\u00e7irmek ve g\u00fcncellemek i\u00e7in &#8220;\u00c7erezleri Y\u00f6net&#8221; ba\u011flant\u0131s\u0131n\u0131 kullan\u0131n.<br>6.2 Taray\u0131c\u0131 kontrolleri: taray\u0131c\u0131 ayarlar\u0131n\u0131z arac\u0131l\u0131\u011f\u0131yla \u00e7erezleri engelleyebilir veya silebilirsiniz. Bunu yapmak Site i\u015flevselli\u011fini, \u00f6zellikle de \u00f6deme i\u015flemini etkileyebilir.<br>6.3 Do Not Track (DNT): Site \u015fu anda DNT sinyallerine yan\u0131t vermemektedir. Tercihler panelimizi kullanarak se\u00e7enekleri y\u00f6netebilirsiniz.  <\/span><\/p><h3 class=\"western\">7. Onay kay\u0131tlar\u0131 ve yenileme<\/h3><p><span style=\"font-family: Calibri, serif;\">Uyumlulu\u011fu g\u00f6stermek i\u00e7in onay se\u00e7imlerinizi (zaman damgas\u0131, \u00fclke\/b\u00f6lge, kategoriler) kaydederiz. Sat\u0131c\u0131larda, ama\u00e7larda \u00f6nemli de\u011fi\u015fiklikler yap\u0131ld\u0131ktan sonra veya 6-12 ay sonra se\u00e7imlerinizi yeniden onaylaman\u0131z\u0131 isteyebiliriz. <\/span><\/p><h3 class=\"western\">8. \u00dc\u00e7\u00fcnc\u00fc <span style=\"font-family: Cambria Math, serif;\">taraf<\/span>\u00e7erezleri ve uluslararas\u0131 transferler<\/h3><p><span style=\"font-family: Calibri, serif;\">\u00dc\u00e7\u00fcnc\u00fc taraf sa\u011flay\u0131c\u0131lar (\u00f6rn. analiz, pazarlama), gizlilik politikalar\u0131na tabi olarak kendi \u00e7erezlerini ayarlayabilir. Baz\u0131 sa\u011flay\u0131c\u0131lar verileri Birle\u015fik Krall\u0131k d\u0131\u015f\u0131nda i\u015fleyebilir. Bunun ger\u00e7ekle\u015fti\u011fi durumlarda, uygun g\u00fcvenlik \u00f6nlemlerine (\u00f6rne\u011fin, yeterlilik, standart s\u00f6zle\u015fme maddeleri) g\u00fcveniriz.  <\/span><\/p><h3 class=\"western\">9. \u00c7ocuklar<\/h3><p><span style=\"font-family: Calibri, serif;\">Hizmetlerimiz 16 ya\u015f\u0131ndan k\u00fc\u00e7\u00fck \u00e7ocuklara y\u00f6nelik de\u011fildir. \u00c7ocuklar\u0131n profilini \u00e7\u0131karmak i\u00e7in bilerek \u00e7erez kullanm\u0131yoruz. <\/span><\/p><h3 class=\"western\">10. Bu \u00c7erez Politikas\u0131ndaki De\u011fi\u015fiklikler<\/h3><p><span style=\"font-family: Calibri, serif;\">Bu Politikay\u0131 zaman zaman g\u00fcncelleyebiliriz. G\u00fcncellenmi\u015f versiyonu yeni bir y\u00fcr\u00fcrl\u00fck tarihi ile birlikte yay\u0131nlayaca\u011f\u0131z ve gerekti\u011finde yeniden onay talep edece\u011fiz. <\/span><\/p><h3 class=\"western\">11. \u0130leti\u015fim<\/h3><p><span style=\"font-family: Calibri, serif;\">Bu Politika veya \u00e7erez uygulamalar\u0131m\u0131z hakk\u0131nda sorular\u0131n\u0131z varsa, ileti\u015fim:<br>E-posta: info@skins-universe.com<br>Posta: GAMES LAND LIMITED, Dept 4558, 126 East Ferry Road, London, E14 9FP, United Kingdom<\/span><\/p><h3 class=\"western\">12. \u0130ste\u011fe ba\u011fl\u0131 CMP<\/h3><p><span style=\"font-family: Calibri, serif;\">Sitemiz IAB TCF uyumlu bir Onay Y\u00f6netimi Platformu (CMP) kullan\u0131yorsa, tercihleriniz bir onay dizesi arac\u0131l\u0131\u011f\u0131yla kat\u0131l\u0131mc\u0131 sat\u0131c\u0131larla payla\u015f\u0131labilir. Sat\u0131c\u0131lar\u0131 ve ama\u00e7lar\u0131 CMP aray\u00fcz\u00fcnde g\u00f6r\u00fcnt\u00fcleyebilir ve tercihlerinizi istedi\u011finiz zaman de\u011fi\u015ftirebilirsiniz. <\/span><\/p>\t\t\t\t\t\t\t\t<\/div>\n\t\t\t\t<\/div>\n\t\t\t\t\t<\/div>\n\t\t<\/div>\n\t\t\t\t\t<\/div>\n\t\t<\/section>\n\t\t\t\t<\/div>\n\t\t","protected":false},"excerpt":{"rendered":"<p>\u00c7erez Politikas\u0131 Y\u00fcr\u00fcrl\u00fck tarihi: 13 Ekim 2025 Denetleyici: GAMES LAND LIMITED (\u015eirket No. 15743776) Kay\u0131tl\u0131 ofis: Dept 4558, 126 East Ferry Road, Londra, E14 9FP, Birle\u015fik Krall\u0131k Site: https:\/\/skins-universe.com \u0130leti\u015fim:&hellip;<\/p>\n","protected":false},"author":1,"featured_media":0,"parent":0,"menu_order":0,"comment_status":"closed","ping_status":"closed","template":"","meta":{"footnotes":""},"class_list":["post-25127","page","type-page","status-publish","hentry"],"yoast_head":"<!-- This site is optimized with the Yoast SEO plugin v26.6 - https:\/\/yoast.com\/wordpress\/plugins\/seo\/ -->\n<title>\u00c7erez Politikas\u0131 - Skins Universe<\/title>\n<meta name=\"robots\" content=\"index, follow, max-snippet:-1, max-image-preview:large, max-video-preview:-1\" \/>\n<link rel=\"canonical\" href=\"https:\/\/skins-universe.com\/tr\/cerez-politikasi\/\" \/>\n<meta property=\"og:locale\" content=\"tr_TR\" \/>\n<meta property=\"og:type\" content=\"article\" \/>\n<meta property=\"og:title\" content=\"\u00c7erez Politikas\u0131 - Skins Universe\" \/>\n<meta property=\"og:description\" content=\"\u00c7erez Politikas\u0131 Y\u00fcr\u00fcrl\u00fck tarihi: 13 Ekim 2025 Denetleyici: GAMES LAND LIMITED (\u015eirket No. 15743776) Kay\u0131tl\u0131 ofis: Dept 4558, 126 East Ferry Road, Londra, E14 9FP, Birle\u015fik Krall\u0131k Site: https:\/\/skins-universe.com \u0130leti\u015fim:&hellip;\" \/>\n<meta property=\"og:url\" content=\"https:\/\/skins-universe.com\/tr\/cerez-politikasi\/\" \/>\n<meta property=\"og:site_name\" content=\"Skins Universe\" \/>\n<meta property=\"article:modified_time\" content=\"2025-10-14T13:42:26+00:00\" \/>\n<meta name=\"twitter:card\" content=\"summary_large_image\" \/>\n<meta name=\"twitter:label1\" content=\"Tahmini okuma s\u00fcresi\" \/>\n\t<meta name=\"twitter:data1\" content=\"4 dakika\" \/>\n<script type=\"application\/ld+json\" class=\"yoast-schema-graph\">{\"@context\":\"https:\/\/schema.org\",\"@graph\":[{\"@type\":\"WebPage\",\"@id\":\"https:\/\/skins-universe.com\/tr\/cerez-politikasi\/\",\"url\":\"https:\/\/skins-universe.com\/tr\/cerez-politikasi\/\",\"name\":\"\u00c7erez Politikas\u0131 - Skins Universe\",\"isPartOf\":{\"@id\":\"https:\/\/skins-universe.com\/#website\"},\"datePublished\":\"2025-10-09T14:54:07+00:00\",\"dateModified\":\"2025-10-14T13:42:26+00:00\",\"breadcrumb\":{\"@id\":\"https:\/\/skins-universe.com\/tr\/cerez-politikasi\/#breadcrumb\"},\"inLanguage\":\"tr\",\"potentialAction\":[{\"@type\":\"ReadAction\",\"target\":[\"https:\/\/skins-universe.com\/tr\/cerez-politikasi\/\"]}]},{\"@type\":\"BreadcrumbList\",\"@id\":\"https:\/\/skins-universe.com\/tr\/cerez-politikasi\/#breadcrumb\",\"itemListElement\":[{\"@type\":\"ListItem\",\"position\":1,\"name\":\"Home\",\"item\":\"https:\/\/skins-universe.com\/\"},{\"@type\":\"ListItem\",\"position\":2,\"name\":\"\u00c7erez Politikas\u0131\"}]},{\"@type\":\"WebSite\",\"@id\":\"https:\/\/skins-universe.com\/#website\",\"url\":\"https:\/\/skins-universe.com\/\",\"name\":\"Skins Universe\",\"description\":\"Elite Skins for Clutch Moments.\",\"publisher\":{\"@id\":\"https:\/\/skins-universe.com\/#organization\"},\"potentialAction\":[{\"@type\":\"SearchAction\",\"target\":{\"@type\":\"EntryPoint\",\"urlTemplate\":\"https:\/\/skins-universe.com\/?s={search_term_string}\"},\"query-input\":{\"@type\":\"PropertyValueSpecification\",\"valueRequired\":true,\"valueName\":\"search_term_string\"}}],\"inLanguage\":\"tr\"},{\"@type\":\"Organization\",\"@id\":\"https:\/\/skins-universe.com\/#organization\",\"name\":\"Skins Universe\",\"url\":\"https:\/\/skins-universe.com\/\",\"logo\":{\"@type\":\"ImageObject\",\"inLanguage\":\"tr\",\"@id\":\"https:\/\/skins-universe.com\/#\/schema\/logo\/image\/\",\"url\":\"https:\/\/skins-universe.com\/wp-content\/uploads\/2020\/06\/cropped-gaming-1-removebg-preview.png\",\"contentUrl\":\"https:\/\/skins-universe.com\/wp-content\/uploads\/2020\/06\/cropped-gaming-1-removebg-preview.png\",\"width\":500,\"height\":262,\"caption\":\"Skins Universe\"},\"image\":{\"@id\":\"https:\/\/skins-universe.com\/#\/schema\/logo\/image\/\"}}]}<\/script>\n<!-- \/ Yoast SEO plugin. -->","yoast_head_json":{"title":"\u00c7erez Politikas\u0131 - Skins Universe","robots":{"index":"index","follow":"follow","max-snippet":"max-snippet:-1","max-image-preview":"max-image-preview:large","max-video-preview":"max-video-preview:-1"},"canonical":"https:\/\/skins-universe.com\/tr\/cerez-politikasi\/","og_locale":"tr_TR","og_type":"article","og_title":"\u00c7erez Politikas\u0131 - Skins Universe","og_description":"\u00c7erez Politikas\u0131 Y\u00fcr\u00fcrl\u00fck tarihi: 13 Ekim 2025 Denetleyici: GAMES LAND LIMITED (\u015eirket No. 15743776) Kay\u0131tl\u0131 ofis: Dept 4558, 126 East Ferry Road, Londra, E14 9FP, Birle\u015fik Krall\u0131k Site: https:\/\/skins-universe.com \u0130leti\u015fim:&hellip;","og_url":"https:\/\/skins-universe.com\/tr\/cerez-politikasi\/","og_site_name":"Skins Universe","article_modified_time":"2025-10-14T13:42:26+00:00","twitter_card":"summary_large_image","twitter_misc":{"Tahmini okuma s\u00fcresi":"4 dakika"},"schema":{"@context":"https:\/\/schema.org","@graph":[{"@type":"WebPage","@id":"https:\/\/skins-universe.com\/tr\/cerez-politikasi\/","url":"https:\/\/skins-universe.com\/tr\/cerez-politikasi\/","name":"\u00c7erez Politikas\u0131 - Skins Universe","isPartOf":{"@id":"https:\/\/skins-universe.com\/#website"},"datePublished":"2025-10-09T14:54:07+00:00","dateModified":"2025-10-14T13:42:26+00:00","breadcrumb":{"@id":"https:\/\/skins-universe.com\/tr\/cerez-politikasi\/#breadcrumb"},"inLanguage":"tr","potentialAction":[{"@type":"ReadAction","target":["https:\/\/skins-universe.com\/tr\/cerez-politikasi\/"]}]},{"@type":"BreadcrumbList","@id":"https:\/\/skins-universe.com\/tr\/cerez-politikasi\/#breadcrumb","itemListElement":[{"@type":"ListItem","position":1,"name":"Home","item":"https:\/\/skins-universe.com\/"},{"@type":"ListItem","position":2,"name":"\u00c7erez Politikas\u0131"}]},{"@type":"WebSite","@id":"https:\/\/skins-universe.com\/#website","url":"https:\/\/skins-universe.com\/","name":"Skins Universe","description":"Elite Skins for Clutch Moments.","publisher":{"@id":"https:\/\/skins-universe.com\/#organization"},"potentialAction":[{"@type":"SearchAction","target":{"@type":"EntryPoint","urlTemplate":"https:\/\/skins-universe.com\/?s={search_term_string}"},"query-input":{"@type":"PropertyValueSpecification","valueRequired":true,"valueName":"search_term_string"}}],"inLanguage":"tr"},{"@type":"Organization","@id":"https:\/\/skins-universe.com\/#organization","name":"Skins Universe","url":"https:\/\/skins-universe.com\/","logo":{"@type":"ImageObject","inLanguage":"tr","@id":"https:\/\/skins-universe.com\/#\/schema\/logo\/image\/","url":"https:\/\/skins-universe.com\/wp-content\/uploads\/2020\/06\/cropped-gaming-1-removebg-preview.png","contentUrl":"https:\/\/skins-universe.com\/wp-content\/uploads\/2020\/06\/cropped-gaming-1-removebg-preview.png","width":500,"height":262,"caption":"Skins Universe"},"image":{"@id":"https:\/\/skins-universe.com\/#\/schema\/logo\/image\/"}}]}},"_links":{"self":[{"href":"https:\/\/skins-universe.com\/tr\/wp-json\/wp\/v2\/pages\/25127","targetHints":{"allow":["GET"]}}],"collection":[{"href":"https:\/\/skins-universe.com\/tr\/wp-json\/wp\/v2\/pages"}],"about":[{"href":"https:\/\/skins-universe.com\/tr\/wp-json\/wp\/v2\/types\/page"}],"author":[{"embeddable":true,"href":"https:\/\/skins-universe.com\/tr\/wp-json\/wp\/v2\/users\/1"}],"replies":[{"embeddable":true,"href":"https:\/\/skins-universe.com\/tr\/wp-json\/wp\/v2\/comments?post=25127"}],"version-history":[{"count":1,"href":"https:\/\/skins-universe.com\/tr\/wp-json\/wp\/v2\/pages\/25127\/revisions"}],"predecessor-version":[{"id":25128,"href":"https:\/\/skins-universe.com\/tr\/wp-json\/wp\/v2\/pages\/25127\/revisions\/25128"}],"wp:attachment":[{"href":"https:\/\/skins-universe.com\/tr\/wp-json\/wp\/v2\/media?parent=25127"}],"curies":[{"name":"wp","href":"https:\/\/api.w.org\/{rel}","templated":true}]}}