{"id":25129,"date":"2025-10-09T14:52:13","date_gmt":"2025-10-09T14:52:13","guid":{"rendered":"https:\/\/skins-universe.com\/para-iadesi-politikasi\/"},"modified":"2025-10-14T13:42:41","modified_gmt":"2025-10-14T13:42:41","slug":"para-iadesi-politikasi","status":"publish","type":"page","link":"https:\/\/skins-universe.com\/tr\/para-iadesi-politikasi\/","title":{"rendered":"Para \u0130adesi Politikas\u0131"},"content":{"rendered":"\t\t<div data-elementor-type=\"wp-page\" data-elementor-id=\"25129\" class=\"elementor elementor-25129 elementor-23638\">\n\t\t\t\t\t\t<section class=\"elementor-section elementor-top-section elementor-element elementor-element-848369c elementor-section-boxed elementor-section-height-default elementor-section-height-default sc_fly_static\" data-id=\"848369c\" data-element_type=\"section\">\n\t\t\t\t\t\t<div class=\"elementor-container elementor-column-gap-extended\">\n\t\t\t\t\t<div class=\"elementor-column elementor-col-100 elementor-top-column elementor-element elementor-element-9b0a885 sc_content_align_inherit sc_layouts_column_icons_position_left sc_fly_static\" data-id=\"9b0a885\" data-element_type=\"column\">\n\t\t\t<div class=\"elementor-widget-wrap elementor-element-populated\">\n\t\t\t\t\t\t<div class=\"elementor-element elementor-element-56fe629 sc_fly_static elementor-widget elementor-widget-heading\" data-id=\"56fe629\" data-element_type=\"widget\" data-widget_type=\"heading.default\">\n\t\t\t\t<div class=\"elementor-widget-container\">\n\t\t\t\t\t<h1 class=\"elementor-heading-title elementor-size-default\">\n\u0130ade ve Geri \u00d6deme Politikas\u0131\n<\/h1>\t\t\t\t<\/div>\n\t\t\t\t<\/div>\n\t\t\t\t\t<\/div>\n\t\t<\/div>\n\t\t\t\t\t<\/div>\n\t\t<\/section>\n\t\t\t\t<section class=\"elementor-section elementor-top-section elementor-element elementor-element-2b1184b0 elementor-section-boxed elementor-section-height-default elementor-section-height-default sc_fly_static\" data-id=\"2b1184b0\" data-element_type=\"section\" data-settings=\"{&quot;background_background&quot;:&quot;classic&quot;}\">\n\t\t\t\t\t\t<div class=\"elementor-container elementor-column-gap-extended\">\n\t\t\t\t\t<div class=\"elementor-column elementor-col-100 elementor-top-column elementor-element elementor-element-153e1c19 sc_content_align_inherit sc_layouts_column_icons_position_left sc_fly_static\" data-id=\"153e1c19\" data-element_type=\"column\">\n\t\t\t<div class=\"elementor-widget-wrap elementor-element-populated\">\n\t\t\t\t\t\t<div class=\"elementor-element elementor-element-54db29de sc_fly_static elementor-widget elementor-widget-text-editor\" data-id=\"54db29de\" data-element_type=\"widget\" data-widget_type=\"text-editor.default\">\n\t\t\t\t<div class=\"elementor-widget-container\">\n\t\t\t\t\t\t\t\t\t<section class=\"elementor-section elementor-top-section elementor-element elementor-element-331273d elementor-section-boxed elementor-section-height-default elementor-section-height-default\" data-id=\"331273d\" data-element_type=\"section\"><div class=\"elementor-container elementor-column-gap-extended\"><div class=\"elementor-column elementor-col-100 elementor-top-column elementor-element elementor-element-994131c sc_inner_width_none sc_layouts_column_icons_position_left\" data-id=\"994131c\" data-element_type=\"column\"><div class=\"elementor-widget-wrap elementor-element-populated\"><div class=\"elementor-element elementor-element-3656421 sc_fly_static elementor-widget elementor-widget-theme-post-content\" data-id=\"3656421\" data-element_type=\"widget\" data-widget_type=\"theme-post-content.default\"><div class=\"elementor-widget-container\"><p><span style=\"color: #4f81bd;\"><span style=\"font-family: Calibri, serif;\"><span style=\"font-size: medium;\"><i><span style=\"font-size: large;\">Deriler<\/span><span style=\"font-family: Cambria Math, serif;\">\n  <span style=\"font-size: large;\">&#8211;<\/span>\n<\/span><span style=\"font-size: large;\">Universe (Dijital \u0130\u00e7erik)<\/span><\/i><\/span><\/span><\/span><\/p><p><span style=\"font-family: Calibri, serif;\">Y\u00fcr\u00fcrl\u00fck tarihi: 13 Ekim 2025<\/span><\/p><p><span style=\"font-family: Calibri, serif;\">\u015eirket: GAMES LAND LIMITED (\u015eirket No. 15743776)<\/span><\/p><p><span style=\"font-family: Calibri, serif;\">Kay\u0131tl\u0131 ofis: Dept 4558, 126 East Ferry Road, Londra, E14 9FP, Birle\u015fik Krall\u0131k<\/span><\/p><p><span style=\"font-family: Calibri, serif;\">Ticari ad\u0131: Skins-Universe (skins-universe.com)<\/span><\/p><p><span style=\"font-family: Calibri, serif;\">\u0130leti\u015fim: <a href=\"mailto:info@skins-universe.com\" target=\"_blank\" rel=\"noopener\">info@skins-universe.com<\/a><\/span><\/p><p><span style=\"font-family: Calibri, serif;\">Ge\u00e7erli hukuk: \u0130ngiltere ve Galler. Yarg\u0131 yetkisi: \u0130ngiltere ve Galler mahkemeleri. <\/span><\/p><h3 class=\"western\">1. Kapsam<\/h3><p><span style=\"font-family: Calibri, serif;\">Bu \u0130ade ve Geri \u00d6deme Politikas\u0131, skins-universe.com adresinden yap\u0131lan Dijital \u0130\u00e7erik (\u00f6r. oyun i\u00e7i g\u00f6r\u00fcn\u00fcmler ve ilgili indirilebilir veya a\u00e7\u0131labilir \u00f6\u011feler) sat\u0131n al\u0131mlar\u0131 i\u00e7in ge\u00e7erlidir. Teslimat yaln\u0131zca elektroniktir. Hi\u00e7bir fiziksel \u00fcr\u00fcn g\u00f6nderilmez.  <\/span><\/p><h3 class=\"western\">2. Temel ilkeler<\/h3><p>&#8211; <span style=\"font-family: Calibri, serif;\">Ba\u015far\u0131l\u0131 bir \u00f6demenin ard\u0131ndan an\u0131nda veya neredeyse an\u0131nda elektronik teslimat hedefliyoruz.<br>&#8211; T\u00fcketiciler i\u00e7in, T\u00fcketici S\u00f6zle\u015fmeleri Y\u00f6netmeli\u011fi 2013 kapsam\u0131nda 14 g\u00fcnl\u00fck bir iptal hakk\u0131 mevcuttur; ancak, hemen tedarik edilmesini a\u00e7\u0131k\u00e7a talep ederseniz ve \u00f6deme yapmadan \u00f6nce iptal etme hakk\u0131n\u0131z\u0131 kaybetti\u011finizi kabul ederseniz, indirme\/etkinle\u015ftirme ba\u015flad\u0131\u011f\u0131nda bu hakk\u0131n\u0131z\u0131 kaybedersiniz.<br>&#8211; Teslimat yap\u0131lmamas\u0131, d\u00fczeltemeyece\u011fimiz do\u011frulanm\u0131\u015f teknik ar\u0131za veya m\u00fckerrer \u00f6deme olmas\u0131 durumunda para iadesi sa\u011fl\u0131yoruz.<\/span><\/p><h3 class=\"western\">3. Geri \u00f6deme uygunluk matrisi<\/h3><p><span style=\"font-family: Calibri, serif;\">Uygun:<br>a) Sistemlerimiz taraf\u0131ndan onaylanan ba\u015far\u0131l\u0131 \u00f6demeden sonra teslimat\u0131n yap\u0131lmamas\u0131;<br>b) Dijital \u0130\u00e7erikte makul bir s\u00fcre i\u00e7inde d\u00fczeltemeyece\u011fimiz do\u011frulanm\u0131\u015f teknik ar\u0131za;<br>c) M\u00fckerrer \u00f6deme (kazara \u00e7ifte \u00fccretlendirme).<br>Uygun de\u011fildir:<br>d) \u0130ndirme\/aktivasyon ba\u015flad\u0131ktan sonra fikir de\u011fi\u015fikli\u011fi (\u00f6deme s\u0131ras\u0131nda a\u00e7\u0131k onay\u0131n\u0131z\u0131\/onay\u0131n\u0131z\u0131 takiben);<br>e) Uyumsuz veya desteklenmeyen cihazlardan, i\u015fletim sistemlerinden veya oyun s\u00fcr\u00fcmlerinden kaynaklanan ve uyumlulu\u011fun makul bir \u015fekilde a\u00e7\u0131kland\u0131\u011f\u0131 sorunlar;<br>f) \u015eartlar\u0131m\u0131z\u0131n ihlali (\u00f6rn, k\u00f6t\u00fcye kullan\u0131m, izinsiz yeniden da\u011f\u0131t\u0131m).<\/span><\/p><h3 class=\"western\">4. Para iadesi nas\u0131l talep edilir<\/h3><p><span style=\"font-family: Calibri, serif;\">Sat\u0131n alma i\u015fleminden (veya teknik bir ar\u0131zan\u0131n ke\u015ffinden) sonraki 14 g\u00fcn i\u00e7inde <a href=\"mailto:info@skins-universe.com\" target=\"_blank\" rel=\"noopener\">info@skins-universe.com<\/a> adresine e-posta g\u00f6nderin ve \u015funlar\u0131 ekleyin:<br>&#8211; Sipari\u015f Kimli\u011fi ve sat\u0131n alma e-postas\u0131;<br>&#8211; Sat\u0131n alma tarihi\/saati ve para birimi (USD\/EUR\/AUD\/GBP\/NZD);<br>&#8211; Sorunun a\u00e7\u0131klamas\u0131 ve halihaz\u0131rda at\u0131lan ad\u0131mlar;<br>&#8211; Cihaz\/OS ve oyun\/platform ayr\u0131nt\u0131lar\u0131; varsa ekran g\u00f6r\u00fcnt\u00fcleri veya hata g\u00fcnl\u00fckleri.<\/span><\/p><h3 class=\"western\">5. Sorun giderme ve d\u00fczeltme<\/h3><p><span style=\"font-family: Calibri, serif;\">Al\u0131nd\u0131ktan sonra:<br>&#8211; Talebinizi 1 i\u015f g\u00fcn\u00fc i\u00e7inde onaylayaca\u011f\u0131z;<br>&#8211; Sorun giderme ad\u0131mlar\u0131n\u0131 ve uygun oldu\u011fu durumlarda yedek bir indirme anahtar\u0131 veya yeniden teslimat sa\u011flayaca\u011f\u0131z;<br>&#8211; D\u00fczeltme makul bir s\u00fcre i\u00e7inde ba\u015far\u0131s\u0131z olursa, bu Politika uyar\u0131nca bir geri \u00f6demeyi onaylayaca\u011f\u0131z.<\/span><\/p><h3 class=\"western\">6. Zaman dilimleri ve geri \u00f6deme y\u00f6ntemi<\/h3><p>&#8211; <span style=\"font-family: Calibri, serif;\">Onaylanan geri \u00f6demeler yaln\u0131zca orijinal \u00f6deme y\u00f6ntemine yap\u0131l\u0131r.<br>&#8211; Geri \u00f6demeleri onayland\u0131ktan sonra 3-5 i\u015f g\u00fcn\u00fc i\u00e7inde ba\u015flat\u0131yoruz. \u0130\u015flem s\u00fcreleri \u00f6deme sa\u011flay\u0131c\u0131n\u0131za ba\u011fl\u0131d\u0131r ve para birimine g\u00f6re de\u011fi\u015febilir (USD\/EUR\/AUD\/GBP\/NZD).<\/span><\/p><h3 class=\"western\">7. Ters ibrazlar ve anla\u015fmazl\u0131klar\u0131n \u00e7\u00f6z\u00fcm\u00fc<\/h3><p><span style=\"font-family: Calibri, serif;\">L\u00fctfen \u00f6nce info@skins-universe.com adresinden bizimle ileti\u015fime ge\u00e7in. Derhal ara\u015ft\u0131r\u0131r ve sonu\u00e7 ayr\u0131nt\u0131lar\u0131n\u0131 sa\u011flar\u0131z. Haks\u0131z veya k\u00f6t\u00fcye kullan\u0131lan ters ibrazlar, \u015eartlar\u0131m\u0131z uyar\u0131nca ask\u0131ya al\u0131nmaya veya feshedilmeye yol a\u00e7abilir.  <\/span><\/p><h3 class=\"western\">8. Dijital teslimat onay\u0131<\/h3><p><span style=\"font-family: Calibri, serif;\">Teslimat, indirme ba\u011flant\u0131lar\u0131\/anahtarlar\u0131 hesab\u0131n\u0131zda veya e-posta ile kullan\u0131ma sunuldu\u011funda onaylan\u0131r. \u00d6deme yap\u0131ld\u0131ktan sonraki 30 dakika i\u00e7inde teslimat almad\u0131ysan\u0131z, spam klas\u00f6r\u00fcn\u00fcz\u00fc ve hesab\u0131n\u0131z\u0131n \u0130ndirmeler\/Sipari\u015fler sayfas\u0131n\u0131 kontrol edin; aksi takdirde Sipari\u015f Kimli\u011finizle bizimle ileti\u015fime ge\u00e7in. <\/span><\/p><h3 class=\"western\">9. Doland\u0131r\u0131c\u0131l\u0131k, suistimal ve g\u00fcvenlik<\/h3><p><span style=\"font-family: Calibri, serif;\">Geri \u00f6demeleri etkileyen \u015f\u00fcpheli doland\u0131r\u0131c\u0131l\u0131k veya k\u00f6t\u00fcye kullan\u0131m\u0131 ara\u015ft\u0131rabiliriz. K\u00f6t\u00fcye kullan\u0131m tespit edilirse, talebi reddedebilir ve \u015eartlar\u0131m\u0131z\u0131n izin verdi\u011fi \u00f6nlemleri alabiliriz. <\/span><\/p><h3 class=\"western\">10. \u00c7ocuklar<\/h3><p><span style=\"font-family: Calibri, serif;\">Hizmetlerimiz 16 ya\u015f\u0131ndan k\u00fc\u00e7\u00fck \u00e7ocuklara y\u00f6nelik de\u011fildir. Sat\u0131n al\u0131mlar bir ebeveyn veya yasal vasi taraf\u0131ndan veya onlar\u0131n onay\u0131yla yap\u0131lmal\u0131d\u0131r. <\/span><\/p><h3 class=\"western\">11. Bu Politikadaki De\u011fi\u015fiklikler<\/h3><p><span style=\"font-family: Calibri, serif;\">Bu Politikay\u0131 zaman zaman g\u00fcncelleyebiliriz. \u00d6nemli de\u011fi\u015fiklikler, yeni bir y\u00fcr\u00fcrl\u00fck tarihi ile birlikte bu sayfada yay\u0131nlanacakt\u0131r. <\/span><\/p><h3 class=\"western\">12. \u0130leti\u015fim<\/h3><p><span style=\"font-family: Calibri, serif;\">E-posta: <a href=\"mailto:info@skins-universe.com\" target=\"_blank\" rel=\"noopener\">info@skins-universe.com<\/a><br>Web sitesi: <a href=\"https:\/\/skins-universe.com\/tr\/\">https:\/\/skins-universe.com<\/a><br>Posta: GAMES LAND LIMITED, Dept 4558, 126 East Ferry Road, Londra, E14 9FP, Birle\u015fik Krall\u0131k<\/span><\/p><\/div><\/div><\/div><\/div><\/div><\/section>\t\t\t\t\t\t\t\t<\/div>\n\t\t\t\t<\/div>\n\t\t\t\t\t<\/div>\n\t\t<\/div>\n\t\t\t\t\t<\/div>\n\t\t<\/section>\n\t\t\t\t<\/div>\n\t\t","protected":false},"excerpt":{"rendered":"<p>\u0130ade ve Geri \u00d6deme Politikas\u0131 Deriler &#8211; Universe (Dijital \u0130\u00e7erik) Y\u00fcr\u00fcrl\u00fck tarihi: 13 Ekim 2025 \u015eirket: GAMES LAND LIMITED (\u015eirket No. 15743776) Kay\u0131tl\u0131 ofis: Dept 4558, 126 East Ferry Road,&hellip;<\/p>\n","protected":false},"author":1,"featured_media":0,"parent":0,"menu_order":0,"comment_status":"closed","ping_status":"closed","template":"","meta":{"footnotes":""},"class_list":["post-25129","page","type-page","status-publish","hentry"],"yoast_head":"<!-- This site is optimized with the Yoast SEO plugin v26.6 - https:\/\/yoast.com\/wordpress\/plugins\/seo\/ -->\n<title>Para \u0130adesi Politikas\u0131 - Skins Universe<\/title>\n<meta name=\"robots\" content=\"index, follow, max-snippet:-1, max-image-preview:large, max-video-preview:-1\" \/>\n<link rel=\"canonical\" href=\"https:\/\/skins-universe.com\/tr\/para-iadesi-politikasi\/\" \/>\n<meta property=\"og:locale\" content=\"tr_TR\" \/>\n<meta property=\"og:type\" content=\"article\" \/>\n<meta property=\"og:title\" content=\"Para \u0130adesi Politikas\u0131 - Skins Universe\" \/>\n<meta property=\"og:description\" content=\"\u0130ade ve Geri \u00d6deme Politikas\u0131 Deriler &#8211; Universe (Dijital \u0130\u00e7erik) Y\u00fcr\u00fcrl\u00fck tarihi: 13 Ekim 2025 \u015eirket: GAMES LAND LIMITED (\u015eirket No. 15743776) Kay\u0131tl\u0131 ofis: Dept 4558, 126 East Ferry Road,&hellip;\" \/>\n<meta property=\"og:url\" content=\"https:\/\/skins-universe.com\/tr\/para-iadesi-politikasi\/\" \/>\n<meta property=\"og:site_name\" content=\"Skins Universe\" \/>\n<meta property=\"article:modified_time\" content=\"2025-10-14T13:42:41+00:00\" \/>\n<meta name=\"twitter:card\" content=\"summary_large_image\" \/>\n<meta name=\"twitter:label1\" content=\"Tahmini okuma s\u00fcresi\" \/>\n\t<meta name=\"twitter:data1\" content=\"4 dakika\" \/>\n<script type=\"application\/ld+json\" class=\"yoast-schema-graph\">{\"@context\":\"https:\/\/schema.org\",\"@graph\":[{\"@type\":\"WebPage\",\"@id\":\"https:\/\/skins-universe.com\/tr\/para-iadesi-politikasi\/\",\"url\":\"https:\/\/skins-universe.com\/tr\/para-iadesi-politikasi\/\",\"name\":\"Para \u0130adesi Politikas\u0131 - Skins Universe\",\"isPartOf\":{\"@id\":\"https:\/\/skins-universe.com\/#website\"},\"datePublished\":\"2025-10-09T14:52:13+00:00\",\"dateModified\":\"2025-10-14T13:42:41+00:00\",\"breadcrumb\":{\"@id\":\"https:\/\/skins-universe.com\/tr\/para-iadesi-politikasi\/#breadcrumb\"},\"inLanguage\":\"tr\",\"potentialAction\":[{\"@type\":\"ReadAction\",\"target\":[\"https:\/\/skins-universe.com\/tr\/para-iadesi-politikasi\/\"]}]},{\"@type\":\"BreadcrumbList\",\"@id\":\"https:\/\/skins-universe.com\/tr\/para-iadesi-politikasi\/#breadcrumb\",\"itemListElement\":[{\"@type\":\"ListItem\",\"position\":1,\"name\":\"Home\",\"item\":\"https:\/\/skins-universe.com\/\"},{\"@type\":\"ListItem\",\"position\":2,\"name\":\"Para \u0130adesi Politikas\u0131\"}]},{\"@type\":\"WebSite\",\"@id\":\"https:\/\/skins-universe.com\/#website\",\"url\":\"https:\/\/skins-universe.com\/\",\"name\":\"Skins Universe\",\"description\":\"Elite Skins for Clutch Moments.\",\"publisher\":{\"@id\":\"https:\/\/skins-universe.com\/#organization\"},\"potentialAction\":[{\"@type\":\"SearchAction\",\"target\":{\"@type\":\"EntryPoint\",\"urlTemplate\":\"https:\/\/skins-universe.com\/?s={search_term_string}\"},\"query-input\":{\"@type\":\"PropertyValueSpecification\",\"valueRequired\":true,\"valueName\":\"search_term_string\"}}],\"inLanguage\":\"tr\"},{\"@type\":\"Organization\",\"@id\":\"https:\/\/skins-universe.com\/#organization\",\"name\":\"Skins Universe\",\"url\":\"https:\/\/skins-universe.com\/\",\"logo\":{\"@type\":\"ImageObject\",\"inLanguage\":\"tr\",\"@id\":\"https:\/\/skins-universe.com\/#\/schema\/logo\/image\/\",\"url\":\"https:\/\/skins-universe.com\/wp-content\/uploads\/2020\/06\/cropped-gaming-1-removebg-preview.png\",\"contentUrl\":\"https:\/\/skins-universe.com\/wp-content\/uploads\/2020\/06\/cropped-gaming-1-removebg-preview.png\",\"width\":500,\"height\":262,\"caption\":\"Skins Universe\"},\"image\":{\"@id\":\"https:\/\/skins-universe.com\/#\/schema\/logo\/image\/\"}}]}<\/script>\n<!-- \/ Yoast SEO plugin. -->","yoast_head_json":{"title":"Para \u0130adesi Politikas\u0131 - Skins Universe","robots":{"index":"index","follow":"follow","max-snippet":"max-snippet:-1","max-image-preview":"max-image-preview:large","max-video-preview":"max-video-preview:-1"},"canonical":"https:\/\/skins-universe.com\/tr\/para-iadesi-politikasi\/","og_locale":"tr_TR","og_type":"article","og_title":"Para \u0130adesi Politikas\u0131 - Skins Universe","og_description":"\u0130ade ve Geri \u00d6deme Politikas\u0131 Deriler &#8211; Universe (Dijital \u0130\u00e7erik) Y\u00fcr\u00fcrl\u00fck tarihi: 13 Ekim 2025 \u015eirket: GAMES LAND LIMITED (\u015eirket No. 15743776) Kay\u0131tl\u0131 ofis: Dept 4558, 126 East Ferry Road,&hellip;","og_url":"https:\/\/skins-universe.com\/tr\/para-iadesi-politikasi\/","og_site_name":"Skins Universe","article_modified_time":"2025-10-14T13:42:41+00:00","twitter_card":"summary_large_image","twitter_misc":{"Tahmini okuma s\u00fcresi":"4 dakika"},"schema":{"@context":"https:\/\/schema.org","@graph":[{"@type":"WebPage","@id":"https:\/\/skins-universe.com\/tr\/para-iadesi-politikasi\/","url":"https:\/\/skins-universe.com\/tr\/para-iadesi-politikasi\/","name":"Para \u0130adesi Politikas\u0131 - Skins Universe","isPartOf":{"@id":"https:\/\/skins-universe.com\/#website"},"datePublished":"2025-10-09T14:52:13+00:00","dateModified":"2025-10-14T13:42:41+00:00","breadcrumb":{"@id":"https:\/\/skins-universe.com\/tr\/para-iadesi-politikasi\/#breadcrumb"},"inLanguage":"tr","potentialAction":[{"@type":"ReadAction","target":["https:\/\/skins-universe.com\/tr\/para-iadesi-politikasi\/"]}]},{"@type":"BreadcrumbList","@id":"https:\/\/skins-universe.com\/tr\/para-iadesi-politikasi\/#breadcrumb","itemListElement":[{"@type":"ListItem","position":1,"name":"Home","item":"https:\/\/skins-universe.com\/"},{"@type":"ListItem","position":2,"name":"Para \u0130adesi Politikas\u0131"}]},{"@type":"WebSite","@id":"https:\/\/skins-universe.com\/#website","url":"https:\/\/skins-universe.com\/","name":"Skins Universe","description":"Elite Skins for Clutch Moments.","publisher":{"@id":"https:\/\/skins-universe.com\/#organization"},"potentialAction":[{"@type":"SearchAction","target":{"@type":"EntryPoint","urlTemplate":"https:\/\/skins-universe.com\/?s={search_term_string}"},"query-input":{"@type":"PropertyValueSpecification","valueRequired":true,"valueName":"search_term_string"}}],"inLanguage":"tr"},{"@type":"Organization","@id":"https:\/\/skins-universe.com\/#organization","name":"Skins Universe","url":"https:\/\/skins-universe.com\/","logo":{"@type":"ImageObject","inLanguage":"tr","@id":"https:\/\/skins-universe.com\/#\/schema\/logo\/image\/","url":"https:\/\/skins-universe.com\/wp-content\/uploads\/2020\/06\/cropped-gaming-1-removebg-preview.png","contentUrl":"https:\/\/skins-universe.com\/wp-content\/uploads\/2020\/06\/cropped-gaming-1-removebg-preview.png","width":500,"height":262,"caption":"Skins Universe"},"image":{"@id":"https:\/\/skins-universe.com\/#\/schema\/logo\/image\/"}}]}},"_links":{"self":[{"href":"https:\/\/skins-universe.com\/tr\/wp-json\/wp\/v2\/pages\/25129","targetHints":{"allow":["GET"]}}],"collection":[{"href":"https:\/\/skins-universe.com\/tr\/wp-json\/wp\/v2\/pages"}],"about":[{"href":"https:\/\/skins-universe.com\/tr\/wp-json\/wp\/v2\/types\/page"}],"author":[{"embeddable":true,"href":"https:\/\/skins-universe.com\/tr\/wp-json\/wp\/v2\/users\/1"}],"replies":[{"embeddable":true,"href":"https:\/\/skins-universe.com\/tr\/wp-json\/wp\/v2\/comments?post=25129"}],"version-history":[{"count":1,"href":"https:\/\/skins-universe.com\/tr\/wp-json\/wp\/v2\/pages\/25129\/revisions"}],"predecessor-version":[{"id":25130,"href":"https:\/\/skins-universe.com\/tr\/wp-json\/wp\/v2\/pages\/25129\/revisions\/25130"}],"wp:attachment":[{"href":"https:\/\/skins-universe.com\/tr\/wp-json\/wp\/v2\/media?parent=25129"}],"curies":[{"name":"wp","href":"https:\/\/api.w.org\/{rel}","templated":true}]}}