{"id":26038,"date":"2025-10-16T07:48:10","date_gmt":"2025-10-16T07:48:10","guid":{"rendered":"https:\/\/skins-universe.com\/siradaki-projemiz\/"},"modified":"2025-10-16T11:42:27","modified_gmt":"2025-10-16T11:42:27","slug":"siradaki-projemiz","status":"publish","type":"page","link":"https:\/\/skins-universe.com\/tr\/siradaki-projemiz\/","title":{"rendered":"S\u0131radaki Projemiz"},"content":{"rendered":"\t\t<div data-elementor-type=\"wp-page\" data-elementor-id=\"26038\" class=\"elementor elementor-26038 elementor-25971\">\n\t\t\t\t\t\t<section class=\"elementor-section elementor-top-section elementor-element elementor-element-ab30238 elementor-section-boxed elementor-section-height-default elementor-section-height-default sc_fly_static\" data-id=\"ab30238\" data-element_type=\"section\" data-settings=\"{&quot;background_background&quot;:&quot;classic&quot;}\">\n\t\t\t\t\t\t<div class=\"elementor-container elementor-column-gap-extended\">\n\t\t\t\t\t<div class=\"elementor-column elementor-col-100 elementor-top-column elementor-element elementor-element-a893e42 sc_content_align_inherit sc_layouts_column_icons_position_left sc_fly_static\" data-id=\"a893e42\" data-element_type=\"column\">\n\t\t\t<div class=\"elementor-widget-wrap elementor-element-populated\">\n\t\t\t\t\t\t<div class=\"elementor-element elementor-element-2256ba1 sc_height_small sc_fly_static elementor-widget elementor-widget-spacer\" data-id=\"2256ba1\" data-element_type=\"widget\" data-widget_type=\"spacer.default\">\n\t\t\t\t<div class=\"elementor-widget-container\">\n\t\t\t\t\t\t\t<div class=\"elementor-spacer\">\n\t\t\t<div class=\"elementor-spacer-inner\"><\/div>\n\t\t<\/div>\n\t\t\t\t\t\t<\/div>\n\t\t\t\t<\/div>\n\t\t\t\t<div class=\"elementor-element elementor-element-5274353 sc_fly_static elementor-widget elementor-widget-trx_sc_title\" data-id=\"5274353\" data-element_type=\"widget\" data-widget_type=\"trx_sc_title.default\">\n\t\t\t\t<div class=\"elementor-widget-container\">\n\t\t\t\t\t<div\t\tclass=\"sc_title sc_title_default\" ><span class=\"sc_item_subtitle sc_title_subtitle sc_align_center sc_item_subtitle_above sc_item_title_style_default\">Bizim yolumuz<\/span><h1 class=\"sc_item_title sc_title_title sc_align_center sc_item_title_style_default sc_item_title_tag trx_addons_inline_1652132994 sc_typed\"\n\t\t\t><span class=\"sc_item_title_text\">Skins Universe Yol Haritas\u0131: Vizyonumuz ve \u00d6n\u00fcm\u00fczdeki 12 Ayl\u0131k B\u00fcy\u00fcme<\/span><\/h1><\/div>\t\t\t\t<\/div>\n\t\t\t\t<\/div>\n\t\t\t\t<div class=\"elementor-element elementor-element-ec0f2fc sc_height_small sc_fly_static elementor-widget elementor-widget-spacer\" data-id=\"ec0f2fc\" data-element_type=\"widget\" data-widget_type=\"spacer.default\">\n\t\t\t\t<div class=\"elementor-widget-container\">\n\t\t\t\t\t\t\t<div class=\"elementor-spacer\">\n\t\t\t<div class=\"elementor-spacer-inner\"><\/div>\n\t\t<\/div>\n\t\t\t\t\t\t<\/div>\n\t\t\t\t<\/div>\n\t\t\t\t<div class=\"elementor-element elementor-element-e1b7723 sc_fly_static elementor-widget elementor-widget-timeline-widget-addon\" data-id=\"e1b7723\" data-element_type=\"widget\" data-widget_type=\"timeline-widget-addon.default\">\n\t\t\t\t<div class=\"elementor-widget-container\">\n\t\t\t\t\t<!-- ========= Timeline Widget Addon For Elementor 1.6.17 ========= -->\n<div id=\"twae-wrapper-e1b7723\" class=\"twae-vertical twae-wrapper  twae-both-sided\">   \n    <div class=\"twae-start\"><\/div>    \n    <div id=\"twea-timeline-e1b7723\" class=\"twae-timeline\" ><!-- Start of Story Repeater Content --><div id=\"story-140f870\" class=\"twae-story twae-repeater-item twae-story-right twae-story-no-icon\"><!-- Story Icon --><div class=\"twae-icon\"><i aria-hidden=\"true\" class=\"far fa-clock\"><\/i><\/div><!-- Story Arrow --><div class=\"twae-arrow\"><\/div><!-- Start of Story Content --><div class=\"twae-content\"><!-- Story Title --><div class=\"twae-title\">A\u015fama 0 - Ke\u015fif ve Denetim (2-3 hafta)<\/div><!-- Story Description --><div class=\"twae-description\"><p data-start=\"420\" data-end=\"430\"><strong data-start=\"420\" data-end=\"430\">Hedefler:<\/strong><\/p>\n<ul data-start=\"431\" data-end=\"739\">\n<li data-start=\"431\" data-end=\"544\">\n<p data-start=\"433\" data-end=\"544\"><strong data-start=\"433\" data-end=\"461\">\u00dcr\u00fcn ve i\u00e7erik denetimi:<\/strong> t\u00fcm sayfalar\u0131n, koleksiyonlar\u0131n ve etiketlemelerin (Deluxe, Premium, StatTrak, vb.) envanteri.<\/p>\n<\/li>\n<li data-start=\"545\" data-end=\"642\">\n<p data-start=\"547\" data-end=\"642\"><strong data-start=\"547\" data-end=\"574\">Yasal ve ticari kontrol:<\/strong> \u015firket bilgilerini, iade\/teslimat politikalar\u0131n\u0131, ileti\u015fim verilerini do\u011frulay\u0131n.<\/p>\n<\/li>\n<li data-start=\"643\" data-end=\"739\">\n<p data-start=\"645\" data-end=\"739\"><strong data-start=\"645\" data-end=\"669\">Teknik SEO denetimi:<\/strong> tarama hatalar\u0131, Core Web Vitals, indeksleme, \u00e7o\u011faltma ve g\u00fcvenlik.<\/p>\n<\/li>\n<\/ul>\n<p data-start=\"741\" data-end=\"821\"><strong data-start=\"741\" data-end=\"758\">\u00c7\u0131kt\u0131lar:<\/strong><br data-start=\"758\" data-end=\"761\">\u2192 tam site haritas\u0131, sorun birikimi (\u00f6nceliklendirilmi\u015f), temel KPI'lar.<\/p>\n<\/div><\/div><\/div><!-- Start of Story Repeater Content --><div id=\"story-3e35827\" class=\"twae-story twae-repeater-item twae-story-left twae-story-no-icon\"><!-- Story Icon --><div class=\"twae-icon\"><i aria-hidden=\"true\" class=\"far fa-clock\"><\/i><\/div><!-- Story Arrow --><div class=\"twae-arrow\"><\/div><!-- Start of Story Content --><div class=\"twae-content\"><!-- Story Title --><div class=\"twae-title\">A\u015fama 1 - Temel Kurulum (1-2. Ay)<\/div><!-- Story Description --><div class=\"twae-description\"><ul data-start=\"885\" data-end=\"1337\">\n<li data-start=\"885\" data-end=\"1002\">\n<p style=\"text-align: left\" data-start=\"887\" data-end=\"1002\"><strong data-start=\"887\" data-end=\"909\">Katalog yap\u0131s\u0131:<\/strong> oyun \u2192 silah\/t\u00fcr \u2192 nadirlik \u2192 s\u00fcr\u00fcm; filtreler, s\u0131ralama ve koleksiyon a\u00e7\u0131l\u0131\u015f sayfalar\u0131 ekleyin.<\/p>\n<\/li>\n<li style=\"text-align: left\" data-start=\"1003\" data-end=\"1117\">\n<p data-start=\"1005\" data-end=\"1117\"><strong data-start=\"1005\" data-end=\"1022\">Yerelle\u015ftirme:<\/strong> i18n'yi tamamlay\u0131n (T\u00fcrk\u00e7e dahil); ba\u015fl\u0131\u011fa dil de\u011fi\u015ftirici ekleyin; sistem e-postalar\u0131n\u0131 \u00e7evirin.<\/p>\n<\/li>\n<li style=\"text-align: left\" data-start=\"1118\" data-end=\"1219\">\n<p data-start=\"1120\" data-end=\"1219\"><strong data-start=\"1120\" data-end=\"1143\">UI\/UX iyile\u015ftirmeleri:<\/strong> arama otomatik tamamlama, istek listesi, kar\u015f\u0131la\u015ft\u0131rma, mikro animasyonlar, g\u00fcven rozetleri.<\/p>\n<\/li>\n<li data-start=\"1220\" data-end=\"1337\">\n<p style=\"text-align: left\" data-start=\"1222\" data-end=\"1337\"><strong data-start=\"1222\" data-end=\"1240\">Teknik SEO:<\/strong> yap\u0131land\u0131r\u0131lm\u0131\u015f veri (\u00dcr\u00fcn, Teklif, Koleksiyon), hreflang, XML site haritas\u0131, dahili linkleme uygulay\u0131n.<\/p>\n<\/li>\n<\/ul>\n<\/div><\/div><\/div><!-- Start of Story Repeater Content --><div id=\"story-aac3367\" class=\"twae-story twae-repeater-item twae-story-right twae-story-no-icon\"><!-- Story Icon --><div class=\"twae-icon\"><i aria-hidden=\"true\" class=\"far fa-clock\"><\/i><\/div><!-- Story Arrow --><div class=\"twae-arrow\"><\/div><!-- Start of Story Content --><div class=\"twae-content\"><!-- Story Title --><div class=\"twae-title\">A\u015fama 2 - Ticaret ve Uyum (2-4. Ay)<\/div><!-- Story Description --><div class=\"twae-description\"><ul data-start=\"1495\" data-end=\"1891\">\n<li data-start=\"1495\" data-end=\"1587\">\n<p data-start=\"1497\" data-end=\"1587\"><strong data-start=\"1497\" data-end=\"1525\">Sipari\u015f ve envanter modeli:<\/strong> Steam API veya di\u011fer dijital \u00f6\u011fe sa\u011flay\u0131c\u0131lar\u0131 ile entegrasyon.<\/p>\n<\/li>\n<li data-start=\"1588\" data-end=\"1684\">\n<p data-start=\"1590\" data-end=\"1684\"><strong data-start=\"1590\" data-end=\"1616\">Dijital teslimat ak\u0131\u015f\u0131:<\/strong> mekanizmay\u0131 netle\u015ftirin (Steam ticareti \/ g\u00fcvenli tek seferlik indirme ba\u011flant\u0131lar\u0131).<\/p>\n<\/li>\n<li data-start=\"1685\" data-end=\"1789\">\n<p data-start=\"1687\" data-end=\"1789\"><strong data-start=\"1687\" data-end=\"1706\">\u00d6deme sistemi:<\/strong> Stripe veya PayPal'\u0131 entegre edin; 3DS, doland\u0131r\u0131c\u0131l\u0131k \u00f6nleme kontrolleri ve i\u015flem g\u00fcnl\u00fcklerini etkinle\u015ftirin.<\/p>\n<\/li>\n<li data-start=\"1790\" data-end=\"1891\">\n<p data-start=\"1792\" data-end=\"1891\"><strong data-start=\"1792\" data-end=\"1815\">Yasal yerelle\u015ftirme:<\/strong> \u015eartlar, Para \u0130adesi Politikas\u0131, Gizlilik Politikas\u0131 terc\u00fcme edildi ve yarg\u0131 yetkisine uygun hale getirildi.<\/p>\n<\/li>\n<\/ul>\n<\/div><\/div><\/div><!-- Start of Story Repeater Content --><div id=\"story-3ec79ef\" class=\"twae-story twae-repeater-item twae-story-left twae-story-no-icon\"><!-- Story Icon --><div class=\"twae-icon\"><i aria-hidden=\"true\" class=\"far fa-clock\"><\/i><\/div><!-- Story Arrow --><div class=\"twae-arrow\"><\/div><!-- Start of Story Content --><div class=\"twae-content\"><!-- Story Title --><div class=\"twae-title\">A\u015fama 3 - Pazaryeri \u00c7ekirde\u011fi (4-6. Ay)<\/div><!-- Story Description --><div class=\"twae-description\"><ul data-start=\"2020\" data-end=\"2339\">\n<li style=\"text-align: left\" data-start=\"2020\" data-end=\"2109\">\n<p data-start=\"2022\" data-end=\"2109\"><strong data-start=\"2022\" data-end=\"2040\">\u00dcr\u00fcn sayfalar\u0131:<\/strong> piyasa fiyat ge\u00e7mi\u015fi, nadirlik bilgisi, ilgili kaplamalar, \u00f6neriler.<\/p>\n<\/li>\n<li style=\"text-align: left\" data-start=\"2110\" data-end=\"2178\">\n<p data-start=\"2112\" data-end=\"2178\"><strong data-start=\"2112\" data-end=\"2134\">Listeler ve sipari\u015fler:<\/strong> al\u0131m\/sat\u0131m, teklifler, emanet, pazar yeri \u00fccretleri.<\/p>\n<\/li>\n<li style=\"text-align: left\" data-start=\"2179\" data-end=\"2258\">\n<p data-start=\"2181\" data-end=\"2258\"><strong data-start=\"2181\" data-end=\"2199\">Kullan\u0131c\u0131 profilleri:<\/strong> envanter, rozetler, koleksiyonlar, istek listesi, etkinlik ak\u0131\u015f\u0131.<\/p>\n<\/li>\n<li data-start=\"2259\" data-end=\"2339\">\n<p style=\"text-align: left\" data-start=\"2261\" data-end=\"2339\"><strong data-start=\"2261\" data-end=\"2280\">G\u00fcven ve g\u00fcvenlik:<\/strong> iste\u011fe ba\u011fl\u0131 KYC, anla\u015fmazl\u0131k merkezi, kara listeler, tam denetim g\u00fcnl\u00fckleri.<\/p>\n<\/li>\n<\/ul>\n<\/div><\/div><\/div><!-- Start of Story Repeater Content --><div id=\"story-4b02582\" class=\"twae-story twae-repeater-item twae-story-right twae-story-no-icon\"><!-- Story Icon --><div class=\"twae-icon\"><i aria-hidden=\"true\" class=\"far fa-clock\"><\/i><\/div><!-- Story Arrow --><div class=\"twae-arrow\"><\/div><!-- Start of Story Content --><div class=\"twae-content\"><!-- Story Title --><div class=\"twae-title\">4. A\u015fama - Topluluk ve \u0130\u00e7erik (6-8. Aylar)<\/div><!-- Story Description --><div class=\"twae-description\"><ul>\n<li data-start=\"2518\" data-end=\"2610\">\n<p data-start=\"2520\" data-end=\"2610\"><strong data-start=\"2520\" data-end=\"2548\">Koleksiyonlar ve vitrinler:<\/strong> tematik paketler (\u00f6rne\u011fin, <em data-start=\"2573\" data-end=\"2585\">Cyber\/Neon<\/em>, <em data-start=\"2587\" data-end=\"2606\">Souvenir\/StatTrak<\/em>).<\/p>\n<\/li>\n<li data-start=\"2611\" data-end=\"2702\">\n<p data-start=\"2613\" data-end=\"2702\"><strong data-start=\"2613\" data-end=\"2646\">UGC (kullan\u0131c\u0131 taraf\u0131ndan olu\u015fturulan i\u00e7erik):<\/strong> yorumlar, derecelendirmeler, herkese a\u00e7\u0131k istek listeleri, <strong data-start=\"2613\" data-end=\"2646\">i\u00e7erik olu\u015ftur<\/strong> ucu profilleri.<\/p>\n<\/li>\n<li data-start=\"2703\" data-end=\"2785\">\n<p data-start=\"2705\" data-end=\"2785\"><strong data-start=\"2705\" data-end=\"2727\">Pazarlama i\u00e7eri\u011fi:<\/strong> k\u0131lavuzlar, turnuva\/etkinlik sayfalar\u0131, e-posta ve push kampanyalar\u0131.<\/p>\n<\/li>\n<\/ul>\n<\/div><\/div><\/div><!-- Start of Story Repeater Content --><div id=\"story-d92831c\" class=\"twae-story twae-repeater-item twae-story-left twae-story-no-icon\"><!-- Story Icon --><div class=\"twae-icon\"><i aria-hidden=\"true\" class=\"far fa-clock\"><\/i><\/div><!-- Story Arrow --><div class=\"twae-arrow\"><\/div><!-- Start of Story Content --><div class=\"twae-content\"><!-- Story Title --><div class=\"twae-title\">A\u015fama 5 - B\u00fcy\u00fcme ve Ortakl\u0131klar (8-10. Ay)<\/div><!-- Story Description --><div class=\"twae-description\"><ul>\n<li data-start=\"2945\" data-end=\"3023\">\n<p style=\"text-align: left\" data-start=\"2947\" data-end=\"3023\"><strong data-start=\"2947\" data-end=\"2970\">Influencer program\u0131:<\/strong> y\u00f6nlendirme ba\u011flant\u0131lar\u0131, promosyon kodlar\u0131, el\u00e7i panosu.<\/p>\n<\/li>\n<li style=\"text-align: left\" data-start=\"3024\" data-end=\"3105\">\n<p data-start=\"3026\" data-end=\"3105\"><strong data-start=\"3026\" data-end=\"3043\">Ortakl\u0131klar:<\/strong> topluluk i\u015fbirlikleri, turnuva organizat\u00f6rleri veya kost\u00fcm yarat\u0131c\u0131lar\u0131.<\/p>\n<\/li>\n<li data-start=\"3106\" data-end=\"3193\">\n<p style=\"text-align: left\" data-start=\"3108\" data-end=\"3193\"><strong data-start=\"3108\" data-end=\"3121\">\u00dccretli reklamlar:<\/strong> \u00dcr\u00fcn beslemeleri ve ROAS takibi ile Google Performance Max &amp; Meta Ads.<\/p>\n<\/li>\n<\/ul>\n<\/div><\/div><\/div><!-- Start of Story Repeater Content --><div id=\"story-e55f7ca\" class=\"twae-story twae-repeater-item twae-story-right twae-story-no-icon\"><!-- Story Icon --><div class=\"twae-icon\"><i aria-hidden=\"true\" class=\"far fa-clock\"><\/i><\/div><!-- Story Arrow --><div class=\"twae-arrow\"><\/div><!-- Start of Story Content --><div class=\"twae-content\"><!-- Story Title --><div class=\"twae-title\">A\u015fama 6 - Analitik, Elde Tutma ve Uluslararas\u0131 Geni\u015fleme (10-12. Ay)<\/div><!-- Story Description --><div class=\"twae-description\"><ul>\n<li data-start=\"3362\" data-end=\"3447\">\n<p data-start=\"3364\" data-end=\"3447\"><strong data-start=\"3364\" data-end=\"3384\">Analitik y\u0131\u011f\u0131n\u0131:<\/strong> GA4 + BigQuery, \u00fcr\u00fcn performans panolar\u0131, LTV kohortlar\u0131.<\/p>\n<\/li>\n<li data-start=\"3448\" data-end=\"3552\">\n<p data-start=\"3450\" data-end=\"3552\"><strong data-start=\"3450\" data-end=\"3470\">Ki\u015fiselle\u015ftirme:<\/strong> \u00f6neriler, segmentasyon, otomatik tetikleyiciler (fiyat d\u00fc\u015f\u00fc\u015f\u00fc, stok yenileme uyar\u0131lar\u0131).<\/p>\n<\/li>\n<li data-start=\"3553\" data-end=\"3636\">\n<p data-start=\"3555\" data-end=\"3636\"><strong data-start=\"3555\" data-end=\"3575\">Yerelle\u015ftirme v2: yerel<\/strong> \u00f6deme y\u00f6ntemleriyle TR, DE, ES pazarlar\u0131na a\u00e7\u0131l\u0131n.<\/p>\n<\/li>\n<li data-start=\"3637\" data-end=\"3709\">\n<p data-start=\"3639\" data-end=\"3709\"><strong data-start=\"3639\" data-end=\"3650\">Mobil:<\/strong> \u00e7evrimd\u0131\u015f\u0131 \u00f6nbelle\u011fe alma ve web push bildirimleri ile PWA olu\u015fturun.<\/p>\n<\/li>\n<\/ul>\n<\/div><\/div><\/div><\/div>\n    <div class=\"twae-end\"><\/div>\n    <\/div><style type=\"text\/css\">@media (max-width: 1024px){ .twae-wrapper{--tw-ybx-size: 80px !important;}}@media (max-width: 767px){ .twae-wrapper{--tw-ybx-size: 80px !important}}<\/style>\t\t\t\t<\/div>\n\t\t\t\t<\/div>\n\t\t\t\t<div class=\"elementor-element elementor-element-63af7c2 sc_height_small sc_fly_static elementor-widget elementor-widget-spacer\" data-id=\"63af7c2\" data-element_type=\"widget\" data-widget_type=\"spacer.default\">\n\t\t\t\t<div class=\"elementor-widget-container\">\n\t\t\t\t\t\t\t<div class=\"elementor-spacer\">\n\t\t\t<div class=\"elementor-spacer-inner\"><\/div>\n\t\t<\/div>\n\t\t\t\t\t\t<\/div>\n\t\t\t\t<\/div>\n\t\t\t\t\t<\/div>\n\t\t<\/div>\n\t\t\t\t\t<\/div>\n\t\t<\/section>\n\t\t\t\t<\/div>\n\t\t","protected":false},"excerpt":{"rendered":"<p>Bizim yolumuz Skins Universe Yol Haritas\u0131: Vizyonumuz ve \u00d6n\u00fcm\u00fczdeki 12 Ayl\u0131k B\u00fcy\u00fcme A\u015fama 0 &#8211; Ke\u015fif ve Denetim (2-3 hafta) Hedefler: \u00dcr\u00fcn ve i\u00e7erik denetimi: t\u00fcm sayfalar\u0131n, koleksiyonlar\u0131n ve etiketlemelerin&hellip;<\/p>\n","protected":false},"author":1,"featured_media":0,"parent":0,"menu_order":0,"comment_status":"closed","ping_status":"closed","template":"","meta":{"footnotes":""},"class_list":["post-26038","page","type-page","status-publish","hentry"],"yoast_head":"<!-- This site is optimized with the Yoast SEO plugin v26.6 - https:\/\/yoast.com\/wordpress\/plugins\/seo\/ -->\n<title>Skins Universe | Vizyonumuz, B\u00fcy\u00fcme ve Gelecek \u00d6zellikler<\/title>\n<meta name=\"description\" content=\"Skins Universe 2025 yol haritas\u0131n\u0131 ke\u015ffedin - yeni \u00f6zellikler, pazar yeri y\u00fckseltmeleri, daha iyi koleksiyonlar ve skin t\u00fcccarlar\u0131 ve oyuncular i\u00e7in daha g\u00fc\u00e7l\u00fc bir k\u00fcresel topluluk i\u00e7in 12 ayl\u0131k plan\u0131m\u0131z.\" \/>\n<meta name=\"robots\" content=\"index, follow, max-snippet:-1, max-image-preview:large, max-video-preview:-1\" \/>\n<link rel=\"canonical\" href=\"https:\/\/skins-universe.com\/tr\/siradaki-projemiz\/\" \/>\n<meta property=\"og:locale\" content=\"tr_TR\" \/>\n<meta property=\"og:type\" content=\"article\" \/>\n<meta property=\"og:title\" content=\"Skins Universe | Vizyonumuz, B\u00fcy\u00fcme ve Gelecek \u00d6zellikler\" \/>\n<meta property=\"og:description\" content=\"Skins Universe 2025 yol haritas\u0131n\u0131 ke\u015ffedin - yeni \u00f6zellikler, pazar yeri y\u00fckseltmeleri, daha iyi koleksiyonlar ve skin t\u00fcccarlar\u0131 ve oyuncular i\u00e7in daha g\u00fc\u00e7l\u00fc bir k\u00fcresel topluluk i\u00e7in 12 ayl\u0131k plan\u0131m\u0131z.\" \/>\n<meta property=\"og:url\" content=\"https:\/\/skins-universe.com\/tr\/siradaki-projemiz\/\" \/>\n<meta property=\"og:site_name\" content=\"Skins Universe\" \/>\n<meta property=\"article:modified_time\" content=\"2025-10-16T11:42:27+00:00\" \/>\n<meta name=\"twitter:card\" content=\"summary_large_image\" \/>\n<meta name=\"twitter:label1\" content=\"Tahmini okuma s\u00fcresi\" \/>\n\t<meta name=\"twitter:data1\" content=\"2 dakika\" \/>\n<script type=\"application\/ld+json\" class=\"yoast-schema-graph\">{\"@context\":\"https:\/\/schema.org\",\"@graph\":[{\"@type\":\"WebPage\",\"@id\":\"https:\/\/skins-universe.com\/tr\/siradaki-projemiz\/\",\"url\":\"https:\/\/skins-universe.com\/tr\/siradaki-projemiz\/\",\"name\":\"Skins Universe | Vizyonumuz, B\u00fcy\u00fcme ve Gelecek \u00d6zellikler\",\"isPartOf\":{\"@id\":\"https:\/\/skins-universe.com\/#website\"},\"datePublished\":\"2025-10-16T07:48:10+00:00\",\"dateModified\":\"2025-10-16T11:42:27+00:00\",\"description\":\"Skins Universe 2025 yol haritas\u0131n\u0131 ke\u015ffedin - yeni \u00f6zellikler, pazar yeri y\u00fckseltmeleri, daha iyi koleksiyonlar ve skin t\u00fcccarlar\u0131 ve oyuncular i\u00e7in daha g\u00fc\u00e7l\u00fc bir k\u00fcresel topluluk i\u00e7in 12 ayl\u0131k plan\u0131m\u0131z.\",\"breadcrumb\":{\"@id\":\"https:\/\/skins-universe.com\/tr\/siradaki-projemiz\/#breadcrumb\"},\"inLanguage\":\"tr\",\"potentialAction\":[{\"@type\":\"ReadAction\",\"target\":[\"https:\/\/skins-universe.com\/tr\/siradaki-projemiz\/\"]}]},{\"@type\":\"BreadcrumbList\",\"@id\":\"https:\/\/skins-universe.com\/tr\/siradaki-projemiz\/#breadcrumb\",\"itemListElement\":[{\"@type\":\"ListItem\",\"position\":1,\"name\":\"Home\",\"item\":\"https:\/\/skins-universe.com\/\"},{\"@type\":\"ListItem\",\"position\":2,\"name\":\"S\u0131radaki Projemiz\"}]},{\"@type\":\"WebSite\",\"@id\":\"https:\/\/skins-universe.com\/#website\",\"url\":\"https:\/\/skins-universe.com\/\",\"name\":\"Skins Universe\",\"description\":\"Elite Skins for Clutch Moments.\",\"publisher\":{\"@id\":\"https:\/\/skins-universe.com\/#organization\"},\"potentialAction\":[{\"@type\":\"SearchAction\",\"target\":{\"@type\":\"EntryPoint\",\"urlTemplate\":\"https:\/\/skins-universe.com\/?s={search_term_string}\"},\"query-input\":{\"@type\":\"PropertyValueSpecification\",\"valueRequired\":true,\"valueName\":\"search_term_string\"}}],\"inLanguage\":\"tr\"},{\"@type\":\"Organization\",\"@id\":\"https:\/\/skins-universe.com\/#organization\",\"name\":\"Skins Universe\",\"url\":\"https:\/\/skins-universe.com\/\",\"logo\":{\"@type\":\"ImageObject\",\"inLanguage\":\"tr\",\"@id\":\"https:\/\/skins-universe.com\/#\/schema\/logo\/image\/\",\"url\":\"https:\/\/skins-universe.com\/wp-content\/uploads\/2020\/06\/cropped-gaming-1-removebg-preview.png\",\"contentUrl\":\"https:\/\/skins-universe.com\/wp-content\/uploads\/2020\/06\/cropped-gaming-1-removebg-preview.png\",\"width\":500,\"height\":262,\"caption\":\"Skins Universe\"},\"image\":{\"@id\":\"https:\/\/skins-universe.com\/#\/schema\/logo\/image\/\"}}]}<\/script>\n<!-- \/ Yoast SEO plugin. -->","yoast_head_json":{"title":"Skins Universe | Vizyonumuz, B\u00fcy\u00fcme ve Gelecek \u00d6zellikler","description":"Skins Universe 2025 yol haritas\u0131n\u0131 ke\u015ffedin - yeni \u00f6zellikler, pazar yeri y\u00fckseltmeleri, daha iyi koleksiyonlar ve skin t\u00fcccarlar\u0131 ve oyuncular i\u00e7in daha g\u00fc\u00e7l\u00fc bir k\u00fcresel topluluk i\u00e7in 12 ayl\u0131k plan\u0131m\u0131z.","robots":{"index":"index","follow":"follow","max-snippet":"max-snippet:-1","max-image-preview":"max-image-preview:large","max-video-preview":"max-video-preview:-1"},"canonical":"https:\/\/skins-universe.com\/tr\/siradaki-projemiz\/","og_locale":"tr_TR","og_type":"article","og_title":"Skins Universe | Vizyonumuz, B\u00fcy\u00fcme ve Gelecek \u00d6zellikler","og_description":"Skins Universe 2025 yol haritas\u0131n\u0131 ke\u015ffedin - yeni \u00f6zellikler, pazar yeri y\u00fckseltmeleri, daha iyi koleksiyonlar ve skin t\u00fcccarlar\u0131 ve oyuncular i\u00e7in daha g\u00fc\u00e7l\u00fc bir k\u00fcresel topluluk i\u00e7in 12 ayl\u0131k plan\u0131m\u0131z.","og_url":"https:\/\/skins-universe.com\/tr\/siradaki-projemiz\/","og_site_name":"Skins Universe","article_modified_time":"2025-10-16T11:42:27+00:00","twitter_card":"summary_large_image","twitter_misc":{"Tahmini okuma s\u00fcresi":"2 dakika"},"schema":{"@context":"https:\/\/schema.org","@graph":[{"@type":"WebPage","@id":"https:\/\/skins-universe.com\/tr\/siradaki-projemiz\/","url":"https:\/\/skins-universe.com\/tr\/siradaki-projemiz\/","name":"Skins Universe | Vizyonumuz, B\u00fcy\u00fcme ve Gelecek \u00d6zellikler","isPartOf":{"@id":"https:\/\/skins-universe.com\/#website"},"datePublished":"2025-10-16T07:48:10+00:00","dateModified":"2025-10-16T11:42:27+00:00","description":"Skins Universe 2025 yol haritas\u0131n\u0131 ke\u015ffedin - yeni \u00f6zellikler, pazar yeri y\u00fckseltmeleri, daha iyi koleksiyonlar ve skin t\u00fcccarlar\u0131 ve oyuncular i\u00e7in daha g\u00fc\u00e7l\u00fc bir k\u00fcresel topluluk i\u00e7in 12 ayl\u0131k plan\u0131m\u0131z.","breadcrumb":{"@id":"https:\/\/skins-universe.com\/tr\/siradaki-projemiz\/#breadcrumb"},"inLanguage":"tr","potentialAction":[{"@type":"ReadAction","target":["https:\/\/skins-universe.com\/tr\/siradaki-projemiz\/"]}]},{"@type":"BreadcrumbList","@id":"https:\/\/skins-universe.com\/tr\/siradaki-projemiz\/#breadcrumb","itemListElement":[{"@type":"ListItem","position":1,"name":"Home","item":"https:\/\/skins-universe.com\/"},{"@type":"ListItem","position":2,"name":"S\u0131radaki Projemiz"}]},{"@type":"WebSite","@id":"https:\/\/skins-universe.com\/#website","url":"https:\/\/skins-universe.com\/","name":"Skins Universe","description":"Elite Skins for Clutch Moments.","publisher":{"@id":"https:\/\/skins-universe.com\/#organization"},"potentialAction":[{"@type":"SearchAction","target":{"@type":"EntryPoint","urlTemplate":"https:\/\/skins-universe.com\/?s={search_term_string}"},"query-input":{"@type":"PropertyValueSpecification","valueRequired":true,"valueName":"search_term_string"}}],"inLanguage":"tr"},{"@type":"Organization","@id":"https:\/\/skins-universe.com\/#organization","name":"Skins Universe","url":"https:\/\/skins-universe.com\/","logo":{"@type":"ImageObject","inLanguage":"tr","@id":"https:\/\/skins-universe.com\/#\/schema\/logo\/image\/","url":"https:\/\/skins-universe.com\/wp-content\/uploads\/2020\/06\/cropped-gaming-1-removebg-preview.png","contentUrl":"https:\/\/skins-universe.com\/wp-content\/uploads\/2020\/06\/cropped-gaming-1-removebg-preview.png","width":500,"height":262,"caption":"Skins Universe"},"image":{"@id":"https:\/\/skins-universe.com\/#\/schema\/logo\/image\/"}}]}},"_links":{"self":[{"href":"https:\/\/skins-universe.com\/tr\/wp-json\/wp\/v2\/pages\/26038","targetHints":{"allow":["GET"]}}],"collection":[{"href":"https:\/\/skins-universe.com\/tr\/wp-json\/wp\/v2\/pages"}],"about":[{"href":"https:\/\/skins-universe.com\/tr\/wp-json\/wp\/v2\/types\/page"}],"author":[{"embeddable":true,"href":"https:\/\/skins-universe.com\/tr\/wp-json\/wp\/v2\/users\/1"}],"replies":[{"embeddable":true,"href":"https:\/\/skins-universe.com\/tr\/wp-json\/wp\/v2\/comments?post=26038"}],"version-history":[{"count":3,"href":"https:\/\/skins-universe.com\/tr\/wp-json\/wp\/v2\/pages\/26038\/revisions"}],"predecessor-version":[{"id":26041,"href":"https:\/\/skins-universe.com\/tr\/wp-json\/wp\/v2\/pages\/26038\/revisions\/26041"}],"wp:attachment":[{"href":"https:\/\/skins-universe.com\/tr\/wp-json\/wp\/v2\/media?parent=26038"}],"curies":[{"name":"wp","href":"https:\/\/api.w.org\/{rel}","templated":true}]}}