{"id":28019,"date":"2026-01-02T12:00:30","date_gmt":"2026-01-02T12:00:30","guid":{"rendered":"https:\/\/skins-universe.com\/product\/col-kartali-kirmizi-kod-battle-scarred\/"},"modified":"2026-01-02T12:00:30","modified_gmt":"2026-01-02T12:00:30","slug":"col-kartali-kirmizi-kod-battle-scarred","status":"publish","type":"product","link":"https:\/\/skins-universe.com\/tr\/urun\/col-kartali-kirmizi-kod-battle-scarred\/","title":{"rendered":"\u00c7\u00f6l Kartal\u0131 | K\u0131rm\u0131z\u0131 Kod (Battle-Scarred)"},"content":{"rendered":"<p>G\u00fc\u00e7l\u00fc oldu\u011fu kadar pahal\u0131 da olan Desert Eagle, ustala\u015fmas\u0131 zor ancak uzun menzilde \u015fa\u015f\u0131rt\u0131c\u0131 derecede isabetli olan ikonik bir tabancad\u0131r. Parlak k\u0131rm\u0131z\u0131 tabanl\u0131 ve beyaz detayl\u0131 \u00f6zel bir boya i\u015fi uygulanm\u0131\u015ft\u0131r. \u0130stasyonlar\u0131n\u0131z\u0131 y\u00f6netin  <\/p>\n","protected":false},"excerpt":{"rendered":"<p>G\u00fc\u00e7l\u00fc oldu\u011fu kadar pahal\u0131 da olan Desert Eagle, ustala\u015fmas\u0131 zor ancak uzun menzilde \u015fa\u015f\u0131rt\u0131c\u0131 derecede isabetli olan ikonik bir tabancad\u0131r. Parlak k\u0131rm\u0131z\u0131 tabanl\u0131 ve beyaz detayl\u0131 \u00f6zel bir boya i\u015fi&hellip;<\/p>\n","protected":false},"featured_media":27921,"comment_status":"open","ping_status":"closed","template":"","meta":[],"product_brand":[],"product_cat":[738],"product_tag":[],"class_list":{"0":"post-28019","1":"product","2":"type-product","3":"status-publish","4":"has-post-thumbnail","6":"product_cat-tabanca","8":"first","9":"instock","10":"virtual","11":"product-type-simple"},"yoast_head":"<!-- This site is optimized with the Yoast SEO plugin v26.6 - https:\/\/yoast.com\/wordpress\/plugins\/seo\/ -->\n<title>\u00c7\u00f6l Kartal\u0131 | K\u0131rm\u0131z\u0131 Kod (Battle-Scarred) - Skins Universe<\/title>\n<meta name=\"robots\" content=\"index, follow, max-snippet:-1, max-image-preview:large, max-video-preview:-1\" \/>\n<link rel=\"canonical\" href=\"https:\/\/skins-universe.com\/tr\/urun\/col-kartali-kirmizi-kod-battle-scarred\/\" \/>\n<meta property=\"og:locale\" content=\"tr_TR\" \/>\n<meta property=\"og:type\" content=\"article\" \/>\n<meta property=\"og:title\" content=\"\u00c7\u00f6l Kartal\u0131 | K\u0131rm\u0131z\u0131 Kod (Battle-Scarred) - Skins Universe\" \/>\n<meta property=\"og:description\" content=\"G\u00fc\u00e7l\u00fc oldu\u011fu kadar pahal\u0131 da olan Desert Eagle, ustala\u015fmas\u0131 zor ancak uzun menzilde \u015fa\u015f\u0131rt\u0131c\u0131 derecede isabetli olan ikonik bir tabancad\u0131r. Parlak k\u0131rm\u0131z\u0131 tabanl\u0131 ve beyaz detayl\u0131 \u00f6zel bir boya i\u015fi&hellip;\" \/>\n<meta property=\"og:url\" content=\"https:\/\/skins-universe.com\/tr\/urun\/col-kartali-kirmizi-kod-battle-scarred\/\" \/>\n<meta property=\"og:site_name\" content=\"Skins Universe\" \/>\n<meta property=\"og:image\" content=\"https:\/\/skins-universe.com\/wp-content\/uploads\/2026\/01\/Desert_Eagle_Code_Red_Battle_Scarred.webp\" \/>\n\t<meta property=\"og:image:width\" content=\"458\" \/>\n\t<meta property=\"og:image:height\" content=\"344\" \/>\n\t<meta property=\"og:image:type\" content=\"image\/webp\" \/>\n<meta name=\"twitter:card\" content=\"summary_large_image\" \/>\n<script type=\"application\/ld+json\" class=\"yoast-schema-graph\">{\"@context\":\"https:\/\/schema.org\",\"@graph\":[{\"@type\":\"WebPage\",\"@id\":\"https:\/\/skins-universe.com\/tr\/urun\/col-kartali-kirmizi-kod-battle-scarred\/\",\"url\":\"https:\/\/skins-universe.com\/tr\/urun\/col-kartali-kirmizi-kod-battle-scarred\/\",\"name\":\"\u00c7\u00f6l Kartal\u0131 | K\u0131rm\u0131z\u0131 Kod (Battle-Scarred) - Skins Universe\",\"isPartOf\":{\"@id\":\"https:\/\/skins-universe.com\/#website\"},\"primaryImageOfPage\":{\"@id\":\"https:\/\/skins-universe.com\/tr\/urun\/col-kartali-kirmizi-kod-battle-scarred\/#primaryimage\"},\"image\":{\"@id\":\"https:\/\/skins-universe.com\/tr\/urun\/col-kartali-kirmizi-kod-battle-scarred\/#primaryimage\"},\"thumbnailUrl\":\"https:\/\/skins-universe.com\/wp-content\/uploads\/2026\/01\/Desert_Eagle_Code_Red_Battle_Scarred.webp\",\"datePublished\":\"2026-01-02T12:00:30+00:00\",\"breadcrumb\":{\"@id\":\"https:\/\/skins-universe.com\/tr\/urun\/col-kartali-kirmizi-kod-battle-scarred\/#breadcrumb\"},\"inLanguage\":\"tr\",\"potentialAction\":[{\"@type\":\"ReadAction\",\"target\":[\"https:\/\/skins-universe.com\/tr\/urun\/col-kartali-kirmizi-kod-battle-scarred\/\"]}]},{\"@type\":\"ImageObject\",\"inLanguage\":\"tr\",\"@id\":\"https:\/\/skins-universe.com\/tr\/urun\/col-kartali-kirmizi-kod-battle-scarred\/#primaryimage\",\"url\":\"https:\/\/skins-universe.com\/wp-content\/uploads\/2026\/01\/Desert_Eagle_Code_Red_Battle_Scarred.webp\",\"contentUrl\":\"https:\/\/skins-universe.com\/wp-content\/uploads\/2026\/01\/Desert_Eagle_Code_Red_Battle_Scarred.webp\",\"width\":458,\"height\":344},{\"@type\":\"BreadcrumbList\",\"@id\":\"https:\/\/skins-universe.com\/tr\/urun\/col-kartali-kirmizi-kod-battle-scarred\/#breadcrumb\",\"itemListElement\":[{\"@type\":\"ListItem\",\"position\":1,\"name\":\"Home\",\"item\":\"https:\/\/skins-universe.com\/\"},{\"@type\":\"ListItem\",\"position\":2,\"name\":\"Ma\u011faza\",\"item\":\"https:\/\/skins-universe.com\/tr\/magaza\/\"},{\"@type\":\"ListItem\",\"position\":3,\"name\":\"\u00c7\u00f6l Kartal\u0131 | K\u0131rm\u0131z\u0131 Kod (Battle-Scarred)\"}]},{\"@type\":\"WebSite\",\"@id\":\"https:\/\/skins-universe.com\/#website\",\"url\":\"https:\/\/skins-universe.com\/\",\"name\":\"Skins Universe\",\"description\":\"Elite Skins for Clutch Moments.\",\"publisher\":{\"@id\":\"https:\/\/skins-universe.com\/#organization\"},\"potentialAction\":[{\"@type\":\"SearchAction\",\"target\":{\"@type\":\"EntryPoint\",\"urlTemplate\":\"https:\/\/skins-universe.com\/?s={search_term_string}\"},\"query-input\":{\"@type\":\"PropertyValueSpecification\",\"valueRequired\":true,\"valueName\":\"search_term_string\"}}],\"inLanguage\":\"tr\"},{\"@type\":\"Organization\",\"@id\":\"https:\/\/skins-universe.com\/#organization\",\"name\":\"Skins Universe\",\"url\":\"https:\/\/skins-universe.com\/\",\"logo\":{\"@type\":\"ImageObject\",\"inLanguage\":\"tr\",\"@id\":\"https:\/\/skins-universe.com\/#\/schema\/logo\/image\/\",\"url\":\"https:\/\/skins-universe.com\/wp-content\/uploads\/2020\/06\/cropped-gaming-1-removebg-preview.png\",\"contentUrl\":\"https:\/\/skins-universe.com\/wp-content\/uploads\/2020\/06\/cropped-gaming-1-removebg-preview.png\",\"width\":500,\"height\":262,\"caption\":\"Skins Universe\"},\"image\":{\"@id\":\"https:\/\/skins-universe.com\/#\/schema\/logo\/image\/\"}}]}<\/script>\n<!-- \/ Yoast SEO plugin. -->","yoast_head_json":{"title":"\u00c7\u00f6l Kartal\u0131 | K\u0131rm\u0131z\u0131 Kod (Battle-Scarred) - Skins Universe","robots":{"index":"index","follow":"follow","max-snippet":"max-snippet:-1","max-image-preview":"max-image-preview:large","max-video-preview":"max-video-preview:-1"},"canonical":"https:\/\/skins-universe.com\/tr\/urun\/col-kartali-kirmizi-kod-battle-scarred\/","og_locale":"tr_TR","og_type":"article","og_title":"\u00c7\u00f6l Kartal\u0131 | K\u0131rm\u0131z\u0131 Kod (Battle-Scarred) - Skins Universe","og_description":"G\u00fc\u00e7l\u00fc oldu\u011fu kadar pahal\u0131 da olan Desert Eagle, ustala\u015fmas\u0131 zor ancak uzun menzilde \u015fa\u015f\u0131rt\u0131c\u0131 derecede isabetli olan ikonik bir tabancad\u0131r. Parlak k\u0131rm\u0131z\u0131 tabanl\u0131 ve beyaz detayl\u0131 \u00f6zel bir boya i\u015fi&hellip;","og_url":"https:\/\/skins-universe.com\/tr\/urun\/col-kartali-kirmizi-kod-battle-scarred\/","og_site_name":"Skins Universe","og_image":[{"width":458,"height":344,"url":"https:\/\/skins-universe.com\/wp-content\/uploads\/2026\/01\/Desert_Eagle_Code_Red_Battle_Scarred.webp","type":"image\/webp"}],"twitter_card":"summary_large_image","schema":{"@context":"https:\/\/schema.org","@graph":[{"@type":"WebPage","@id":"https:\/\/skins-universe.com\/tr\/urun\/col-kartali-kirmizi-kod-battle-scarred\/","url":"https:\/\/skins-universe.com\/tr\/urun\/col-kartali-kirmizi-kod-battle-scarred\/","name":"\u00c7\u00f6l Kartal\u0131 | K\u0131rm\u0131z\u0131 Kod (Battle-Scarred) - Skins Universe","isPartOf":{"@id":"https:\/\/skins-universe.com\/#website"},"primaryImageOfPage":{"@id":"https:\/\/skins-universe.com\/tr\/urun\/col-kartali-kirmizi-kod-battle-scarred\/#primaryimage"},"image":{"@id":"https:\/\/skins-universe.com\/tr\/urun\/col-kartali-kirmizi-kod-battle-scarred\/#primaryimage"},"thumbnailUrl":"https:\/\/skins-universe.com\/wp-content\/uploads\/2026\/01\/Desert_Eagle_Code_Red_Battle_Scarred.webp","datePublished":"2026-01-02T12:00:30+00:00","breadcrumb":{"@id":"https:\/\/skins-universe.com\/tr\/urun\/col-kartali-kirmizi-kod-battle-scarred\/#breadcrumb"},"inLanguage":"tr","potentialAction":[{"@type":"ReadAction","target":["https:\/\/skins-universe.com\/tr\/urun\/col-kartali-kirmizi-kod-battle-scarred\/"]}]},{"@type":"ImageObject","inLanguage":"tr","@id":"https:\/\/skins-universe.com\/tr\/urun\/col-kartali-kirmizi-kod-battle-scarred\/#primaryimage","url":"https:\/\/skins-universe.com\/wp-content\/uploads\/2026\/01\/Desert_Eagle_Code_Red_Battle_Scarred.webp","contentUrl":"https:\/\/skins-universe.com\/wp-content\/uploads\/2026\/01\/Desert_Eagle_Code_Red_Battle_Scarred.webp","width":458,"height":344},{"@type":"BreadcrumbList","@id":"https:\/\/skins-universe.com\/tr\/urun\/col-kartali-kirmizi-kod-battle-scarred\/#breadcrumb","itemListElement":[{"@type":"ListItem","position":1,"name":"Home","item":"https:\/\/skins-universe.com\/"},{"@type":"ListItem","position":2,"name":"Ma\u011faza","item":"https:\/\/skins-universe.com\/tr\/magaza\/"},{"@type":"ListItem","position":3,"name":"\u00c7\u00f6l Kartal\u0131 | K\u0131rm\u0131z\u0131 Kod (Battle-Scarred)"}]},{"@type":"WebSite","@id":"https:\/\/skins-universe.com\/#website","url":"https:\/\/skins-universe.com\/","name":"Skins Universe","description":"Elite Skins for Clutch Moments.","publisher":{"@id":"https:\/\/skins-universe.com\/#organization"},"potentialAction":[{"@type":"SearchAction","target":{"@type":"EntryPoint","urlTemplate":"https:\/\/skins-universe.com\/?s={search_term_string}"},"query-input":{"@type":"PropertyValueSpecification","valueRequired":true,"valueName":"search_term_string"}}],"inLanguage":"tr"},{"@type":"Organization","@id":"https:\/\/skins-universe.com\/#organization","name":"Skins Universe","url":"https:\/\/skins-universe.com\/","logo":{"@type":"ImageObject","inLanguage":"tr","@id":"https:\/\/skins-universe.com\/#\/schema\/logo\/image\/","url":"https:\/\/skins-universe.com\/wp-content\/uploads\/2020\/06\/cropped-gaming-1-removebg-preview.png","contentUrl":"https:\/\/skins-universe.com\/wp-content\/uploads\/2020\/06\/cropped-gaming-1-removebg-preview.png","width":500,"height":262,"caption":"Skins Universe"},"image":{"@id":"https:\/\/skins-universe.com\/#\/schema\/logo\/image\/"}}]}},"_links":{"self":[{"href":"https:\/\/skins-universe.com\/tr\/wp-json\/wp\/v2\/product\/28019","targetHints":{"allow":["GET"]}}],"collection":[{"href":"https:\/\/skins-universe.com\/tr\/wp-json\/wp\/v2\/product"}],"about":[{"href":"https:\/\/skins-universe.com\/tr\/wp-json\/wp\/v2\/types\/product"}],"replies":[{"embeddable":true,"href":"https:\/\/skins-universe.com\/tr\/wp-json\/wp\/v2\/comments?post=28019"}],"wp:featuredmedia":[{"embeddable":true,"href":"https:\/\/skins-universe.com\/tr\/wp-json\/wp\/v2\/media\/27921"}],"wp:attachment":[{"href":"https:\/\/skins-universe.com\/tr\/wp-json\/wp\/v2\/media?parent=28019"}],"wp:term":[{"taxonomy":"product_brand","embeddable":true,"href":"https:\/\/skins-universe.com\/tr\/wp-json\/wp\/v2\/product_brand?post=28019"},{"taxonomy":"product_cat","embeddable":true,"href":"https:\/\/skins-universe.com\/tr\/wp-json\/wp\/v2\/product_cat?post=28019"},{"taxonomy":"product_tag","embeddable":true,"href":"https:\/\/skins-universe.com\/tr\/wp-json\/wp\/v2\/product_tag?post=28019"}],"curies":[{"name":"wp","href":"https:\/\/api.w.org\/{rel}","templated":true}]}}