{"id":28022,"date":"2026-01-02T12:00:39","date_gmt":"2026-01-02T12:00:39","guid":{"rendered":"https:\/\/skins-universe.com\/product\/usp-s-canavar-karmasi-battle-scarred\/"},"modified":"2026-01-02T12:00:39","modified_gmt":"2026-01-02T12:00:39","slug":"usp-s-canavar-karmasi-battle-scarred","status":"publish","type":"product","link":"https:\/\/skins-universe.com\/tr\/urun\/usp-s-canavar-karmasi-battle-scarred\/","title":{"rendered":"USP-S | Canavar Karmas\u0131 (Battle-Scarred)"},"content":{"rendered":"<p>Counter-Strike Source&#8217;un hayranlar\u0131n\u0131n favorisi olan Susturuculu USP Tabanca, dikkat \u00e7eken g\u00fcr\u00fclt\u00fcy\u00fc bast\u0131r\u0131rken at\u0131\u015flara daha az geri tepme sa\u011flayan \u00e7\u0131kar\u0131labilir bir susturucuya sahiptir. Ye\u015fil bir canavar ve pop\u00fcler \u015fehir sanat\u0131ndan esinlenen di\u011fer simgeleri i\u00e7eren \u00f6zel bir boya i\u015fi uygulanm\u0131\u015ft\u0131r. Susturucu sedefli bir kaplamaya sahiptir. X__X   <\/p>\n","protected":false},"excerpt":{"rendered":"<p>Counter-Strike Source&#8217;un hayranlar\u0131n\u0131n favorisi olan Susturuculu USP Tabanca, dikkat \u00e7eken g\u00fcr\u00fclt\u00fcy\u00fc bast\u0131r\u0131rken at\u0131\u015flara daha az geri tepme sa\u011flayan \u00e7\u0131kar\u0131labilir bir susturucuya sahiptir. Ye\u015fil bir canavar ve pop\u00fcler \u015fehir sanat\u0131ndan esinlenen&hellip;<\/p>\n","protected":false},"featured_media":27948,"comment_status":"open","ping_status":"closed","template":"","meta":[],"product_brand":[],"product_cat":[738],"product_tag":[],"class_list":{"0":"post-28022","1":"product","2":"type-product","3":"status-publish","4":"has-post-thumbnail","6":"product_cat-tabanca","8":"first","9":"instock","10":"virtual","11":"product-type-simple"},"yoast_head":"<!-- This site is optimized with the Yoast SEO plugin v26.6 - https:\/\/yoast.com\/wordpress\/plugins\/seo\/ -->\n<title>USP-S | Canavar Karmas\u0131 (Battle-Scarred) - Skins Universe<\/title>\n<meta name=\"robots\" content=\"index, follow, max-snippet:-1, max-image-preview:large, max-video-preview:-1\" \/>\n<link rel=\"canonical\" href=\"https:\/\/skins-universe.com\/product\/usp-s-canavar-karmasi-battle-scarred\/\" \/>\n<meta property=\"og:locale\" content=\"tr_TR\" \/>\n<meta property=\"og:type\" content=\"article\" \/>\n<meta property=\"og:title\" content=\"USP-S | Canavar Karmas\u0131 (Battle-Scarred) - Skins Universe\" \/>\n<meta property=\"og:description\" content=\"Counter-Strike Source&#8217;un hayranlar\u0131n\u0131n favorisi olan Susturuculu USP Tabanca, dikkat \u00e7eken g\u00fcr\u00fclt\u00fcy\u00fc bast\u0131r\u0131rken at\u0131\u015flara daha az geri tepme sa\u011flayan \u00e7\u0131kar\u0131labilir bir susturucuya sahiptir. Ye\u015fil bir canavar ve pop\u00fcler \u015fehir sanat\u0131ndan esinlenen&hellip;\" \/>\n<meta property=\"og:url\" content=\"https:\/\/skins-universe.com\/product\/usp-s-canavar-karmasi-battle-scarred\/\" \/>\n<meta property=\"og:site_name\" content=\"Skins Universe\" \/>\n<meta name=\"twitter:card\" content=\"summary_large_image\" \/>\n<script type=\"application\/ld+json\" class=\"yoast-schema-graph\">{\"@context\":\"https:\/\/schema.org\",\"@graph\":[{\"@type\":\"WebPage\",\"@id\":\"https:\/\/skins-universe.com\/product\/usp-s-canavar-karmasi-battle-scarred\/\",\"url\":\"https:\/\/skins-universe.com\/product\/usp-s-canavar-karmasi-battle-scarred\/\",\"name\":\"USP-S | Canavar Karmas\u0131 (Battle-Scarred) - Skins Universe\",\"isPartOf\":{\"@id\":\"https:\/\/skins-universe.com\/#website\"},\"primaryImageOfPage\":{\"@id\":\"https:\/\/skins-universe.com\/product\/usp-s-canavar-karmasi-battle-scarred\/#primaryimage\"},\"image\":{\"@id\":\"https:\/\/skins-universe.com\/product\/usp-s-canavar-karmasi-battle-scarred\/#primaryimage\"},\"thumbnailUrl\":\"https:\/\/skins-universe.com\/wp-content\/uploads\/2026\/01\/USP_S_Monster_Mashup_Battle_Scarred.webp\",\"datePublished\":\"2026-01-02T12:00:39+00:00\",\"breadcrumb\":{\"@id\":\"https:\/\/skins-universe.com\/product\/usp-s-canavar-karmasi-battle-scarred\/#breadcrumb\"},\"inLanguage\":\"tr\",\"potentialAction\":[{\"@type\":\"ReadAction\",\"target\":[\"https:\/\/skins-universe.com\/product\/usp-s-canavar-karmasi-battle-scarred\/\"]}]},{\"@type\":\"ImageObject\",\"inLanguage\":\"tr\",\"@id\":\"https:\/\/skins-universe.com\/product\/usp-s-canavar-karmasi-battle-scarred\/#primaryimage\",\"url\":\"https:\/\/skins-universe.com\/wp-content\/uploads\/2026\/01\/USP_S_Monster_Mashup_Battle_Scarred.webp\",\"contentUrl\":\"https:\/\/skins-universe.com\/wp-content\/uploads\/2026\/01\/USP_S_Monster_Mashup_Battle_Scarred.webp\",\"width\":458,\"height\":344},{\"@type\":\"BreadcrumbList\",\"@id\":\"https:\/\/skins-universe.com\/product\/usp-s-canavar-karmasi-battle-scarred\/#breadcrumb\",\"itemListElement\":[{\"@type\":\"ListItem\",\"position\":1,\"name\":\"Home\",\"item\":\"https:\/\/skins-universe.com\/\"},{\"@type\":\"ListItem\",\"position\":2,\"name\":\"Ma\u011faza\",\"item\":\"https:\/\/skins-universe.com\/tr\/magaza\/\"},{\"@type\":\"ListItem\",\"position\":3,\"name\":\"USP-S | Canavar Karmas\u0131 (Battle-Scarred)\"}]},{\"@type\":\"WebSite\",\"@id\":\"https:\/\/skins-universe.com\/#website\",\"url\":\"https:\/\/skins-universe.com\/\",\"name\":\"Skins Universe\",\"description\":\"Elite Skins for Clutch Moments.\",\"publisher\":{\"@id\":\"https:\/\/skins-universe.com\/#organization\"},\"potentialAction\":[{\"@type\":\"SearchAction\",\"target\":{\"@type\":\"EntryPoint\",\"urlTemplate\":\"https:\/\/skins-universe.com\/?s={search_term_string}\"},\"query-input\":{\"@type\":\"PropertyValueSpecification\",\"valueRequired\":true,\"valueName\":\"search_term_string\"}}],\"inLanguage\":\"tr\"},{\"@type\":\"Organization\",\"@id\":\"https:\/\/skins-universe.com\/#organization\",\"name\":\"Skins Universe\",\"url\":\"https:\/\/skins-universe.com\/\",\"logo\":{\"@type\":\"ImageObject\",\"inLanguage\":\"tr\",\"@id\":\"https:\/\/skins-universe.com\/#\/schema\/logo\/image\/\",\"url\":\"https:\/\/skins-universe.com\/wp-content\/uploads\/2020\/06\/cropped-gaming-1-removebg-preview.png\",\"contentUrl\":\"https:\/\/skins-universe.com\/wp-content\/uploads\/2020\/06\/cropped-gaming-1-removebg-preview.png\",\"width\":500,\"height\":262,\"caption\":\"Skins Universe\"},\"image\":{\"@id\":\"https:\/\/skins-universe.com\/#\/schema\/logo\/image\/\"}}]}<\/script>\n<!-- \/ Yoast SEO plugin. -->","yoast_head_json":{"title":"USP-S | Canavar Karmas\u0131 (Battle-Scarred) - Skins Universe","robots":{"index":"index","follow":"follow","max-snippet":"max-snippet:-1","max-image-preview":"max-image-preview:large","max-video-preview":"max-video-preview:-1"},"canonical":"https:\/\/skins-universe.com\/product\/usp-s-canavar-karmasi-battle-scarred\/","og_locale":"tr_TR","og_type":"article","og_title":"USP-S | Canavar Karmas\u0131 (Battle-Scarred) - Skins Universe","og_description":"Counter-Strike Source&#8217;un hayranlar\u0131n\u0131n favorisi olan Susturuculu USP Tabanca, dikkat \u00e7eken g\u00fcr\u00fclt\u00fcy\u00fc bast\u0131r\u0131rken at\u0131\u015flara daha az geri tepme sa\u011flayan \u00e7\u0131kar\u0131labilir bir susturucuya sahiptir. Ye\u015fil bir canavar ve pop\u00fcler \u015fehir sanat\u0131ndan esinlenen&hellip;","og_url":"https:\/\/skins-universe.com\/product\/usp-s-canavar-karmasi-battle-scarred\/","og_site_name":"Skins Universe","twitter_card":"summary_large_image","schema":{"@context":"https:\/\/schema.org","@graph":[{"@type":"WebPage","@id":"https:\/\/skins-universe.com\/product\/usp-s-canavar-karmasi-battle-scarred\/","url":"https:\/\/skins-universe.com\/product\/usp-s-canavar-karmasi-battle-scarred\/","name":"USP-S | Canavar Karmas\u0131 (Battle-Scarred) - Skins Universe","isPartOf":{"@id":"https:\/\/skins-universe.com\/#website"},"primaryImageOfPage":{"@id":"https:\/\/skins-universe.com\/product\/usp-s-canavar-karmasi-battle-scarred\/#primaryimage"},"image":{"@id":"https:\/\/skins-universe.com\/product\/usp-s-canavar-karmasi-battle-scarred\/#primaryimage"},"thumbnailUrl":"https:\/\/skins-universe.com\/wp-content\/uploads\/2026\/01\/USP_S_Monster_Mashup_Battle_Scarred.webp","datePublished":"2026-01-02T12:00:39+00:00","breadcrumb":{"@id":"https:\/\/skins-universe.com\/product\/usp-s-canavar-karmasi-battle-scarred\/#breadcrumb"},"inLanguage":"tr","potentialAction":[{"@type":"ReadAction","target":["https:\/\/skins-universe.com\/product\/usp-s-canavar-karmasi-battle-scarred\/"]}]},{"@type":"ImageObject","inLanguage":"tr","@id":"https:\/\/skins-universe.com\/product\/usp-s-canavar-karmasi-battle-scarred\/#primaryimage","url":"https:\/\/skins-universe.com\/wp-content\/uploads\/2026\/01\/USP_S_Monster_Mashup_Battle_Scarred.webp","contentUrl":"https:\/\/skins-universe.com\/wp-content\/uploads\/2026\/01\/USP_S_Monster_Mashup_Battle_Scarred.webp","width":458,"height":344},{"@type":"BreadcrumbList","@id":"https:\/\/skins-universe.com\/product\/usp-s-canavar-karmasi-battle-scarred\/#breadcrumb","itemListElement":[{"@type":"ListItem","position":1,"name":"Home","item":"https:\/\/skins-universe.com\/"},{"@type":"ListItem","position":2,"name":"Ma\u011faza","item":"https:\/\/skins-universe.com\/tr\/magaza\/"},{"@type":"ListItem","position":3,"name":"USP-S | Canavar Karmas\u0131 (Battle-Scarred)"}]},{"@type":"WebSite","@id":"https:\/\/skins-universe.com\/#website","url":"https:\/\/skins-universe.com\/","name":"Skins Universe","description":"Elite Skins for Clutch Moments.","publisher":{"@id":"https:\/\/skins-universe.com\/#organization"},"potentialAction":[{"@type":"SearchAction","target":{"@type":"EntryPoint","urlTemplate":"https:\/\/skins-universe.com\/?s={search_term_string}"},"query-input":{"@type":"PropertyValueSpecification","valueRequired":true,"valueName":"search_term_string"}}],"inLanguage":"tr"},{"@type":"Organization","@id":"https:\/\/skins-universe.com\/#organization","name":"Skins Universe","url":"https:\/\/skins-universe.com\/","logo":{"@type":"ImageObject","inLanguage":"tr","@id":"https:\/\/skins-universe.com\/#\/schema\/logo\/image\/","url":"https:\/\/skins-universe.com\/wp-content\/uploads\/2020\/06\/cropped-gaming-1-removebg-preview.png","contentUrl":"https:\/\/skins-universe.com\/wp-content\/uploads\/2020\/06\/cropped-gaming-1-removebg-preview.png","width":500,"height":262,"caption":"Skins Universe"},"image":{"@id":"https:\/\/skins-universe.com\/#\/schema\/logo\/image\/"}}]}},"_links":{"self":[{"href":"https:\/\/skins-universe.com\/tr\/wp-json\/wp\/v2\/product\/28022","targetHints":{"allow":["GET"]}}],"collection":[{"href":"https:\/\/skins-universe.com\/tr\/wp-json\/wp\/v2\/product"}],"about":[{"href":"https:\/\/skins-universe.com\/tr\/wp-json\/wp\/v2\/types\/product"}],"replies":[{"embeddable":true,"href":"https:\/\/skins-universe.com\/tr\/wp-json\/wp\/v2\/comments?post=28022"}],"wp:featuredmedia":[{"embeddable":true,"href":"https:\/\/skins-universe.com\/tr\/wp-json\/wp\/v2\/media\/27948"}],"wp:attachment":[{"href":"https:\/\/skins-universe.com\/tr\/wp-json\/wp\/v2\/media?parent=28022"}],"wp:term":[{"taxonomy":"product_brand","embeddable":true,"href":"https:\/\/skins-universe.com\/tr\/wp-json\/wp\/v2\/product_brand?post=28022"},{"taxonomy":"product_cat","embeddable":true,"href":"https:\/\/skins-universe.com\/tr\/wp-json\/wp\/v2\/product_cat?post=28022"},{"taxonomy":"product_tag","embeddable":true,"href":"https:\/\/skins-universe.com\/tr\/wp-json\/wp\/v2\/product_tag?post=28022"}],"curies":[{"name":"wp","href":"https:\/\/api.w.org\/{rel}","templated":true}]}}