{"id":28031,"date":"2026-01-02T12:00:23","date_gmt":"2026-01-02T12:00:23","guid":{"rendered":"https:\/\/skins-universe.com\/product\/cift-beretta-tatli-kucuk-melekler-savas-kararli\/"},"modified":"2026-01-02T14:56:31","modified_gmt":"2026-01-02T14:56:31","slug":"cift-beretta-tatli-kucuk-melekler-savas-kararli","status":"publish","type":"product","link":"https:\/\/skins-universe.com\/tr\/urun\/cift-beretta-tatli-kucuk-melekler-savas-kararli\/","title":{"rendered":"\u00c7ift Beretta | Tatl\u0131 K\u00fc\u00e7\u00fck Melekler (Sava\u015f Kararl\u0131)"},"content":{"rendered":"<p>\u0130ki b\u00fcy\u00fck \u015farj\u00f6rl\u00fc Beretta&#8217;y\u0131 ayn\u0131 anda ate\u015flemek isabet oran\u0131n\u0131 d\u00fc\u015f\u00fcrecek ve doldurma s\u00fcrelerini art\u0131racakt\u0131r. \u0130yi taraf\u0131ndan bakacak olursak, ayn\u0131 anda iki b\u00fcy\u00fck \u015farj\u00f6rl\u00fc Beretta ate\u015fleyebileceksiniz. \u0130ki melek, parlak renkli bir grafiti taban \u00fczerine \u00f6zel olarak boyanm\u0131\u015ft\u0131r. Aww, bak ne kadar da&#8230; k\u0131ymetliler   <\/p>\n","protected":false},"excerpt":{"rendered":"<p>\u0130ki b\u00fcy\u00fck \u015farj\u00f6rl\u00fc Beretta&#8217;y\u0131 ayn\u0131 anda ate\u015flemek isabet oran\u0131n\u0131 d\u00fc\u015f\u00fcrecek ve doldurma s\u00fcrelerini art\u0131racakt\u0131r. \u0130yi taraf\u0131ndan bakacak olursak, ayn\u0131 anda iki b\u00fcy\u00fck \u015farj\u00f6rl\u00fc Beretta ate\u015fleyebileceksiniz. \u0130ki melek, parlak renkli bir&hellip;<\/p>\n","protected":false},"featured_media":27897,"comment_status":"open","ping_status":"closed","template":"","meta":[],"product_brand":[],"product_cat":[738],"product_tag":[],"class_list":{"0":"post-28031","1":"product","2":"type-product","3":"status-publish","4":"has-post-thumbnail","6":"product_cat-tabanca","8":"first","9":"instock","10":"virtual","11":"product-type-simple"},"yoast_head":"<!-- This site is optimized with the Yoast SEO plugin v26.6 - https:\/\/yoast.com\/wordpress\/plugins\/seo\/ -->\n<title>\u00c7ift Beretta | Tatl\u0131 K\u00fc\u00e7\u00fck Melekler (Sava\u015f Kararl\u0131) - Skins Universe<\/title>\n<meta name=\"robots\" content=\"index, follow, max-snippet:-1, max-image-preview:large, max-video-preview:-1\" \/>\n<link rel=\"canonical\" href=\"https:\/\/skins-universe.com\/tr\/urun\/cift-beretta-tatli-kucuk-melekler-savas-kararli\/\" \/>\n<meta property=\"og:locale\" content=\"tr_TR\" \/>\n<meta property=\"og:type\" content=\"article\" \/>\n<meta property=\"og:title\" content=\"\u00c7ift Beretta | Tatl\u0131 K\u00fc\u00e7\u00fck Melekler (Sava\u015f Kararl\u0131) - Skins Universe\" \/>\n<meta property=\"og:description\" content=\"\u0130ki b\u00fcy\u00fck \u015farj\u00f6rl\u00fc Beretta&#8217;y\u0131 ayn\u0131 anda ate\u015flemek isabet oran\u0131n\u0131 d\u00fc\u015f\u00fcrecek ve doldurma s\u00fcrelerini art\u0131racakt\u0131r. \u0130yi taraf\u0131ndan bakacak olursak, ayn\u0131 anda iki b\u00fcy\u00fck \u015farj\u00f6rl\u00fc Beretta ate\u015fleyebileceksiniz. \u0130ki melek, parlak renkli bir&hellip;\" \/>\n<meta property=\"og:url\" content=\"https:\/\/skins-universe.com\/tr\/urun\/cift-beretta-tatli-kucuk-melekler-savas-kararli\/\" \/>\n<meta property=\"og:site_name\" content=\"Skins Universe\" \/>\n<meta property=\"article:modified_time\" content=\"2026-01-02T14:56:31+00:00\" \/>\n<meta property=\"og:image\" content=\"https:\/\/skins-universe.com\/wp-content\/uploads\/2026\/01\/Dual_Berettas_Sweet_Little_Angels_Battle_Scarred.webp\" \/>\n\t<meta property=\"og:image:width\" content=\"458\" \/>\n\t<meta property=\"og:image:height\" content=\"344\" \/>\n\t<meta property=\"og:image:type\" content=\"image\/webp\" \/>\n<meta name=\"twitter:card\" content=\"summary_large_image\" \/>\n<script type=\"application\/ld+json\" class=\"yoast-schema-graph\">{\"@context\":\"https:\/\/schema.org\",\"@graph\":[{\"@type\":\"WebPage\",\"@id\":\"https:\/\/skins-universe.com\/tr\/urun\/cift-beretta-tatli-kucuk-melekler-savas-kararli\/\",\"url\":\"https:\/\/skins-universe.com\/tr\/urun\/cift-beretta-tatli-kucuk-melekler-savas-kararli\/\",\"name\":\"\u00c7ift Beretta | Tatl\u0131 K\u00fc\u00e7\u00fck Melekler (Sava\u015f Kararl\u0131) - Skins Universe\",\"isPartOf\":{\"@id\":\"https:\/\/skins-universe.com\/#website\"},\"primaryImageOfPage\":{\"@id\":\"https:\/\/skins-universe.com\/tr\/urun\/cift-beretta-tatli-kucuk-melekler-savas-kararli\/#primaryimage\"},\"image\":{\"@id\":\"https:\/\/skins-universe.com\/tr\/urun\/cift-beretta-tatli-kucuk-melekler-savas-kararli\/#primaryimage\"},\"thumbnailUrl\":\"https:\/\/skins-universe.com\/wp-content\/uploads\/2026\/01\/Dual_Berettas_Sweet_Little_Angels_Battle_Scarred.webp\",\"datePublished\":\"2026-01-02T12:00:23+00:00\",\"dateModified\":\"2026-01-02T14:56:31+00:00\",\"breadcrumb\":{\"@id\":\"https:\/\/skins-universe.com\/tr\/urun\/cift-beretta-tatli-kucuk-melekler-savas-kararli\/#breadcrumb\"},\"inLanguage\":\"tr\",\"potentialAction\":[{\"@type\":\"ReadAction\",\"target\":[\"https:\/\/skins-universe.com\/tr\/urun\/cift-beretta-tatli-kucuk-melekler-savas-kararli\/\"]}]},{\"@type\":\"ImageObject\",\"inLanguage\":\"tr\",\"@id\":\"https:\/\/skins-universe.com\/tr\/urun\/cift-beretta-tatli-kucuk-melekler-savas-kararli\/#primaryimage\",\"url\":\"https:\/\/skins-universe.com\/wp-content\/uploads\/2026\/01\/Dual_Berettas_Sweet_Little_Angels_Battle_Scarred.webp\",\"contentUrl\":\"https:\/\/skins-universe.com\/wp-content\/uploads\/2026\/01\/Dual_Berettas_Sweet_Little_Angels_Battle_Scarred.webp\",\"width\":458,\"height\":344},{\"@type\":\"BreadcrumbList\",\"@id\":\"https:\/\/skins-universe.com\/tr\/urun\/cift-beretta-tatli-kucuk-melekler-savas-kararli\/#breadcrumb\",\"itemListElement\":[{\"@type\":\"ListItem\",\"position\":1,\"name\":\"Home\",\"item\":\"https:\/\/skins-universe.com\/\"},{\"@type\":\"ListItem\",\"position\":2,\"name\":\"Ma\u011faza\",\"item\":\"https:\/\/skins-universe.com\/tr\/magaza\/\"},{\"@type\":\"ListItem\",\"position\":3,\"name\":\"\u00c7ift Beretta | Tatl\u0131 K\u00fc\u00e7\u00fck Melekler (Sava\u015f Kararl\u0131)\"}]},{\"@type\":\"WebSite\",\"@id\":\"https:\/\/skins-universe.com\/#website\",\"url\":\"https:\/\/skins-universe.com\/\",\"name\":\"Skins Universe\",\"description\":\"Elite Skins for Clutch Moments.\",\"publisher\":{\"@id\":\"https:\/\/skins-universe.com\/#organization\"},\"potentialAction\":[{\"@type\":\"SearchAction\",\"target\":{\"@type\":\"EntryPoint\",\"urlTemplate\":\"https:\/\/skins-universe.com\/?s={search_term_string}\"},\"query-input\":{\"@type\":\"PropertyValueSpecification\",\"valueRequired\":true,\"valueName\":\"search_term_string\"}}],\"inLanguage\":\"tr\"},{\"@type\":\"Organization\",\"@id\":\"https:\/\/skins-universe.com\/#organization\",\"name\":\"Skins Universe\",\"url\":\"https:\/\/skins-universe.com\/\",\"logo\":{\"@type\":\"ImageObject\",\"inLanguage\":\"tr\",\"@id\":\"https:\/\/skins-universe.com\/#\/schema\/logo\/image\/\",\"url\":\"https:\/\/skins-universe.com\/wp-content\/uploads\/2020\/06\/cropped-gaming-1-removebg-preview.png\",\"contentUrl\":\"https:\/\/skins-universe.com\/wp-content\/uploads\/2020\/06\/cropped-gaming-1-removebg-preview.png\",\"width\":500,\"height\":262,\"caption\":\"Skins Universe\"},\"image\":{\"@id\":\"https:\/\/skins-universe.com\/#\/schema\/logo\/image\/\"}}]}<\/script>\n<!-- \/ Yoast SEO plugin. -->","yoast_head_json":{"title":"\u00c7ift Beretta | Tatl\u0131 K\u00fc\u00e7\u00fck Melekler (Sava\u015f Kararl\u0131) - Skins Universe","robots":{"index":"index","follow":"follow","max-snippet":"max-snippet:-1","max-image-preview":"max-image-preview:large","max-video-preview":"max-video-preview:-1"},"canonical":"https:\/\/skins-universe.com\/tr\/urun\/cift-beretta-tatli-kucuk-melekler-savas-kararli\/","og_locale":"tr_TR","og_type":"article","og_title":"\u00c7ift Beretta | Tatl\u0131 K\u00fc\u00e7\u00fck Melekler (Sava\u015f Kararl\u0131) - Skins Universe","og_description":"\u0130ki b\u00fcy\u00fck \u015farj\u00f6rl\u00fc Beretta&#8217;y\u0131 ayn\u0131 anda ate\u015flemek isabet oran\u0131n\u0131 d\u00fc\u015f\u00fcrecek ve doldurma s\u00fcrelerini art\u0131racakt\u0131r. \u0130yi taraf\u0131ndan bakacak olursak, ayn\u0131 anda iki b\u00fcy\u00fck \u015farj\u00f6rl\u00fc Beretta ate\u015fleyebileceksiniz. \u0130ki melek, parlak renkli bir&hellip;","og_url":"https:\/\/skins-universe.com\/tr\/urun\/cift-beretta-tatli-kucuk-melekler-savas-kararli\/","og_site_name":"Skins Universe","article_modified_time":"2026-01-02T14:56:31+00:00","og_image":[{"width":458,"height":344,"url":"https:\/\/skins-universe.com\/wp-content\/uploads\/2026\/01\/Dual_Berettas_Sweet_Little_Angels_Battle_Scarred.webp","type":"image\/webp"}],"twitter_card":"summary_large_image","schema":{"@context":"https:\/\/schema.org","@graph":[{"@type":"WebPage","@id":"https:\/\/skins-universe.com\/tr\/urun\/cift-beretta-tatli-kucuk-melekler-savas-kararli\/","url":"https:\/\/skins-universe.com\/tr\/urun\/cift-beretta-tatli-kucuk-melekler-savas-kararli\/","name":"\u00c7ift Beretta | Tatl\u0131 K\u00fc\u00e7\u00fck Melekler (Sava\u015f Kararl\u0131) - Skins Universe","isPartOf":{"@id":"https:\/\/skins-universe.com\/#website"},"primaryImageOfPage":{"@id":"https:\/\/skins-universe.com\/tr\/urun\/cift-beretta-tatli-kucuk-melekler-savas-kararli\/#primaryimage"},"image":{"@id":"https:\/\/skins-universe.com\/tr\/urun\/cift-beretta-tatli-kucuk-melekler-savas-kararli\/#primaryimage"},"thumbnailUrl":"https:\/\/skins-universe.com\/wp-content\/uploads\/2026\/01\/Dual_Berettas_Sweet_Little_Angels_Battle_Scarred.webp","datePublished":"2026-01-02T12:00:23+00:00","dateModified":"2026-01-02T14:56:31+00:00","breadcrumb":{"@id":"https:\/\/skins-universe.com\/tr\/urun\/cift-beretta-tatli-kucuk-melekler-savas-kararli\/#breadcrumb"},"inLanguage":"tr","potentialAction":[{"@type":"ReadAction","target":["https:\/\/skins-universe.com\/tr\/urun\/cift-beretta-tatli-kucuk-melekler-savas-kararli\/"]}]},{"@type":"ImageObject","inLanguage":"tr","@id":"https:\/\/skins-universe.com\/tr\/urun\/cift-beretta-tatli-kucuk-melekler-savas-kararli\/#primaryimage","url":"https:\/\/skins-universe.com\/wp-content\/uploads\/2026\/01\/Dual_Berettas_Sweet_Little_Angels_Battle_Scarred.webp","contentUrl":"https:\/\/skins-universe.com\/wp-content\/uploads\/2026\/01\/Dual_Berettas_Sweet_Little_Angels_Battle_Scarred.webp","width":458,"height":344},{"@type":"BreadcrumbList","@id":"https:\/\/skins-universe.com\/tr\/urun\/cift-beretta-tatli-kucuk-melekler-savas-kararli\/#breadcrumb","itemListElement":[{"@type":"ListItem","position":1,"name":"Home","item":"https:\/\/skins-universe.com\/"},{"@type":"ListItem","position":2,"name":"Ma\u011faza","item":"https:\/\/skins-universe.com\/tr\/magaza\/"},{"@type":"ListItem","position":3,"name":"\u00c7ift Beretta | Tatl\u0131 K\u00fc\u00e7\u00fck Melekler (Sava\u015f Kararl\u0131)"}]},{"@type":"WebSite","@id":"https:\/\/skins-universe.com\/#website","url":"https:\/\/skins-universe.com\/","name":"Skins Universe","description":"Elite Skins for Clutch Moments.","publisher":{"@id":"https:\/\/skins-universe.com\/#organization"},"potentialAction":[{"@type":"SearchAction","target":{"@type":"EntryPoint","urlTemplate":"https:\/\/skins-universe.com\/?s={search_term_string}"},"query-input":{"@type":"PropertyValueSpecification","valueRequired":true,"valueName":"search_term_string"}}],"inLanguage":"tr"},{"@type":"Organization","@id":"https:\/\/skins-universe.com\/#organization","name":"Skins Universe","url":"https:\/\/skins-universe.com\/","logo":{"@type":"ImageObject","inLanguage":"tr","@id":"https:\/\/skins-universe.com\/#\/schema\/logo\/image\/","url":"https:\/\/skins-universe.com\/wp-content\/uploads\/2020\/06\/cropped-gaming-1-removebg-preview.png","contentUrl":"https:\/\/skins-universe.com\/wp-content\/uploads\/2020\/06\/cropped-gaming-1-removebg-preview.png","width":500,"height":262,"caption":"Skins Universe"},"image":{"@id":"https:\/\/skins-universe.com\/#\/schema\/logo\/image\/"}}]}},"_links":{"self":[{"href":"https:\/\/skins-universe.com\/tr\/wp-json\/wp\/v2\/product\/28031","targetHints":{"allow":["GET"]}}],"collection":[{"href":"https:\/\/skins-universe.com\/tr\/wp-json\/wp\/v2\/product"}],"about":[{"href":"https:\/\/skins-universe.com\/tr\/wp-json\/wp\/v2\/types\/product"}],"replies":[{"embeddable":true,"href":"https:\/\/skins-universe.com\/tr\/wp-json\/wp\/v2\/comments?post=28031"}],"wp:featuredmedia":[{"embeddable":true,"href":"https:\/\/skins-universe.com\/tr\/wp-json\/wp\/v2\/media\/27897"}],"wp:attachment":[{"href":"https:\/\/skins-universe.com\/tr\/wp-json\/wp\/v2\/media?parent=28031"}],"wp:term":[{"taxonomy":"product_brand","embeddable":true,"href":"https:\/\/skins-universe.com\/tr\/wp-json\/wp\/v2\/product_brand?post=28031"},{"taxonomy":"product_cat","embeddable":true,"href":"https:\/\/skins-universe.com\/tr\/wp-json\/wp\/v2\/product_cat?post=28031"},{"taxonomy":"product_tag","embeddable":true,"href":"https:\/\/skins-universe.com\/tr\/wp-json\/wp\/v2\/product_tag?post=28031"}],"curies":[{"name":"wp","href":"https:\/\/api.w.org\/{rel}","templated":true}]}}