{"id":28042,"date":"2026-01-02T12:00:04","date_gmt":"2026-01-02T12:00:04","guid":{"rendered":"https:\/\/skins-universe.com\/product\/stattrak-p250-asiimov-savas-arabasi\/"},"modified":"2026-01-02T12:00:04","modified_gmt":"2026-01-02T12:00:04","slug":"stattrak-p250-asiimov-savas-arabasi","status":"publish","type":"product","link":"https:\/\/skins-universe.com\/tr\/urun\/stattrak-p250-asiimov-savas-arabasi\/","title":{"rendered":"StatTrak\u2122 P250 | Asiimov (Sava\u015f Arabas\u0131)"},"content":{"rendered":"<p>Y\u00fcksek at\u0131\u015f h\u0131z\u0131na sahip d\u00fc\u015f\u00fck geri tepmeli bir ate\u015fli silah olan P250, z\u0131rhl\u0131 rakiplere kar\u015f\u0131 nispeten ucuz bir se\u00e7imdir. Bilimkurgu tasar\u0131m\u0131yla \u00f6zel olarak boyanm\u0131\u015ft\u0131r. Bir adam\u0131 \u00f6ld\u00fcrmek i\u00e7in t\u00fcfe\u011fe ihtiyac\u0131m oldu\u011funu d\u00fc\u015f\u00fcn\u00fcyorsan\u0131z, kiminle konu\u015ftu\u011funuz hakk\u0131nda hi\u00e7bir fikriniz yok demektir&#8230; &#8211; Mikha Biton, Phoenix Sniper  <\/p>\n","protected":false},"excerpt":{"rendered":"<p>Y\u00fcksek at\u0131\u015f h\u0131z\u0131na sahip d\u00fc\u015f\u00fck geri tepmeli bir ate\u015fli silah olan P250, z\u0131rhl\u0131 rakiplere kar\u015f\u0131 nispeten ucuz bir se\u00e7imdir. Bilimkurgu tasar\u0131m\u0131yla \u00f6zel olarak boyanm\u0131\u015ft\u0131r. Bir adam\u0131 \u00f6ld\u00fcrmek i\u00e7in t\u00fcfe\u011fe ihtiyac\u0131m&hellip;<\/p>\n","protected":false},"featured_media":26726,"comment_status":"open","ping_status":"closed","template":"","meta":[],"product_brand":[],"product_cat":[738],"product_tag":[],"class_list":{"0":"post-28042","1":"product","2":"type-product","3":"status-publish","4":"has-post-thumbnail","6":"product_cat-tabanca","8":"first","9":"instock","10":"virtual","11":"product-type-simple"},"yoast_head":"<!-- This site is optimized with the Yoast SEO plugin v26.6 - https:\/\/yoast.com\/wordpress\/plugins\/seo\/ -->\n<title>StatTrak\u2122 P250 | Asiimov (Sava\u015f Arabas\u0131) - Skins Universe<\/title>\n<meta name=\"robots\" content=\"index, follow, max-snippet:-1, max-image-preview:large, max-video-preview:-1\" \/>\n<link rel=\"canonical\" href=\"https:\/\/skins-universe.com\/product\/stattrak-p250-asiimov-savas-arabasi\/\" \/>\n<meta property=\"og:locale\" content=\"tr_TR\" \/>\n<meta property=\"og:type\" content=\"article\" \/>\n<meta property=\"og:title\" content=\"StatTrak\u2122 P250 | Asiimov (Sava\u015f Arabas\u0131) - Skins Universe\" \/>\n<meta property=\"og:description\" content=\"Y\u00fcksek at\u0131\u015f h\u0131z\u0131na sahip d\u00fc\u015f\u00fck geri tepmeli bir ate\u015fli silah olan P250, z\u0131rhl\u0131 rakiplere kar\u015f\u0131 nispeten ucuz bir se\u00e7imdir. Bilimkurgu tasar\u0131m\u0131yla \u00f6zel olarak boyanm\u0131\u015ft\u0131r. Bir adam\u0131 \u00f6ld\u00fcrmek i\u00e7in t\u00fcfe\u011fe ihtiyac\u0131m&hellip;\" \/>\n<meta property=\"og:url\" content=\"https:\/\/skins-universe.com\/product\/stattrak-p250-asiimov-savas-arabasi\/\" \/>\n<meta property=\"og:site_name\" content=\"Skins Universe\" \/>\n<meta name=\"twitter:card\" content=\"summary_large_image\" \/>\n<script type=\"application\/ld+json\" class=\"yoast-schema-graph\">{\"@context\":\"https:\/\/schema.org\",\"@graph\":[{\"@type\":\"WebPage\",\"@id\":\"https:\/\/skins-universe.com\/product\/stattrak-p250-asiimov-savas-arabasi\/\",\"url\":\"https:\/\/skins-universe.com\/product\/stattrak-p250-asiimov-savas-arabasi\/\",\"name\":\"StatTrak\u2122 P250 | Asiimov (Sava\u015f Arabas\u0131) - Skins Universe\",\"isPartOf\":{\"@id\":\"https:\/\/skins-universe.com\/#website\"},\"primaryImageOfPage\":{\"@id\":\"https:\/\/skins-universe.com\/product\/stattrak-p250-asiimov-savas-arabasi\/#primaryimage\"},\"image\":{\"@id\":\"https:\/\/skins-universe.com\/product\/stattrak-p250-asiimov-savas-arabasi\/#primaryimage\"},\"thumbnailUrl\":\"https:\/\/skins-universe.com\/wp-content\/uploads\/2025\/12\/StatTrak_P250_Asiimov_Battle_Scarred.webp\",\"datePublished\":\"2026-01-02T12:00:04+00:00\",\"breadcrumb\":{\"@id\":\"https:\/\/skins-universe.com\/product\/stattrak-p250-asiimov-savas-arabasi\/#breadcrumb\"},\"inLanguage\":\"tr\",\"potentialAction\":[{\"@type\":\"ReadAction\",\"target\":[\"https:\/\/skins-universe.com\/product\/stattrak-p250-asiimov-savas-arabasi\/\"]}]},{\"@type\":\"ImageObject\",\"inLanguage\":\"tr\",\"@id\":\"https:\/\/skins-universe.com\/product\/stattrak-p250-asiimov-savas-arabasi\/#primaryimage\",\"url\":\"https:\/\/skins-universe.com\/wp-content\/uploads\/2025\/12\/StatTrak_P250_Asiimov_Battle_Scarred.webp\",\"contentUrl\":\"https:\/\/skins-universe.com\/wp-content\/uploads\/2025\/12\/StatTrak_P250_Asiimov_Battle_Scarred.webp\",\"width\":458,\"height\":344},{\"@type\":\"BreadcrumbList\",\"@id\":\"https:\/\/skins-universe.com\/product\/stattrak-p250-asiimov-savas-arabasi\/#breadcrumb\",\"itemListElement\":[{\"@type\":\"ListItem\",\"position\":1,\"name\":\"Home\",\"item\":\"https:\/\/skins-universe.com\/\"},{\"@type\":\"ListItem\",\"position\":2,\"name\":\"Ma\u011faza\",\"item\":\"https:\/\/skins-universe.com\/tr\/magaza\/\"},{\"@type\":\"ListItem\",\"position\":3,\"name\":\"StatTrak\u2122 P250 | Asiimov (Sava\u015f Arabas\u0131)\"}]},{\"@type\":\"WebSite\",\"@id\":\"https:\/\/skins-universe.com\/#website\",\"url\":\"https:\/\/skins-universe.com\/\",\"name\":\"Skins Universe\",\"description\":\"Elite Skins for Clutch Moments.\",\"publisher\":{\"@id\":\"https:\/\/skins-universe.com\/#organization\"},\"potentialAction\":[{\"@type\":\"SearchAction\",\"target\":{\"@type\":\"EntryPoint\",\"urlTemplate\":\"https:\/\/skins-universe.com\/?s={search_term_string}\"},\"query-input\":{\"@type\":\"PropertyValueSpecification\",\"valueRequired\":true,\"valueName\":\"search_term_string\"}}],\"inLanguage\":\"tr\"},{\"@type\":\"Organization\",\"@id\":\"https:\/\/skins-universe.com\/#organization\",\"name\":\"Skins Universe\",\"url\":\"https:\/\/skins-universe.com\/\",\"logo\":{\"@type\":\"ImageObject\",\"inLanguage\":\"tr\",\"@id\":\"https:\/\/skins-universe.com\/#\/schema\/logo\/image\/\",\"url\":\"https:\/\/skins-universe.com\/wp-content\/uploads\/2020\/06\/cropped-gaming-1-removebg-preview.png\",\"contentUrl\":\"https:\/\/skins-universe.com\/wp-content\/uploads\/2020\/06\/cropped-gaming-1-removebg-preview.png\",\"width\":500,\"height\":262,\"caption\":\"Skins Universe\"},\"image\":{\"@id\":\"https:\/\/skins-universe.com\/#\/schema\/logo\/image\/\"}}]}<\/script>\n<!-- \/ Yoast SEO plugin. -->","yoast_head_json":{"title":"StatTrak\u2122 P250 | Asiimov (Sava\u015f Arabas\u0131) - Skins Universe","robots":{"index":"index","follow":"follow","max-snippet":"max-snippet:-1","max-image-preview":"max-image-preview:large","max-video-preview":"max-video-preview:-1"},"canonical":"https:\/\/skins-universe.com\/product\/stattrak-p250-asiimov-savas-arabasi\/","og_locale":"tr_TR","og_type":"article","og_title":"StatTrak\u2122 P250 | Asiimov (Sava\u015f Arabas\u0131) - Skins Universe","og_description":"Y\u00fcksek at\u0131\u015f h\u0131z\u0131na sahip d\u00fc\u015f\u00fck geri tepmeli bir ate\u015fli silah olan P250, z\u0131rhl\u0131 rakiplere kar\u015f\u0131 nispeten ucuz bir se\u00e7imdir. Bilimkurgu tasar\u0131m\u0131yla \u00f6zel olarak boyanm\u0131\u015ft\u0131r. Bir adam\u0131 \u00f6ld\u00fcrmek i\u00e7in t\u00fcfe\u011fe ihtiyac\u0131m&hellip;","og_url":"https:\/\/skins-universe.com\/product\/stattrak-p250-asiimov-savas-arabasi\/","og_site_name":"Skins Universe","twitter_card":"summary_large_image","schema":{"@context":"https:\/\/schema.org","@graph":[{"@type":"WebPage","@id":"https:\/\/skins-universe.com\/product\/stattrak-p250-asiimov-savas-arabasi\/","url":"https:\/\/skins-universe.com\/product\/stattrak-p250-asiimov-savas-arabasi\/","name":"StatTrak\u2122 P250 | Asiimov (Sava\u015f Arabas\u0131) - Skins Universe","isPartOf":{"@id":"https:\/\/skins-universe.com\/#website"},"primaryImageOfPage":{"@id":"https:\/\/skins-universe.com\/product\/stattrak-p250-asiimov-savas-arabasi\/#primaryimage"},"image":{"@id":"https:\/\/skins-universe.com\/product\/stattrak-p250-asiimov-savas-arabasi\/#primaryimage"},"thumbnailUrl":"https:\/\/skins-universe.com\/wp-content\/uploads\/2025\/12\/StatTrak_P250_Asiimov_Battle_Scarred.webp","datePublished":"2026-01-02T12:00:04+00:00","breadcrumb":{"@id":"https:\/\/skins-universe.com\/product\/stattrak-p250-asiimov-savas-arabasi\/#breadcrumb"},"inLanguage":"tr","potentialAction":[{"@type":"ReadAction","target":["https:\/\/skins-universe.com\/product\/stattrak-p250-asiimov-savas-arabasi\/"]}]},{"@type":"ImageObject","inLanguage":"tr","@id":"https:\/\/skins-universe.com\/product\/stattrak-p250-asiimov-savas-arabasi\/#primaryimage","url":"https:\/\/skins-universe.com\/wp-content\/uploads\/2025\/12\/StatTrak_P250_Asiimov_Battle_Scarred.webp","contentUrl":"https:\/\/skins-universe.com\/wp-content\/uploads\/2025\/12\/StatTrak_P250_Asiimov_Battle_Scarred.webp","width":458,"height":344},{"@type":"BreadcrumbList","@id":"https:\/\/skins-universe.com\/product\/stattrak-p250-asiimov-savas-arabasi\/#breadcrumb","itemListElement":[{"@type":"ListItem","position":1,"name":"Home","item":"https:\/\/skins-universe.com\/"},{"@type":"ListItem","position":2,"name":"Ma\u011faza","item":"https:\/\/skins-universe.com\/tr\/magaza\/"},{"@type":"ListItem","position":3,"name":"StatTrak\u2122 P250 | Asiimov (Sava\u015f Arabas\u0131)"}]},{"@type":"WebSite","@id":"https:\/\/skins-universe.com\/#website","url":"https:\/\/skins-universe.com\/","name":"Skins Universe","description":"Elite Skins for Clutch Moments.","publisher":{"@id":"https:\/\/skins-universe.com\/#organization"},"potentialAction":[{"@type":"SearchAction","target":{"@type":"EntryPoint","urlTemplate":"https:\/\/skins-universe.com\/?s={search_term_string}"},"query-input":{"@type":"PropertyValueSpecification","valueRequired":true,"valueName":"search_term_string"}}],"inLanguage":"tr"},{"@type":"Organization","@id":"https:\/\/skins-universe.com\/#organization","name":"Skins Universe","url":"https:\/\/skins-universe.com\/","logo":{"@type":"ImageObject","inLanguage":"tr","@id":"https:\/\/skins-universe.com\/#\/schema\/logo\/image\/","url":"https:\/\/skins-universe.com\/wp-content\/uploads\/2020\/06\/cropped-gaming-1-removebg-preview.png","contentUrl":"https:\/\/skins-universe.com\/wp-content\/uploads\/2020\/06\/cropped-gaming-1-removebg-preview.png","width":500,"height":262,"caption":"Skins Universe"},"image":{"@id":"https:\/\/skins-universe.com\/#\/schema\/logo\/image\/"}}]}},"_links":{"self":[{"href":"https:\/\/skins-universe.com\/tr\/wp-json\/wp\/v2\/product\/28042","targetHints":{"allow":["GET"]}}],"collection":[{"href":"https:\/\/skins-universe.com\/tr\/wp-json\/wp\/v2\/product"}],"about":[{"href":"https:\/\/skins-universe.com\/tr\/wp-json\/wp\/v2\/types\/product"}],"replies":[{"embeddable":true,"href":"https:\/\/skins-universe.com\/tr\/wp-json\/wp\/v2\/comments?post=28042"}],"wp:featuredmedia":[{"embeddable":true,"href":"https:\/\/skins-universe.com\/tr\/wp-json\/wp\/v2\/media\/26726"}],"wp:attachment":[{"href":"https:\/\/skins-universe.com\/tr\/wp-json\/wp\/v2\/media?parent=28042"}],"wp:term":[{"taxonomy":"product_brand","embeddable":true,"href":"https:\/\/skins-universe.com\/tr\/wp-json\/wp\/v2\/product_brand?post=28042"},{"taxonomy":"product_cat","embeddable":true,"href":"https:\/\/skins-universe.com\/tr\/wp-json\/wp\/v2\/product_cat?post=28042"},{"taxonomy":"product_tag","embeddable":true,"href":"https:\/\/skins-universe.com\/tr\/wp-json\/wp\/v2\/product_tag?post=28042"}],"curies":[{"name":"wp","href":"https:\/\/api.w.org\/{rel}","templated":true}]}}