{"id":28051,"date":"2026-01-02T11:59:51","date_gmt":"2026-01-02T11:59:51","guid":{"rendered":"https:\/\/skins-universe.com\/product\/usp-s-hain-savas-yarali\/"},"modified":"2026-01-02T11:59:51","modified_gmt":"2026-01-02T11:59:51","slug":"usp-s-hain-savas-yarali","status":"publish","type":"product","link":"https:\/\/skins-universe.com\/tr\/urun\/usp-s-hain-savas-yarali\/","title":{"rendered":"USP-S | Hain (Sava\u015f Yaral\u0131)"},"content":{"rendered":"<p>Counter-Strike Source&#8217;un hayranlar\u0131n\u0131n favorisi olan Susturuculu USP Tabanca, dikkat \u00e7eken g\u00fcr\u00fclt\u00fcy\u00fc bast\u0131r\u0131rken at\u0131\u015flara daha az geri tepme sa\u011flayan \u00e7\u0131kar\u0131labilir bir susturucuya sahiptir. As\u0131lm\u0131\u015f Adam tarot kart\u0131ndan ilham al\u0131narak \u00f6zel olarak boyanm\u0131\u015ft\u0131r. Ge\u00e7mi\u015fteki ba\u015far\u0131s\u0131zl\u0131klar gelecekteki ba\u015far\u0131n\u0131n planlar\u0131d\u0131r  <\/p>\n","protected":false},"excerpt":{"rendered":"<p>Counter-Strike Source&#8217;un hayranlar\u0131n\u0131n favorisi olan Susturuculu USP Tabanca, dikkat \u00e7eken g\u00fcr\u00fclt\u00fcy\u00fc bast\u0131r\u0131rken at\u0131\u015flara daha az geri tepme sa\u011flayan \u00e7\u0131kar\u0131labilir bir susturucuya sahiptir. As\u0131lm\u0131\u015f Adam tarot kart\u0131ndan ilham al\u0131narak \u00f6zel olarak&hellip;<\/p>\n","protected":false},"featured_media":26714,"comment_status":"open","ping_status":"closed","template":"","meta":[],"product_brand":[],"product_cat":[738],"product_tag":[],"class_list":{"0":"post-28051","1":"product","2":"type-product","3":"status-publish","4":"has-post-thumbnail","6":"product_cat-tabanca","8":"first","9":"instock","10":"virtual","11":"product-type-simple"},"yoast_head":"<!-- This site is optimized with the Yoast SEO plugin v26.6 - https:\/\/yoast.com\/wordpress\/plugins\/seo\/ -->\n<title>USP-S | Hain (Sava\u015f Yaral\u0131) - Skins Universe<\/title>\n<meta name=\"robots\" content=\"index, follow, max-snippet:-1, max-image-preview:large, max-video-preview:-1\" \/>\n<link rel=\"canonical\" href=\"https:\/\/skins-universe.com\/product\/usp-s-hain-savas-yarali\/\" \/>\n<meta property=\"og:locale\" content=\"tr_TR\" \/>\n<meta property=\"og:type\" content=\"article\" \/>\n<meta property=\"og:title\" content=\"USP-S | Hain (Sava\u015f Yaral\u0131) - Skins Universe\" \/>\n<meta property=\"og:description\" content=\"Counter-Strike Source&#8217;un hayranlar\u0131n\u0131n favorisi olan Susturuculu USP Tabanca, dikkat \u00e7eken g\u00fcr\u00fclt\u00fcy\u00fc bast\u0131r\u0131rken at\u0131\u015flara daha az geri tepme sa\u011flayan \u00e7\u0131kar\u0131labilir bir susturucuya sahiptir. As\u0131lm\u0131\u015f Adam tarot kart\u0131ndan ilham al\u0131narak \u00f6zel olarak&hellip;\" \/>\n<meta property=\"og:url\" content=\"https:\/\/skins-universe.com\/product\/usp-s-hain-savas-yarali\/\" \/>\n<meta property=\"og:site_name\" content=\"Skins Universe\" \/>\n<meta name=\"twitter:card\" content=\"summary_large_image\" \/>\n<script type=\"application\/ld+json\" class=\"yoast-schema-graph\">{\"@context\":\"https:\/\/schema.org\",\"@graph\":[{\"@type\":\"WebPage\",\"@id\":\"https:\/\/skins-universe.com\/product\/usp-s-hain-savas-yarali\/\",\"url\":\"https:\/\/skins-universe.com\/product\/usp-s-hain-savas-yarali\/\",\"name\":\"USP-S | Hain (Sava\u015f Yaral\u0131) - Skins Universe\",\"isPartOf\":{\"@id\":\"https:\/\/skins-universe.com\/#website\"},\"primaryImageOfPage\":{\"@id\":\"https:\/\/skins-universe.com\/product\/usp-s-hain-savas-yarali\/#primaryimage\"},\"image\":{\"@id\":\"https:\/\/skins-universe.com\/product\/usp-s-hain-savas-yarali\/#primaryimage\"},\"thumbnailUrl\":\"https:\/\/skins-universe.com\/wp-content\/uploads\/2025\/12\/USP_S_The_Traitor_Battle_Scarred.webp\",\"datePublished\":\"2026-01-02T11:59:51+00:00\",\"breadcrumb\":{\"@id\":\"https:\/\/skins-universe.com\/product\/usp-s-hain-savas-yarali\/#breadcrumb\"},\"inLanguage\":\"tr\",\"potentialAction\":[{\"@type\":\"ReadAction\",\"target\":[\"https:\/\/skins-universe.com\/product\/usp-s-hain-savas-yarali\/\"]}]},{\"@type\":\"ImageObject\",\"inLanguage\":\"tr\",\"@id\":\"https:\/\/skins-universe.com\/product\/usp-s-hain-savas-yarali\/#primaryimage\",\"url\":\"https:\/\/skins-universe.com\/wp-content\/uploads\/2025\/12\/USP_S_The_Traitor_Battle_Scarred.webp\",\"contentUrl\":\"https:\/\/skins-universe.com\/wp-content\/uploads\/2025\/12\/USP_S_The_Traitor_Battle_Scarred.webp\",\"width\":458,\"height\":344},{\"@type\":\"BreadcrumbList\",\"@id\":\"https:\/\/skins-universe.com\/product\/usp-s-hain-savas-yarali\/#breadcrumb\",\"itemListElement\":[{\"@type\":\"ListItem\",\"position\":1,\"name\":\"Home\",\"item\":\"https:\/\/skins-universe.com\/\"},{\"@type\":\"ListItem\",\"position\":2,\"name\":\"Ma\u011faza\",\"item\":\"https:\/\/skins-universe.com\/tr\/magaza\/\"},{\"@type\":\"ListItem\",\"position\":3,\"name\":\"USP-S | Hain (Sava\u015f Yaral\u0131)\"}]},{\"@type\":\"WebSite\",\"@id\":\"https:\/\/skins-universe.com\/#website\",\"url\":\"https:\/\/skins-universe.com\/\",\"name\":\"Skins Universe\",\"description\":\"Elite Skins for Clutch Moments.\",\"publisher\":{\"@id\":\"https:\/\/skins-universe.com\/#organization\"},\"potentialAction\":[{\"@type\":\"SearchAction\",\"target\":{\"@type\":\"EntryPoint\",\"urlTemplate\":\"https:\/\/skins-universe.com\/?s={search_term_string}\"},\"query-input\":{\"@type\":\"PropertyValueSpecification\",\"valueRequired\":true,\"valueName\":\"search_term_string\"}}],\"inLanguage\":\"tr\"},{\"@type\":\"Organization\",\"@id\":\"https:\/\/skins-universe.com\/#organization\",\"name\":\"Skins Universe\",\"url\":\"https:\/\/skins-universe.com\/\",\"logo\":{\"@type\":\"ImageObject\",\"inLanguage\":\"tr\",\"@id\":\"https:\/\/skins-universe.com\/#\/schema\/logo\/image\/\",\"url\":\"https:\/\/skins-universe.com\/wp-content\/uploads\/2020\/06\/cropped-gaming-1-removebg-preview.png\",\"contentUrl\":\"https:\/\/skins-universe.com\/wp-content\/uploads\/2020\/06\/cropped-gaming-1-removebg-preview.png\",\"width\":500,\"height\":262,\"caption\":\"Skins Universe\"},\"image\":{\"@id\":\"https:\/\/skins-universe.com\/#\/schema\/logo\/image\/\"}}]}<\/script>\n<!-- \/ Yoast SEO plugin. -->","yoast_head_json":{"title":"USP-S | Hain (Sava\u015f Yaral\u0131) - Skins Universe","robots":{"index":"index","follow":"follow","max-snippet":"max-snippet:-1","max-image-preview":"max-image-preview:large","max-video-preview":"max-video-preview:-1"},"canonical":"https:\/\/skins-universe.com\/product\/usp-s-hain-savas-yarali\/","og_locale":"tr_TR","og_type":"article","og_title":"USP-S | Hain (Sava\u015f Yaral\u0131) - Skins Universe","og_description":"Counter-Strike Source&#8217;un hayranlar\u0131n\u0131n favorisi olan Susturuculu USP Tabanca, dikkat \u00e7eken g\u00fcr\u00fclt\u00fcy\u00fc bast\u0131r\u0131rken at\u0131\u015flara daha az geri tepme sa\u011flayan \u00e7\u0131kar\u0131labilir bir susturucuya sahiptir. As\u0131lm\u0131\u015f Adam tarot kart\u0131ndan ilham al\u0131narak \u00f6zel olarak&hellip;","og_url":"https:\/\/skins-universe.com\/product\/usp-s-hain-savas-yarali\/","og_site_name":"Skins Universe","twitter_card":"summary_large_image","schema":{"@context":"https:\/\/schema.org","@graph":[{"@type":"WebPage","@id":"https:\/\/skins-universe.com\/product\/usp-s-hain-savas-yarali\/","url":"https:\/\/skins-universe.com\/product\/usp-s-hain-savas-yarali\/","name":"USP-S | Hain (Sava\u015f Yaral\u0131) - Skins Universe","isPartOf":{"@id":"https:\/\/skins-universe.com\/#website"},"primaryImageOfPage":{"@id":"https:\/\/skins-universe.com\/product\/usp-s-hain-savas-yarali\/#primaryimage"},"image":{"@id":"https:\/\/skins-universe.com\/product\/usp-s-hain-savas-yarali\/#primaryimage"},"thumbnailUrl":"https:\/\/skins-universe.com\/wp-content\/uploads\/2025\/12\/USP_S_The_Traitor_Battle_Scarred.webp","datePublished":"2026-01-02T11:59:51+00:00","breadcrumb":{"@id":"https:\/\/skins-universe.com\/product\/usp-s-hain-savas-yarali\/#breadcrumb"},"inLanguage":"tr","potentialAction":[{"@type":"ReadAction","target":["https:\/\/skins-universe.com\/product\/usp-s-hain-savas-yarali\/"]}]},{"@type":"ImageObject","inLanguage":"tr","@id":"https:\/\/skins-universe.com\/product\/usp-s-hain-savas-yarali\/#primaryimage","url":"https:\/\/skins-universe.com\/wp-content\/uploads\/2025\/12\/USP_S_The_Traitor_Battle_Scarred.webp","contentUrl":"https:\/\/skins-universe.com\/wp-content\/uploads\/2025\/12\/USP_S_The_Traitor_Battle_Scarred.webp","width":458,"height":344},{"@type":"BreadcrumbList","@id":"https:\/\/skins-universe.com\/product\/usp-s-hain-savas-yarali\/#breadcrumb","itemListElement":[{"@type":"ListItem","position":1,"name":"Home","item":"https:\/\/skins-universe.com\/"},{"@type":"ListItem","position":2,"name":"Ma\u011faza","item":"https:\/\/skins-universe.com\/tr\/magaza\/"},{"@type":"ListItem","position":3,"name":"USP-S | Hain (Sava\u015f Yaral\u0131)"}]},{"@type":"WebSite","@id":"https:\/\/skins-universe.com\/#website","url":"https:\/\/skins-universe.com\/","name":"Skins Universe","description":"Elite Skins for Clutch Moments.","publisher":{"@id":"https:\/\/skins-universe.com\/#organization"},"potentialAction":[{"@type":"SearchAction","target":{"@type":"EntryPoint","urlTemplate":"https:\/\/skins-universe.com\/?s={search_term_string}"},"query-input":{"@type":"PropertyValueSpecification","valueRequired":true,"valueName":"search_term_string"}}],"inLanguage":"tr"},{"@type":"Organization","@id":"https:\/\/skins-universe.com\/#organization","name":"Skins Universe","url":"https:\/\/skins-universe.com\/","logo":{"@type":"ImageObject","inLanguage":"tr","@id":"https:\/\/skins-universe.com\/#\/schema\/logo\/image\/","url":"https:\/\/skins-universe.com\/wp-content\/uploads\/2020\/06\/cropped-gaming-1-removebg-preview.png","contentUrl":"https:\/\/skins-universe.com\/wp-content\/uploads\/2020\/06\/cropped-gaming-1-removebg-preview.png","width":500,"height":262,"caption":"Skins Universe"},"image":{"@id":"https:\/\/skins-universe.com\/#\/schema\/logo\/image\/"}}]}},"_links":{"self":[{"href":"https:\/\/skins-universe.com\/tr\/wp-json\/wp\/v2\/product\/28051","targetHints":{"allow":["GET"]}}],"collection":[{"href":"https:\/\/skins-universe.com\/tr\/wp-json\/wp\/v2\/product"}],"about":[{"href":"https:\/\/skins-universe.com\/tr\/wp-json\/wp\/v2\/types\/product"}],"replies":[{"embeddable":true,"href":"https:\/\/skins-universe.com\/tr\/wp-json\/wp\/v2\/comments?post=28051"}],"wp:featuredmedia":[{"embeddable":true,"href":"https:\/\/skins-universe.com\/tr\/wp-json\/wp\/v2\/media\/26714"}],"wp:attachment":[{"href":"https:\/\/skins-universe.com\/tr\/wp-json\/wp\/v2\/media?parent=28051"}],"wp:term":[{"taxonomy":"product_brand","embeddable":true,"href":"https:\/\/skins-universe.com\/tr\/wp-json\/wp\/v2\/product_brand?post=28051"},{"taxonomy":"product_cat","embeddable":true,"href":"https:\/\/skins-universe.com\/tr\/wp-json\/wp\/v2\/product_cat?post=28051"},{"taxonomy":"product_tag","embeddable":true,"href":"https:\/\/skins-universe.com\/tr\/wp-json\/wp\/v2\/product_tag?post=28051"}],"curies":[{"name":"wp","href":"https:\/\/api.w.org\/{rel}","templated":true}]}}