{"id":28057,"date":"2026-01-02T11:59:46","date_gmt":"2026-01-02T11:59:46","guid":{"rendered":"https:\/\/skins-universe.com\/product\/stattrak-col-kartali-mecha-industries-sahada-test-edildi\/"},"modified":"2026-01-02T14:57:37","modified_gmt":"2026-01-02T14:57:37","slug":"stattrak-col-kartali-mecha-industries-sahada-test-edildi","status":"publish","type":"product","link":"https:\/\/skins-universe.com\/tr\/urun\/stattrak-col-kartali-mecha-industries-sahada-test-edildi\/","title":{"rendered":"StatTrak\u2122 \u00c7\u00f6l Kartal\u0131 | Mecha Industries (Sahada Test Edildi)"},"content":{"rendered":"<p>G\u00fc\u00e7l\u00fc oldu\u011fu kadar pahal\u0131 da olan Desert Eagle, ustala\u015fmas\u0131 zor ancak uzun menzilde \u015fa\u015f\u0131rt\u0131c\u0131 derecede isabetli olan ikonik bir tabancad\u0131r. Beyaz ve siyah tasar\u0131m\u0131 hem steril hem de f\u00fct\u00fcristik bir his veriyor. Ayn\u0131 teknoloji, \u015fimdi daha k\u00fc\u00e7\u00fck bir form fakt\u00f6r\u00fcnde mevcut  <\/p>\n","protected":false},"excerpt":{"rendered":"<p>G\u00fc\u00e7l\u00fc oldu\u011fu kadar pahal\u0131 da olan Desert Eagle, ustala\u015fmas\u0131 zor ancak uzun menzilde \u015fa\u015f\u0131rt\u0131c\u0131 derecede isabetli olan ikonik bir tabancad\u0131r. Beyaz ve siyah tasar\u0131m\u0131 hem steril hem de f\u00fct\u00fcristik bir&hellip;<\/p>\n","protected":false},"featured_media":26699,"comment_status":"open","ping_status":"closed","template":"","meta":[],"product_brand":[],"product_cat":[738],"product_tag":[],"class_list":{"0":"post-28057","1":"product","2":"type-product","3":"status-publish","4":"has-post-thumbnail","6":"product_cat-tabanca","8":"first","9":"instock","10":"virtual","11":"product-type-simple"},"yoast_head":"<!-- This site is optimized with the Yoast SEO plugin v26.6 - https:\/\/yoast.com\/wordpress\/plugins\/seo\/ -->\n<title>StatTrak\u2122 \u00c7\u00f6l Kartal\u0131 | Mecha Industries (Sahada Test Edildi) - Skins Universe<\/title>\n<meta name=\"robots\" content=\"index, follow, max-snippet:-1, max-image-preview:large, max-video-preview:-1\" \/>\n<link rel=\"canonical\" href=\"https:\/\/skins-universe.com\/tr\/urun\/stattrak-col-kartali-mecha-industries-sahada-test-edildi\/\" \/>\n<meta property=\"og:locale\" content=\"tr_TR\" \/>\n<meta property=\"og:type\" content=\"article\" \/>\n<meta property=\"og:title\" content=\"StatTrak\u2122 \u00c7\u00f6l Kartal\u0131 | Mecha Industries (Sahada Test Edildi) - Skins Universe\" \/>\n<meta property=\"og:description\" content=\"G\u00fc\u00e7l\u00fc oldu\u011fu kadar pahal\u0131 da olan Desert Eagle, ustala\u015fmas\u0131 zor ancak uzun menzilde \u015fa\u015f\u0131rt\u0131c\u0131 derecede isabetli olan ikonik bir tabancad\u0131r. Beyaz ve siyah tasar\u0131m\u0131 hem steril hem de f\u00fct\u00fcristik bir&hellip;\" \/>\n<meta property=\"og:url\" content=\"https:\/\/skins-universe.com\/tr\/urun\/stattrak-col-kartali-mecha-industries-sahada-test-edildi\/\" \/>\n<meta property=\"og:site_name\" content=\"Skins Universe\" \/>\n<meta property=\"article:modified_time\" content=\"2026-01-02T14:57:37+00:00\" \/>\n<meta property=\"og:image\" content=\"https:\/\/skins-universe.com\/wp-content\/uploads\/2025\/12\/StatTrak_Desert_Eagle_Mecha_Industries_Field_Tested.webp\" \/>\n\t<meta property=\"og:image:width\" content=\"458\" \/>\n\t<meta property=\"og:image:height\" content=\"344\" \/>\n\t<meta property=\"og:image:type\" content=\"image\/webp\" \/>\n<meta name=\"twitter:card\" content=\"summary_large_image\" \/>\n<script type=\"application\/ld+json\" class=\"yoast-schema-graph\">{\"@context\":\"https:\/\/schema.org\",\"@graph\":[{\"@type\":\"WebPage\",\"@id\":\"https:\/\/skins-universe.com\/tr\/urun\/stattrak-col-kartali-mecha-industries-sahada-test-edildi\/\",\"url\":\"https:\/\/skins-universe.com\/tr\/urun\/stattrak-col-kartali-mecha-industries-sahada-test-edildi\/\",\"name\":\"StatTrak\u2122 \u00c7\u00f6l Kartal\u0131 | Mecha Industries (Sahada Test Edildi) - Skins Universe\",\"isPartOf\":{\"@id\":\"https:\/\/skins-universe.com\/#website\"},\"primaryImageOfPage\":{\"@id\":\"https:\/\/skins-universe.com\/tr\/urun\/stattrak-col-kartali-mecha-industries-sahada-test-edildi\/#primaryimage\"},\"image\":{\"@id\":\"https:\/\/skins-universe.com\/tr\/urun\/stattrak-col-kartali-mecha-industries-sahada-test-edildi\/#primaryimage\"},\"thumbnailUrl\":\"https:\/\/skins-universe.com\/wp-content\/uploads\/2025\/12\/StatTrak_Desert_Eagle_Mecha_Industries_Field_Tested.webp\",\"datePublished\":\"2026-01-02T11:59:46+00:00\",\"dateModified\":\"2026-01-02T14:57:37+00:00\",\"breadcrumb\":{\"@id\":\"https:\/\/skins-universe.com\/tr\/urun\/stattrak-col-kartali-mecha-industries-sahada-test-edildi\/#breadcrumb\"},\"inLanguage\":\"tr\",\"potentialAction\":[{\"@type\":\"ReadAction\",\"target\":[\"https:\/\/skins-universe.com\/tr\/urun\/stattrak-col-kartali-mecha-industries-sahada-test-edildi\/\"]}]},{\"@type\":\"ImageObject\",\"inLanguage\":\"tr\",\"@id\":\"https:\/\/skins-universe.com\/tr\/urun\/stattrak-col-kartali-mecha-industries-sahada-test-edildi\/#primaryimage\",\"url\":\"https:\/\/skins-universe.com\/wp-content\/uploads\/2025\/12\/StatTrak_Desert_Eagle_Mecha_Industries_Field_Tested.webp\",\"contentUrl\":\"https:\/\/skins-universe.com\/wp-content\/uploads\/2025\/12\/StatTrak_Desert_Eagle_Mecha_Industries_Field_Tested.webp\",\"width\":458,\"height\":344},{\"@type\":\"BreadcrumbList\",\"@id\":\"https:\/\/skins-universe.com\/tr\/urun\/stattrak-col-kartali-mecha-industries-sahada-test-edildi\/#breadcrumb\",\"itemListElement\":[{\"@type\":\"ListItem\",\"position\":1,\"name\":\"Home\",\"item\":\"https:\/\/skins-universe.com\/\"},{\"@type\":\"ListItem\",\"position\":2,\"name\":\"Ma\u011faza\",\"item\":\"https:\/\/skins-universe.com\/tr\/magaza\/\"},{\"@type\":\"ListItem\",\"position\":3,\"name\":\"StatTrak\u2122 \u00c7\u00f6l Kartal\u0131 | Mecha Industries (Sahada Test Edildi)\"}]},{\"@type\":\"WebSite\",\"@id\":\"https:\/\/skins-universe.com\/#website\",\"url\":\"https:\/\/skins-universe.com\/\",\"name\":\"Skins Universe\",\"description\":\"Elite Skins for Clutch Moments.\",\"publisher\":{\"@id\":\"https:\/\/skins-universe.com\/#organization\"},\"potentialAction\":[{\"@type\":\"SearchAction\",\"target\":{\"@type\":\"EntryPoint\",\"urlTemplate\":\"https:\/\/skins-universe.com\/?s={search_term_string}\"},\"query-input\":{\"@type\":\"PropertyValueSpecification\",\"valueRequired\":true,\"valueName\":\"search_term_string\"}}],\"inLanguage\":\"tr\"},{\"@type\":\"Organization\",\"@id\":\"https:\/\/skins-universe.com\/#organization\",\"name\":\"Skins Universe\",\"url\":\"https:\/\/skins-universe.com\/\",\"logo\":{\"@type\":\"ImageObject\",\"inLanguage\":\"tr\",\"@id\":\"https:\/\/skins-universe.com\/#\/schema\/logo\/image\/\",\"url\":\"https:\/\/skins-universe.com\/wp-content\/uploads\/2020\/06\/cropped-gaming-1-removebg-preview.png\",\"contentUrl\":\"https:\/\/skins-universe.com\/wp-content\/uploads\/2020\/06\/cropped-gaming-1-removebg-preview.png\",\"width\":500,\"height\":262,\"caption\":\"Skins Universe\"},\"image\":{\"@id\":\"https:\/\/skins-universe.com\/#\/schema\/logo\/image\/\"}}]}<\/script>\n<!-- \/ Yoast SEO plugin. -->","yoast_head_json":{"title":"StatTrak\u2122 \u00c7\u00f6l Kartal\u0131 | Mecha Industries (Sahada Test Edildi) - Skins Universe","robots":{"index":"index","follow":"follow","max-snippet":"max-snippet:-1","max-image-preview":"max-image-preview:large","max-video-preview":"max-video-preview:-1"},"canonical":"https:\/\/skins-universe.com\/tr\/urun\/stattrak-col-kartali-mecha-industries-sahada-test-edildi\/","og_locale":"tr_TR","og_type":"article","og_title":"StatTrak\u2122 \u00c7\u00f6l Kartal\u0131 | Mecha Industries (Sahada Test Edildi) - Skins Universe","og_description":"G\u00fc\u00e7l\u00fc oldu\u011fu kadar pahal\u0131 da olan Desert Eagle, ustala\u015fmas\u0131 zor ancak uzun menzilde \u015fa\u015f\u0131rt\u0131c\u0131 derecede isabetli olan ikonik bir tabancad\u0131r. Beyaz ve siyah tasar\u0131m\u0131 hem steril hem de f\u00fct\u00fcristik bir&hellip;","og_url":"https:\/\/skins-universe.com\/tr\/urun\/stattrak-col-kartali-mecha-industries-sahada-test-edildi\/","og_site_name":"Skins Universe","article_modified_time":"2026-01-02T14:57:37+00:00","og_image":[{"width":458,"height":344,"url":"https:\/\/skins-universe.com\/wp-content\/uploads\/2025\/12\/StatTrak_Desert_Eagle_Mecha_Industries_Field_Tested.webp","type":"image\/webp"}],"twitter_card":"summary_large_image","schema":{"@context":"https:\/\/schema.org","@graph":[{"@type":"WebPage","@id":"https:\/\/skins-universe.com\/tr\/urun\/stattrak-col-kartali-mecha-industries-sahada-test-edildi\/","url":"https:\/\/skins-universe.com\/tr\/urun\/stattrak-col-kartali-mecha-industries-sahada-test-edildi\/","name":"StatTrak\u2122 \u00c7\u00f6l Kartal\u0131 | Mecha Industries (Sahada Test Edildi) - Skins Universe","isPartOf":{"@id":"https:\/\/skins-universe.com\/#website"},"primaryImageOfPage":{"@id":"https:\/\/skins-universe.com\/tr\/urun\/stattrak-col-kartali-mecha-industries-sahada-test-edildi\/#primaryimage"},"image":{"@id":"https:\/\/skins-universe.com\/tr\/urun\/stattrak-col-kartali-mecha-industries-sahada-test-edildi\/#primaryimage"},"thumbnailUrl":"https:\/\/skins-universe.com\/wp-content\/uploads\/2025\/12\/StatTrak_Desert_Eagle_Mecha_Industries_Field_Tested.webp","datePublished":"2026-01-02T11:59:46+00:00","dateModified":"2026-01-02T14:57:37+00:00","breadcrumb":{"@id":"https:\/\/skins-universe.com\/tr\/urun\/stattrak-col-kartali-mecha-industries-sahada-test-edildi\/#breadcrumb"},"inLanguage":"tr","potentialAction":[{"@type":"ReadAction","target":["https:\/\/skins-universe.com\/tr\/urun\/stattrak-col-kartali-mecha-industries-sahada-test-edildi\/"]}]},{"@type":"ImageObject","inLanguage":"tr","@id":"https:\/\/skins-universe.com\/tr\/urun\/stattrak-col-kartali-mecha-industries-sahada-test-edildi\/#primaryimage","url":"https:\/\/skins-universe.com\/wp-content\/uploads\/2025\/12\/StatTrak_Desert_Eagle_Mecha_Industries_Field_Tested.webp","contentUrl":"https:\/\/skins-universe.com\/wp-content\/uploads\/2025\/12\/StatTrak_Desert_Eagle_Mecha_Industries_Field_Tested.webp","width":458,"height":344},{"@type":"BreadcrumbList","@id":"https:\/\/skins-universe.com\/tr\/urun\/stattrak-col-kartali-mecha-industries-sahada-test-edildi\/#breadcrumb","itemListElement":[{"@type":"ListItem","position":1,"name":"Home","item":"https:\/\/skins-universe.com\/"},{"@type":"ListItem","position":2,"name":"Ma\u011faza","item":"https:\/\/skins-universe.com\/tr\/magaza\/"},{"@type":"ListItem","position":3,"name":"StatTrak\u2122 \u00c7\u00f6l Kartal\u0131 | Mecha Industries (Sahada Test Edildi)"}]},{"@type":"WebSite","@id":"https:\/\/skins-universe.com\/#website","url":"https:\/\/skins-universe.com\/","name":"Skins Universe","description":"Elite Skins for Clutch Moments.","publisher":{"@id":"https:\/\/skins-universe.com\/#organization"},"potentialAction":[{"@type":"SearchAction","target":{"@type":"EntryPoint","urlTemplate":"https:\/\/skins-universe.com\/?s={search_term_string}"},"query-input":{"@type":"PropertyValueSpecification","valueRequired":true,"valueName":"search_term_string"}}],"inLanguage":"tr"},{"@type":"Organization","@id":"https:\/\/skins-universe.com\/#organization","name":"Skins Universe","url":"https:\/\/skins-universe.com\/","logo":{"@type":"ImageObject","inLanguage":"tr","@id":"https:\/\/skins-universe.com\/#\/schema\/logo\/image\/","url":"https:\/\/skins-universe.com\/wp-content\/uploads\/2020\/06\/cropped-gaming-1-removebg-preview.png","contentUrl":"https:\/\/skins-universe.com\/wp-content\/uploads\/2020\/06\/cropped-gaming-1-removebg-preview.png","width":500,"height":262,"caption":"Skins Universe"},"image":{"@id":"https:\/\/skins-universe.com\/#\/schema\/logo\/image\/"}}]}},"_links":{"self":[{"href":"https:\/\/skins-universe.com\/tr\/wp-json\/wp\/v2\/product\/28057","targetHints":{"allow":["GET"]}}],"collection":[{"href":"https:\/\/skins-universe.com\/tr\/wp-json\/wp\/v2\/product"}],"about":[{"href":"https:\/\/skins-universe.com\/tr\/wp-json\/wp\/v2\/types\/product"}],"replies":[{"embeddable":true,"href":"https:\/\/skins-universe.com\/tr\/wp-json\/wp\/v2\/comments?post=28057"}],"wp:featuredmedia":[{"embeddable":true,"href":"https:\/\/skins-universe.com\/tr\/wp-json\/wp\/v2\/media\/26699"}],"wp:attachment":[{"href":"https:\/\/skins-universe.com\/tr\/wp-json\/wp\/v2\/media?parent=28057"}],"wp:term":[{"taxonomy":"product_brand","embeddable":true,"href":"https:\/\/skins-universe.com\/tr\/wp-json\/wp\/v2\/product_brand?post=28057"},{"taxonomy":"product_cat","embeddable":true,"href":"https:\/\/skins-universe.com\/tr\/wp-json\/wp\/v2\/product_cat?post=28057"},{"taxonomy":"product_tag","embeddable":true,"href":"https:\/\/skins-universe.com\/tr\/wp-json\/wp\/v2\/product_tag?post=28057"}],"curies":[{"name":"wp","href":"https:\/\/api.w.org\/{rel}","templated":true}]}}