{"id":28084,"date":"2026-01-02T11:59:28","date_gmt":"2026-01-02T11:59:28","guid":{"rendered":"https:\/\/skins-universe.com\/product\/%e2%98%85-bagirsak-bicagi-doppler-fabrikada-yeni-5\/"},"modified":"2026-01-02T14:58:42","modified_gmt":"2026-01-02T14:58:42","slug":"%e2%98%85-bagirsak-bicagi-doppler-fabrikada-yeni-5","status":"publish","type":"product","link":"https:\/\/skins-universe.com\/tr\/urun\/%e2%98%85-bagirsak-bicagi-doppler-fabrikada-yeni-5\/","title":{"rendered":"\u2605 Ba\u011f\u0131rsak B\u0131\u00e7a\u011f\u0131 | Doppler (Fabrikada Yeni)"},"content":{"rendered":"<p>Ba\u011f\u0131rsak b\u0131\u00e7a\u011f\u0131n\u0131n en \u00f6nemli \u00f6zelli\u011fi, b\u0131\u00e7a\u011f\u0131n omurgas\u0131ndaki ba\u011f\u0131rsak kancas\u0131d\u0131r. Ba\u015flang\u0131\u00e7ta av hayvanlar\u0131n\u0131 giydirmek i\u00e7in bir yard\u0131mc\u0131 olarak pop\u00fcler olan ba\u011f\u0131rsak kancas\u0131, halat, dokuma veya emniyet kemeri gibi lifli malzemeleri kolayl\u0131kla kesmede de etkilidir. Siyah ve g\u00fcm\u00fc\u015f metalik boyalarla mermerle\u015ftirici bir madde kullan\u0131larak boyanm\u0131\u015f, ard\u0131ndan \u015fekerle kaplanm\u0131\u015ft\u0131r. Renginde kaybolmak \u00f6l\u00fcmc\u00fcl olabilir   <\/p>\n","protected":false},"excerpt":{"rendered":"<p>Ba\u011f\u0131rsak b\u0131\u00e7a\u011f\u0131n\u0131n en \u00f6nemli \u00f6zelli\u011fi, b\u0131\u00e7a\u011f\u0131n omurgas\u0131ndaki ba\u011f\u0131rsak kancas\u0131d\u0131r. Ba\u015flang\u0131\u00e7ta av hayvanlar\u0131n\u0131 giydirmek i\u00e7in bir yard\u0131mc\u0131 olarak pop\u00fcler olan ba\u011f\u0131rsak kancas\u0131, halat, dokuma veya emniyet kemeri gibi lifli malzemeleri kolayl\u0131kla&hellip;<\/p>\n","protected":false},"featured_media":27807,"comment_status":"open","ping_status":"closed","template":"","meta":[],"product_brand":[],"product_cat":[748],"product_tag":[],"class_list":{"0":"post-28084","1":"product","2":"type-product","3":"status-publish","4":"has-post-thumbnail","6":"product_cat-bicak","8":"first","9":"instock","10":"virtual","11":"product-type-simple"},"yoast_head":"<!-- This site is optimized with the Yoast SEO plugin v26.6 - https:\/\/yoast.com\/wordpress\/plugins\/seo\/ -->\n<title>\u2605 Ba\u011f\u0131rsak B\u0131\u00e7a\u011f\u0131 | Doppler (Fabrikada Yeni) - Skins Universe<\/title>\n<meta name=\"robots\" content=\"index, follow, max-snippet:-1, max-image-preview:large, max-video-preview:-1\" \/>\n<link rel=\"canonical\" href=\"https:\/\/skins-universe.com\/tr\/urun\/\u2605-bagirsak-bicagi-doppler-fabrikada-yeni-5\/\" \/>\n<meta property=\"og:locale\" content=\"tr_TR\" \/>\n<meta property=\"og:type\" content=\"article\" \/>\n<meta property=\"og:title\" content=\"\u2605 Ba\u011f\u0131rsak B\u0131\u00e7a\u011f\u0131 | Doppler (Fabrikada Yeni) - Skins Universe\" \/>\n<meta property=\"og:description\" content=\"Ba\u011f\u0131rsak b\u0131\u00e7a\u011f\u0131n\u0131n en \u00f6nemli \u00f6zelli\u011fi, b\u0131\u00e7a\u011f\u0131n omurgas\u0131ndaki ba\u011f\u0131rsak kancas\u0131d\u0131r. Ba\u015flang\u0131\u00e7ta av hayvanlar\u0131n\u0131 giydirmek i\u00e7in bir yard\u0131mc\u0131 olarak pop\u00fcler olan ba\u011f\u0131rsak kancas\u0131, halat, dokuma veya emniyet kemeri gibi lifli malzemeleri kolayl\u0131kla&hellip;\" \/>\n<meta property=\"og:url\" content=\"https:\/\/skins-universe.com\/tr\/urun\/\u2605-bagirsak-bicagi-doppler-fabrikada-yeni-5\/\" \/>\n<meta property=\"og:site_name\" content=\"Skins Universe\" \/>\n<meta property=\"article:modified_time\" content=\"2026-01-02T14:58:42+00:00\" \/>\n<meta property=\"og:image\" content=\"https:\/\/skins-universe.com\/wp-content\/uploads\/2026\/01\/Gut_Knife_Doppler_Factory_New.webp\" \/>\n\t<meta property=\"og:image:width\" content=\"458\" \/>\n\t<meta property=\"og:image:height\" content=\"344\" \/>\n\t<meta property=\"og:image:type\" content=\"image\/webp\" \/>\n<meta name=\"twitter:card\" content=\"summary_large_image\" \/>\n<script type=\"application\/ld+json\" class=\"yoast-schema-graph\">{\"@context\":\"https:\/\/schema.org\",\"@graph\":[{\"@type\":\"WebPage\",\"@id\":\"https:\/\/skins-universe.com\/tr\/urun\/%e2%98%85-bagirsak-bicagi-doppler-fabrikada-yeni-5\/\",\"url\":\"https:\/\/skins-universe.com\/tr\/urun\/%e2%98%85-bagirsak-bicagi-doppler-fabrikada-yeni-5\/\",\"name\":\"\u2605 Ba\u011f\u0131rsak B\u0131\u00e7a\u011f\u0131 | Doppler (Fabrikada Yeni) - Skins Universe\",\"isPartOf\":{\"@id\":\"https:\/\/skins-universe.com\/#website\"},\"primaryImageOfPage\":{\"@id\":\"https:\/\/skins-universe.com\/tr\/urun\/%e2%98%85-bagirsak-bicagi-doppler-fabrikada-yeni-5\/#primaryimage\"},\"image\":{\"@id\":\"https:\/\/skins-universe.com\/tr\/urun\/%e2%98%85-bagirsak-bicagi-doppler-fabrikada-yeni-5\/#primaryimage\"},\"thumbnailUrl\":\"https:\/\/skins-universe.com\/wp-content\/uploads\/2026\/01\/Gut_Knife_Doppler_Factory_New.webp\",\"datePublished\":\"2026-01-02T11:59:28+00:00\",\"dateModified\":\"2026-01-02T14:58:42+00:00\",\"breadcrumb\":{\"@id\":\"https:\/\/skins-universe.com\/tr\/urun\/%e2%98%85-bagirsak-bicagi-doppler-fabrikada-yeni-5\/#breadcrumb\"},\"inLanguage\":\"tr\",\"potentialAction\":[{\"@type\":\"ReadAction\",\"target\":[\"https:\/\/skins-universe.com\/tr\/urun\/%e2%98%85-bagirsak-bicagi-doppler-fabrikada-yeni-5\/\"]}]},{\"@type\":\"ImageObject\",\"inLanguage\":\"tr\",\"@id\":\"https:\/\/skins-universe.com\/tr\/urun\/%e2%98%85-bagirsak-bicagi-doppler-fabrikada-yeni-5\/#primaryimage\",\"url\":\"https:\/\/skins-universe.com\/wp-content\/uploads\/2026\/01\/Gut_Knife_Doppler_Factory_New.webp\",\"contentUrl\":\"https:\/\/skins-universe.com\/wp-content\/uploads\/2026\/01\/Gut_Knife_Doppler_Factory_New.webp\",\"width\":458,\"height\":344},{\"@type\":\"BreadcrumbList\",\"@id\":\"https:\/\/skins-universe.com\/tr\/urun\/%e2%98%85-bagirsak-bicagi-doppler-fabrikada-yeni-5\/#breadcrumb\",\"itemListElement\":[{\"@type\":\"ListItem\",\"position\":1,\"name\":\"Home\",\"item\":\"https:\/\/skins-universe.com\/\"},{\"@type\":\"ListItem\",\"position\":2,\"name\":\"Ma\u011faza\",\"item\":\"https:\/\/skins-universe.com\/tr\/magaza\/\"},{\"@type\":\"ListItem\",\"position\":3,\"name\":\"\u2605 Ba\u011f\u0131rsak B\u0131\u00e7a\u011f\u0131 | Doppler (Fabrikada Yeni)\"}]},{\"@type\":\"WebSite\",\"@id\":\"https:\/\/skins-universe.com\/#website\",\"url\":\"https:\/\/skins-universe.com\/\",\"name\":\"Skins Universe\",\"description\":\"Elite Skins for Clutch Moments.\",\"publisher\":{\"@id\":\"https:\/\/skins-universe.com\/#organization\"},\"potentialAction\":[{\"@type\":\"SearchAction\",\"target\":{\"@type\":\"EntryPoint\",\"urlTemplate\":\"https:\/\/skins-universe.com\/?s={search_term_string}\"},\"query-input\":{\"@type\":\"PropertyValueSpecification\",\"valueRequired\":true,\"valueName\":\"search_term_string\"}}],\"inLanguage\":\"tr\"},{\"@type\":\"Organization\",\"@id\":\"https:\/\/skins-universe.com\/#organization\",\"name\":\"Skins Universe\",\"url\":\"https:\/\/skins-universe.com\/\",\"logo\":{\"@type\":\"ImageObject\",\"inLanguage\":\"tr\",\"@id\":\"https:\/\/skins-universe.com\/#\/schema\/logo\/image\/\",\"url\":\"https:\/\/skins-universe.com\/wp-content\/uploads\/2020\/06\/cropped-gaming-1-removebg-preview.png\",\"contentUrl\":\"https:\/\/skins-universe.com\/wp-content\/uploads\/2020\/06\/cropped-gaming-1-removebg-preview.png\",\"width\":500,\"height\":262,\"caption\":\"Skins Universe\"},\"image\":{\"@id\":\"https:\/\/skins-universe.com\/#\/schema\/logo\/image\/\"}}]}<\/script>\n<!-- \/ Yoast SEO plugin. -->","yoast_head_json":{"title":"\u2605 Ba\u011f\u0131rsak B\u0131\u00e7a\u011f\u0131 | Doppler (Fabrikada Yeni) - Skins Universe","robots":{"index":"index","follow":"follow","max-snippet":"max-snippet:-1","max-image-preview":"max-image-preview:large","max-video-preview":"max-video-preview:-1"},"canonical":"https:\/\/skins-universe.com\/tr\/urun\/\u2605-bagirsak-bicagi-doppler-fabrikada-yeni-5\/","og_locale":"tr_TR","og_type":"article","og_title":"\u2605 Ba\u011f\u0131rsak B\u0131\u00e7a\u011f\u0131 | Doppler (Fabrikada Yeni) - Skins Universe","og_description":"Ba\u011f\u0131rsak b\u0131\u00e7a\u011f\u0131n\u0131n en \u00f6nemli \u00f6zelli\u011fi, b\u0131\u00e7a\u011f\u0131n omurgas\u0131ndaki ba\u011f\u0131rsak kancas\u0131d\u0131r. Ba\u015flang\u0131\u00e7ta av hayvanlar\u0131n\u0131 giydirmek i\u00e7in bir yard\u0131mc\u0131 olarak pop\u00fcler olan ba\u011f\u0131rsak kancas\u0131, halat, dokuma veya emniyet kemeri gibi lifli malzemeleri kolayl\u0131kla&hellip;","og_url":"https:\/\/skins-universe.com\/tr\/urun\/\u2605-bagirsak-bicagi-doppler-fabrikada-yeni-5\/","og_site_name":"Skins Universe","article_modified_time":"2026-01-02T14:58:42+00:00","og_image":[{"width":458,"height":344,"url":"https:\/\/skins-universe.com\/wp-content\/uploads\/2026\/01\/Gut_Knife_Doppler_Factory_New.webp","type":"image\/webp"}],"twitter_card":"summary_large_image","schema":{"@context":"https:\/\/schema.org","@graph":[{"@type":"WebPage","@id":"https:\/\/skins-universe.com\/tr\/urun\/%e2%98%85-bagirsak-bicagi-doppler-fabrikada-yeni-5\/","url":"https:\/\/skins-universe.com\/tr\/urun\/%e2%98%85-bagirsak-bicagi-doppler-fabrikada-yeni-5\/","name":"\u2605 Ba\u011f\u0131rsak B\u0131\u00e7a\u011f\u0131 | Doppler (Fabrikada Yeni) - Skins Universe","isPartOf":{"@id":"https:\/\/skins-universe.com\/#website"},"primaryImageOfPage":{"@id":"https:\/\/skins-universe.com\/tr\/urun\/%e2%98%85-bagirsak-bicagi-doppler-fabrikada-yeni-5\/#primaryimage"},"image":{"@id":"https:\/\/skins-universe.com\/tr\/urun\/%e2%98%85-bagirsak-bicagi-doppler-fabrikada-yeni-5\/#primaryimage"},"thumbnailUrl":"https:\/\/skins-universe.com\/wp-content\/uploads\/2026\/01\/Gut_Knife_Doppler_Factory_New.webp","datePublished":"2026-01-02T11:59:28+00:00","dateModified":"2026-01-02T14:58:42+00:00","breadcrumb":{"@id":"https:\/\/skins-universe.com\/tr\/urun\/%e2%98%85-bagirsak-bicagi-doppler-fabrikada-yeni-5\/#breadcrumb"},"inLanguage":"tr","potentialAction":[{"@type":"ReadAction","target":["https:\/\/skins-universe.com\/tr\/urun\/%e2%98%85-bagirsak-bicagi-doppler-fabrikada-yeni-5\/"]}]},{"@type":"ImageObject","inLanguage":"tr","@id":"https:\/\/skins-universe.com\/tr\/urun\/%e2%98%85-bagirsak-bicagi-doppler-fabrikada-yeni-5\/#primaryimage","url":"https:\/\/skins-universe.com\/wp-content\/uploads\/2026\/01\/Gut_Knife_Doppler_Factory_New.webp","contentUrl":"https:\/\/skins-universe.com\/wp-content\/uploads\/2026\/01\/Gut_Knife_Doppler_Factory_New.webp","width":458,"height":344},{"@type":"BreadcrumbList","@id":"https:\/\/skins-universe.com\/tr\/urun\/%e2%98%85-bagirsak-bicagi-doppler-fabrikada-yeni-5\/#breadcrumb","itemListElement":[{"@type":"ListItem","position":1,"name":"Home","item":"https:\/\/skins-universe.com\/"},{"@type":"ListItem","position":2,"name":"Ma\u011faza","item":"https:\/\/skins-universe.com\/tr\/magaza\/"},{"@type":"ListItem","position":3,"name":"\u2605 Ba\u011f\u0131rsak B\u0131\u00e7a\u011f\u0131 | Doppler (Fabrikada Yeni)"}]},{"@type":"WebSite","@id":"https:\/\/skins-universe.com\/#website","url":"https:\/\/skins-universe.com\/","name":"Skins Universe","description":"Elite Skins for Clutch Moments.","publisher":{"@id":"https:\/\/skins-universe.com\/#organization"},"potentialAction":[{"@type":"SearchAction","target":{"@type":"EntryPoint","urlTemplate":"https:\/\/skins-universe.com\/?s={search_term_string}"},"query-input":{"@type":"PropertyValueSpecification","valueRequired":true,"valueName":"search_term_string"}}],"inLanguage":"tr"},{"@type":"Organization","@id":"https:\/\/skins-universe.com\/#organization","name":"Skins Universe","url":"https:\/\/skins-universe.com\/","logo":{"@type":"ImageObject","inLanguage":"tr","@id":"https:\/\/skins-universe.com\/#\/schema\/logo\/image\/","url":"https:\/\/skins-universe.com\/wp-content\/uploads\/2020\/06\/cropped-gaming-1-removebg-preview.png","contentUrl":"https:\/\/skins-universe.com\/wp-content\/uploads\/2020\/06\/cropped-gaming-1-removebg-preview.png","width":500,"height":262,"caption":"Skins Universe"},"image":{"@id":"https:\/\/skins-universe.com\/#\/schema\/logo\/image\/"}}]}},"_links":{"self":[{"href":"https:\/\/skins-universe.com\/tr\/wp-json\/wp\/v2\/product\/28084","targetHints":{"allow":["GET"]}}],"collection":[{"href":"https:\/\/skins-universe.com\/tr\/wp-json\/wp\/v2\/product"}],"about":[{"href":"https:\/\/skins-universe.com\/tr\/wp-json\/wp\/v2\/types\/product"}],"replies":[{"embeddable":true,"href":"https:\/\/skins-universe.com\/tr\/wp-json\/wp\/v2\/comments?post=28084"}],"wp:featuredmedia":[{"embeddable":true,"href":"https:\/\/skins-universe.com\/tr\/wp-json\/wp\/v2\/media\/27807"}],"wp:attachment":[{"href":"https:\/\/skins-universe.com\/tr\/wp-json\/wp\/v2\/media?parent=28084"}],"wp:term":[{"taxonomy":"product_brand","embeddable":true,"href":"https:\/\/skins-universe.com\/tr\/wp-json\/wp\/v2\/product_brand?post=28084"},{"taxonomy":"product_cat","embeddable":true,"href":"https:\/\/skins-universe.com\/tr\/wp-json\/wp\/v2\/product_cat?post=28084"},{"taxonomy":"product_tag","embeddable":true,"href":"https:\/\/skins-universe.com\/tr\/wp-json\/wp\/v2\/product_tag?post=28084"}],"curies":[{"name":"wp","href":"https:\/\/api.w.org\/{rel}","templated":true}]}}