{"id":28099,"date":"2026-01-02T11:59:13","date_gmt":"2026-01-02T11:59:13","guid":{"rendered":"https:\/\/skins-universe.com\/product\/%e2%98%85-golge-hancerler-safari-mesh-sahada-test-edildi\/"},"modified":"2026-01-02T11:59:13","modified_gmt":"2026-01-02T11:59:13","slug":"%e2%98%85-golge-hancerler-safari-mesh-sahada-test-edildi","status":"publish","type":"product","link":"https:\/\/skins-universe.com\/tr\/urun\/%e2%98%85-golge-hancerler-safari-mesh-sahada-test-edildi\/","title":{"rendered":"\u2605 G\u00f6lge Han\u00e7erler | Safari Mesh (Sahada Test Edildi)"},"content":{"rendered":"<p>Etkili bir vah\u015fet i\u00e7in tasarlanan itmeli han\u00e7eri kullanmak, bir iki yumruk atmak kadar basittir. Kafes \u00e7it ve karton kesikler \u015fablon olarak kullan\u0131larak sprey boyayla boyanm\u0131\u015ft\u0131r. Bir y\u0131rt\u0131c\u0131, ortam ne olursa olsun y\u0131rt\u0131c\u0131d\u0131r  <\/p>\n","protected":false},"excerpt":{"rendered":"<p>Etkili bir vah\u015fet i\u00e7in tasarlanan itmeli han\u00e7eri kullanmak, bir iki yumruk atmak kadar basittir. Kafes \u00e7it ve karton kesikler \u015fablon olarak kullan\u0131larak sprey boyayla boyanm\u0131\u015ft\u0131r. Bir y\u0131rt\u0131c\u0131, ortam ne olursa&hellip;<\/p>\n","protected":false},"featured_media":27758,"comment_status":"open","ping_status":"closed","template":"","meta":[],"product_brand":[],"product_cat":[748],"product_tag":[],"class_list":{"0":"post-28099","1":"product","2":"type-product","3":"status-publish","4":"has-post-thumbnail","6":"product_cat-bicak","8":"first","9":"instock","10":"virtual","11":"product-type-simple"},"yoast_head":"<!-- This site is optimized with the Yoast SEO plugin v26.6 - https:\/\/yoast.com\/wordpress\/plugins\/seo\/ -->\n<title>\u2605 G\u00f6lge Han\u00e7erler | Safari Mesh (Sahada Test Edildi) - Skins Universe<\/title>\n<meta name=\"robots\" content=\"index, follow, max-snippet:-1, max-image-preview:large, max-video-preview:-1\" \/>\n<link rel=\"canonical\" href=\"https:\/\/skins-universe.com\/product\/\u2605-golge-hancerler-safari-mesh-sahada-test-edildi\/\" \/>\n<meta property=\"og:locale\" content=\"tr_TR\" \/>\n<meta property=\"og:type\" content=\"article\" \/>\n<meta property=\"og:title\" content=\"\u2605 G\u00f6lge Han\u00e7erler | Safari Mesh (Sahada Test Edildi) - Skins Universe\" \/>\n<meta property=\"og:description\" content=\"Etkili bir vah\u015fet i\u00e7in tasarlanan itmeli han\u00e7eri kullanmak, bir iki yumruk atmak kadar basittir. Kafes \u00e7it ve karton kesikler \u015fablon olarak kullan\u0131larak sprey boyayla boyanm\u0131\u015ft\u0131r. Bir y\u0131rt\u0131c\u0131, ortam ne olursa&hellip;\" \/>\n<meta property=\"og:url\" content=\"https:\/\/skins-universe.com\/product\/\u2605-golge-hancerler-safari-mesh-sahada-test-edildi\/\" \/>\n<meta property=\"og:site_name\" content=\"Skins Universe\" \/>\n<meta name=\"twitter:card\" content=\"summary_large_image\" \/>\n<script type=\"application\/ld+json\" class=\"yoast-schema-graph\">{\"@context\":\"https:\/\/schema.org\",\"@graph\":[{\"@type\":\"WebPage\",\"@id\":\"https:\/\/skins-universe.com\/product\/%e2%98%85-golge-hancerler-safari-mesh-sahada-test-edildi\/\",\"url\":\"https:\/\/skins-universe.com\/product\/%e2%98%85-golge-hancerler-safari-mesh-sahada-test-edildi\/\",\"name\":\"\u2605 G\u00f6lge Han\u00e7erler | Safari Mesh (Sahada Test Edildi) - Skins Universe\",\"isPartOf\":{\"@id\":\"https:\/\/skins-universe.com\/#website\"},\"primaryImageOfPage\":{\"@id\":\"https:\/\/skins-universe.com\/product\/%e2%98%85-golge-hancerler-safari-mesh-sahada-test-edildi\/#primaryimage\"},\"image\":{\"@id\":\"https:\/\/skins-universe.com\/product\/%e2%98%85-golge-hancerler-safari-mesh-sahada-test-edildi\/#primaryimage\"},\"thumbnailUrl\":\"https:\/\/skins-universe.com\/wp-content\/uploads\/2026\/01\/Shadow_Daggers_Safari_Mesh_Field_Tested.webp\",\"datePublished\":\"2026-01-02T11:59:13+00:00\",\"breadcrumb\":{\"@id\":\"https:\/\/skins-universe.com\/product\/%e2%98%85-golge-hancerler-safari-mesh-sahada-test-edildi\/#breadcrumb\"},\"inLanguage\":\"tr\",\"potentialAction\":[{\"@type\":\"ReadAction\",\"target\":[\"https:\/\/skins-universe.com\/product\/%e2%98%85-golge-hancerler-safari-mesh-sahada-test-edildi\/\"]}]},{\"@type\":\"ImageObject\",\"inLanguage\":\"tr\",\"@id\":\"https:\/\/skins-universe.com\/product\/%e2%98%85-golge-hancerler-safari-mesh-sahada-test-edildi\/#primaryimage\",\"url\":\"https:\/\/skins-universe.com\/wp-content\/uploads\/2026\/01\/Shadow_Daggers_Safari_Mesh_Field_Tested.webp\",\"contentUrl\":\"https:\/\/skins-universe.com\/wp-content\/uploads\/2026\/01\/Shadow_Daggers_Safari_Mesh_Field_Tested.webp\",\"width\":458,\"height\":344},{\"@type\":\"BreadcrumbList\",\"@id\":\"https:\/\/skins-universe.com\/product\/%e2%98%85-golge-hancerler-safari-mesh-sahada-test-edildi\/#breadcrumb\",\"itemListElement\":[{\"@type\":\"ListItem\",\"position\":1,\"name\":\"Home\",\"item\":\"https:\/\/skins-universe.com\/\"},{\"@type\":\"ListItem\",\"position\":2,\"name\":\"Ma\u011faza\",\"item\":\"https:\/\/skins-universe.com\/tr\/magaza\/\"},{\"@type\":\"ListItem\",\"position\":3,\"name\":\"\u2605 G\u00f6lge Han\u00e7erler | Safari Mesh (Sahada Test Edildi)\"}]},{\"@type\":\"WebSite\",\"@id\":\"https:\/\/skins-universe.com\/#website\",\"url\":\"https:\/\/skins-universe.com\/\",\"name\":\"Skins Universe\",\"description\":\"Elite Skins for Clutch Moments.\",\"publisher\":{\"@id\":\"https:\/\/skins-universe.com\/#organization\"},\"potentialAction\":[{\"@type\":\"SearchAction\",\"target\":{\"@type\":\"EntryPoint\",\"urlTemplate\":\"https:\/\/skins-universe.com\/?s={search_term_string}\"},\"query-input\":{\"@type\":\"PropertyValueSpecification\",\"valueRequired\":true,\"valueName\":\"search_term_string\"}}],\"inLanguage\":\"tr\"},{\"@type\":\"Organization\",\"@id\":\"https:\/\/skins-universe.com\/#organization\",\"name\":\"Skins Universe\",\"url\":\"https:\/\/skins-universe.com\/\",\"logo\":{\"@type\":\"ImageObject\",\"inLanguage\":\"tr\",\"@id\":\"https:\/\/skins-universe.com\/#\/schema\/logo\/image\/\",\"url\":\"https:\/\/skins-universe.com\/wp-content\/uploads\/2020\/06\/cropped-gaming-1-removebg-preview.png\",\"contentUrl\":\"https:\/\/skins-universe.com\/wp-content\/uploads\/2020\/06\/cropped-gaming-1-removebg-preview.png\",\"width\":500,\"height\":262,\"caption\":\"Skins Universe\"},\"image\":{\"@id\":\"https:\/\/skins-universe.com\/#\/schema\/logo\/image\/\"}}]}<\/script>\n<!-- \/ Yoast SEO plugin. -->","yoast_head_json":{"title":"\u2605 G\u00f6lge Han\u00e7erler | Safari Mesh (Sahada Test Edildi) - Skins Universe","robots":{"index":"index","follow":"follow","max-snippet":"max-snippet:-1","max-image-preview":"max-image-preview:large","max-video-preview":"max-video-preview:-1"},"canonical":"https:\/\/skins-universe.com\/product\/\u2605-golge-hancerler-safari-mesh-sahada-test-edildi\/","og_locale":"tr_TR","og_type":"article","og_title":"\u2605 G\u00f6lge Han\u00e7erler | Safari Mesh (Sahada Test Edildi) - Skins Universe","og_description":"Etkili bir vah\u015fet i\u00e7in tasarlanan itmeli han\u00e7eri kullanmak, bir iki yumruk atmak kadar basittir. Kafes \u00e7it ve karton kesikler \u015fablon olarak kullan\u0131larak sprey boyayla boyanm\u0131\u015ft\u0131r. Bir y\u0131rt\u0131c\u0131, ortam ne olursa&hellip;","og_url":"https:\/\/skins-universe.com\/product\/\u2605-golge-hancerler-safari-mesh-sahada-test-edildi\/","og_site_name":"Skins Universe","twitter_card":"summary_large_image","schema":{"@context":"https:\/\/schema.org","@graph":[{"@type":"WebPage","@id":"https:\/\/skins-universe.com\/product\/%e2%98%85-golge-hancerler-safari-mesh-sahada-test-edildi\/","url":"https:\/\/skins-universe.com\/product\/%e2%98%85-golge-hancerler-safari-mesh-sahada-test-edildi\/","name":"\u2605 G\u00f6lge Han\u00e7erler | Safari Mesh (Sahada Test Edildi) - Skins Universe","isPartOf":{"@id":"https:\/\/skins-universe.com\/#website"},"primaryImageOfPage":{"@id":"https:\/\/skins-universe.com\/product\/%e2%98%85-golge-hancerler-safari-mesh-sahada-test-edildi\/#primaryimage"},"image":{"@id":"https:\/\/skins-universe.com\/product\/%e2%98%85-golge-hancerler-safari-mesh-sahada-test-edildi\/#primaryimage"},"thumbnailUrl":"https:\/\/skins-universe.com\/wp-content\/uploads\/2026\/01\/Shadow_Daggers_Safari_Mesh_Field_Tested.webp","datePublished":"2026-01-02T11:59:13+00:00","breadcrumb":{"@id":"https:\/\/skins-universe.com\/product\/%e2%98%85-golge-hancerler-safari-mesh-sahada-test-edildi\/#breadcrumb"},"inLanguage":"tr","potentialAction":[{"@type":"ReadAction","target":["https:\/\/skins-universe.com\/product\/%e2%98%85-golge-hancerler-safari-mesh-sahada-test-edildi\/"]}]},{"@type":"ImageObject","inLanguage":"tr","@id":"https:\/\/skins-universe.com\/product\/%e2%98%85-golge-hancerler-safari-mesh-sahada-test-edildi\/#primaryimage","url":"https:\/\/skins-universe.com\/wp-content\/uploads\/2026\/01\/Shadow_Daggers_Safari_Mesh_Field_Tested.webp","contentUrl":"https:\/\/skins-universe.com\/wp-content\/uploads\/2026\/01\/Shadow_Daggers_Safari_Mesh_Field_Tested.webp","width":458,"height":344},{"@type":"BreadcrumbList","@id":"https:\/\/skins-universe.com\/product\/%e2%98%85-golge-hancerler-safari-mesh-sahada-test-edildi\/#breadcrumb","itemListElement":[{"@type":"ListItem","position":1,"name":"Home","item":"https:\/\/skins-universe.com\/"},{"@type":"ListItem","position":2,"name":"Ma\u011faza","item":"https:\/\/skins-universe.com\/tr\/magaza\/"},{"@type":"ListItem","position":3,"name":"\u2605 G\u00f6lge Han\u00e7erler | Safari Mesh (Sahada Test Edildi)"}]},{"@type":"WebSite","@id":"https:\/\/skins-universe.com\/#website","url":"https:\/\/skins-universe.com\/","name":"Skins Universe","description":"Elite Skins for Clutch Moments.","publisher":{"@id":"https:\/\/skins-universe.com\/#organization"},"potentialAction":[{"@type":"SearchAction","target":{"@type":"EntryPoint","urlTemplate":"https:\/\/skins-universe.com\/?s={search_term_string}"},"query-input":{"@type":"PropertyValueSpecification","valueRequired":true,"valueName":"search_term_string"}}],"inLanguage":"tr"},{"@type":"Organization","@id":"https:\/\/skins-universe.com\/#organization","name":"Skins Universe","url":"https:\/\/skins-universe.com\/","logo":{"@type":"ImageObject","inLanguage":"tr","@id":"https:\/\/skins-universe.com\/#\/schema\/logo\/image\/","url":"https:\/\/skins-universe.com\/wp-content\/uploads\/2020\/06\/cropped-gaming-1-removebg-preview.png","contentUrl":"https:\/\/skins-universe.com\/wp-content\/uploads\/2020\/06\/cropped-gaming-1-removebg-preview.png","width":500,"height":262,"caption":"Skins Universe"},"image":{"@id":"https:\/\/skins-universe.com\/#\/schema\/logo\/image\/"}}]}},"_links":{"self":[{"href":"https:\/\/skins-universe.com\/tr\/wp-json\/wp\/v2\/product\/28099","targetHints":{"allow":["GET"]}}],"collection":[{"href":"https:\/\/skins-universe.com\/tr\/wp-json\/wp\/v2\/product"}],"about":[{"href":"https:\/\/skins-universe.com\/tr\/wp-json\/wp\/v2\/types\/product"}],"replies":[{"embeddable":true,"href":"https:\/\/skins-universe.com\/tr\/wp-json\/wp\/v2\/comments?post=28099"}],"wp:featuredmedia":[{"embeddable":true,"href":"https:\/\/skins-universe.com\/tr\/wp-json\/wp\/v2\/media\/27758"}],"wp:attachment":[{"href":"https:\/\/skins-universe.com\/tr\/wp-json\/wp\/v2\/media?parent=28099"}],"wp:term":[{"taxonomy":"product_brand","embeddable":true,"href":"https:\/\/skins-universe.com\/tr\/wp-json\/wp\/v2\/product_brand?post=28099"},{"taxonomy":"product_cat","embeddable":true,"href":"https:\/\/skins-universe.com\/tr\/wp-json\/wp\/v2\/product_cat?post=28099"},{"taxonomy":"product_tag","embeddable":true,"href":"https:\/\/skins-universe.com\/tr\/wp-json\/wp\/v2\/product_tag?post=28099"}],"curies":[{"name":"wp","href":"https:\/\/api.w.org\/{rel}","templated":true}]}}