{"id":28100,"date":"2026-01-02T11:59:09","date_gmt":"2026-01-02T11:59:09","guid":{"rendered":"https:\/\/skins-universe.com\/product\/%e2%98%85-hayatta-kalma-bicagi-kaplan-disi-fabrikada-yeni\/"},"modified":"2026-01-02T11:59:09","modified_gmt":"2026-01-02T11:59:09","slug":"%e2%98%85-hayatta-kalma-bicagi-kaplan-disi-fabrikada-yeni","status":"publish","type":"product","link":"https:\/\/skins-universe.com\/tr\/urun\/%e2%98%85-hayatta-kalma-bicagi-kaplan-disi-fabrikada-yeni\/","title":{"rendered":"\u2605 Hayatta Kalma B\u0131\u00e7a\u011f\u0131 | Kaplan Di\u015fi (Fabrikada Yeni)"},"content":{"rendered":"<p>Bu \u00e7ok ama\u00e7l\u0131 taktik b\u0131\u00e7ak, kemik veya lif gibi kaba malzemeleri par\u00e7alamak i\u00e7in t\u0131rt\u0131kl\u0131 bir kenara ve keskin bir ba\u011f\u0131rsak kancas\u0131na sahiptir. Kompozit malzemeden sap, alt\u0131gen somunlarla b\u0131\u00e7a\u011fa c\u0131vatalanm\u0131\u015ft\u0131r. Anodize turuncu renktedir ve kaplan \u015feridi deseninde elle kaz\u0131nm\u0131\u015ft\u0131r. Kaplan gibi nadirdir&#8230; kaplan gibi \u00f6l\u00fcmc\u00fcld\u00fcr&#8230;   <\/p>\n","protected":false},"excerpt":{"rendered":"<p>Bu \u00e7ok ama\u00e7l\u0131 taktik b\u0131\u00e7ak, kemik veya lif gibi kaba malzemeleri par\u00e7alamak i\u00e7in t\u0131rt\u0131kl\u0131 bir kenara ve keskin bir ba\u011f\u0131rsak kancas\u0131na sahiptir. Kompozit malzemeden sap, alt\u0131gen somunlarla b\u0131\u00e7a\u011fa c\u0131vatalanm\u0131\u015ft\u0131r. Anodize&hellip;<\/p>\n","protected":false},"featured_media":26793,"comment_status":"open","ping_status":"closed","template":"","meta":[],"product_brand":[],"product_cat":[748],"product_tag":[],"class_list":{"0":"post-28100","1":"product","2":"type-product","3":"status-publish","4":"has-post-thumbnail","6":"product_cat-bicak","8":"first","9":"instock","10":"virtual","11":"product-type-simple"},"yoast_head":"<!-- This site is optimized with the Yoast SEO plugin v26.6 - https:\/\/yoast.com\/wordpress\/plugins\/seo\/ -->\n<title>\u2605 Hayatta Kalma B\u0131\u00e7a\u011f\u0131 | Kaplan Di\u015fi (Fabrikada Yeni) - Skins Universe<\/title>\n<meta name=\"robots\" content=\"index, follow, max-snippet:-1, max-image-preview:large, max-video-preview:-1\" \/>\n<link rel=\"canonical\" href=\"https:\/\/skins-universe.com\/product\/\u2605-hayatta-kalma-bicagi-kaplan-disi-fabrikada-yeni\/\" \/>\n<meta property=\"og:locale\" content=\"tr_TR\" \/>\n<meta property=\"og:type\" content=\"article\" \/>\n<meta property=\"og:title\" content=\"\u2605 Hayatta Kalma B\u0131\u00e7a\u011f\u0131 | Kaplan Di\u015fi (Fabrikada Yeni) - Skins Universe\" \/>\n<meta property=\"og:description\" content=\"Bu \u00e7ok ama\u00e7l\u0131 taktik b\u0131\u00e7ak, kemik veya lif gibi kaba malzemeleri par\u00e7alamak i\u00e7in t\u0131rt\u0131kl\u0131 bir kenara ve keskin bir ba\u011f\u0131rsak kancas\u0131na sahiptir. Kompozit malzemeden sap, alt\u0131gen somunlarla b\u0131\u00e7a\u011fa c\u0131vatalanm\u0131\u015ft\u0131r. Anodize&hellip;\" \/>\n<meta property=\"og:url\" content=\"https:\/\/skins-universe.com\/product\/\u2605-hayatta-kalma-bicagi-kaplan-disi-fabrikada-yeni\/\" \/>\n<meta property=\"og:site_name\" content=\"Skins Universe\" \/>\n<meta name=\"twitter:card\" content=\"summary_large_image\" \/>\n<script type=\"application\/ld+json\" class=\"yoast-schema-graph\">{\"@context\":\"https:\/\/schema.org\",\"@graph\":[{\"@type\":\"WebPage\",\"@id\":\"https:\/\/skins-universe.com\/product\/%e2%98%85-hayatta-kalma-bicagi-kaplan-disi-fabrikada-yeni\/\",\"url\":\"https:\/\/skins-universe.com\/product\/%e2%98%85-hayatta-kalma-bicagi-kaplan-disi-fabrikada-yeni\/\",\"name\":\"\u2605 Hayatta Kalma B\u0131\u00e7a\u011f\u0131 | Kaplan Di\u015fi (Fabrikada Yeni) - Skins Universe\",\"isPartOf\":{\"@id\":\"https:\/\/skins-universe.com\/#website\"},\"primaryImageOfPage\":{\"@id\":\"https:\/\/skins-universe.com\/product\/%e2%98%85-hayatta-kalma-bicagi-kaplan-disi-fabrikada-yeni\/#primaryimage\"},\"image\":{\"@id\":\"https:\/\/skins-universe.com\/product\/%e2%98%85-hayatta-kalma-bicagi-kaplan-disi-fabrikada-yeni\/#primaryimage\"},\"thumbnailUrl\":\"https:\/\/skins-universe.com\/wp-content\/uploads\/2025\/12\/Survival_Knife_Tiger_Tooth_Factory_New.webp\",\"datePublished\":\"2026-01-02T11:59:09+00:00\",\"breadcrumb\":{\"@id\":\"https:\/\/skins-universe.com\/product\/%e2%98%85-hayatta-kalma-bicagi-kaplan-disi-fabrikada-yeni\/#breadcrumb\"},\"inLanguage\":\"tr\",\"potentialAction\":[{\"@type\":\"ReadAction\",\"target\":[\"https:\/\/skins-universe.com\/product\/%e2%98%85-hayatta-kalma-bicagi-kaplan-disi-fabrikada-yeni\/\"]}]},{\"@type\":\"ImageObject\",\"inLanguage\":\"tr\",\"@id\":\"https:\/\/skins-universe.com\/product\/%e2%98%85-hayatta-kalma-bicagi-kaplan-disi-fabrikada-yeni\/#primaryimage\",\"url\":\"https:\/\/skins-universe.com\/wp-content\/uploads\/2025\/12\/Survival_Knife_Tiger_Tooth_Factory_New.webp\",\"contentUrl\":\"https:\/\/skins-universe.com\/wp-content\/uploads\/2025\/12\/Survival_Knife_Tiger_Tooth_Factory_New.webp\",\"width\":458,\"height\":344},{\"@type\":\"BreadcrumbList\",\"@id\":\"https:\/\/skins-universe.com\/product\/%e2%98%85-hayatta-kalma-bicagi-kaplan-disi-fabrikada-yeni\/#breadcrumb\",\"itemListElement\":[{\"@type\":\"ListItem\",\"position\":1,\"name\":\"Home\",\"item\":\"https:\/\/skins-universe.com\/\"},{\"@type\":\"ListItem\",\"position\":2,\"name\":\"Ma\u011faza\",\"item\":\"https:\/\/skins-universe.com\/tr\/magaza\/\"},{\"@type\":\"ListItem\",\"position\":3,\"name\":\"\u2605 Hayatta Kalma B\u0131\u00e7a\u011f\u0131 | Kaplan Di\u015fi (Fabrikada Yeni)\"}]},{\"@type\":\"WebSite\",\"@id\":\"https:\/\/skins-universe.com\/#website\",\"url\":\"https:\/\/skins-universe.com\/\",\"name\":\"Skins Universe\",\"description\":\"Elite Skins for Clutch Moments.\",\"publisher\":{\"@id\":\"https:\/\/skins-universe.com\/#organization\"},\"potentialAction\":[{\"@type\":\"SearchAction\",\"target\":{\"@type\":\"EntryPoint\",\"urlTemplate\":\"https:\/\/skins-universe.com\/?s={search_term_string}\"},\"query-input\":{\"@type\":\"PropertyValueSpecification\",\"valueRequired\":true,\"valueName\":\"search_term_string\"}}],\"inLanguage\":\"tr\"},{\"@type\":\"Organization\",\"@id\":\"https:\/\/skins-universe.com\/#organization\",\"name\":\"Skins Universe\",\"url\":\"https:\/\/skins-universe.com\/\",\"logo\":{\"@type\":\"ImageObject\",\"inLanguage\":\"tr\",\"@id\":\"https:\/\/skins-universe.com\/#\/schema\/logo\/image\/\",\"url\":\"https:\/\/skins-universe.com\/wp-content\/uploads\/2020\/06\/cropped-gaming-1-removebg-preview.png\",\"contentUrl\":\"https:\/\/skins-universe.com\/wp-content\/uploads\/2020\/06\/cropped-gaming-1-removebg-preview.png\",\"width\":500,\"height\":262,\"caption\":\"Skins Universe\"},\"image\":{\"@id\":\"https:\/\/skins-universe.com\/#\/schema\/logo\/image\/\"}}]}<\/script>\n<!-- \/ Yoast SEO plugin. -->","yoast_head_json":{"title":"\u2605 Hayatta Kalma B\u0131\u00e7a\u011f\u0131 | Kaplan Di\u015fi (Fabrikada Yeni) - Skins Universe","robots":{"index":"index","follow":"follow","max-snippet":"max-snippet:-1","max-image-preview":"max-image-preview:large","max-video-preview":"max-video-preview:-1"},"canonical":"https:\/\/skins-universe.com\/product\/\u2605-hayatta-kalma-bicagi-kaplan-disi-fabrikada-yeni\/","og_locale":"tr_TR","og_type":"article","og_title":"\u2605 Hayatta Kalma B\u0131\u00e7a\u011f\u0131 | Kaplan Di\u015fi (Fabrikada Yeni) - Skins Universe","og_description":"Bu \u00e7ok ama\u00e7l\u0131 taktik b\u0131\u00e7ak, kemik veya lif gibi kaba malzemeleri par\u00e7alamak i\u00e7in t\u0131rt\u0131kl\u0131 bir kenara ve keskin bir ba\u011f\u0131rsak kancas\u0131na sahiptir. Kompozit malzemeden sap, alt\u0131gen somunlarla b\u0131\u00e7a\u011fa c\u0131vatalanm\u0131\u015ft\u0131r. Anodize&hellip;","og_url":"https:\/\/skins-universe.com\/product\/\u2605-hayatta-kalma-bicagi-kaplan-disi-fabrikada-yeni\/","og_site_name":"Skins Universe","twitter_card":"summary_large_image","schema":{"@context":"https:\/\/schema.org","@graph":[{"@type":"WebPage","@id":"https:\/\/skins-universe.com\/product\/%e2%98%85-hayatta-kalma-bicagi-kaplan-disi-fabrikada-yeni\/","url":"https:\/\/skins-universe.com\/product\/%e2%98%85-hayatta-kalma-bicagi-kaplan-disi-fabrikada-yeni\/","name":"\u2605 Hayatta Kalma B\u0131\u00e7a\u011f\u0131 | Kaplan Di\u015fi (Fabrikada Yeni) - Skins Universe","isPartOf":{"@id":"https:\/\/skins-universe.com\/#website"},"primaryImageOfPage":{"@id":"https:\/\/skins-universe.com\/product\/%e2%98%85-hayatta-kalma-bicagi-kaplan-disi-fabrikada-yeni\/#primaryimage"},"image":{"@id":"https:\/\/skins-universe.com\/product\/%e2%98%85-hayatta-kalma-bicagi-kaplan-disi-fabrikada-yeni\/#primaryimage"},"thumbnailUrl":"https:\/\/skins-universe.com\/wp-content\/uploads\/2025\/12\/Survival_Knife_Tiger_Tooth_Factory_New.webp","datePublished":"2026-01-02T11:59:09+00:00","breadcrumb":{"@id":"https:\/\/skins-universe.com\/product\/%e2%98%85-hayatta-kalma-bicagi-kaplan-disi-fabrikada-yeni\/#breadcrumb"},"inLanguage":"tr","potentialAction":[{"@type":"ReadAction","target":["https:\/\/skins-universe.com\/product\/%e2%98%85-hayatta-kalma-bicagi-kaplan-disi-fabrikada-yeni\/"]}]},{"@type":"ImageObject","inLanguage":"tr","@id":"https:\/\/skins-universe.com\/product\/%e2%98%85-hayatta-kalma-bicagi-kaplan-disi-fabrikada-yeni\/#primaryimage","url":"https:\/\/skins-universe.com\/wp-content\/uploads\/2025\/12\/Survival_Knife_Tiger_Tooth_Factory_New.webp","contentUrl":"https:\/\/skins-universe.com\/wp-content\/uploads\/2025\/12\/Survival_Knife_Tiger_Tooth_Factory_New.webp","width":458,"height":344},{"@type":"BreadcrumbList","@id":"https:\/\/skins-universe.com\/product\/%e2%98%85-hayatta-kalma-bicagi-kaplan-disi-fabrikada-yeni\/#breadcrumb","itemListElement":[{"@type":"ListItem","position":1,"name":"Home","item":"https:\/\/skins-universe.com\/"},{"@type":"ListItem","position":2,"name":"Ma\u011faza","item":"https:\/\/skins-universe.com\/tr\/magaza\/"},{"@type":"ListItem","position":3,"name":"\u2605 Hayatta Kalma B\u0131\u00e7a\u011f\u0131 | Kaplan Di\u015fi (Fabrikada Yeni)"}]},{"@type":"WebSite","@id":"https:\/\/skins-universe.com\/#website","url":"https:\/\/skins-universe.com\/","name":"Skins Universe","description":"Elite Skins for Clutch Moments.","publisher":{"@id":"https:\/\/skins-universe.com\/#organization"},"potentialAction":[{"@type":"SearchAction","target":{"@type":"EntryPoint","urlTemplate":"https:\/\/skins-universe.com\/?s={search_term_string}"},"query-input":{"@type":"PropertyValueSpecification","valueRequired":true,"valueName":"search_term_string"}}],"inLanguage":"tr"},{"@type":"Organization","@id":"https:\/\/skins-universe.com\/#organization","name":"Skins Universe","url":"https:\/\/skins-universe.com\/","logo":{"@type":"ImageObject","inLanguage":"tr","@id":"https:\/\/skins-universe.com\/#\/schema\/logo\/image\/","url":"https:\/\/skins-universe.com\/wp-content\/uploads\/2020\/06\/cropped-gaming-1-removebg-preview.png","contentUrl":"https:\/\/skins-universe.com\/wp-content\/uploads\/2020\/06\/cropped-gaming-1-removebg-preview.png","width":500,"height":262,"caption":"Skins Universe"},"image":{"@id":"https:\/\/skins-universe.com\/#\/schema\/logo\/image\/"}}]}},"_links":{"self":[{"href":"https:\/\/skins-universe.com\/tr\/wp-json\/wp\/v2\/product\/28100","targetHints":{"allow":["GET"]}}],"collection":[{"href":"https:\/\/skins-universe.com\/tr\/wp-json\/wp\/v2\/product"}],"about":[{"href":"https:\/\/skins-universe.com\/tr\/wp-json\/wp\/v2\/types\/product"}],"replies":[{"embeddable":true,"href":"https:\/\/skins-universe.com\/tr\/wp-json\/wp\/v2\/comments?post=28100"}],"wp:featuredmedia":[{"embeddable":true,"href":"https:\/\/skins-universe.com\/tr\/wp-json\/wp\/v2\/media\/26793"}],"wp:attachment":[{"href":"https:\/\/skins-universe.com\/tr\/wp-json\/wp\/v2\/media?parent=28100"}],"wp:term":[{"taxonomy":"product_brand","embeddable":true,"href":"https:\/\/skins-universe.com\/tr\/wp-json\/wp\/v2\/product_brand?post=28100"},{"taxonomy":"product_cat","embeddable":true,"href":"https:\/\/skins-universe.com\/tr\/wp-json\/wp\/v2\/product_cat?post=28100"},{"taxonomy":"product_tag","embeddable":true,"href":"https:\/\/skins-universe.com\/tr\/wp-json\/wp\/v2\/product_tag?post=28100"}],"curies":[{"name":"wp","href":"https:\/\/api.w.org\/{rel}","templated":true}]}}