{"id":28105,"date":"2026-01-02T11:58:57","date_gmt":"2026-01-02T11:58:57","guid":{"rendered":"https:\/\/skins-universe.com\/product\/%e2%98%85-kukri-bicagi-kizil-ag-savas-kareli\/"},"modified":"2026-01-02T14:59:37","modified_gmt":"2026-01-02T14:59:37","slug":"%e2%98%85-kukri-bicagi-kizil-ag-savas-kareli","status":"publish","type":"product","link":"https:\/\/skins-universe.com\/tr\/urun\/%e2%98%85-kukri-bicagi-kizil-ag-savas-kareli\/","title":{"rendered":"\u2605 Kukri B\u0131\u00e7a\u011f\u0131 | K\u0131z\u0131l A\u011f (Sava\u015f Kareli)"},"content":{"rendered":"<p>D\u00fc\u011f\u00fcn veya b\u0131\u00e7aklama gibi geleneksel rit\u00fcellerde kullan\u0131l\u0131r. K\u0131rm\u0131z\u0131 bir baz kat \u00fczerine \u00f6r\u00fcmcek a\u011f\u0131 desenli bir hidrografik kullan\u0131larak boyanm\u0131\u015f ve yar\u0131 parlak bir son kat ile tamamlanm\u0131\u015ft\u0131r. Y\u00fcr\u00fcd\u00fc\u011f\u00fcn\u00fcz yere dikkat edin, a\u011f\u0131n nereye yay\u0131laca\u011f\u0131n\u0131 asla bilemezsiniz  <\/p>\n","protected":false},"excerpt":{"rendered":"<p>D\u00fc\u011f\u00fcn veya b\u0131\u00e7aklama gibi geleneksel rit\u00fcellerde kullan\u0131l\u0131r. K\u0131rm\u0131z\u0131 bir baz kat \u00fczerine \u00f6r\u00fcmcek a\u011f\u0131 desenli bir hidrografik kullan\u0131larak boyanm\u0131\u015f ve yar\u0131 parlak bir son kat ile tamamlanm\u0131\u015ft\u0131r. Y\u00fcr\u00fcd\u00fc\u011f\u00fcn\u00fcz yere dikkat&hellip;<\/p>\n","protected":false},"featured_media":26787,"comment_status":"open","ping_status":"closed","template":"","meta":[],"product_brand":[],"product_cat":[748],"product_tag":[],"class_list":{"0":"post-28105","1":"product","2":"type-product","3":"status-publish","4":"has-post-thumbnail","6":"product_cat-bicak","8":"first","9":"instock","10":"virtual","11":"product-type-simple"},"yoast_head":"<!-- This site is optimized with the Yoast SEO plugin v26.6 - https:\/\/yoast.com\/wordpress\/plugins\/seo\/ -->\n<title>\u2605 Kukri B\u0131\u00e7a\u011f\u0131 | K\u0131z\u0131l A\u011f (Sava\u015f Kareli) - Skins Universe<\/title>\n<meta name=\"robots\" content=\"index, follow, max-snippet:-1, max-image-preview:large, max-video-preview:-1\" \/>\n<link rel=\"canonical\" href=\"https:\/\/skins-universe.com\/tr\/urun\/\u2605-kukri-bicagi-kizil-ag-savas-kareli\/\" \/>\n<meta property=\"og:locale\" content=\"tr_TR\" \/>\n<meta property=\"og:type\" content=\"article\" \/>\n<meta property=\"og:title\" content=\"\u2605 Kukri B\u0131\u00e7a\u011f\u0131 | K\u0131z\u0131l A\u011f (Sava\u015f Kareli) - Skins Universe\" \/>\n<meta property=\"og:description\" content=\"D\u00fc\u011f\u00fcn veya b\u0131\u00e7aklama gibi geleneksel rit\u00fcellerde kullan\u0131l\u0131r. K\u0131rm\u0131z\u0131 bir baz kat \u00fczerine \u00f6r\u00fcmcek a\u011f\u0131 desenli bir hidrografik kullan\u0131larak boyanm\u0131\u015f ve yar\u0131 parlak bir son kat ile tamamlanm\u0131\u015ft\u0131r. Y\u00fcr\u00fcd\u00fc\u011f\u00fcn\u00fcz yere dikkat&hellip;\" \/>\n<meta property=\"og:url\" content=\"https:\/\/skins-universe.com\/tr\/urun\/\u2605-kukri-bicagi-kizil-ag-savas-kareli\/\" \/>\n<meta property=\"og:site_name\" content=\"Skins Universe\" \/>\n<meta property=\"article:modified_time\" content=\"2026-01-02T14:59:37+00:00\" \/>\n<meta property=\"og:image\" content=\"https:\/\/skins-universe.com\/wp-content\/uploads\/2025\/12\/Kukri_Knife_Crimson_Web_Battle_Scarred.webp\" \/>\n\t<meta property=\"og:image:width\" content=\"458\" \/>\n\t<meta property=\"og:image:height\" content=\"344\" \/>\n\t<meta property=\"og:image:type\" content=\"image\/webp\" \/>\n<meta name=\"twitter:card\" content=\"summary_large_image\" \/>\n<script type=\"application\/ld+json\" class=\"yoast-schema-graph\">{\"@context\":\"https:\/\/schema.org\",\"@graph\":[{\"@type\":\"WebPage\",\"@id\":\"https:\/\/skins-universe.com\/tr\/urun\/%e2%98%85-kukri-bicagi-kizil-ag-savas-kareli\/\",\"url\":\"https:\/\/skins-universe.com\/tr\/urun\/%e2%98%85-kukri-bicagi-kizil-ag-savas-kareli\/\",\"name\":\"\u2605 Kukri B\u0131\u00e7a\u011f\u0131 | K\u0131z\u0131l A\u011f (Sava\u015f Kareli) - Skins Universe\",\"isPartOf\":{\"@id\":\"https:\/\/skins-universe.com\/#website\"},\"primaryImageOfPage\":{\"@id\":\"https:\/\/skins-universe.com\/tr\/urun\/%e2%98%85-kukri-bicagi-kizil-ag-savas-kareli\/#primaryimage\"},\"image\":{\"@id\":\"https:\/\/skins-universe.com\/tr\/urun\/%e2%98%85-kukri-bicagi-kizil-ag-savas-kareli\/#primaryimage\"},\"thumbnailUrl\":\"https:\/\/skins-universe.com\/wp-content\/uploads\/2025\/12\/Kukri_Knife_Crimson_Web_Battle_Scarred.webp\",\"datePublished\":\"2026-01-02T11:58:57+00:00\",\"dateModified\":\"2026-01-02T14:59:37+00:00\",\"breadcrumb\":{\"@id\":\"https:\/\/skins-universe.com\/tr\/urun\/%e2%98%85-kukri-bicagi-kizil-ag-savas-kareli\/#breadcrumb\"},\"inLanguage\":\"tr\",\"potentialAction\":[{\"@type\":\"ReadAction\",\"target\":[\"https:\/\/skins-universe.com\/tr\/urun\/%e2%98%85-kukri-bicagi-kizil-ag-savas-kareli\/\"]}]},{\"@type\":\"ImageObject\",\"inLanguage\":\"tr\",\"@id\":\"https:\/\/skins-universe.com\/tr\/urun\/%e2%98%85-kukri-bicagi-kizil-ag-savas-kareli\/#primaryimage\",\"url\":\"https:\/\/skins-universe.com\/wp-content\/uploads\/2025\/12\/Kukri_Knife_Crimson_Web_Battle_Scarred.webp\",\"contentUrl\":\"https:\/\/skins-universe.com\/wp-content\/uploads\/2025\/12\/Kukri_Knife_Crimson_Web_Battle_Scarred.webp\",\"width\":458,\"height\":344},{\"@type\":\"BreadcrumbList\",\"@id\":\"https:\/\/skins-universe.com\/tr\/urun\/%e2%98%85-kukri-bicagi-kizil-ag-savas-kareli\/#breadcrumb\",\"itemListElement\":[{\"@type\":\"ListItem\",\"position\":1,\"name\":\"Home\",\"item\":\"https:\/\/skins-universe.com\/\"},{\"@type\":\"ListItem\",\"position\":2,\"name\":\"Ma\u011faza\",\"item\":\"https:\/\/skins-universe.com\/tr\/magaza\/\"},{\"@type\":\"ListItem\",\"position\":3,\"name\":\"\u2605 Kukri B\u0131\u00e7a\u011f\u0131 | K\u0131z\u0131l A\u011f (Sava\u015f Kareli)\"}]},{\"@type\":\"WebSite\",\"@id\":\"https:\/\/skins-universe.com\/#website\",\"url\":\"https:\/\/skins-universe.com\/\",\"name\":\"Skins Universe\",\"description\":\"Elite Skins for Clutch Moments.\",\"publisher\":{\"@id\":\"https:\/\/skins-universe.com\/#organization\"},\"potentialAction\":[{\"@type\":\"SearchAction\",\"target\":{\"@type\":\"EntryPoint\",\"urlTemplate\":\"https:\/\/skins-universe.com\/?s={search_term_string}\"},\"query-input\":{\"@type\":\"PropertyValueSpecification\",\"valueRequired\":true,\"valueName\":\"search_term_string\"}}],\"inLanguage\":\"tr\"},{\"@type\":\"Organization\",\"@id\":\"https:\/\/skins-universe.com\/#organization\",\"name\":\"Skins Universe\",\"url\":\"https:\/\/skins-universe.com\/\",\"logo\":{\"@type\":\"ImageObject\",\"inLanguage\":\"tr\",\"@id\":\"https:\/\/skins-universe.com\/#\/schema\/logo\/image\/\",\"url\":\"https:\/\/skins-universe.com\/wp-content\/uploads\/2020\/06\/cropped-gaming-1-removebg-preview.png\",\"contentUrl\":\"https:\/\/skins-universe.com\/wp-content\/uploads\/2020\/06\/cropped-gaming-1-removebg-preview.png\",\"width\":500,\"height\":262,\"caption\":\"Skins Universe\"},\"image\":{\"@id\":\"https:\/\/skins-universe.com\/#\/schema\/logo\/image\/\"}}]}<\/script>\n<!-- \/ Yoast SEO plugin. -->","yoast_head_json":{"title":"\u2605 Kukri B\u0131\u00e7a\u011f\u0131 | K\u0131z\u0131l A\u011f (Sava\u015f Kareli) - Skins Universe","robots":{"index":"index","follow":"follow","max-snippet":"max-snippet:-1","max-image-preview":"max-image-preview:large","max-video-preview":"max-video-preview:-1"},"canonical":"https:\/\/skins-universe.com\/tr\/urun\/\u2605-kukri-bicagi-kizil-ag-savas-kareli\/","og_locale":"tr_TR","og_type":"article","og_title":"\u2605 Kukri B\u0131\u00e7a\u011f\u0131 | K\u0131z\u0131l A\u011f (Sava\u015f Kareli) - Skins Universe","og_description":"D\u00fc\u011f\u00fcn veya b\u0131\u00e7aklama gibi geleneksel rit\u00fcellerde kullan\u0131l\u0131r. K\u0131rm\u0131z\u0131 bir baz kat \u00fczerine \u00f6r\u00fcmcek a\u011f\u0131 desenli bir hidrografik kullan\u0131larak boyanm\u0131\u015f ve yar\u0131 parlak bir son kat ile tamamlanm\u0131\u015ft\u0131r. Y\u00fcr\u00fcd\u00fc\u011f\u00fcn\u00fcz yere dikkat&hellip;","og_url":"https:\/\/skins-universe.com\/tr\/urun\/\u2605-kukri-bicagi-kizil-ag-savas-kareli\/","og_site_name":"Skins Universe","article_modified_time":"2026-01-02T14:59:37+00:00","og_image":[{"width":458,"height":344,"url":"https:\/\/skins-universe.com\/wp-content\/uploads\/2025\/12\/Kukri_Knife_Crimson_Web_Battle_Scarred.webp","type":"image\/webp"}],"twitter_card":"summary_large_image","schema":{"@context":"https:\/\/schema.org","@graph":[{"@type":"WebPage","@id":"https:\/\/skins-universe.com\/tr\/urun\/%e2%98%85-kukri-bicagi-kizil-ag-savas-kareli\/","url":"https:\/\/skins-universe.com\/tr\/urun\/%e2%98%85-kukri-bicagi-kizil-ag-savas-kareli\/","name":"\u2605 Kukri B\u0131\u00e7a\u011f\u0131 | K\u0131z\u0131l A\u011f (Sava\u015f Kareli) - Skins Universe","isPartOf":{"@id":"https:\/\/skins-universe.com\/#website"},"primaryImageOfPage":{"@id":"https:\/\/skins-universe.com\/tr\/urun\/%e2%98%85-kukri-bicagi-kizil-ag-savas-kareli\/#primaryimage"},"image":{"@id":"https:\/\/skins-universe.com\/tr\/urun\/%e2%98%85-kukri-bicagi-kizil-ag-savas-kareli\/#primaryimage"},"thumbnailUrl":"https:\/\/skins-universe.com\/wp-content\/uploads\/2025\/12\/Kukri_Knife_Crimson_Web_Battle_Scarred.webp","datePublished":"2026-01-02T11:58:57+00:00","dateModified":"2026-01-02T14:59:37+00:00","breadcrumb":{"@id":"https:\/\/skins-universe.com\/tr\/urun\/%e2%98%85-kukri-bicagi-kizil-ag-savas-kareli\/#breadcrumb"},"inLanguage":"tr","potentialAction":[{"@type":"ReadAction","target":["https:\/\/skins-universe.com\/tr\/urun\/%e2%98%85-kukri-bicagi-kizil-ag-savas-kareli\/"]}]},{"@type":"ImageObject","inLanguage":"tr","@id":"https:\/\/skins-universe.com\/tr\/urun\/%e2%98%85-kukri-bicagi-kizil-ag-savas-kareli\/#primaryimage","url":"https:\/\/skins-universe.com\/wp-content\/uploads\/2025\/12\/Kukri_Knife_Crimson_Web_Battle_Scarred.webp","contentUrl":"https:\/\/skins-universe.com\/wp-content\/uploads\/2025\/12\/Kukri_Knife_Crimson_Web_Battle_Scarred.webp","width":458,"height":344},{"@type":"BreadcrumbList","@id":"https:\/\/skins-universe.com\/tr\/urun\/%e2%98%85-kukri-bicagi-kizil-ag-savas-kareli\/#breadcrumb","itemListElement":[{"@type":"ListItem","position":1,"name":"Home","item":"https:\/\/skins-universe.com\/"},{"@type":"ListItem","position":2,"name":"Ma\u011faza","item":"https:\/\/skins-universe.com\/tr\/magaza\/"},{"@type":"ListItem","position":3,"name":"\u2605 Kukri B\u0131\u00e7a\u011f\u0131 | K\u0131z\u0131l A\u011f (Sava\u015f Kareli)"}]},{"@type":"WebSite","@id":"https:\/\/skins-universe.com\/#website","url":"https:\/\/skins-universe.com\/","name":"Skins Universe","description":"Elite Skins for Clutch Moments.","publisher":{"@id":"https:\/\/skins-universe.com\/#organization"},"potentialAction":[{"@type":"SearchAction","target":{"@type":"EntryPoint","urlTemplate":"https:\/\/skins-universe.com\/?s={search_term_string}"},"query-input":{"@type":"PropertyValueSpecification","valueRequired":true,"valueName":"search_term_string"}}],"inLanguage":"tr"},{"@type":"Organization","@id":"https:\/\/skins-universe.com\/#organization","name":"Skins Universe","url":"https:\/\/skins-universe.com\/","logo":{"@type":"ImageObject","inLanguage":"tr","@id":"https:\/\/skins-universe.com\/#\/schema\/logo\/image\/","url":"https:\/\/skins-universe.com\/wp-content\/uploads\/2020\/06\/cropped-gaming-1-removebg-preview.png","contentUrl":"https:\/\/skins-universe.com\/wp-content\/uploads\/2020\/06\/cropped-gaming-1-removebg-preview.png","width":500,"height":262,"caption":"Skins Universe"},"image":{"@id":"https:\/\/skins-universe.com\/#\/schema\/logo\/image\/"}}]}},"_links":{"self":[{"href":"https:\/\/skins-universe.com\/tr\/wp-json\/wp\/v2\/product\/28105","targetHints":{"allow":["GET"]}}],"collection":[{"href":"https:\/\/skins-universe.com\/tr\/wp-json\/wp\/v2\/product"}],"about":[{"href":"https:\/\/skins-universe.com\/tr\/wp-json\/wp\/v2\/types\/product"}],"replies":[{"embeddable":true,"href":"https:\/\/skins-universe.com\/tr\/wp-json\/wp\/v2\/comments?post=28105"}],"wp:featuredmedia":[{"embeddable":true,"href":"https:\/\/skins-universe.com\/tr\/wp-json\/wp\/v2\/media\/26787"}],"wp:attachment":[{"href":"https:\/\/skins-universe.com\/tr\/wp-json\/wp\/v2\/media?parent=28105"}],"wp:term":[{"taxonomy":"product_brand","embeddable":true,"href":"https:\/\/skins-universe.com\/tr\/wp-json\/wp\/v2\/product_brand?post=28105"},{"taxonomy":"product_cat","embeddable":true,"href":"https:\/\/skins-universe.com\/tr\/wp-json\/wp\/v2\/product_cat?post=28105"},{"taxonomy":"product_tag","embeddable":true,"href":"https:\/\/skins-universe.com\/tr\/wp-json\/wp\/v2\/product_tag?post=28105"}],"curies":[{"name":"wp","href":"https:\/\/api.w.org\/{rel}","templated":true}]}}