{"id":28115,"date":"2026-01-02T11:59:20","date_gmt":"2026-01-02T11:59:20","guid":{"rendered":"https:\/\/skins-universe.com\/product\/%e2%98%85-avci-bicagi-lore-savas-yarali\/"},"modified":"2026-01-02T11:59:20","modified_gmt":"2026-01-02T11:59:20","slug":"%e2%98%85-avci-bicagi-lore-savas-yarali","status":"publish","type":"product","link":"https:\/\/skins-universe.com\/tr\/urun\/%e2%98%85-avci-bicagi-lore-savas-yarali\/","title":{"rendered":"\u2605 Avc\u0131 B\u0131\u00e7a\u011f\u0131 | Lore (Sava\u015f Yaral\u0131)"},"content":{"rendered":"<p>Modern taktik kullan\u0131mlar i\u00e7in tasarlanan b\u0131\u00e7ak, hem sava\u015f hem de kullan\u0131m ihtiya\u00e7lar\u0131 i\u00e7in \u00e7ok uygundur. Benzersiz Tanto ucu, en zorlu y\u00fczeylerde bile maksimum penetrasyon sa\u011flar. D\u00fc\u011f\u00fcm i\u015fi ile \u00f6zel olarak boyanm\u0131\u015ft\u0131r.  <\/p>\n","protected":false},"excerpt":{"rendered":"<p>Modern taktik kullan\u0131mlar i\u00e7in tasarlanan b\u0131\u00e7ak, hem sava\u015f hem de kullan\u0131m ihtiya\u00e7lar\u0131 i\u00e7in \u00e7ok uygundur. Benzersiz Tanto ucu, en zorlu y\u00fczeylerde bile maksimum penetrasyon sa\u011flar. D\u00fc\u011f\u00fcm i\u015fi ile \u00f6zel olarak&hellip;<\/p>\n","protected":false},"featured_media":27782,"comment_status":"open","ping_status":"closed","template":"","meta":[],"product_brand":[],"product_cat":[748],"product_tag":[],"class_list":{"0":"post-28115","1":"product","2":"type-product","3":"status-publish","4":"has-post-thumbnail","6":"product_cat-bicak","8":"first","9":"instock","10":"virtual","11":"product-type-simple"},"yoast_head":"<!-- This site is optimized with the Yoast SEO plugin v26.6 - https:\/\/yoast.com\/wordpress\/plugins\/seo\/ -->\n<title>\u2605 Avc\u0131 B\u0131\u00e7a\u011f\u0131 | Lore (Sava\u015f Yaral\u0131) - Skins Universe<\/title>\n<meta name=\"robots\" content=\"index, follow, max-snippet:-1, max-image-preview:large, max-video-preview:-1\" \/>\n<link rel=\"canonical\" href=\"https:\/\/skins-universe.com\/product\/\u2605-avci-bicagi-lore-savas-yarali\/\" \/>\n<meta property=\"og:locale\" content=\"tr_TR\" \/>\n<meta property=\"og:type\" content=\"article\" \/>\n<meta property=\"og:title\" content=\"\u2605 Avc\u0131 B\u0131\u00e7a\u011f\u0131 | Lore (Sava\u015f Yaral\u0131) - Skins Universe\" \/>\n<meta property=\"og:description\" content=\"Modern taktik kullan\u0131mlar i\u00e7in tasarlanan b\u0131\u00e7ak, hem sava\u015f hem de kullan\u0131m ihtiya\u00e7lar\u0131 i\u00e7in \u00e7ok uygundur. Benzersiz Tanto ucu, en zorlu y\u00fczeylerde bile maksimum penetrasyon sa\u011flar. D\u00fc\u011f\u00fcm i\u015fi ile \u00f6zel olarak&hellip;\" \/>\n<meta property=\"og:url\" content=\"https:\/\/skins-universe.com\/product\/\u2605-avci-bicagi-lore-savas-yarali\/\" \/>\n<meta property=\"og:site_name\" content=\"Skins Universe\" \/>\n<meta name=\"twitter:card\" content=\"summary_large_image\" \/>\n<script type=\"application\/ld+json\" class=\"yoast-schema-graph\">{\"@context\":\"https:\/\/schema.org\",\"@graph\":[{\"@type\":\"WebPage\",\"@id\":\"https:\/\/skins-universe.com\/product\/%e2%98%85-avci-bicagi-lore-savas-yarali\/\",\"url\":\"https:\/\/skins-universe.com\/product\/%e2%98%85-avci-bicagi-lore-savas-yarali\/\",\"name\":\"\u2605 Avc\u0131 B\u0131\u00e7a\u011f\u0131 | Lore (Sava\u015f Yaral\u0131) - Skins Universe\",\"isPartOf\":{\"@id\":\"https:\/\/skins-universe.com\/#website\"},\"primaryImageOfPage\":{\"@id\":\"https:\/\/skins-universe.com\/product\/%e2%98%85-avci-bicagi-lore-savas-yarali\/#primaryimage\"},\"image\":{\"@id\":\"https:\/\/skins-universe.com\/product\/%e2%98%85-avci-bicagi-lore-savas-yarali\/#primaryimage\"},\"thumbnailUrl\":\"https:\/\/skins-universe.com\/wp-content\/uploads\/2026\/01\/Huntsman_Knife_Lore_Battle_Scarred.webp\",\"datePublished\":\"2026-01-02T11:59:20+00:00\",\"breadcrumb\":{\"@id\":\"https:\/\/skins-universe.com\/product\/%e2%98%85-avci-bicagi-lore-savas-yarali\/#breadcrumb\"},\"inLanguage\":\"tr\",\"potentialAction\":[{\"@type\":\"ReadAction\",\"target\":[\"https:\/\/skins-universe.com\/product\/%e2%98%85-avci-bicagi-lore-savas-yarali\/\"]}]},{\"@type\":\"ImageObject\",\"inLanguage\":\"tr\",\"@id\":\"https:\/\/skins-universe.com\/product\/%e2%98%85-avci-bicagi-lore-savas-yarali\/#primaryimage\",\"url\":\"https:\/\/skins-universe.com\/wp-content\/uploads\/2026\/01\/Huntsman_Knife_Lore_Battle_Scarred.webp\",\"contentUrl\":\"https:\/\/skins-universe.com\/wp-content\/uploads\/2026\/01\/Huntsman_Knife_Lore_Battle_Scarred.webp\",\"width\":458,\"height\":344},{\"@type\":\"BreadcrumbList\",\"@id\":\"https:\/\/skins-universe.com\/product\/%e2%98%85-avci-bicagi-lore-savas-yarali\/#breadcrumb\",\"itemListElement\":[{\"@type\":\"ListItem\",\"position\":1,\"name\":\"Home\",\"item\":\"https:\/\/skins-universe.com\/\"},{\"@type\":\"ListItem\",\"position\":2,\"name\":\"Ma\u011faza\",\"item\":\"https:\/\/skins-universe.com\/tr\/magaza\/\"},{\"@type\":\"ListItem\",\"position\":3,\"name\":\"\u2605 Avc\u0131 B\u0131\u00e7a\u011f\u0131 | Lore (Sava\u015f Yaral\u0131)\"}]},{\"@type\":\"WebSite\",\"@id\":\"https:\/\/skins-universe.com\/#website\",\"url\":\"https:\/\/skins-universe.com\/\",\"name\":\"Skins Universe\",\"description\":\"Elite Skins for Clutch Moments.\",\"publisher\":{\"@id\":\"https:\/\/skins-universe.com\/#organization\"},\"potentialAction\":[{\"@type\":\"SearchAction\",\"target\":{\"@type\":\"EntryPoint\",\"urlTemplate\":\"https:\/\/skins-universe.com\/?s={search_term_string}\"},\"query-input\":{\"@type\":\"PropertyValueSpecification\",\"valueRequired\":true,\"valueName\":\"search_term_string\"}}],\"inLanguage\":\"tr\"},{\"@type\":\"Organization\",\"@id\":\"https:\/\/skins-universe.com\/#organization\",\"name\":\"Skins Universe\",\"url\":\"https:\/\/skins-universe.com\/\",\"logo\":{\"@type\":\"ImageObject\",\"inLanguage\":\"tr\",\"@id\":\"https:\/\/skins-universe.com\/#\/schema\/logo\/image\/\",\"url\":\"https:\/\/skins-universe.com\/wp-content\/uploads\/2020\/06\/cropped-gaming-1-removebg-preview.png\",\"contentUrl\":\"https:\/\/skins-universe.com\/wp-content\/uploads\/2020\/06\/cropped-gaming-1-removebg-preview.png\",\"width\":500,\"height\":262,\"caption\":\"Skins Universe\"},\"image\":{\"@id\":\"https:\/\/skins-universe.com\/#\/schema\/logo\/image\/\"}}]}<\/script>\n<!-- \/ Yoast SEO plugin. -->","yoast_head_json":{"title":"\u2605 Avc\u0131 B\u0131\u00e7a\u011f\u0131 | Lore (Sava\u015f Yaral\u0131) - Skins Universe","robots":{"index":"index","follow":"follow","max-snippet":"max-snippet:-1","max-image-preview":"max-image-preview:large","max-video-preview":"max-video-preview:-1"},"canonical":"https:\/\/skins-universe.com\/product\/\u2605-avci-bicagi-lore-savas-yarali\/","og_locale":"tr_TR","og_type":"article","og_title":"\u2605 Avc\u0131 B\u0131\u00e7a\u011f\u0131 | Lore (Sava\u015f Yaral\u0131) - Skins Universe","og_description":"Modern taktik kullan\u0131mlar i\u00e7in tasarlanan b\u0131\u00e7ak, hem sava\u015f hem de kullan\u0131m ihtiya\u00e7lar\u0131 i\u00e7in \u00e7ok uygundur. Benzersiz Tanto ucu, en zorlu y\u00fczeylerde bile maksimum penetrasyon sa\u011flar. D\u00fc\u011f\u00fcm i\u015fi ile \u00f6zel olarak&hellip;","og_url":"https:\/\/skins-universe.com\/product\/\u2605-avci-bicagi-lore-savas-yarali\/","og_site_name":"Skins Universe","twitter_card":"summary_large_image","schema":{"@context":"https:\/\/schema.org","@graph":[{"@type":"WebPage","@id":"https:\/\/skins-universe.com\/product\/%e2%98%85-avci-bicagi-lore-savas-yarali\/","url":"https:\/\/skins-universe.com\/product\/%e2%98%85-avci-bicagi-lore-savas-yarali\/","name":"\u2605 Avc\u0131 B\u0131\u00e7a\u011f\u0131 | Lore (Sava\u015f Yaral\u0131) - Skins Universe","isPartOf":{"@id":"https:\/\/skins-universe.com\/#website"},"primaryImageOfPage":{"@id":"https:\/\/skins-universe.com\/product\/%e2%98%85-avci-bicagi-lore-savas-yarali\/#primaryimage"},"image":{"@id":"https:\/\/skins-universe.com\/product\/%e2%98%85-avci-bicagi-lore-savas-yarali\/#primaryimage"},"thumbnailUrl":"https:\/\/skins-universe.com\/wp-content\/uploads\/2026\/01\/Huntsman_Knife_Lore_Battle_Scarred.webp","datePublished":"2026-01-02T11:59:20+00:00","breadcrumb":{"@id":"https:\/\/skins-universe.com\/product\/%e2%98%85-avci-bicagi-lore-savas-yarali\/#breadcrumb"},"inLanguage":"tr","potentialAction":[{"@type":"ReadAction","target":["https:\/\/skins-universe.com\/product\/%e2%98%85-avci-bicagi-lore-savas-yarali\/"]}]},{"@type":"ImageObject","inLanguage":"tr","@id":"https:\/\/skins-universe.com\/product\/%e2%98%85-avci-bicagi-lore-savas-yarali\/#primaryimage","url":"https:\/\/skins-universe.com\/wp-content\/uploads\/2026\/01\/Huntsman_Knife_Lore_Battle_Scarred.webp","contentUrl":"https:\/\/skins-universe.com\/wp-content\/uploads\/2026\/01\/Huntsman_Knife_Lore_Battle_Scarred.webp","width":458,"height":344},{"@type":"BreadcrumbList","@id":"https:\/\/skins-universe.com\/product\/%e2%98%85-avci-bicagi-lore-savas-yarali\/#breadcrumb","itemListElement":[{"@type":"ListItem","position":1,"name":"Home","item":"https:\/\/skins-universe.com\/"},{"@type":"ListItem","position":2,"name":"Ma\u011faza","item":"https:\/\/skins-universe.com\/tr\/magaza\/"},{"@type":"ListItem","position":3,"name":"\u2605 Avc\u0131 B\u0131\u00e7a\u011f\u0131 | Lore (Sava\u015f Yaral\u0131)"}]},{"@type":"WebSite","@id":"https:\/\/skins-universe.com\/#website","url":"https:\/\/skins-universe.com\/","name":"Skins Universe","description":"Elite Skins for Clutch Moments.","publisher":{"@id":"https:\/\/skins-universe.com\/#organization"},"potentialAction":[{"@type":"SearchAction","target":{"@type":"EntryPoint","urlTemplate":"https:\/\/skins-universe.com\/?s={search_term_string}"},"query-input":{"@type":"PropertyValueSpecification","valueRequired":true,"valueName":"search_term_string"}}],"inLanguage":"tr"},{"@type":"Organization","@id":"https:\/\/skins-universe.com\/#organization","name":"Skins Universe","url":"https:\/\/skins-universe.com\/","logo":{"@type":"ImageObject","inLanguage":"tr","@id":"https:\/\/skins-universe.com\/#\/schema\/logo\/image\/","url":"https:\/\/skins-universe.com\/wp-content\/uploads\/2020\/06\/cropped-gaming-1-removebg-preview.png","contentUrl":"https:\/\/skins-universe.com\/wp-content\/uploads\/2020\/06\/cropped-gaming-1-removebg-preview.png","width":500,"height":262,"caption":"Skins Universe"},"image":{"@id":"https:\/\/skins-universe.com\/#\/schema\/logo\/image\/"}}]}},"_links":{"self":[{"href":"https:\/\/skins-universe.com\/tr\/wp-json\/wp\/v2\/product\/28115","targetHints":{"allow":["GET"]}}],"collection":[{"href":"https:\/\/skins-universe.com\/tr\/wp-json\/wp\/v2\/product"}],"about":[{"href":"https:\/\/skins-universe.com\/tr\/wp-json\/wp\/v2\/types\/product"}],"replies":[{"embeddable":true,"href":"https:\/\/skins-universe.com\/tr\/wp-json\/wp\/v2\/comments?post=28115"}],"wp:featuredmedia":[{"embeddable":true,"href":"https:\/\/skins-universe.com\/tr\/wp-json\/wp\/v2\/media\/27782"}],"wp:attachment":[{"href":"https:\/\/skins-universe.com\/tr\/wp-json\/wp\/v2\/media?parent=28115"}],"wp:term":[{"taxonomy":"product_brand","embeddable":true,"href":"https:\/\/skins-universe.com\/tr\/wp-json\/wp\/v2\/product_brand?post=28115"},{"taxonomy":"product_cat","embeddable":true,"href":"https:\/\/skins-universe.com\/tr\/wp-json\/wp\/v2\/product_cat?post=28115"},{"taxonomy":"product_tag","embeddable":true,"href":"https:\/\/skins-universe.com\/tr\/wp-json\/wp\/v2\/product_tag?post=28115"}],"curies":[{"name":"wp","href":"https:\/\/api.w.org\/{rel}","templated":true}]}}