{"id":28119,"date":"2026-01-02T11:59:08","date_gmt":"2026-01-02T11:59:08","guid":{"rendered":"https:\/\/skins-universe.com\/product\/%e2%98%85-hayatta-kalma-bicagi-lekeli-sahada-test-edilmistir\/"},"modified":"2026-01-02T11:59:08","modified_gmt":"2026-01-02T11:59:08","slug":"%e2%98%85-hayatta-kalma-bicagi-lekeli-sahada-test-edilmistir","status":"publish","type":"product","link":"https:\/\/skins-universe.com\/tr\/urun\/%e2%98%85-hayatta-kalma-bicagi-lekeli-sahada-test-edilmistir\/","title":{"rendered":"\u2605 Hayatta Kalma B\u0131\u00e7a\u011f\u0131 | Lekeli (Sahada Test Edilmi\u015ftir)"},"content":{"rendered":"<p>Bu \u00e7ok ama\u00e7l\u0131 taktik b\u0131\u00e7ak, kemik veya lif gibi kaba malzemeleri par\u00e7alamak i\u00e7in t\u0131rt\u0131kl\u0131 bir kenara ve keskin bir ba\u011f\u0131rsak kancas\u0131na sahiptir. Kompozit malzemeden sap, alt\u0131gen somunlarla b\u0131\u00e7a\u011fa c\u0131vatalanm\u0131\u015ft\u0131r. Y\u00fczeye damlat\u0131lan limon ve hardal kullan\u0131larak zorlama bir patina verilmi\u015ftir. \u015eimdi da\u011f\u0131n\u0131k oldu\u011funu d\u00fc\u015f\u00fcn\u00fcyorsan\u0131z, siyah \u0131\u015f\u0131k alt\u0131nda g\u00f6rene kadar bekleyin   <\/p>\n","protected":false},"excerpt":{"rendered":"<p>Bu \u00e7ok ama\u00e7l\u0131 taktik b\u0131\u00e7ak, kemik veya lif gibi kaba malzemeleri par\u00e7alamak i\u00e7in t\u0131rt\u0131kl\u0131 bir kenara ve keskin bir ba\u011f\u0131rsak kancas\u0131na sahiptir. Kompozit malzemeden sap, alt\u0131gen somunlarla b\u0131\u00e7a\u011fa c\u0131vatalanm\u0131\u015ft\u0131r. Y\u00fczeye&hellip;<\/p>\n","protected":false},"featured_media":27748,"comment_status":"open","ping_status":"closed","template":"","meta":[],"product_brand":[],"product_cat":[748],"product_tag":[],"class_list":{"0":"post-28119","1":"product","2":"type-product","3":"status-publish","4":"has-post-thumbnail","6":"product_cat-bicak","8":"first","9":"instock","10":"virtual","11":"product-type-simple"},"yoast_head":"<!-- This site is optimized with the Yoast SEO plugin v26.6 - https:\/\/yoast.com\/wordpress\/plugins\/seo\/ -->\n<title>\u2605 Hayatta Kalma B\u0131\u00e7a\u011f\u0131 | Lekeli (Sahada Test Edilmi\u015ftir) - Skins Universe<\/title>\n<meta name=\"robots\" content=\"index, follow, max-snippet:-1, max-image-preview:large, max-video-preview:-1\" \/>\n<link rel=\"canonical\" href=\"https:\/\/skins-universe.com\/product\/\u2605-hayatta-kalma-bicagi-lekeli-sahada-test-edilmistir\/\" \/>\n<meta property=\"og:locale\" content=\"tr_TR\" \/>\n<meta property=\"og:type\" content=\"article\" \/>\n<meta property=\"og:title\" content=\"\u2605 Hayatta Kalma B\u0131\u00e7a\u011f\u0131 | Lekeli (Sahada Test Edilmi\u015ftir) - Skins Universe\" \/>\n<meta property=\"og:description\" content=\"Bu \u00e7ok ama\u00e7l\u0131 taktik b\u0131\u00e7ak, kemik veya lif gibi kaba malzemeleri par\u00e7alamak i\u00e7in t\u0131rt\u0131kl\u0131 bir kenara ve keskin bir ba\u011f\u0131rsak kancas\u0131na sahiptir. Kompozit malzemeden sap, alt\u0131gen somunlarla b\u0131\u00e7a\u011fa c\u0131vatalanm\u0131\u015ft\u0131r. Y\u00fczeye&hellip;\" \/>\n<meta property=\"og:url\" content=\"https:\/\/skins-universe.com\/product\/\u2605-hayatta-kalma-bicagi-lekeli-sahada-test-edilmistir\/\" \/>\n<meta property=\"og:site_name\" content=\"Skins Universe\" \/>\n<meta name=\"twitter:card\" content=\"summary_large_image\" \/>\n<script type=\"application\/ld+json\" class=\"yoast-schema-graph\">{\"@context\":\"https:\/\/schema.org\",\"@graph\":[{\"@type\":\"WebPage\",\"@id\":\"https:\/\/skins-universe.com\/product\/%e2%98%85-hayatta-kalma-bicagi-lekeli-sahada-test-edilmistir\/\",\"url\":\"https:\/\/skins-universe.com\/product\/%e2%98%85-hayatta-kalma-bicagi-lekeli-sahada-test-edilmistir\/\",\"name\":\"\u2605 Hayatta Kalma B\u0131\u00e7a\u011f\u0131 | Lekeli (Sahada Test Edilmi\u015ftir) - Skins Universe\",\"isPartOf\":{\"@id\":\"https:\/\/skins-universe.com\/#website\"},\"primaryImageOfPage\":{\"@id\":\"https:\/\/skins-universe.com\/product\/%e2%98%85-hayatta-kalma-bicagi-lekeli-sahada-test-edilmistir\/#primaryimage\"},\"image\":{\"@id\":\"https:\/\/skins-universe.com\/product\/%e2%98%85-hayatta-kalma-bicagi-lekeli-sahada-test-edilmistir\/#primaryimage\"},\"thumbnailUrl\":\"https:\/\/skins-universe.com\/wp-content\/uploads\/2026\/01\/Survival_Knife_Stained_Field_Tested.webp\",\"datePublished\":\"2026-01-02T11:59:08+00:00\",\"breadcrumb\":{\"@id\":\"https:\/\/skins-universe.com\/product\/%e2%98%85-hayatta-kalma-bicagi-lekeli-sahada-test-edilmistir\/#breadcrumb\"},\"inLanguage\":\"tr\",\"potentialAction\":[{\"@type\":\"ReadAction\",\"target\":[\"https:\/\/skins-universe.com\/product\/%e2%98%85-hayatta-kalma-bicagi-lekeli-sahada-test-edilmistir\/\"]}]},{\"@type\":\"ImageObject\",\"inLanguage\":\"tr\",\"@id\":\"https:\/\/skins-universe.com\/product\/%e2%98%85-hayatta-kalma-bicagi-lekeli-sahada-test-edilmistir\/#primaryimage\",\"url\":\"https:\/\/skins-universe.com\/wp-content\/uploads\/2026\/01\/Survival_Knife_Stained_Field_Tested.webp\",\"contentUrl\":\"https:\/\/skins-universe.com\/wp-content\/uploads\/2026\/01\/Survival_Knife_Stained_Field_Tested.webp\",\"width\":458,\"height\":344},{\"@type\":\"BreadcrumbList\",\"@id\":\"https:\/\/skins-universe.com\/product\/%e2%98%85-hayatta-kalma-bicagi-lekeli-sahada-test-edilmistir\/#breadcrumb\",\"itemListElement\":[{\"@type\":\"ListItem\",\"position\":1,\"name\":\"Home\",\"item\":\"https:\/\/skins-universe.com\/\"},{\"@type\":\"ListItem\",\"position\":2,\"name\":\"Ma\u011faza\",\"item\":\"https:\/\/skins-universe.com\/tr\/magaza\/\"},{\"@type\":\"ListItem\",\"position\":3,\"name\":\"\u2605 Hayatta Kalma B\u0131\u00e7a\u011f\u0131 | Lekeli (Sahada Test Edilmi\u015ftir)\"}]},{\"@type\":\"WebSite\",\"@id\":\"https:\/\/skins-universe.com\/#website\",\"url\":\"https:\/\/skins-universe.com\/\",\"name\":\"Skins Universe\",\"description\":\"Elite Skins for Clutch Moments.\",\"publisher\":{\"@id\":\"https:\/\/skins-universe.com\/#organization\"},\"potentialAction\":[{\"@type\":\"SearchAction\",\"target\":{\"@type\":\"EntryPoint\",\"urlTemplate\":\"https:\/\/skins-universe.com\/?s={search_term_string}\"},\"query-input\":{\"@type\":\"PropertyValueSpecification\",\"valueRequired\":true,\"valueName\":\"search_term_string\"}}],\"inLanguage\":\"tr\"},{\"@type\":\"Organization\",\"@id\":\"https:\/\/skins-universe.com\/#organization\",\"name\":\"Skins Universe\",\"url\":\"https:\/\/skins-universe.com\/\",\"logo\":{\"@type\":\"ImageObject\",\"inLanguage\":\"tr\",\"@id\":\"https:\/\/skins-universe.com\/#\/schema\/logo\/image\/\",\"url\":\"https:\/\/skins-universe.com\/wp-content\/uploads\/2020\/06\/cropped-gaming-1-removebg-preview.png\",\"contentUrl\":\"https:\/\/skins-universe.com\/wp-content\/uploads\/2020\/06\/cropped-gaming-1-removebg-preview.png\",\"width\":500,\"height\":262,\"caption\":\"Skins Universe\"},\"image\":{\"@id\":\"https:\/\/skins-universe.com\/#\/schema\/logo\/image\/\"}}]}<\/script>\n<!-- \/ Yoast SEO plugin. -->","yoast_head_json":{"title":"\u2605 Hayatta Kalma B\u0131\u00e7a\u011f\u0131 | Lekeli (Sahada Test Edilmi\u015ftir) - Skins Universe","robots":{"index":"index","follow":"follow","max-snippet":"max-snippet:-1","max-image-preview":"max-image-preview:large","max-video-preview":"max-video-preview:-1"},"canonical":"https:\/\/skins-universe.com\/product\/\u2605-hayatta-kalma-bicagi-lekeli-sahada-test-edilmistir\/","og_locale":"tr_TR","og_type":"article","og_title":"\u2605 Hayatta Kalma B\u0131\u00e7a\u011f\u0131 | Lekeli (Sahada Test Edilmi\u015ftir) - Skins Universe","og_description":"Bu \u00e7ok ama\u00e7l\u0131 taktik b\u0131\u00e7ak, kemik veya lif gibi kaba malzemeleri par\u00e7alamak i\u00e7in t\u0131rt\u0131kl\u0131 bir kenara ve keskin bir ba\u011f\u0131rsak kancas\u0131na sahiptir. Kompozit malzemeden sap, alt\u0131gen somunlarla b\u0131\u00e7a\u011fa c\u0131vatalanm\u0131\u015ft\u0131r. Y\u00fczeye&hellip;","og_url":"https:\/\/skins-universe.com\/product\/\u2605-hayatta-kalma-bicagi-lekeli-sahada-test-edilmistir\/","og_site_name":"Skins Universe","twitter_card":"summary_large_image","schema":{"@context":"https:\/\/schema.org","@graph":[{"@type":"WebPage","@id":"https:\/\/skins-universe.com\/product\/%e2%98%85-hayatta-kalma-bicagi-lekeli-sahada-test-edilmistir\/","url":"https:\/\/skins-universe.com\/product\/%e2%98%85-hayatta-kalma-bicagi-lekeli-sahada-test-edilmistir\/","name":"\u2605 Hayatta Kalma B\u0131\u00e7a\u011f\u0131 | Lekeli (Sahada Test Edilmi\u015ftir) - Skins Universe","isPartOf":{"@id":"https:\/\/skins-universe.com\/#website"},"primaryImageOfPage":{"@id":"https:\/\/skins-universe.com\/product\/%e2%98%85-hayatta-kalma-bicagi-lekeli-sahada-test-edilmistir\/#primaryimage"},"image":{"@id":"https:\/\/skins-universe.com\/product\/%e2%98%85-hayatta-kalma-bicagi-lekeli-sahada-test-edilmistir\/#primaryimage"},"thumbnailUrl":"https:\/\/skins-universe.com\/wp-content\/uploads\/2026\/01\/Survival_Knife_Stained_Field_Tested.webp","datePublished":"2026-01-02T11:59:08+00:00","breadcrumb":{"@id":"https:\/\/skins-universe.com\/product\/%e2%98%85-hayatta-kalma-bicagi-lekeli-sahada-test-edilmistir\/#breadcrumb"},"inLanguage":"tr","potentialAction":[{"@type":"ReadAction","target":["https:\/\/skins-universe.com\/product\/%e2%98%85-hayatta-kalma-bicagi-lekeli-sahada-test-edilmistir\/"]}]},{"@type":"ImageObject","inLanguage":"tr","@id":"https:\/\/skins-universe.com\/product\/%e2%98%85-hayatta-kalma-bicagi-lekeli-sahada-test-edilmistir\/#primaryimage","url":"https:\/\/skins-universe.com\/wp-content\/uploads\/2026\/01\/Survival_Knife_Stained_Field_Tested.webp","contentUrl":"https:\/\/skins-universe.com\/wp-content\/uploads\/2026\/01\/Survival_Knife_Stained_Field_Tested.webp","width":458,"height":344},{"@type":"BreadcrumbList","@id":"https:\/\/skins-universe.com\/product\/%e2%98%85-hayatta-kalma-bicagi-lekeli-sahada-test-edilmistir\/#breadcrumb","itemListElement":[{"@type":"ListItem","position":1,"name":"Home","item":"https:\/\/skins-universe.com\/"},{"@type":"ListItem","position":2,"name":"Ma\u011faza","item":"https:\/\/skins-universe.com\/tr\/magaza\/"},{"@type":"ListItem","position":3,"name":"\u2605 Hayatta Kalma B\u0131\u00e7a\u011f\u0131 | Lekeli (Sahada Test Edilmi\u015ftir)"}]},{"@type":"WebSite","@id":"https:\/\/skins-universe.com\/#website","url":"https:\/\/skins-universe.com\/","name":"Skins Universe","description":"Elite Skins for Clutch Moments.","publisher":{"@id":"https:\/\/skins-universe.com\/#organization"},"potentialAction":[{"@type":"SearchAction","target":{"@type":"EntryPoint","urlTemplate":"https:\/\/skins-universe.com\/?s={search_term_string}"},"query-input":{"@type":"PropertyValueSpecification","valueRequired":true,"valueName":"search_term_string"}}],"inLanguage":"tr"},{"@type":"Organization","@id":"https:\/\/skins-universe.com\/#organization","name":"Skins Universe","url":"https:\/\/skins-universe.com\/","logo":{"@type":"ImageObject","inLanguage":"tr","@id":"https:\/\/skins-universe.com\/#\/schema\/logo\/image\/","url":"https:\/\/skins-universe.com\/wp-content\/uploads\/2020\/06\/cropped-gaming-1-removebg-preview.png","contentUrl":"https:\/\/skins-universe.com\/wp-content\/uploads\/2020\/06\/cropped-gaming-1-removebg-preview.png","width":500,"height":262,"caption":"Skins Universe"},"image":{"@id":"https:\/\/skins-universe.com\/#\/schema\/logo\/image\/"}}]}},"_links":{"self":[{"href":"https:\/\/skins-universe.com\/tr\/wp-json\/wp\/v2\/product\/28119","targetHints":{"allow":["GET"]}}],"collection":[{"href":"https:\/\/skins-universe.com\/tr\/wp-json\/wp\/v2\/product"}],"about":[{"href":"https:\/\/skins-universe.com\/tr\/wp-json\/wp\/v2\/types\/product"}],"replies":[{"embeddable":true,"href":"https:\/\/skins-universe.com\/tr\/wp-json\/wp\/v2\/comments?post=28119"}],"wp:featuredmedia":[{"embeddable":true,"href":"https:\/\/skins-universe.com\/tr\/wp-json\/wp\/v2\/media\/27748"}],"wp:attachment":[{"href":"https:\/\/skins-universe.com\/tr\/wp-json\/wp\/v2\/media?parent=28119"}],"wp:term":[{"taxonomy":"product_brand","embeddable":true,"href":"https:\/\/skins-universe.com\/tr\/wp-json\/wp\/v2\/product_brand?post=28119"},{"taxonomy":"product_cat","embeddable":true,"href":"https:\/\/skins-universe.com\/tr\/wp-json\/wp\/v2\/product_cat?post=28119"},{"taxonomy":"product_tag","embeddable":true,"href":"https:\/\/skins-universe.com\/tr\/wp-json\/wp\/v2\/product_tag?post=28119"}],"curies":[{"name":"wp","href":"https:\/\/api.w.org\/{rel}","templated":true}]}}