{"id":28134,"date":"2026-01-02T11:58:45","date_gmt":"2026-01-02T11:58:45","guid":{"rendered":"https:\/\/skins-universe.com\/product\/%e2%98%85-golge-hancerler-pas-palto-savas-karasi\/"},"modified":"2026-01-02T11:58:45","modified_gmt":"2026-01-02T11:58:45","slug":"%e2%98%85-golge-hancerler-pas-palto-savas-karasi","status":"publish","type":"product","link":"https:\/\/skins-universe.com\/tr\/urun\/%e2%98%85-golge-hancerler-pas-palto-savas-karasi\/","title":{"rendered":"\u2605 G\u00f6lge Han\u00e7erler | Pas Palto (Sava\u015f Karas\u0131)"},"content":{"rendered":"<p>Etkili bir vah\u015fet i\u00e7in tasarlanan itmeli han\u00e7eri kullanmak, bir ya da iki yumruk atmak kadar basittir. D\u0131\u015f y\u00fczeyleri paslanm\u0131\u015f olmas\u0131na ra\u011fmen hala m\u00fckemmel bir \u015fekilde \u00e7al\u0131\u015fmaktad\u0131r. Baz\u0131 insanlar i\u015flerinin ne kadar kirli oldu\u011funu saklamaya ihtiya\u00e7 duymazlar.  <\/p>\n","protected":false},"excerpt":{"rendered":"<p>Etkili bir vah\u015fet i\u00e7in tasarlanan itmeli han\u00e7eri kullanmak, bir ya da iki yumruk atmak kadar basittir. D\u0131\u015f y\u00fczeyleri paslanm\u0131\u015f olmas\u0131na ra\u011fmen hala m\u00fckemmel bir \u015fekilde \u00e7al\u0131\u015fmaktad\u0131r. Baz\u0131 insanlar i\u015flerinin ne&hellip;<\/p>\n","protected":false},"featured_media":26762,"comment_status":"open","ping_status":"closed","template":"","meta":[],"product_brand":[],"product_cat":[748],"product_tag":[],"class_list":{"0":"post-28134","1":"product","2":"type-product","3":"status-publish","4":"has-post-thumbnail","6":"product_cat-bicak","8":"first","9":"instock","10":"virtual","11":"product-type-simple"},"yoast_head":"<!-- This site is optimized with the Yoast SEO plugin v26.6 - https:\/\/yoast.com\/wordpress\/plugins\/seo\/ -->\n<title>\u2605 G\u00f6lge Han\u00e7erler | Pas Palto (Sava\u015f Karas\u0131) - Skins Universe<\/title>\n<meta name=\"robots\" content=\"index, follow, max-snippet:-1, max-image-preview:large, max-video-preview:-1\" \/>\n<link rel=\"canonical\" href=\"https:\/\/skins-universe.com\/product\/\u2605-golge-hancerler-pas-palto-savas-karasi\/\" \/>\n<meta property=\"og:locale\" content=\"tr_TR\" \/>\n<meta property=\"og:type\" content=\"article\" \/>\n<meta property=\"og:title\" content=\"\u2605 G\u00f6lge Han\u00e7erler | Pas Palto (Sava\u015f Karas\u0131) - Skins Universe\" \/>\n<meta property=\"og:description\" content=\"Etkili bir vah\u015fet i\u00e7in tasarlanan itmeli han\u00e7eri kullanmak, bir ya da iki yumruk atmak kadar basittir. D\u0131\u015f y\u00fczeyleri paslanm\u0131\u015f olmas\u0131na ra\u011fmen hala m\u00fckemmel bir \u015fekilde \u00e7al\u0131\u015fmaktad\u0131r. Baz\u0131 insanlar i\u015flerinin ne&hellip;\" \/>\n<meta property=\"og:url\" content=\"https:\/\/skins-universe.com\/product\/\u2605-golge-hancerler-pas-palto-savas-karasi\/\" \/>\n<meta property=\"og:site_name\" content=\"Skins Universe\" \/>\n<meta name=\"twitter:card\" content=\"summary_large_image\" \/>\n<script type=\"application\/ld+json\" class=\"yoast-schema-graph\">{\"@context\":\"https:\/\/schema.org\",\"@graph\":[{\"@type\":\"WebPage\",\"@id\":\"https:\/\/skins-universe.com\/product\/%e2%98%85-golge-hancerler-pas-palto-savas-karasi\/\",\"url\":\"https:\/\/skins-universe.com\/product\/%e2%98%85-golge-hancerler-pas-palto-savas-karasi\/\",\"name\":\"\u2605 G\u00f6lge Han\u00e7erler | Pas Palto (Sava\u015f Karas\u0131) - Skins Universe\",\"isPartOf\":{\"@id\":\"https:\/\/skins-universe.com\/#website\"},\"primaryImageOfPage\":{\"@id\":\"https:\/\/skins-universe.com\/product\/%e2%98%85-golge-hancerler-pas-palto-savas-karasi\/#primaryimage\"},\"image\":{\"@id\":\"https:\/\/skins-universe.com\/product\/%e2%98%85-golge-hancerler-pas-palto-savas-karasi\/#primaryimage\"},\"thumbnailUrl\":\"https:\/\/skins-universe.com\/wp-content\/uploads\/2025\/12\/Shadow_Daggers_Rust_Coat_Battle_Scarred.webp\",\"datePublished\":\"2026-01-02T11:58:45+00:00\",\"breadcrumb\":{\"@id\":\"https:\/\/skins-universe.com\/product\/%e2%98%85-golge-hancerler-pas-palto-savas-karasi\/#breadcrumb\"},\"inLanguage\":\"tr\",\"potentialAction\":[{\"@type\":\"ReadAction\",\"target\":[\"https:\/\/skins-universe.com\/product\/%e2%98%85-golge-hancerler-pas-palto-savas-karasi\/\"]}]},{\"@type\":\"ImageObject\",\"inLanguage\":\"tr\",\"@id\":\"https:\/\/skins-universe.com\/product\/%e2%98%85-golge-hancerler-pas-palto-savas-karasi\/#primaryimage\",\"url\":\"https:\/\/skins-universe.com\/wp-content\/uploads\/2025\/12\/Shadow_Daggers_Rust_Coat_Battle_Scarred.webp\",\"contentUrl\":\"https:\/\/skins-universe.com\/wp-content\/uploads\/2025\/12\/Shadow_Daggers_Rust_Coat_Battle_Scarred.webp\",\"width\":458,\"height\":344},{\"@type\":\"BreadcrumbList\",\"@id\":\"https:\/\/skins-universe.com\/product\/%e2%98%85-golge-hancerler-pas-palto-savas-karasi\/#breadcrumb\",\"itemListElement\":[{\"@type\":\"ListItem\",\"position\":1,\"name\":\"Home\",\"item\":\"https:\/\/skins-universe.com\/\"},{\"@type\":\"ListItem\",\"position\":2,\"name\":\"Ma\u011faza\",\"item\":\"https:\/\/skins-universe.com\/tr\/magaza\/\"},{\"@type\":\"ListItem\",\"position\":3,\"name\":\"\u2605 G\u00f6lge Han\u00e7erler | Pas Palto (Sava\u015f Karas\u0131)\"}]},{\"@type\":\"WebSite\",\"@id\":\"https:\/\/skins-universe.com\/#website\",\"url\":\"https:\/\/skins-universe.com\/\",\"name\":\"Skins Universe\",\"description\":\"Elite Skins for Clutch Moments.\",\"publisher\":{\"@id\":\"https:\/\/skins-universe.com\/#organization\"},\"potentialAction\":[{\"@type\":\"SearchAction\",\"target\":{\"@type\":\"EntryPoint\",\"urlTemplate\":\"https:\/\/skins-universe.com\/?s={search_term_string}\"},\"query-input\":{\"@type\":\"PropertyValueSpecification\",\"valueRequired\":true,\"valueName\":\"search_term_string\"}}],\"inLanguage\":\"tr\"},{\"@type\":\"Organization\",\"@id\":\"https:\/\/skins-universe.com\/#organization\",\"name\":\"Skins Universe\",\"url\":\"https:\/\/skins-universe.com\/\",\"logo\":{\"@type\":\"ImageObject\",\"inLanguage\":\"tr\",\"@id\":\"https:\/\/skins-universe.com\/#\/schema\/logo\/image\/\",\"url\":\"https:\/\/skins-universe.com\/wp-content\/uploads\/2020\/06\/cropped-gaming-1-removebg-preview.png\",\"contentUrl\":\"https:\/\/skins-universe.com\/wp-content\/uploads\/2020\/06\/cropped-gaming-1-removebg-preview.png\",\"width\":500,\"height\":262,\"caption\":\"Skins Universe\"},\"image\":{\"@id\":\"https:\/\/skins-universe.com\/#\/schema\/logo\/image\/\"}}]}<\/script>\n<!-- \/ Yoast SEO plugin. -->","yoast_head_json":{"title":"\u2605 G\u00f6lge Han\u00e7erler | Pas Palto (Sava\u015f Karas\u0131) - Skins Universe","robots":{"index":"index","follow":"follow","max-snippet":"max-snippet:-1","max-image-preview":"max-image-preview:large","max-video-preview":"max-video-preview:-1"},"canonical":"https:\/\/skins-universe.com\/product\/\u2605-golge-hancerler-pas-palto-savas-karasi\/","og_locale":"tr_TR","og_type":"article","og_title":"\u2605 G\u00f6lge Han\u00e7erler | Pas Palto (Sava\u015f Karas\u0131) - Skins Universe","og_description":"Etkili bir vah\u015fet i\u00e7in tasarlanan itmeli han\u00e7eri kullanmak, bir ya da iki yumruk atmak kadar basittir. D\u0131\u015f y\u00fczeyleri paslanm\u0131\u015f olmas\u0131na ra\u011fmen hala m\u00fckemmel bir \u015fekilde \u00e7al\u0131\u015fmaktad\u0131r. Baz\u0131 insanlar i\u015flerinin ne&hellip;","og_url":"https:\/\/skins-universe.com\/product\/\u2605-golge-hancerler-pas-palto-savas-karasi\/","og_site_name":"Skins Universe","twitter_card":"summary_large_image","schema":{"@context":"https:\/\/schema.org","@graph":[{"@type":"WebPage","@id":"https:\/\/skins-universe.com\/product\/%e2%98%85-golge-hancerler-pas-palto-savas-karasi\/","url":"https:\/\/skins-universe.com\/product\/%e2%98%85-golge-hancerler-pas-palto-savas-karasi\/","name":"\u2605 G\u00f6lge Han\u00e7erler | Pas Palto (Sava\u015f Karas\u0131) - Skins Universe","isPartOf":{"@id":"https:\/\/skins-universe.com\/#website"},"primaryImageOfPage":{"@id":"https:\/\/skins-universe.com\/product\/%e2%98%85-golge-hancerler-pas-palto-savas-karasi\/#primaryimage"},"image":{"@id":"https:\/\/skins-universe.com\/product\/%e2%98%85-golge-hancerler-pas-palto-savas-karasi\/#primaryimage"},"thumbnailUrl":"https:\/\/skins-universe.com\/wp-content\/uploads\/2025\/12\/Shadow_Daggers_Rust_Coat_Battle_Scarred.webp","datePublished":"2026-01-02T11:58:45+00:00","breadcrumb":{"@id":"https:\/\/skins-universe.com\/product\/%e2%98%85-golge-hancerler-pas-palto-savas-karasi\/#breadcrumb"},"inLanguage":"tr","potentialAction":[{"@type":"ReadAction","target":["https:\/\/skins-universe.com\/product\/%e2%98%85-golge-hancerler-pas-palto-savas-karasi\/"]}]},{"@type":"ImageObject","inLanguage":"tr","@id":"https:\/\/skins-universe.com\/product\/%e2%98%85-golge-hancerler-pas-palto-savas-karasi\/#primaryimage","url":"https:\/\/skins-universe.com\/wp-content\/uploads\/2025\/12\/Shadow_Daggers_Rust_Coat_Battle_Scarred.webp","contentUrl":"https:\/\/skins-universe.com\/wp-content\/uploads\/2025\/12\/Shadow_Daggers_Rust_Coat_Battle_Scarred.webp","width":458,"height":344},{"@type":"BreadcrumbList","@id":"https:\/\/skins-universe.com\/product\/%e2%98%85-golge-hancerler-pas-palto-savas-karasi\/#breadcrumb","itemListElement":[{"@type":"ListItem","position":1,"name":"Home","item":"https:\/\/skins-universe.com\/"},{"@type":"ListItem","position":2,"name":"Ma\u011faza","item":"https:\/\/skins-universe.com\/tr\/magaza\/"},{"@type":"ListItem","position":3,"name":"\u2605 G\u00f6lge Han\u00e7erler | Pas Palto (Sava\u015f Karas\u0131)"}]},{"@type":"WebSite","@id":"https:\/\/skins-universe.com\/#website","url":"https:\/\/skins-universe.com\/","name":"Skins Universe","description":"Elite Skins for Clutch Moments.","publisher":{"@id":"https:\/\/skins-universe.com\/#organization"},"potentialAction":[{"@type":"SearchAction","target":{"@type":"EntryPoint","urlTemplate":"https:\/\/skins-universe.com\/?s={search_term_string}"},"query-input":{"@type":"PropertyValueSpecification","valueRequired":true,"valueName":"search_term_string"}}],"inLanguage":"tr"},{"@type":"Organization","@id":"https:\/\/skins-universe.com\/#organization","name":"Skins Universe","url":"https:\/\/skins-universe.com\/","logo":{"@type":"ImageObject","inLanguage":"tr","@id":"https:\/\/skins-universe.com\/#\/schema\/logo\/image\/","url":"https:\/\/skins-universe.com\/wp-content\/uploads\/2020\/06\/cropped-gaming-1-removebg-preview.png","contentUrl":"https:\/\/skins-universe.com\/wp-content\/uploads\/2020\/06\/cropped-gaming-1-removebg-preview.png","width":500,"height":262,"caption":"Skins Universe"},"image":{"@id":"https:\/\/skins-universe.com\/#\/schema\/logo\/image\/"}}]}},"_links":{"self":[{"href":"https:\/\/skins-universe.com\/tr\/wp-json\/wp\/v2\/product\/28134","targetHints":{"allow":["GET"]}}],"collection":[{"href":"https:\/\/skins-universe.com\/tr\/wp-json\/wp\/v2\/product"}],"about":[{"href":"https:\/\/skins-universe.com\/tr\/wp-json\/wp\/v2\/types\/product"}],"replies":[{"embeddable":true,"href":"https:\/\/skins-universe.com\/tr\/wp-json\/wp\/v2\/comments?post=28134"}],"wp:featuredmedia":[{"embeddable":true,"href":"https:\/\/skins-universe.com\/tr\/wp-json\/wp\/v2\/media\/26762"}],"wp:attachment":[{"href":"https:\/\/skins-universe.com\/tr\/wp-json\/wp\/v2\/media?parent=28134"}],"wp:term":[{"taxonomy":"product_brand","embeddable":true,"href":"https:\/\/skins-universe.com\/tr\/wp-json\/wp\/v2\/product_brand?post=28134"},{"taxonomy":"product_cat","embeddable":true,"href":"https:\/\/skins-universe.com\/tr\/wp-json\/wp\/v2\/product_cat?post=28134"},{"taxonomy":"product_tag","embeddable":true,"href":"https:\/\/skins-universe.com\/tr\/wp-json\/wp\/v2\/product_tag?post=28134"}],"curies":[{"name":"wp","href":"https:\/\/api.w.org\/{rel}","templated":true}]}}