{"id":28143,"date":"2026-01-02T11:58:39","date_gmt":"2026-01-02T11:58:39","guid":{"rendered":"https:\/\/skins-universe.com\/product\/stattrak-nova-antik-minimal-asinma\/"},"modified":"2026-01-02T15:05:50","modified_gmt":"2026-01-02T15:05:50","slug":"stattrak-nova-antik-minimal-asinma","status":"publish","type":"product","link":"https:\/\/skins-universe.com\/tr\/urun\/stattrak-nova-antik-minimal-asinma\/","title":{"rendered":"StatTrak\u2122 Nova | Antik (Minimal A\u015f\u0131nma)"},"content":{"rendered":"<p>Nova&#8217;n\u0131n \u00e7ok d\u00fc\u015f\u00fck fiyat etiketi, onu nakit s\u0131k\u0131nt\u0131s\u0131 \u00e7eken bir tak\u0131m i\u00e7in harika bir pusu silah\u0131 yapar. Ah\u015fap dip\u00e7ik ve alt\u0131n kakma g\u00f6r\u00fcn\u00fcm\u00fc yaratmak i\u00e7in hidrografik ve kuru transfer \u00e7\u0131kartmalar\u0131n bir kombinasyonu kullan\u0131larak boyanm\u0131\u015ft\u0131r. Ya\u015fla birlikte bilgelik ve durdurma g\u00fcc\u00fc gelir  <\/p>\n","protected":false},"excerpt":{"rendered":"<p>Nova&#8217;n\u0131n \u00e7ok d\u00fc\u015f\u00fck fiyat etiketi, onu nakit s\u0131k\u0131nt\u0131s\u0131 \u00e7eken bir tak\u0131m i\u00e7in harika bir pusu silah\u0131 yapar. Ah\u015fap dip\u00e7ik ve alt\u0131n kakma g\u00f6r\u00fcn\u00fcm\u00fc yaratmak i\u00e7in hidrografik ve kuru transfer \u00e7\u0131kartmalar\u0131n&hellip;<\/p>\n","protected":false},"featured_media":27676,"comment_status":"open","ping_status":"closed","template":"","meta":[],"product_brand":[],"product_cat":[749],"product_tag":[],"class_list":{"0":"post-28143","1":"product","2":"type-product","3":"status-publish","4":"has-post-thumbnail","6":"product_cat-av-tufegi","8":"first","9":"instock","10":"virtual","11":"product-type-simple"},"yoast_head":"<!-- This site is optimized with the Yoast SEO plugin v26.6 - https:\/\/yoast.com\/wordpress\/plugins\/seo\/ -->\n<title>StatTrak\u2122 Nova | Antik (Minimal A\u015f\u0131nma) - Skins Universe<\/title>\n<meta name=\"robots\" content=\"index, follow, max-snippet:-1, max-image-preview:large, max-video-preview:-1\" \/>\n<link rel=\"canonical\" href=\"https:\/\/skins-universe.com\/tr\/urun\/stattrak-nova-antik-minimal-asinma\/\" \/>\n<meta property=\"og:locale\" content=\"tr_TR\" \/>\n<meta property=\"og:type\" content=\"article\" \/>\n<meta property=\"og:title\" content=\"StatTrak\u2122 Nova | Antik (Minimal A\u015f\u0131nma) - Skins Universe\" \/>\n<meta property=\"og:description\" content=\"Nova&#8217;n\u0131n \u00e7ok d\u00fc\u015f\u00fck fiyat etiketi, onu nakit s\u0131k\u0131nt\u0131s\u0131 \u00e7eken bir tak\u0131m i\u00e7in harika bir pusu silah\u0131 yapar. Ah\u015fap dip\u00e7ik ve alt\u0131n kakma g\u00f6r\u00fcn\u00fcm\u00fc yaratmak i\u00e7in hidrografik ve kuru transfer \u00e7\u0131kartmalar\u0131n&hellip;\" \/>\n<meta property=\"og:url\" content=\"https:\/\/skins-universe.com\/tr\/urun\/stattrak-nova-antik-minimal-asinma\/\" \/>\n<meta property=\"og:site_name\" content=\"Skins Universe\" \/>\n<meta property=\"article:modified_time\" content=\"2026-01-02T15:05:50+00:00\" \/>\n<meta property=\"og:image\" content=\"https:\/\/skins-universe.com\/wp-content\/uploads\/2026\/01\/StatTrak_Nova_Antique_Minimal_Wear.webp\" \/>\n\t<meta property=\"og:image:width\" content=\"458\" \/>\n\t<meta property=\"og:image:height\" content=\"344\" \/>\n\t<meta property=\"og:image:type\" content=\"image\/webp\" \/>\n<meta name=\"twitter:card\" content=\"summary_large_image\" \/>\n<script type=\"application\/ld+json\" class=\"yoast-schema-graph\">{\"@context\":\"https:\/\/schema.org\",\"@graph\":[{\"@type\":\"WebPage\",\"@id\":\"https:\/\/skins-universe.com\/tr\/urun\/stattrak-nova-antik-minimal-asinma\/\",\"url\":\"https:\/\/skins-universe.com\/tr\/urun\/stattrak-nova-antik-minimal-asinma\/\",\"name\":\"StatTrak\u2122 Nova | Antik (Minimal A\u015f\u0131nma) - Skins Universe\",\"isPartOf\":{\"@id\":\"https:\/\/skins-universe.com\/#website\"},\"primaryImageOfPage\":{\"@id\":\"https:\/\/skins-universe.com\/tr\/urun\/stattrak-nova-antik-minimal-asinma\/#primaryimage\"},\"image\":{\"@id\":\"https:\/\/skins-universe.com\/tr\/urun\/stattrak-nova-antik-minimal-asinma\/#primaryimage\"},\"thumbnailUrl\":\"https:\/\/skins-universe.com\/wp-content\/uploads\/2026\/01\/StatTrak_Nova_Antique_Minimal_Wear.webp\",\"datePublished\":\"2026-01-02T11:58:39+00:00\",\"dateModified\":\"2026-01-02T15:05:50+00:00\",\"breadcrumb\":{\"@id\":\"https:\/\/skins-universe.com\/tr\/urun\/stattrak-nova-antik-minimal-asinma\/#breadcrumb\"},\"inLanguage\":\"tr\",\"potentialAction\":[{\"@type\":\"ReadAction\",\"target\":[\"https:\/\/skins-universe.com\/tr\/urun\/stattrak-nova-antik-minimal-asinma\/\"]}]},{\"@type\":\"ImageObject\",\"inLanguage\":\"tr\",\"@id\":\"https:\/\/skins-universe.com\/tr\/urun\/stattrak-nova-antik-minimal-asinma\/#primaryimage\",\"url\":\"https:\/\/skins-universe.com\/wp-content\/uploads\/2026\/01\/StatTrak_Nova_Antique_Minimal_Wear.webp\",\"contentUrl\":\"https:\/\/skins-universe.com\/wp-content\/uploads\/2026\/01\/StatTrak_Nova_Antique_Minimal_Wear.webp\",\"width\":458,\"height\":344},{\"@type\":\"BreadcrumbList\",\"@id\":\"https:\/\/skins-universe.com\/tr\/urun\/stattrak-nova-antik-minimal-asinma\/#breadcrumb\",\"itemListElement\":[{\"@type\":\"ListItem\",\"position\":1,\"name\":\"Home\",\"item\":\"https:\/\/skins-universe.com\/\"},{\"@type\":\"ListItem\",\"position\":2,\"name\":\"Ma\u011faza\",\"item\":\"https:\/\/skins-universe.com\/tr\/magaza\/\"},{\"@type\":\"ListItem\",\"position\":3,\"name\":\"StatTrak\u2122 Nova | Antik (Minimal A\u015f\u0131nma)\"}]},{\"@type\":\"WebSite\",\"@id\":\"https:\/\/skins-universe.com\/#website\",\"url\":\"https:\/\/skins-universe.com\/\",\"name\":\"Skins Universe\",\"description\":\"Elite Skins for Clutch Moments.\",\"publisher\":{\"@id\":\"https:\/\/skins-universe.com\/#organization\"},\"potentialAction\":[{\"@type\":\"SearchAction\",\"target\":{\"@type\":\"EntryPoint\",\"urlTemplate\":\"https:\/\/skins-universe.com\/?s={search_term_string}\"},\"query-input\":{\"@type\":\"PropertyValueSpecification\",\"valueRequired\":true,\"valueName\":\"search_term_string\"}}],\"inLanguage\":\"tr\"},{\"@type\":\"Organization\",\"@id\":\"https:\/\/skins-universe.com\/#organization\",\"name\":\"Skins Universe\",\"url\":\"https:\/\/skins-universe.com\/\",\"logo\":{\"@type\":\"ImageObject\",\"inLanguage\":\"tr\",\"@id\":\"https:\/\/skins-universe.com\/#\/schema\/logo\/image\/\",\"url\":\"https:\/\/skins-universe.com\/wp-content\/uploads\/2020\/06\/cropped-gaming-1-removebg-preview.png\",\"contentUrl\":\"https:\/\/skins-universe.com\/wp-content\/uploads\/2020\/06\/cropped-gaming-1-removebg-preview.png\",\"width\":500,\"height\":262,\"caption\":\"Skins Universe\"},\"image\":{\"@id\":\"https:\/\/skins-universe.com\/#\/schema\/logo\/image\/\"}}]}<\/script>\n<!-- \/ Yoast SEO plugin. -->","yoast_head_json":{"title":"StatTrak\u2122 Nova | Antik (Minimal A\u015f\u0131nma) - Skins Universe","robots":{"index":"index","follow":"follow","max-snippet":"max-snippet:-1","max-image-preview":"max-image-preview:large","max-video-preview":"max-video-preview:-1"},"canonical":"https:\/\/skins-universe.com\/tr\/urun\/stattrak-nova-antik-minimal-asinma\/","og_locale":"tr_TR","og_type":"article","og_title":"StatTrak\u2122 Nova | Antik (Minimal A\u015f\u0131nma) - Skins Universe","og_description":"Nova&#8217;n\u0131n \u00e7ok d\u00fc\u015f\u00fck fiyat etiketi, onu nakit s\u0131k\u0131nt\u0131s\u0131 \u00e7eken bir tak\u0131m i\u00e7in harika bir pusu silah\u0131 yapar. Ah\u015fap dip\u00e7ik ve alt\u0131n kakma g\u00f6r\u00fcn\u00fcm\u00fc yaratmak i\u00e7in hidrografik ve kuru transfer \u00e7\u0131kartmalar\u0131n&hellip;","og_url":"https:\/\/skins-universe.com\/tr\/urun\/stattrak-nova-antik-minimal-asinma\/","og_site_name":"Skins Universe","article_modified_time":"2026-01-02T15:05:50+00:00","og_image":[{"width":458,"height":344,"url":"https:\/\/skins-universe.com\/wp-content\/uploads\/2026\/01\/StatTrak_Nova_Antique_Minimal_Wear.webp","type":"image\/webp"}],"twitter_card":"summary_large_image","schema":{"@context":"https:\/\/schema.org","@graph":[{"@type":"WebPage","@id":"https:\/\/skins-universe.com\/tr\/urun\/stattrak-nova-antik-minimal-asinma\/","url":"https:\/\/skins-universe.com\/tr\/urun\/stattrak-nova-antik-minimal-asinma\/","name":"StatTrak\u2122 Nova | Antik (Minimal A\u015f\u0131nma) - Skins Universe","isPartOf":{"@id":"https:\/\/skins-universe.com\/#website"},"primaryImageOfPage":{"@id":"https:\/\/skins-universe.com\/tr\/urun\/stattrak-nova-antik-minimal-asinma\/#primaryimage"},"image":{"@id":"https:\/\/skins-universe.com\/tr\/urun\/stattrak-nova-antik-minimal-asinma\/#primaryimage"},"thumbnailUrl":"https:\/\/skins-universe.com\/wp-content\/uploads\/2026\/01\/StatTrak_Nova_Antique_Minimal_Wear.webp","datePublished":"2026-01-02T11:58:39+00:00","dateModified":"2026-01-02T15:05:50+00:00","breadcrumb":{"@id":"https:\/\/skins-universe.com\/tr\/urun\/stattrak-nova-antik-minimal-asinma\/#breadcrumb"},"inLanguage":"tr","potentialAction":[{"@type":"ReadAction","target":["https:\/\/skins-universe.com\/tr\/urun\/stattrak-nova-antik-minimal-asinma\/"]}]},{"@type":"ImageObject","inLanguage":"tr","@id":"https:\/\/skins-universe.com\/tr\/urun\/stattrak-nova-antik-minimal-asinma\/#primaryimage","url":"https:\/\/skins-universe.com\/wp-content\/uploads\/2026\/01\/StatTrak_Nova_Antique_Minimal_Wear.webp","contentUrl":"https:\/\/skins-universe.com\/wp-content\/uploads\/2026\/01\/StatTrak_Nova_Antique_Minimal_Wear.webp","width":458,"height":344},{"@type":"BreadcrumbList","@id":"https:\/\/skins-universe.com\/tr\/urun\/stattrak-nova-antik-minimal-asinma\/#breadcrumb","itemListElement":[{"@type":"ListItem","position":1,"name":"Home","item":"https:\/\/skins-universe.com\/"},{"@type":"ListItem","position":2,"name":"Ma\u011faza","item":"https:\/\/skins-universe.com\/tr\/magaza\/"},{"@type":"ListItem","position":3,"name":"StatTrak\u2122 Nova | Antik (Minimal A\u015f\u0131nma)"}]},{"@type":"WebSite","@id":"https:\/\/skins-universe.com\/#website","url":"https:\/\/skins-universe.com\/","name":"Skins Universe","description":"Elite Skins for Clutch Moments.","publisher":{"@id":"https:\/\/skins-universe.com\/#organization"},"potentialAction":[{"@type":"SearchAction","target":{"@type":"EntryPoint","urlTemplate":"https:\/\/skins-universe.com\/?s={search_term_string}"},"query-input":{"@type":"PropertyValueSpecification","valueRequired":true,"valueName":"search_term_string"}}],"inLanguage":"tr"},{"@type":"Organization","@id":"https:\/\/skins-universe.com\/#organization","name":"Skins Universe","url":"https:\/\/skins-universe.com\/","logo":{"@type":"ImageObject","inLanguage":"tr","@id":"https:\/\/skins-universe.com\/#\/schema\/logo\/image\/","url":"https:\/\/skins-universe.com\/wp-content\/uploads\/2020\/06\/cropped-gaming-1-removebg-preview.png","contentUrl":"https:\/\/skins-universe.com\/wp-content\/uploads\/2020\/06\/cropped-gaming-1-removebg-preview.png","width":500,"height":262,"caption":"Skins Universe"},"image":{"@id":"https:\/\/skins-universe.com\/#\/schema\/logo\/image\/"}}]}},"_links":{"self":[{"href":"https:\/\/skins-universe.com\/tr\/wp-json\/wp\/v2\/product\/28143","targetHints":{"allow":["GET"]}}],"collection":[{"href":"https:\/\/skins-universe.com\/tr\/wp-json\/wp\/v2\/product"}],"about":[{"href":"https:\/\/skins-universe.com\/tr\/wp-json\/wp\/v2\/types\/product"}],"replies":[{"embeddable":true,"href":"https:\/\/skins-universe.com\/tr\/wp-json\/wp\/v2\/comments?post=28143"}],"wp:featuredmedia":[{"embeddable":true,"href":"https:\/\/skins-universe.com\/tr\/wp-json\/wp\/v2\/media\/27676"}],"wp:attachment":[{"href":"https:\/\/skins-universe.com\/tr\/wp-json\/wp\/v2\/media?parent=28143"}],"wp:term":[{"taxonomy":"product_brand","embeddable":true,"href":"https:\/\/skins-universe.com\/tr\/wp-json\/wp\/v2\/product_brand?post=28143"},{"taxonomy":"product_cat","embeddable":true,"href":"https:\/\/skins-universe.com\/tr\/wp-json\/wp\/v2\/product_cat?post=28143"},{"taxonomy":"product_tag","embeddable":true,"href":"https:\/\/skins-universe.com\/tr\/wp-json\/wp\/v2\/product_tag?post=28143"}],"curies":[{"name":"wp","href":"https:\/\/api.w.org\/{rel}","templated":true}]}}