{"id":28147,"date":"2026-01-02T11:58:42","date_gmt":"2026-01-02T11:58:42","guid":{"rendered":"https:\/\/skins-universe.com\/product\/mag-7-bakir-kaplamali-minimum-asinma\/"},"modified":"2026-01-02T11:58:42","modified_gmt":"2026-01-02T11:58:42","slug":"mag-7-bakir-kaplamali-minimum-asinma","status":"publish","type":"product","link":"https:\/\/skins-universe.com\/tr\/urun\/mag-7-bakir-kaplamali-minimum-asinma\/","title":{"rendered":"MAG-7 | Bak\u0131r Kaplamal\u0131 (Minimum A\u015f\u0131nma)"},"content":{"rendered":"<p>CT&#8217;ye \u00f6zel Mag-7, yak\u0131n mesafeden y\u0131k\u0131c\u0131 miktarda hasar verir. H\u0131zl\u0131 \u015farj\u00f6r tarz\u0131 yeniden doldurma \u00f6zelli\u011fi onu harika bir taktiksel se\u00e7im haline getirir. S\u0131v\u0131 bak\u0131r ak\u0131\u015f\u0131 alt\u0131nda tutulmu\u015f gibi g\u00f6r\u00fcnmesi i\u00e7in \u00f6zel olarak boyanm\u0131\u015ft\u0131r. Bu bir kazayd\u0131, hata de\u011fil&#8230;   <\/p>\n","protected":false},"excerpt":{"rendered":"<p>CT&#8217;ye \u00f6zel Mag-7, yak\u0131n mesafeden y\u0131k\u0131c\u0131 miktarda hasar verir. H\u0131zl\u0131 \u015farj\u00f6r tarz\u0131 yeniden doldurma \u00f6zelli\u011fi onu harika bir taktiksel se\u00e7im haline getirir. S\u0131v\u0131 bak\u0131r ak\u0131\u015f\u0131 alt\u0131nda tutulmu\u015f gibi g\u00f6r\u00fcnmesi i\u00e7in&hellip;<\/p>\n","protected":false},"featured_media":27685,"comment_status":"open","ping_status":"closed","template":"","meta":[],"product_brand":[],"product_cat":[749],"product_tag":[],"class_list":{"0":"post-28147","1":"product","2":"type-product","3":"status-publish","4":"has-post-thumbnail","6":"product_cat-av-tufegi","8":"first","9":"instock","10":"virtual","11":"product-type-simple"},"yoast_head":"<!-- This site is optimized with the Yoast SEO plugin v26.6 - https:\/\/yoast.com\/wordpress\/plugins\/seo\/ -->\n<title>MAG-7 | Bak\u0131r Kaplamal\u0131 (Minimum A\u015f\u0131nma) - Skins Universe<\/title>\n<meta name=\"robots\" content=\"index, follow, max-snippet:-1, max-image-preview:large, max-video-preview:-1\" \/>\n<link rel=\"canonical\" href=\"https:\/\/skins-universe.com\/product\/mag-7-bakir-kaplamali-minimum-asinma\/\" \/>\n<meta property=\"og:locale\" content=\"tr_TR\" \/>\n<meta property=\"og:type\" content=\"article\" \/>\n<meta property=\"og:title\" content=\"MAG-7 | Bak\u0131r Kaplamal\u0131 (Minimum A\u015f\u0131nma) - Skins Universe\" \/>\n<meta property=\"og:description\" content=\"CT&#8217;ye \u00f6zel Mag-7, yak\u0131n mesafeden y\u0131k\u0131c\u0131 miktarda hasar verir. H\u0131zl\u0131 \u015farj\u00f6r tarz\u0131 yeniden doldurma \u00f6zelli\u011fi onu harika bir taktiksel se\u00e7im haline getirir. S\u0131v\u0131 bak\u0131r ak\u0131\u015f\u0131 alt\u0131nda tutulmu\u015f gibi g\u00f6r\u00fcnmesi i\u00e7in&hellip;\" \/>\n<meta property=\"og:url\" content=\"https:\/\/skins-universe.com\/product\/mag-7-bakir-kaplamali-minimum-asinma\/\" \/>\n<meta property=\"og:site_name\" content=\"Skins Universe\" \/>\n<meta name=\"twitter:card\" content=\"summary_large_image\" \/>\n<script type=\"application\/ld+json\" class=\"yoast-schema-graph\">{\"@context\":\"https:\/\/schema.org\",\"@graph\":[{\"@type\":\"WebPage\",\"@id\":\"https:\/\/skins-universe.com\/product\/mag-7-bakir-kaplamali-minimum-asinma\/\",\"url\":\"https:\/\/skins-universe.com\/product\/mag-7-bakir-kaplamali-minimum-asinma\/\",\"name\":\"MAG-7 | Bak\u0131r Kaplamal\u0131 (Minimum A\u015f\u0131nma) - Skins Universe\",\"isPartOf\":{\"@id\":\"https:\/\/skins-universe.com\/#website\"},\"primaryImageOfPage\":{\"@id\":\"https:\/\/skins-universe.com\/product\/mag-7-bakir-kaplamali-minimum-asinma\/#primaryimage\"},\"image\":{\"@id\":\"https:\/\/skins-universe.com\/product\/mag-7-bakir-kaplamali-minimum-asinma\/#primaryimage\"},\"thumbnailUrl\":\"https:\/\/skins-universe.com\/wp-content\/uploads\/2026\/01\/MAG_7_Copper_Coated_Minimal_Wear.webp\",\"datePublished\":\"2026-01-02T11:58:42+00:00\",\"breadcrumb\":{\"@id\":\"https:\/\/skins-universe.com\/product\/mag-7-bakir-kaplamali-minimum-asinma\/#breadcrumb\"},\"inLanguage\":\"tr\",\"potentialAction\":[{\"@type\":\"ReadAction\",\"target\":[\"https:\/\/skins-universe.com\/product\/mag-7-bakir-kaplamali-minimum-asinma\/\"]}]},{\"@type\":\"ImageObject\",\"inLanguage\":\"tr\",\"@id\":\"https:\/\/skins-universe.com\/product\/mag-7-bakir-kaplamali-minimum-asinma\/#primaryimage\",\"url\":\"https:\/\/skins-universe.com\/wp-content\/uploads\/2026\/01\/MAG_7_Copper_Coated_Minimal_Wear.webp\",\"contentUrl\":\"https:\/\/skins-universe.com\/wp-content\/uploads\/2026\/01\/MAG_7_Copper_Coated_Minimal_Wear.webp\",\"width\":458,\"height\":344},{\"@type\":\"BreadcrumbList\",\"@id\":\"https:\/\/skins-universe.com\/product\/mag-7-bakir-kaplamali-minimum-asinma\/#breadcrumb\",\"itemListElement\":[{\"@type\":\"ListItem\",\"position\":1,\"name\":\"Home\",\"item\":\"https:\/\/skins-universe.com\/\"},{\"@type\":\"ListItem\",\"position\":2,\"name\":\"Ma\u011faza\",\"item\":\"https:\/\/skins-universe.com\/tr\/magaza\/\"},{\"@type\":\"ListItem\",\"position\":3,\"name\":\"MAG-7 | Bak\u0131r Kaplamal\u0131 (Minimum A\u015f\u0131nma)\"}]},{\"@type\":\"WebSite\",\"@id\":\"https:\/\/skins-universe.com\/#website\",\"url\":\"https:\/\/skins-universe.com\/\",\"name\":\"Skins Universe\",\"description\":\"Elite Skins for Clutch Moments.\",\"publisher\":{\"@id\":\"https:\/\/skins-universe.com\/#organization\"},\"potentialAction\":[{\"@type\":\"SearchAction\",\"target\":{\"@type\":\"EntryPoint\",\"urlTemplate\":\"https:\/\/skins-universe.com\/?s={search_term_string}\"},\"query-input\":{\"@type\":\"PropertyValueSpecification\",\"valueRequired\":true,\"valueName\":\"search_term_string\"}}],\"inLanguage\":\"tr\"},{\"@type\":\"Organization\",\"@id\":\"https:\/\/skins-universe.com\/#organization\",\"name\":\"Skins Universe\",\"url\":\"https:\/\/skins-universe.com\/\",\"logo\":{\"@type\":\"ImageObject\",\"inLanguage\":\"tr\",\"@id\":\"https:\/\/skins-universe.com\/#\/schema\/logo\/image\/\",\"url\":\"https:\/\/skins-universe.com\/wp-content\/uploads\/2020\/06\/cropped-gaming-1-removebg-preview.png\",\"contentUrl\":\"https:\/\/skins-universe.com\/wp-content\/uploads\/2020\/06\/cropped-gaming-1-removebg-preview.png\",\"width\":500,\"height\":262,\"caption\":\"Skins Universe\"},\"image\":{\"@id\":\"https:\/\/skins-universe.com\/#\/schema\/logo\/image\/\"}}]}<\/script>\n<!-- \/ Yoast SEO plugin. -->","yoast_head_json":{"title":"MAG-7 | Bak\u0131r Kaplamal\u0131 (Minimum A\u015f\u0131nma) - Skins Universe","robots":{"index":"index","follow":"follow","max-snippet":"max-snippet:-1","max-image-preview":"max-image-preview:large","max-video-preview":"max-video-preview:-1"},"canonical":"https:\/\/skins-universe.com\/product\/mag-7-bakir-kaplamali-minimum-asinma\/","og_locale":"tr_TR","og_type":"article","og_title":"MAG-7 | Bak\u0131r Kaplamal\u0131 (Minimum A\u015f\u0131nma) - Skins Universe","og_description":"CT&#8217;ye \u00f6zel Mag-7, yak\u0131n mesafeden y\u0131k\u0131c\u0131 miktarda hasar verir. H\u0131zl\u0131 \u015farj\u00f6r tarz\u0131 yeniden doldurma \u00f6zelli\u011fi onu harika bir taktiksel se\u00e7im haline getirir. S\u0131v\u0131 bak\u0131r ak\u0131\u015f\u0131 alt\u0131nda tutulmu\u015f gibi g\u00f6r\u00fcnmesi i\u00e7in&hellip;","og_url":"https:\/\/skins-universe.com\/product\/mag-7-bakir-kaplamali-minimum-asinma\/","og_site_name":"Skins Universe","twitter_card":"summary_large_image","schema":{"@context":"https:\/\/schema.org","@graph":[{"@type":"WebPage","@id":"https:\/\/skins-universe.com\/product\/mag-7-bakir-kaplamali-minimum-asinma\/","url":"https:\/\/skins-universe.com\/product\/mag-7-bakir-kaplamali-minimum-asinma\/","name":"MAG-7 | Bak\u0131r Kaplamal\u0131 (Minimum A\u015f\u0131nma) - Skins Universe","isPartOf":{"@id":"https:\/\/skins-universe.com\/#website"},"primaryImageOfPage":{"@id":"https:\/\/skins-universe.com\/product\/mag-7-bakir-kaplamali-minimum-asinma\/#primaryimage"},"image":{"@id":"https:\/\/skins-universe.com\/product\/mag-7-bakir-kaplamali-minimum-asinma\/#primaryimage"},"thumbnailUrl":"https:\/\/skins-universe.com\/wp-content\/uploads\/2026\/01\/MAG_7_Copper_Coated_Minimal_Wear.webp","datePublished":"2026-01-02T11:58:42+00:00","breadcrumb":{"@id":"https:\/\/skins-universe.com\/product\/mag-7-bakir-kaplamali-minimum-asinma\/#breadcrumb"},"inLanguage":"tr","potentialAction":[{"@type":"ReadAction","target":["https:\/\/skins-universe.com\/product\/mag-7-bakir-kaplamali-minimum-asinma\/"]}]},{"@type":"ImageObject","inLanguage":"tr","@id":"https:\/\/skins-universe.com\/product\/mag-7-bakir-kaplamali-minimum-asinma\/#primaryimage","url":"https:\/\/skins-universe.com\/wp-content\/uploads\/2026\/01\/MAG_7_Copper_Coated_Minimal_Wear.webp","contentUrl":"https:\/\/skins-universe.com\/wp-content\/uploads\/2026\/01\/MAG_7_Copper_Coated_Minimal_Wear.webp","width":458,"height":344},{"@type":"BreadcrumbList","@id":"https:\/\/skins-universe.com\/product\/mag-7-bakir-kaplamali-minimum-asinma\/#breadcrumb","itemListElement":[{"@type":"ListItem","position":1,"name":"Home","item":"https:\/\/skins-universe.com\/"},{"@type":"ListItem","position":2,"name":"Ma\u011faza","item":"https:\/\/skins-universe.com\/tr\/magaza\/"},{"@type":"ListItem","position":3,"name":"MAG-7 | Bak\u0131r Kaplamal\u0131 (Minimum A\u015f\u0131nma)"}]},{"@type":"WebSite","@id":"https:\/\/skins-universe.com\/#website","url":"https:\/\/skins-universe.com\/","name":"Skins Universe","description":"Elite Skins for Clutch Moments.","publisher":{"@id":"https:\/\/skins-universe.com\/#organization"},"potentialAction":[{"@type":"SearchAction","target":{"@type":"EntryPoint","urlTemplate":"https:\/\/skins-universe.com\/?s={search_term_string}"},"query-input":{"@type":"PropertyValueSpecification","valueRequired":true,"valueName":"search_term_string"}}],"inLanguage":"tr"},{"@type":"Organization","@id":"https:\/\/skins-universe.com\/#organization","name":"Skins Universe","url":"https:\/\/skins-universe.com\/","logo":{"@type":"ImageObject","inLanguage":"tr","@id":"https:\/\/skins-universe.com\/#\/schema\/logo\/image\/","url":"https:\/\/skins-universe.com\/wp-content\/uploads\/2020\/06\/cropped-gaming-1-removebg-preview.png","contentUrl":"https:\/\/skins-universe.com\/wp-content\/uploads\/2020\/06\/cropped-gaming-1-removebg-preview.png","width":500,"height":262,"caption":"Skins Universe"},"image":{"@id":"https:\/\/skins-universe.com\/#\/schema\/logo\/image\/"}}]}},"_links":{"self":[{"href":"https:\/\/skins-universe.com\/tr\/wp-json\/wp\/v2\/product\/28147","targetHints":{"allow":["GET"]}}],"collection":[{"href":"https:\/\/skins-universe.com\/tr\/wp-json\/wp\/v2\/product"}],"about":[{"href":"https:\/\/skins-universe.com\/tr\/wp-json\/wp\/v2\/types\/product"}],"replies":[{"embeddable":true,"href":"https:\/\/skins-universe.com\/tr\/wp-json\/wp\/v2\/comments?post=28147"}],"wp:featuredmedia":[{"embeddable":true,"href":"https:\/\/skins-universe.com\/tr\/wp-json\/wp\/v2\/media\/27685"}],"wp:attachment":[{"href":"https:\/\/skins-universe.com\/tr\/wp-json\/wp\/v2\/media?parent=28147"}],"wp:term":[{"taxonomy":"product_brand","embeddable":true,"href":"https:\/\/skins-universe.com\/tr\/wp-json\/wp\/v2\/product_brand?post=28147"},{"taxonomy":"product_cat","embeddable":true,"href":"https:\/\/skins-universe.com\/tr\/wp-json\/wp\/v2\/product_cat?post=28147"},{"taxonomy":"product_tag","embeddable":true,"href":"https:\/\/skins-universe.com\/tr\/wp-json\/wp\/v2\/product_tag?post=28147"}],"curies":[{"name":"wp","href":"https:\/\/api.w.org\/{rel}","templated":true}]}}