{"id":28161,"date":"2026-01-02T11:57:52","date_gmt":"2026-01-02T11:57:52","guid":{"rendered":"https:\/\/skins-universe.com\/product\/xm1014-incinegator-savas-yarali\/"},"modified":"2026-01-02T15:06:46","modified_gmt":"2026-01-02T15:06:46","slug":"xm1014-incinegator-savas-yarali","status":"publish","type":"product","link":"https:\/\/skins-universe.com\/tr\/urun\/xm1014-incinegator-savas-yarali\/","title":{"rendered":"XM1014 | Incinegator (Sava\u015f Yaral\u0131)"},"content":{"rendered":"<p>XM1014, y\u00fcksek fiyat etiketini bir oday\u0131 h\u0131zla kur\u015funla boyayabilme yetene\u011fiyle hakl\u0131 \u00e7\u0131karan g\u00fc\u00e7l\u00fc bir tam otomatik av t\u00fcfe\u011fidir. Ate\u015f p\u00fcsk\u00fcrten bir timsah\u0131 and\u0131ran \u00f6zel bir boya i\u015fi uygulanm\u0131\u015ft\u0131r. Bum. Bam. Bop. Pow.     <\/p>\n","protected":false},"excerpt":{"rendered":"<p>XM1014, y\u00fcksek fiyat etiketini bir oday\u0131 h\u0131zla kur\u015funla boyayabilme yetene\u011fiyle hakl\u0131 \u00e7\u0131karan g\u00fc\u00e7l\u00fc bir tam otomatik av t\u00fcfe\u011fidir. Ate\u015f p\u00fcsk\u00fcrten bir timsah\u0131 and\u0131ran \u00f6zel bir boya i\u015fi uygulanm\u0131\u015ft\u0131r. Bum. Bam.&hellip;<\/p>\n","protected":false},"featured_media":26508,"comment_status":"open","ping_status":"closed","template":"","meta":[],"product_brand":[],"product_cat":[749],"product_tag":[],"class_list":{"0":"post-28161","1":"product","2":"type-product","3":"status-publish","4":"has-post-thumbnail","6":"product_cat-av-tufegi","8":"first","9":"instock","10":"virtual","11":"product-type-simple"},"yoast_head":"<!-- This site is optimized with the Yoast SEO plugin v26.6 - https:\/\/yoast.com\/wordpress\/plugins\/seo\/ -->\n<title>XM1014 | Incinegator (Sava\u015f Yaral\u0131) - Skins Universe<\/title>\n<meta name=\"robots\" content=\"index, follow, max-snippet:-1, max-image-preview:large, max-video-preview:-1\" \/>\n<link rel=\"canonical\" href=\"https:\/\/skins-universe.com\/tr\/urun\/xm1014-incinegator-savas-yarali\/\" \/>\n<meta property=\"og:locale\" content=\"tr_TR\" \/>\n<meta property=\"og:type\" content=\"article\" \/>\n<meta property=\"og:title\" content=\"XM1014 | Incinegator (Sava\u015f Yaral\u0131) - Skins Universe\" \/>\n<meta property=\"og:description\" content=\"XM1014, y\u00fcksek fiyat etiketini bir oday\u0131 h\u0131zla kur\u015funla boyayabilme yetene\u011fiyle hakl\u0131 \u00e7\u0131karan g\u00fc\u00e7l\u00fc bir tam otomatik av t\u00fcfe\u011fidir. Ate\u015f p\u00fcsk\u00fcrten bir timsah\u0131 and\u0131ran \u00f6zel bir boya i\u015fi uygulanm\u0131\u015ft\u0131r. Bum. Bam.&hellip;\" \/>\n<meta property=\"og:url\" content=\"https:\/\/skins-universe.com\/tr\/urun\/xm1014-incinegator-savas-yarali\/\" \/>\n<meta property=\"og:site_name\" content=\"Skins Universe\" \/>\n<meta property=\"article:modified_time\" content=\"2026-01-02T15:06:46+00:00\" \/>\n<meta property=\"og:image\" content=\"https:\/\/skins-universe.com\/wp-content\/uploads\/2025\/12\/XM1014_Incinegator_Battle_Scarred.webp\" \/>\n\t<meta property=\"og:image:width\" content=\"458\" \/>\n\t<meta property=\"og:image:height\" content=\"344\" \/>\n\t<meta property=\"og:image:type\" content=\"image\/webp\" \/>\n<meta name=\"twitter:card\" content=\"summary_large_image\" \/>\n<script type=\"application\/ld+json\" class=\"yoast-schema-graph\">{\"@context\":\"https:\/\/schema.org\",\"@graph\":[{\"@type\":\"WebPage\",\"@id\":\"https:\/\/skins-universe.com\/tr\/urun\/xm1014-incinegator-savas-yarali\/\",\"url\":\"https:\/\/skins-universe.com\/tr\/urun\/xm1014-incinegator-savas-yarali\/\",\"name\":\"XM1014 | Incinegator (Sava\u015f Yaral\u0131) - Skins Universe\",\"isPartOf\":{\"@id\":\"https:\/\/skins-universe.com\/#website\"},\"primaryImageOfPage\":{\"@id\":\"https:\/\/skins-universe.com\/tr\/urun\/xm1014-incinegator-savas-yarali\/#primaryimage\"},\"image\":{\"@id\":\"https:\/\/skins-universe.com\/tr\/urun\/xm1014-incinegator-savas-yarali\/#primaryimage\"},\"thumbnailUrl\":\"https:\/\/skins-universe.com\/wp-content\/uploads\/2025\/12\/XM1014_Incinegator_Battle_Scarred.webp\",\"datePublished\":\"2026-01-02T11:57:52+00:00\",\"dateModified\":\"2026-01-02T15:06:46+00:00\",\"breadcrumb\":{\"@id\":\"https:\/\/skins-universe.com\/tr\/urun\/xm1014-incinegator-savas-yarali\/#breadcrumb\"},\"inLanguage\":\"tr\",\"potentialAction\":[{\"@type\":\"ReadAction\",\"target\":[\"https:\/\/skins-universe.com\/tr\/urun\/xm1014-incinegator-savas-yarali\/\"]}]},{\"@type\":\"ImageObject\",\"inLanguage\":\"tr\",\"@id\":\"https:\/\/skins-universe.com\/tr\/urun\/xm1014-incinegator-savas-yarali\/#primaryimage\",\"url\":\"https:\/\/skins-universe.com\/wp-content\/uploads\/2025\/12\/XM1014_Incinegator_Battle_Scarred.webp\",\"contentUrl\":\"https:\/\/skins-universe.com\/wp-content\/uploads\/2025\/12\/XM1014_Incinegator_Battle_Scarred.webp\",\"width\":458,\"height\":344},{\"@type\":\"BreadcrumbList\",\"@id\":\"https:\/\/skins-universe.com\/tr\/urun\/xm1014-incinegator-savas-yarali\/#breadcrumb\",\"itemListElement\":[{\"@type\":\"ListItem\",\"position\":1,\"name\":\"Home\",\"item\":\"https:\/\/skins-universe.com\/\"},{\"@type\":\"ListItem\",\"position\":2,\"name\":\"Ma\u011faza\",\"item\":\"https:\/\/skins-universe.com\/tr\/magaza\/\"},{\"@type\":\"ListItem\",\"position\":3,\"name\":\"XM1014 | Incinegator (Sava\u015f Yaral\u0131)\"}]},{\"@type\":\"WebSite\",\"@id\":\"https:\/\/skins-universe.com\/#website\",\"url\":\"https:\/\/skins-universe.com\/\",\"name\":\"Skins Universe\",\"description\":\"Elite Skins for Clutch Moments.\",\"publisher\":{\"@id\":\"https:\/\/skins-universe.com\/#organization\"},\"potentialAction\":[{\"@type\":\"SearchAction\",\"target\":{\"@type\":\"EntryPoint\",\"urlTemplate\":\"https:\/\/skins-universe.com\/?s={search_term_string}\"},\"query-input\":{\"@type\":\"PropertyValueSpecification\",\"valueRequired\":true,\"valueName\":\"search_term_string\"}}],\"inLanguage\":\"tr\"},{\"@type\":\"Organization\",\"@id\":\"https:\/\/skins-universe.com\/#organization\",\"name\":\"Skins Universe\",\"url\":\"https:\/\/skins-universe.com\/\",\"logo\":{\"@type\":\"ImageObject\",\"inLanguage\":\"tr\",\"@id\":\"https:\/\/skins-universe.com\/#\/schema\/logo\/image\/\",\"url\":\"https:\/\/skins-universe.com\/wp-content\/uploads\/2020\/06\/cropped-gaming-1-removebg-preview.png\",\"contentUrl\":\"https:\/\/skins-universe.com\/wp-content\/uploads\/2020\/06\/cropped-gaming-1-removebg-preview.png\",\"width\":500,\"height\":262,\"caption\":\"Skins Universe\"},\"image\":{\"@id\":\"https:\/\/skins-universe.com\/#\/schema\/logo\/image\/\"}}]}<\/script>\n<!-- \/ Yoast SEO plugin. -->","yoast_head_json":{"title":"XM1014 | Incinegator (Sava\u015f Yaral\u0131) - Skins Universe","robots":{"index":"index","follow":"follow","max-snippet":"max-snippet:-1","max-image-preview":"max-image-preview:large","max-video-preview":"max-video-preview:-1"},"canonical":"https:\/\/skins-universe.com\/tr\/urun\/xm1014-incinegator-savas-yarali\/","og_locale":"tr_TR","og_type":"article","og_title":"XM1014 | Incinegator (Sava\u015f Yaral\u0131) - Skins Universe","og_description":"XM1014, y\u00fcksek fiyat etiketini bir oday\u0131 h\u0131zla kur\u015funla boyayabilme yetene\u011fiyle hakl\u0131 \u00e7\u0131karan g\u00fc\u00e7l\u00fc bir tam otomatik av t\u00fcfe\u011fidir. Ate\u015f p\u00fcsk\u00fcrten bir timsah\u0131 and\u0131ran \u00f6zel bir boya i\u015fi uygulanm\u0131\u015ft\u0131r. Bum. Bam.&hellip;","og_url":"https:\/\/skins-universe.com\/tr\/urun\/xm1014-incinegator-savas-yarali\/","og_site_name":"Skins Universe","article_modified_time":"2026-01-02T15:06:46+00:00","og_image":[{"width":458,"height":344,"url":"https:\/\/skins-universe.com\/wp-content\/uploads\/2025\/12\/XM1014_Incinegator_Battle_Scarred.webp","type":"image\/webp"}],"twitter_card":"summary_large_image","schema":{"@context":"https:\/\/schema.org","@graph":[{"@type":"WebPage","@id":"https:\/\/skins-universe.com\/tr\/urun\/xm1014-incinegator-savas-yarali\/","url":"https:\/\/skins-universe.com\/tr\/urun\/xm1014-incinegator-savas-yarali\/","name":"XM1014 | Incinegator (Sava\u015f Yaral\u0131) - Skins Universe","isPartOf":{"@id":"https:\/\/skins-universe.com\/#website"},"primaryImageOfPage":{"@id":"https:\/\/skins-universe.com\/tr\/urun\/xm1014-incinegator-savas-yarali\/#primaryimage"},"image":{"@id":"https:\/\/skins-universe.com\/tr\/urun\/xm1014-incinegator-savas-yarali\/#primaryimage"},"thumbnailUrl":"https:\/\/skins-universe.com\/wp-content\/uploads\/2025\/12\/XM1014_Incinegator_Battle_Scarred.webp","datePublished":"2026-01-02T11:57:52+00:00","dateModified":"2026-01-02T15:06:46+00:00","breadcrumb":{"@id":"https:\/\/skins-universe.com\/tr\/urun\/xm1014-incinegator-savas-yarali\/#breadcrumb"},"inLanguage":"tr","potentialAction":[{"@type":"ReadAction","target":["https:\/\/skins-universe.com\/tr\/urun\/xm1014-incinegator-savas-yarali\/"]}]},{"@type":"ImageObject","inLanguage":"tr","@id":"https:\/\/skins-universe.com\/tr\/urun\/xm1014-incinegator-savas-yarali\/#primaryimage","url":"https:\/\/skins-universe.com\/wp-content\/uploads\/2025\/12\/XM1014_Incinegator_Battle_Scarred.webp","contentUrl":"https:\/\/skins-universe.com\/wp-content\/uploads\/2025\/12\/XM1014_Incinegator_Battle_Scarred.webp","width":458,"height":344},{"@type":"BreadcrumbList","@id":"https:\/\/skins-universe.com\/tr\/urun\/xm1014-incinegator-savas-yarali\/#breadcrumb","itemListElement":[{"@type":"ListItem","position":1,"name":"Home","item":"https:\/\/skins-universe.com\/"},{"@type":"ListItem","position":2,"name":"Ma\u011faza","item":"https:\/\/skins-universe.com\/tr\/magaza\/"},{"@type":"ListItem","position":3,"name":"XM1014 | Incinegator (Sava\u015f Yaral\u0131)"}]},{"@type":"WebSite","@id":"https:\/\/skins-universe.com\/#website","url":"https:\/\/skins-universe.com\/","name":"Skins Universe","description":"Elite Skins for Clutch Moments.","publisher":{"@id":"https:\/\/skins-universe.com\/#organization"},"potentialAction":[{"@type":"SearchAction","target":{"@type":"EntryPoint","urlTemplate":"https:\/\/skins-universe.com\/?s={search_term_string}"},"query-input":{"@type":"PropertyValueSpecification","valueRequired":true,"valueName":"search_term_string"}}],"inLanguage":"tr"},{"@type":"Organization","@id":"https:\/\/skins-universe.com\/#organization","name":"Skins Universe","url":"https:\/\/skins-universe.com\/","logo":{"@type":"ImageObject","inLanguage":"tr","@id":"https:\/\/skins-universe.com\/#\/schema\/logo\/image\/","url":"https:\/\/skins-universe.com\/wp-content\/uploads\/2020\/06\/cropped-gaming-1-removebg-preview.png","contentUrl":"https:\/\/skins-universe.com\/wp-content\/uploads\/2020\/06\/cropped-gaming-1-removebg-preview.png","width":500,"height":262,"caption":"Skins Universe"},"image":{"@id":"https:\/\/skins-universe.com\/#\/schema\/logo\/image\/"}}]}},"_links":{"self":[{"href":"https:\/\/skins-universe.com\/tr\/wp-json\/wp\/v2\/product\/28161","targetHints":{"allow":["GET"]}}],"collection":[{"href":"https:\/\/skins-universe.com\/tr\/wp-json\/wp\/v2\/product"}],"about":[{"href":"https:\/\/skins-universe.com\/tr\/wp-json\/wp\/v2\/types\/product"}],"replies":[{"embeddable":true,"href":"https:\/\/skins-universe.com\/tr\/wp-json\/wp\/v2\/comments?post=28161"}],"wp:featuredmedia":[{"embeddable":true,"href":"https:\/\/skins-universe.com\/tr\/wp-json\/wp\/v2\/media\/26508"}],"wp:attachment":[{"href":"https:\/\/skins-universe.com\/tr\/wp-json\/wp\/v2\/media?parent=28161"}],"wp:term":[{"taxonomy":"product_brand","embeddable":true,"href":"https:\/\/skins-universe.com\/tr\/wp-json\/wp\/v2\/product_brand?post=28161"},{"taxonomy":"product_cat","embeddable":true,"href":"https:\/\/skins-universe.com\/tr\/wp-json\/wp\/v2\/product_cat?post=28161"},{"taxonomy":"product_tag","embeddable":true,"href":"https:\/\/skins-universe.com\/tr\/wp-json\/wp\/v2\/product_tag?post=28161"}],"curies":[{"name":"wp","href":"https:\/\/api.w.org\/{rel}","templated":true}]}}