{"id":28167,"date":"2026-01-02T11:58:36","date_gmt":"2026-01-02T11:58:36","guid":{"rendered":"https:\/\/skins-universe.com\/product\/stattrak-testereyle-kesilmis-corak-toprak-prensesi-savas-kirmizisi\/"},"modified":"2026-01-02T11:58:36","modified_gmt":"2026-01-02T11:58:36","slug":"stattrak-testereyle-kesilmis-corak-toprak-prensesi-savas-kirmizisi","status":"publish","type":"product","link":"https:\/\/skins-universe.com\/tr\/urun\/stattrak-testereyle-kesilmis-corak-toprak-prensesi-savas-kirmizisi\/","title":{"rendered":"StatTrak\u2122 Testereyle Kesilmi\u015f | \u00c7orak Toprak Prensesi (Sava\u015f K\u0131rm\u0131z\u0131s\u0131)"},"content":{"rendered":"<p>Klasik Sawed-Off yak\u0131n mesafeden \u00e7ok a\u011f\u0131r hasar verir, ancak d\u00fc\u015f\u00fck isabet oran\u0131, y\u00fcksek yay\u0131lma ve yava\u015f at\u0131\u015f h\u0131z\u0131 ile vurdu\u011funuzu \u00f6ld\u00fcrseniz iyi edersiniz. Birisi namludaki \u00f6l\u00fcmlerin kayd\u0131n\u0131 tutuyormu\u015f. Her \u015feye sahip sosyopatlar i\u00e7in m\u00fckemmel bir hediye&#8230;  <\/p>\n","protected":false},"excerpt":{"rendered":"<p>Klasik Sawed-Off yak\u0131n mesafeden \u00e7ok a\u011f\u0131r hasar verir, ancak d\u00fc\u015f\u00fck isabet oran\u0131, y\u00fcksek yay\u0131lma ve yava\u015f at\u0131\u015f h\u0131z\u0131 ile vurdu\u011funuzu \u00f6ld\u00fcrseniz iyi edersiniz. Birisi namludaki \u00f6l\u00fcmlerin kayd\u0131n\u0131 tutuyormu\u015f. Her \u015feye&hellip;<\/p>\n","protected":false},"featured_media":27664,"comment_status":"open","ping_status":"closed","template":"","meta":[],"product_brand":[],"product_cat":[749],"product_tag":[],"class_list":{"0":"post-28167","1":"product","2":"type-product","3":"status-publish","4":"has-post-thumbnail","6":"product_cat-av-tufegi","8":"first","9":"instock","10":"virtual","11":"product-type-simple"},"yoast_head":"<!-- This site is optimized with the Yoast SEO plugin v26.6 - https:\/\/yoast.com\/wordpress\/plugins\/seo\/ -->\n<title>StatTrak\u2122 Testereyle Kesilmi\u015f | \u00c7orak Toprak Prensesi (Sava\u015f K\u0131rm\u0131z\u0131s\u0131) - Skins Universe<\/title>\n<meta name=\"robots\" content=\"index, follow, max-snippet:-1, max-image-preview:large, max-video-preview:-1\" \/>\n<link rel=\"canonical\" href=\"https:\/\/skins-universe.com\/product\/stattrak-testereyle-kesilmis-corak-toprak-prensesi-savas-kirmizisi\/\" \/>\n<meta property=\"og:locale\" content=\"tr_TR\" \/>\n<meta property=\"og:type\" content=\"article\" \/>\n<meta property=\"og:title\" content=\"StatTrak\u2122 Testereyle Kesilmi\u015f | \u00c7orak Toprak Prensesi (Sava\u015f K\u0131rm\u0131z\u0131s\u0131) - Skins Universe\" \/>\n<meta property=\"og:description\" content=\"Klasik Sawed-Off yak\u0131n mesafeden \u00e7ok a\u011f\u0131r hasar verir, ancak d\u00fc\u015f\u00fck isabet oran\u0131, y\u00fcksek yay\u0131lma ve yava\u015f at\u0131\u015f h\u0131z\u0131 ile vurdu\u011funuzu \u00f6ld\u00fcrseniz iyi edersiniz. Birisi namludaki \u00f6l\u00fcmlerin kayd\u0131n\u0131 tutuyormu\u015f. Her \u015feye&hellip;\" \/>\n<meta property=\"og:url\" content=\"https:\/\/skins-universe.com\/product\/stattrak-testereyle-kesilmis-corak-toprak-prensesi-savas-kirmizisi\/\" \/>\n<meta property=\"og:site_name\" content=\"Skins Universe\" \/>\n<meta name=\"twitter:card\" content=\"summary_large_image\" \/>\n<script type=\"application\/ld+json\" class=\"yoast-schema-graph\">{\"@context\":\"https:\/\/schema.org\",\"@graph\":[{\"@type\":\"WebPage\",\"@id\":\"https:\/\/skins-universe.com\/product\/stattrak-testereyle-kesilmis-corak-toprak-prensesi-savas-kirmizisi\/\",\"url\":\"https:\/\/skins-universe.com\/product\/stattrak-testereyle-kesilmis-corak-toprak-prensesi-savas-kirmizisi\/\",\"name\":\"StatTrak\u2122 Testereyle Kesilmi\u015f | \u00c7orak Toprak Prensesi (Sava\u015f K\u0131rm\u0131z\u0131s\u0131) - Skins Universe\",\"isPartOf\":{\"@id\":\"https:\/\/skins-universe.com\/#website\"},\"primaryImageOfPage\":{\"@id\":\"https:\/\/skins-universe.com\/product\/stattrak-testereyle-kesilmis-corak-toprak-prensesi-savas-kirmizisi\/#primaryimage\"},\"image\":{\"@id\":\"https:\/\/skins-universe.com\/product\/stattrak-testereyle-kesilmis-corak-toprak-prensesi-savas-kirmizisi\/#primaryimage\"},\"thumbnailUrl\":\"https:\/\/skins-universe.com\/wp-content\/uploads\/2026\/01\/StatTrak_Sawed_Off_Wasteland_Princess_Battle_Scarred.webp\",\"datePublished\":\"2026-01-02T11:58:36+00:00\",\"breadcrumb\":{\"@id\":\"https:\/\/skins-universe.com\/product\/stattrak-testereyle-kesilmis-corak-toprak-prensesi-savas-kirmizisi\/#breadcrumb\"},\"inLanguage\":\"tr\",\"potentialAction\":[{\"@type\":\"ReadAction\",\"target\":[\"https:\/\/skins-universe.com\/product\/stattrak-testereyle-kesilmis-corak-toprak-prensesi-savas-kirmizisi\/\"]}]},{\"@type\":\"ImageObject\",\"inLanguage\":\"tr\",\"@id\":\"https:\/\/skins-universe.com\/product\/stattrak-testereyle-kesilmis-corak-toprak-prensesi-savas-kirmizisi\/#primaryimage\",\"url\":\"https:\/\/skins-universe.com\/wp-content\/uploads\/2026\/01\/StatTrak_Sawed_Off_Wasteland_Princess_Battle_Scarred.webp\",\"contentUrl\":\"https:\/\/skins-universe.com\/wp-content\/uploads\/2026\/01\/StatTrak_Sawed_Off_Wasteland_Princess_Battle_Scarred.webp\",\"width\":458,\"height\":344},{\"@type\":\"BreadcrumbList\",\"@id\":\"https:\/\/skins-universe.com\/product\/stattrak-testereyle-kesilmis-corak-toprak-prensesi-savas-kirmizisi\/#breadcrumb\",\"itemListElement\":[{\"@type\":\"ListItem\",\"position\":1,\"name\":\"Home\",\"item\":\"https:\/\/skins-universe.com\/\"},{\"@type\":\"ListItem\",\"position\":2,\"name\":\"Ma\u011faza\",\"item\":\"https:\/\/skins-universe.com\/tr\/magaza\/\"},{\"@type\":\"ListItem\",\"position\":3,\"name\":\"StatTrak\u2122 Testereyle Kesilmi\u015f | \u00c7orak Toprak Prensesi (Sava\u015f K\u0131rm\u0131z\u0131s\u0131)\"}]},{\"@type\":\"WebSite\",\"@id\":\"https:\/\/skins-universe.com\/#website\",\"url\":\"https:\/\/skins-universe.com\/\",\"name\":\"Skins Universe\",\"description\":\"Elite Skins for Clutch Moments.\",\"publisher\":{\"@id\":\"https:\/\/skins-universe.com\/#organization\"},\"potentialAction\":[{\"@type\":\"SearchAction\",\"target\":{\"@type\":\"EntryPoint\",\"urlTemplate\":\"https:\/\/skins-universe.com\/?s={search_term_string}\"},\"query-input\":{\"@type\":\"PropertyValueSpecification\",\"valueRequired\":true,\"valueName\":\"search_term_string\"}}],\"inLanguage\":\"tr\"},{\"@type\":\"Organization\",\"@id\":\"https:\/\/skins-universe.com\/#organization\",\"name\":\"Skins Universe\",\"url\":\"https:\/\/skins-universe.com\/\",\"logo\":{\"@type\":\"ImageObject\",\"inLanguage\":\"tr\",\"@id\":\"https:\/\/skins-universe.com\/#\/schema\/logo\/image\/\",\"url\":\"https:\/\/skins-universe.com\/wp-content\/uploads\/2020\/06\/cropped-gaming-1-removebg-preview.png\",\"contentUrl\":\"https:\/\/skins-universe.com\/wp-content\/uploads\/2020\/06\/cropped-gaming-1-removebg-preview.png\",\"width\":500,\"height\":262,\"caption\":\"Skins Universe\"},\"image\":{\"@id\":\"https:\/\/skins-universe.com\/#\/schema\/logo\/image\/\"}}]}<\/script>\n<!-- \/ Yoast SEO plugin. -->","yoast_head_json":{"title":"StatTrak\u2122 Testereyle Kesilmi\u015f | \u00c7orak Toprak Prensesi (Sava\u015f K\u0131rm\u0131z\u0131s\u0131) - Skins Universe","robots":{"index":"index","follow":"follow","max-snippet":"max-snippet:-1","max-image-preview":"max-image-preview:large","max-video-preview":"max-video-preview:-1"},"canonical":"https:\/\/skins-universe.com\/product\/stattrak-testereyle-kesilmis-corak-toprak-prensesi-savas-kirmizisi\/","og_locale":"tr_TR","og_type":"article","og_title":"StatTrak\u2122 Testereyle Kesilmi\u015f | \u00c7orak Toprak Prensesi (Sava\u015f K\u0131rm\u0131z\u0131s\u0131) - Skins Universe","og_description":"Klasik Sawed-Off yak\u0131n mesafeden \u00e7ok a\u011f\u0131r hasar verir, ancak d\u00fc\u015f\u00fck isabet oran\u0131, y\u00fcksek yay\u0131lma ve yava\u015f at\u0131\u015f h\u0131z\u0131 ile vurdu\u011funuzu \u00f6ld\u00fcrseniz iyi edersiniz. Birisi namludaki \u00f6l\u00fcmlerin kayd\u0131n\u0131 tutuyormu\u015f. Her \u015feye&hellip;","og_url":"https:\/\/skins-universe.com\/product\/stattrak-testereyle-kesilmis-corak-toprak-prensesi-savas-kirmizisi\/","og_site_name":"Skins Universe","twitter_card":"summary_large_image","schema":{"@context":"https:\/\/schema.org","@graph":[{"@type":"WebPage","@id":"https:\/\/skins-universe.com\/product\/stattrak-testereyle-kesilmis-corak-toprak-prensesi-savas-kirmizisi\/","url":"https:\/\/skins-universe.com\/product\/stattrak-testereyle-kesilmis-corak-toprak-prensesi-savas-kirmizisi\/","name":"StatTrak\u2122 Testereyle Kesilmi\u015f | \u00c7orak Toprak Prensesi (Sava\u015f K\u0131rm\u0131z\u0131s\u0131) - Skins Universe","isPartOf":{"@id":"https:\/\/skins-universe.com\/#website"},"primaryImageOfPage":{"@id":"https:\/\/skins-universe.com\/product\/stattrak-testereyle-kesilmis-corak-toprak-prensesi-savas-kirmizisi\/#primaryimage"},"image":{"@id":"https:\/\/skins-universe.com\/product\/stattrak-testereyle-kesilmis-corak-toprak-prensesi-savas-kirmizisi\/#primaryimage"},"thumbnailUrl":"https:\/\/skins-universe.com\/wp-content\/uploads\/2026\/01\/StatTrak_Sawed_Off_Wasteland_Princess_Battle_Scarred.webp","datePublished":"2026-01-02T11:58:36+00:00","breadcrumb":{"@id":"https:\/\/skins-universe.com\/product\/stattrak-testereyle-kesilmis-corak-toprak-prensesi-savas-kirmizisi\/#breadcrumb"},"inLanguage":"tr","potentialAction":[{"@type":"ReadAction","target":["https:\/\/skins-universe.com\/product\/stattrak-testereyle-kesilmis-corak-toprak-prensesi-savas-kirmizisi\/"]}]},{"@type":"ImageObject","inLanguage":"tr","@id":"https:\/\/skins-universe.com\/product\/stattrak-testereyle-kesilmis-corak-toprak-prensesi-savas-kirmizisi\/#primaryimage","url":"https:\/\/skins-universe.com\/wp-content\/uploads\/2026\/01\/StatTrak_Sawed_Off_Wasteland_Princess_Battle_Scarred.webp","contentUrl":"https:\/\/skins-universe.com\/wp-content\/uploads\/2026\/01\/StatTrak_Sawed_Off_Wasteland_Princess_Battle_Scarred.webp","width":458,"height":344},{"@type":"BreadcrumbList","@id":"https:\/\/skins-universe.com\/product\/stattrak-testereyle-kesilmis-corak-toprak-prensesi-savas-kirmizisi\/#breadcrumb","itemListElement":[{"@type":"ListItem","position":1,"name":"Home","item":"https:\/\/skins-universe.com\/"},{"@type":"ListItem","position":2,"name":"Ma\u011faza","item":"https:\/\/skins-universe.com\/tr\/magaza\/"},{"@type":"ListItem","position":3,"name":"StatTrak\u2122 Testereyle Kesilmi\u015f | \u00c7orak Toprak Prensesi (Sava\u015f K\u0131rm\u0131z\u0131s\u0131)"}]},{"@type":"WebSite","@id":"https:\/\/skins-universe.com\/#website","url":"https:\/\/skins-universe.com\/","name":"Skins Universe","description":"Elite Skins for Clutch Moments.","publisher":{"@id":"https:\/\/skins-universe.com\/#organization"},"potentialAction":[{"@type":"SearchAction","target":{"@type":"EntryPoint","urlTemplate":"https:\/\/skins-universe.com\/?s={search_term_string}"},"query-input":{"@type":"PropertyValueSpecification","valueRequired":true,"valueName":"search_term_string"}}],"inLanguage":"tr"},{"@type":"Organization","@id":"https:\/\/skins-universe.com\/#organization","name":"Skins Universe","url":"https:\/\/skins-universe.com\/","logo":{"@type":"ImageObject","inLanguage":"tr","@id":"https:\/\/skins-universe.com\/#\/schema\/logo\/image\/","url":"https:\/\/skins-universe.com\/wp-content\/uploads\/2020\/06\/cropped-gaming-1-removebg-preview.png","contentUrl":"https:\/\/skins-universe.com\/wp-content\/uploads\/2020\/06\/cropped-gaming-1-removebg-preview.png","width":500,"height":262,"caption":"Skins Universe"},"image":{"@id":"https:\/\/skins-universe.com\/#\/schema\/logo\/image\/"}}]}},"_links":{"self":[{"href":"https:\/\/skins-universe.com\/tr\/wp-json\/wp\/v2\/product\/28167","targetHints":{"allow":["GET"]}}],"collection":[{"href":"https:\/\/skins-universe.com\/tr\/wp-json\/wp\/v2\/product"}],"about":[{"href":"https:\/\/skins-universe.com\/tr\/wp-json\/wp\/v2\/types\/product"}],"replies":[{"embeddable":true,"href":"https:\/\/skins-universe.com\/tr\/wp-json\/wp\/v2\/comments?post=28167"}],"wp:featuredmedia":[{"embeddable":true,"href":"https:\/\/skins-universe.com\/tr\/wp-json\/wp\/v2\/media\/27664"}],"wp:attachment":[{"href":"https:\/\/skins-universe.com\/tr\/wp-json\/wp\/v2\/media?parent=28167"}],"wp:term":[{"taxonomy":"product_brand","embeddable":true,"href":"https:\/\/skins-universe.com\/tr\/wp-json\/wp\/v2\/product_brand?post=28167"},{"taxonomy":"product_cat","embeddable":true,"href":"https:\/\/skins-universe.com\/tr\/wp-json\/wp\/v2\/product_cat?post=28167"},{"taxonomy":"product_tag","embeddable":true,"href":"https:\/\/skins-universe.com\/tr\/wp-json\/wp\/v2\/product_tag?post=28167"}],"curies":[{"name":"wp","href":"https:\/\/api.w.org\/{rel}","templated":true}]}}