{"id":28177,"date":"2026-01-02T11:58:22","date_gmt":"2026-01-02T11:58:22","guid":{"rendered":"https:\/\/skins-universe.com\/product\/nova-rising-skull-sahada-test-edildi\/"},"modified":"2026-01-02T15:07:34","modified_gmt":"2026-01-02T15:07:34","slug":"nova-rising-skull-sahada-test-edildi","status":"publish","type":"product","link":"https:\/\/skins-universe.com\/tr\/urun\/nova-rising-skull-sahada-test-edildi\/","title":{"rendered":"Nova | Rising Skull (Sahada Test Edildi)"},"content":{"rendered":"<p>Nova&#8217;n\u0131n \u00e7ok d\u00fc\u015f\u00fck fiyat etiketi, onu nakit s\u0131k\u0131nt\u0131s\u0131 \u00e7eken bir ekip i\u00e7in harika bir pusu silah\u0131 yapar. Mat boyalar ve ya\u011f bazl\u0131 bir boya kalemi kullan\u0131larak bir kafatas\u0131 g\u00f6r\u00fcnt\u00fcs\u00fc ile \u00f6zelle\u015ftirildi. Bay Izaki, \u015fikayet etmiyorum&#8230; ama ka\u00e7 tane av t\u00fcfe\u011fine ihtiyac\u0131n\u0131z var? &#8211; Imogen ve Oni, B\u00f6l\u00fcm 1   <\/p>\n","protected":false},"excerpt":{"rendered":"<p>Nova&#8217;n\u0131n \u00e7ok d\u00fc\u015f\u00fck fiyat etiketi, onu nakit s\u0131k\u0131nt\u0131s\u0131 \u00e7eken bir ekip i\u00e7in harika bir pusu silah\u0131 yapar. Mat boyalar ve ya\u011f bazl\u0131 bir boya kalemi kullan\u0131larak bir kafatas\u0131 g\u00f6r\u00fcnt\u00fcs\u00fc ile&hellip;<\/p>\n","protected":false},"featured_media":27622,"comment_status":"open","ping_status":"closed","template":"","meta":[],"product_brand":[],"product_cat":[749],"product_tag":[],"class_list":{"0":"post-28177","1":"product","2":"type-product","3":"status-publish","4":"has-post-thumbnail","6":"product_cat-av-tufegi","8":"first","9":"instock","10":"virtual","11":"product-type-simple"},"yoast_head":"<!-- This site is optimized with the Yoast SEO plugin v26.6 - https:\/\/yoast.com\/wordpress\/plugins\/seo\/ -->\n<title>Nova | Rising Skull (Sahada Test Edildi) - Skins Universe<\/title>\n<meta name=\"robots\" content=\"index, follow, max-snippet:-1, max-image-preview:large, max-video-preview:-1\" \/>\n<link rel=\"canonical\" href=\"https:\/\/skins-universe.com\/tr\/urun\/nova-rising-skull-sahada-test-edildi\/\" \/>\n<meta property=\"og:locale\" content=\"tr_TR\" \/>\n<meta property=\"og:type\" content=\"article\" \/>\n<meta property=\"og:title\" content=\"Nova | Rising Skull (Sahada Test Edildi) - Skins Universe\" \/>\n<meta property=\"og:description\" content=\"Nova&#8217;n\u0131n \u00e7ok d\u00fc\u015f\u00fck fiyat etiketi, onu nakit s\u0131k\u0131nt\u0131s\u0131 \u00e7eken bir ekip i\u00e7in harika bir pusu silah\u0131 yapar. Mat boyalar ve ya\u011f bazl\u0131 bir boya kalemi kullan\u0131larak bir kafatas\u0131 g\u00f6r\u00fcnt\u00fcs\u00fc ile&hellip;\" \/>\n<meta property=\"og:url\" content=\"https:\/\/skins-universe.com\/tr\/urun\/nova-rising-skull-sahada-test-edildi\/\" \/>\n<meta property=\"og:site_name\" content=\"Skins Universe\" \/>\n<meta property=\"article:modified_time\" content=\"2026-01-02T15:07:34+00:00\" \/>\n<meta property=\"og:image\" content=\"https:\/\/skins-universe.com\/wp-content\/uploads\/2026\/01\/Nova_Rising_Skull_Field_Tested.webp\" \/>\n\t<meta property=\"og:image:width\" content=\"458\" \/>\n\t<meta property=\"og:image:height\" content=\"344\" \/>\n\t<meta property=\"og:image:type\" content=\"image\/webp\" \/>\n<meta name=\"twitter:card\" content=\"summary_large_image\" \/>\n<script type=\"application\/ld+json\" class=\"yoast-schema-graph\">{\"@context\":\"https:\/\/schema.org\",\"@graph\":[{\"@type\":\"WebPage\",\"@id\":\"https:\/\/skins-universe.com\/tr\/urun\/nova-rising-skull-sahada-test-edildi\/\",\"url\":\"https:\/\/skins-universe.com\/tr\/urun\/nova-rising-skull-sahada-test-edildi\/\",\"name\":\"Nova | Rising Skull (Sahada Test Edildi) - Skins Universe\",\"isPartOf\":{\"@id\":\"https:\/\/skins-universe.com\/#website\"},\"primaryImageOfPage\":{\"@id\":\"https:\/\/skins-universe.com\/tr\/urun\/nova-rising-skull-sahada-test-edildi\/#primaryimage\"},\"image\":{\"@id\":\"https:\/\/skins-universe.com\/tr\/urun\/nova-rising-skull-sahada-test-edildi\/#primaryimage\"},\"thumbnailUrl\":\"https:\/\/skins-universe.com\/wp-content\/uploads\/2026\/01\/Nova_Rising_Skull_Field_Tested.webp\",\"datePublished\":\"2026-01-02T11:58:22+00:00\",\"dateModified\":\"2026-01-02T15:07:34+00:00\",\"breadcrumb\":{\"@id\":\"https:\/\/skins-universe.com\/tr\/urun\/nova-rising-skull-sahada-test-edildi\/#breadcrumb\"},\"inLanguage\":\"tr\",\"potentialAction\":[{\"@type\":\"ReadAction\",\"target\":[\"https:\/\/skins-universe.com\/tr\/urun\/nova-rising-skull-sahada-test-edildi\/\"]}]},{\"@type\":\"ImageObject\",\"inLanguage\":\"tr\",\"@id\":\"https:\/\/skins-universe.com\/tr\/urun\/nova-rising-skull-sahada-test-edildi\/#primaryimage\",\"url\":\"https:\/\/skins-universe.com\/wp-content\/uploads\/2026\/01\/Nova_Rising_Skull_Field_Tested.webp\",\"contentUrl\":\"https:\/\/skins-universe.com\/wp-content\/uploads\/2026\/01\/Nova_Rising_Skull_Field_Tested.webp\",\"width\":458,\"height\":344},{\"@type\":\"BreadcrumbList\",\"@id\":\"https:\/\/skins-universe.com\/tr\/urun\/nova-rising-skull-sahada-test-edildi\/#breadcrumb\",\"itemListElement\":[{\"@type\":\"ListItem\",\"position\":1,\"name\":\"Home\",\"item\":\"https:\/\/skins-universe.com\/\"},{\"@type\":\"ListItem\",\"position\":2,\"name\":\"Ma\u011faza\",\"item\":\"https:\/\/skins-universe.com\/tr\/magaza\/\"},{\"@type\":\"ListItem\",\"position\":3,\"name\":\"Nova | Rising Skull (Sahada Test Edildi)\"}]},{\"@type\":\"WebSite\",\"@id\":\"https:\/\/skins-universe.com\/#website\",\"url\":\"https:\/\/skins-universe.com\/\",\"name\":\"Skins Universe\",\"description\":\"Elite Skins for Clutch Moments.\",\"publisher\":{\"@id\":\"https:\/\/skins-universe.com\/#organization\"},\"potentialAction\":[{\"@type\":\"SearchAction\",\"target\":{\"@type\":\"EntryPoint\",\"urlTemplate\":\"https:\/\/skins-universe.com\/?s={search_term_string}\"},\"query-input\":{\"@type\":\"PropertyValueSpecification\",\"valueRequired\":true,\"valueName\":\"search_term_string\"}}],\"inLanguage\":\"tr\"},{\"@type\":\"Organization\",\"@id\":\"https:\/\/skins-universe.com\/#organization\",\"name\":\"Skins Universe\",\"url\":\"https:\/\/skins-universe.com\/\",\"logo\":{\"@type\":\"ImageObject\",\"inLanguage\":\"tr\",\"@id\":\"https:\/\/skins-universe.com\/#\/schema\/logo\/image\/\",\"url\":\"https:\/\/skins-universe.com\/wp-content\/uploads\/2020\/06\/cropped-gaming-1-removebg-preview.png\",\"contentUrl\":\"https:\/\/skins-universe.com\/wp-content\/uploads\/2020\/06\/cropped-gaming-1-removebg-preview.png\",\"width\":500,\"height\":262,\"caption\":\"Skins Universe\"},\"image\":{\"@id\":\"https:\/\/skins-universe.com\/#\/schema\/logo\/image\/\"}}]}<\/script>\n<!-- \/ Yoast SEO plugin. -->","yoast_head_json":{"title":"Nova | Rising Skull (Sahada Test Edildi) - Skins Universe","robots":{"index":"index","follow":"follow","max-snippet":"max-snippet:-1","max-image-preview":"max-image-preview:large","max-video-preview":"max-video-preview:-1"},"canonical":"https:\/\/skins-universe.com\/tr\/urun\/nova-rising-skull-sahada-test-edildi\/","og_locale":"tr_TR","og_type":"article","og_title":"Nova | Rising Skull (Sahada Test Edildi) - Skins Universe","og_description":"Nova&#8217;n\u0131n \u00e7ok d\u00fc\u015f\u00fck fiyat etiketi, onu nakit s\u0131k\u0131nt\u0131s\u0131 \u00e7eken bir ekip i\u00e7in harika bir pusu silah\u0131 yapar. Mat boyalar ve ya\u011f bazl\u0131 bir boya kalemi kullan\u0131larak bir kafatas\u0131 g\u00f6r\u00fcnt\u00fcs\u00fc ile&hellip;","og_url":"https:\/\/skins-universe.com\/tr\/urun\/nova-rising-skull-sahada-test-edildi\/","og_site_name":"Skins Universe","article_modified_time":"2026-01-02T15:07:34+00:00","og_image":[{"width":458,"height":344,"url":"https:\/\/skins-universe.com\/wp-content\/uploads\/2026\/01\/Nova_Rising_Skull_Field_Tested.webp","type":"image\/webp"}],"twitter_card":"summary_large_image","schema":{"@context":"https:\/\/schema.org","@graph":[{"@type":"WebPage","@id":"https:\/\/skins-universe.com\/tr\/urun\/nova-rising-skull-sahada-test-edildi\/","url":"https:\/\/skins-universe.com\/tr\/urun\/nova-rising-skull-sahada-test-edildi\/","name":"Nova | Rising Skull (Sahada Test Edildi) - Skins Universe","isPartOf":{"@id":"https:\/\/skins-universe.com\/#website"},"primaryImageOfPage":{"@id":"https:\/\/skins-universe.com\/tr\/urun\/nova-rising-skull-sahada-test-edildi\/#primaryimage"},"image":{"@id":"https:\/\/skins-universe.com\/tr\/urun\/nova-rising-skull-sahada-test-edildi\/#primaryimage"},"thumbnailUrl":"https:\/\/skins-universe.com\/wp-content\/uploads\/2026\/01\/Nova_Rising_Skull_Field_Tested.webp","datePublished":"2026-01-02T11:58:22+00:00","dateModified":"2026-01-02T15:07:34+00:00","breadcrumb":{"@id":"https:\/\/skins-universe.com\/tr\/urun\/nova-rising-skull-sahada-test-edildi\/#breadcrumb"},"inLanguage":"tr","potentialAction":[{"@type":"ReadAction","target":["https:\/\/skins-universe.com\/tr\/urun\/nova-rising-skull-sahada-test-edildi\/"]}]},{"@type":"ImageObject","inLanguage":"tr","@id":"https:\/\/skins-universe.com\/tr\/urun\/nova-rising-skull-sahada-test-edildi\/#primaryimage","url":"https:\/\/skins-universe.com\/wp-content\/uploads\/2026\/01\/Nova_Rising_Skull_Field_Tested.webp","contentUrl":"https:\/\/skins-universe.com\/wp-content\/uploads\/2026\/01\/Nova_Rising_Skull_Field_Tested.webp","width":458,"height":344},{"@type":"BreadcrumbList","@id":"https:\/\/skins-universe.com\/tr\/urun\/nova-rising-skull-sahada-test-edildi\/#breadcrumb","itemListElement":[{"@type":"ListItem","position":1,"name":"Home","item":"https:\/\/skins-universe.com\/"},{"@type":"ListItem","position":2,"name":"Ma\u011faza","item":"https:\/\/skins-universe.com\/tr\/magaza\/"},{"@type":"ListItem","position":3,"name":"Nova | Rising Skull (Sahada Test Edildi)"}]},{"@type":"WebSite","@id":"https:\/\/skins-universe.com\/#website","url":"https:\/\/skins-universe.com\/","name":"Skins Universe","description":"Elite Skins for Clutch Moments.","publisher":{"@id":"https:\/\/skins-universe.com\/#organization"},"potentialAction":[{"@type":"SearchAction","target":{"@type":"EntryPoint","urlTemplate":"https:\/\/skins-universe.com\/?s={search_term_string}"},"query-input":{"@type":"PropertyValueSpecification","valueRequired":true,"valueName":"search_term_string"}}],"inLanguage":"tr"},{"@type":"Organization","@id":"https:\/\/skins-universe.com\/#organization","name":"Skins Universe","url":"https:\/\/skins-universe.com\/","logo":{"@type":"ImageObject","inLanguage":"tr","@id":"https:\/\/skins-universe.com\/#\/schema\/logo\/image\/","url":"https:\/\/skins-universe.com\/wp-content\/uploads\/2020\/06\/cropped-gaming-1-removebg-preview.png","contentUrl":"https:\/\/skins-universe.com\/wp-content\/uploads\/2020\/06\/cropped-gaming-1-removebg-preview.png","width":500,"height":262,"caption":"Skins Universe"},"image":{"@id":"https:\/\/skins-universe.com\/#\/schema\/logo\/image\/"}}]}},"_links":{"self":[{"href":"https:\/\/skins-universe.com\/tr\/wp-json\/wp\/v2\/product\/28177","targetHints":{"allow":["GET"]}}],"collection":[{"href":"https:\/\/skins-universe.com\/tr\/wp-json\/wp\/v2\/product"}],"about":[{"href":"https:\/\/skins-universe.com\/tr\/wp-json\/wp\/v2\/types\/product"}],"replies":[{"embeddable":true,"href":"https:\/\/skins-universe.com\/tr\/wp-json\/wp\/v2\/comments?post=28177"}],"wp:featuredmedia":[{"embeddable":true,"href":"https:\/\/skins-universe.com\/tr\/wp-json\/wp\/v2\/media\/27622"}],"wp:attachment":[{"href":"https:\/\/skins-universe.com\/tr\/wp-json\/wp\/v2\/media?parent=28177"}],"wp:term":[{"taxonomy":"product_brand","embeddable":true,"href":"https:\/\/skins-universe.com\/tr\/wp-json\/wp\/v2\/product_brand?post=28177"},{"taxonomy":"product_cat","embeddable":true,"href":"https:\/\/skins-universe.com\/tr\/wp-json\/wp\/v2\/product_cat?post=28177"},{"taxonomy":"product_tag","embeddable":true,"href":"https:\/\/skins-universe.com\/tr\/wp-json\/wp\/v2\/product_tag?post=28177"}],"curies":[{"name":"wp","href":"https:\/\/api.w.org\/{rel}","templated":true}]}}