{"id":28184,"date":"2026-01-02T11:58:16","date_gmt":"2026-01-02T11:58:16","guid":{"rendered":"https:\/\/skins-universe.com\/product\/stattrak-xm1014-cennet-korumasi-sahada-test-edilmistir\/"},"modified":"2026-01-02T11:58:16","modified_gmt":"2026-01-02T11:58:16","slug":"stattrak-xm1014-cennet-korumasi-sahada-test-edilmistir","status":"publish","type":"product","link":"https:\/\/skins-universe.com\/tr\/urun\/stattrak-xm1014-cennet-korumasi-sahada-test-edilmistir\/","title":{"rendered":"StatTrak\u2122 XM1014 | Cennet Korumas\u0131 (Sahada Test Edilmi\u015ftir)"},"content":{"rendered":"<p>XM1014, y\u00fcksek fiyat etiketini bir oday\u0131 h\u0131zla kur\u015funla boyayabilme yetene\u011fiyle hakl\u0131 \u00e7\u0131karan g\u00fc\u00e7l\u00fc bir tam otomatik av t\u00fcfe\u011fidir. \u0130nce desenli hidrografikler ve kuru transfer kanat \u00e7\u0131kartmalar\u0131 bir arada kullan\u0131larak boyanm\u0131\u015ft\u0131r. Bazen bir mele\u011fin kanatlar\u0131 kurtulu\u015f anlam\u0131na gelmez  <\/p>\n","protected":false},"excerpt":{"rendered":"<p>XM1014, y\u00fcksek fiyat etiketini bir oday\u0131 h\u0131zla kur\u015funla boyayabilme yetene\u011fiyle hakl\u0131 \u00e7\u0131karan g\u00fc\u00e7l\u00fc bir tam otomatik av t\u00fcfe\u011fidir. \u0130nce desenli hidrografikler ve kuru transfer kanat \u00e7\u0131kartmalar\u0131 bir arada kullan\u0131larak boyanm\u0131\u015ft\u0131r.&hellip;<\/p>\n","protected":false},"featured_media":27604,"comment_status":"open","ping_status":"closed","template":"","meta":[],"product_brand":[],"product_cat":[749],"product_tag":[],"class_list":{"0":"post-28184","1":"product","2":"type-product","3":"status-publish","4":"has-post-thumbnail","6":"product_cat-av-tufegi","8":"first","9":"instock","10":"virtual","11":"product-type-simple"},"yoast_head":"<!-- This site is optimized with the Yoast SEO plugin v26.6 - https:\/\/yoast.com\/wordpress\/plugins\/seo\/ -->\n<title>StatTrak\u2122 XM1014 | Cennet Korumas\u0131 (Sahada Test Edilmi\u015ftir) - Skins Universe<\/title>\n<meta name=\"robots\" content=\"index, follow, max-snippet:-1, max-image-preview:large, max-video-preview:-1\" \/>\n<link rel=\"canonical\" href=\"https:\/\/skins-universe.com\/product\/stattrak-xm1014-cennet-korumasi-sahada-test-edilmistir\/\" \/>\n<meta property=\"og:locale\" content=\"tr_TR\" \/>\n<meta property=\"og:type\" content=\"article\" \/>\n<meta property=\"og:title\" content=\"StatTrak\u2122 XM1014 | Cennet Korumas\u0131 (Sahada Test Edilmi\u015ftir) - Skins Universe\" \/>\n<meta property=\"og:description\" content=\"XM1014, y\u00fcksek fiyat etiketini bir oday\u0131 h\u0131zla kur\u015funla boyayabilme yetene\u011fiyle hakl\u0131 \u00e7\u0131karan g\u00fc\u00e7l\u00fc bir tam otomatik av t\u00fcfe\u011fidir. \u0130nce desenli hidrografikler ve kuru transfer kanat \u00e7\u0131kartmalar\u0131 bir arada kullan\u0131larak boyanm\u0131\u015ft\u0131r.&hellip;\" \/>\n<meta property=\"og:url\" content=\"https:\/\/skins-universe.com\/product\/stattrak-xm1014-cennet-korumasi-sahada-test-edilmistir\/\" \/>\n<meta property=\"og:site_name\" content=\"Skins Universe\" \/>\n<meta name=\"twitter:card\" content=\"summary_large_image\" \/>\n<script type=\"application\/ld+json\" class=\"yoast-schema-graph\">{\"@context\":\"https:\/\/schema.org\",\"@graph\":[{\"@type\":\"WebPage\",\"@id\":\"https:\/\/skins-universe.com\/product\/stattrak-xm1014-cennet-korumasi-sahada-test-edilmistir\/\",\"url\":\"https:\/\/skins-universe.com\/product\/stattrak-xm1014-cennet-korumasi-sahada-test-edilmistir\/\",\"name\":\"StatTrak\u2122 XM1014 | Cennet Korumas\u0131 (Sahada Test Edilmi\u015ftir) - Skins Universe\",\"isPartOf\":{\"@id\":\"https:\/\/skins-universe.com\/#website\"},\"primaryImageOfPage\":{\"@id\":\"https:\/\/skins-universe.com\/product\/stattrak-xm1014-cennet-korumasi-sahada-test-edilmistir\/#primaryimage\"},\"image\":{\"@id\":\"https:\/\/skins-universe.com\/product\/stattrak-xm1014-cennet-korumasi-sahada-test-edilmistir\/#primaryimage\"},\"thumbnailUrl\":\"https:\/\/skins-universe.com\/wp-content\/uploads\/2026\/01\/StatTrak_XM1014_Heaven_Guard_Field_Tested.webp\",\"datePublished\":\"2026-01-02T11:58:16+00:00\",\"breadcrumb\":{\"@id\":\"https:\/\/skins-universe.com\/product\/stattrak-xm1014-cennet-korumasi-sahada-test-edilmistir\/#breadcrumb\"},\"inLanguage\":\"tr\",\"potentialAction\":[{\"@type\":\"ReadAction\",\"target\":[\"https:\/\/skins-universe.com\/product\/stattrak-xm1014-cennet-korumasi-sahada-test-edilmistir\/\"]}]},{\"@type\":\"ImageObject\",\"inLanguage\":\"tr\",\"@id\":\"https:\/\/skins-universe.com\/product\/stattrak-xm1014-cennet-korumasi-sahada-test-edilmistir\/#primaryimage\",\"url\":\"https:\/\/skins-universe.com\/wp-content\/uploads\/2026\/01\/StatTrak_XM1014_Heaven_Guard_Field_Tested.webp\",\"contentUrl\":\"https:\/\/skins-universe.com\/wp-content\/uploads\/2026\/01\/StatTrak_XM1014_Heaven_Guard_Field_Tested.webp\",\"width\":458,\"height\":344},{\"@type\":\"BreadcrumbList\",\"@id\":\"https:\/\/skins-universe.com\/product\/stattrak-xm1014-cennet-korumasi-sahada-test-edilmistir\/#breadcrumb\",\"itemListElement\":[{\"@type\":\"ListItem\",\"position\":1,\"name\":\"Home\",\"item\":\"https:\/\/skins-universe.com\/\"},{\"@type\":\"ListItem\",\"position\":2,\"name\":\"Ma\u011faza\",\"item\":\"https:\/\/skins-universe.com\/tr\/magaza\/\"},{\"@type\":\"ListItem\",\"position\":3,\"name\":\"StatTrak\u2122 XM1014 | Cennet Korumas\u0131 (Sahada Test Edilmi\u015ftir)\"}]},{\"@type\":\"WebSite\",\"@id\":\"https:\/\/skins-universe.com\/#website\",\"url\":\"https:\/\/skins-universe.com\/\",\"name\":\"Skins Universe\",\"description\":\"Elite Skins for Clutch Moments.\",\"publisher\":{\"@id\":\"https:\/\/skins-universe.com\/#organization\"},\"potentialAction\":[{\"@type\":\"SearchAction\",\"target\":{\"@type\":\"EntryPoint\",\"urlTemplate\":\"https:\/\/skins-universe.com\/?s={search_term_string}\"},\"query-input\":{\"@type\":\"PropertyValueSpecification\",\"valueRequired\":true,\"valueName\":\"search_term_string\"}}],\"inLanguage\":\"tr\"},{\"@type\":\"Organization\",\"@id\":\"https:\/\/skins-universe.com\/#organization\",\"name\":\"Skins Universe\",\"url\":\"https:\/\/skins-universe.com\/\",\"logo\":{\"@type\":\"ImageObject\",\"inLanguage\":\"tr\",\"@id\":\"https:\/\/skins-universe.com\/#\/schema\/logo\/image\/\",\"url\":\"https:\/\/skins-universe.com\/wp-content\/uploads\/2020\/06\/cropped-gaming-1-removebg-preview.png\",\"contentUrl\":\"https:\/\/skins-universe.com\/wp-content\/uploads\/2020\/06\/cropped-gaming-1-removebg-preview.png\",\"width\":500,\"height\":262,\"caption\":\"Skins Universe\"},\"image\":{\"@id\":\"https:\/\/skins-universe.com\/#\/schema\/logo\/image\/\"}}]}<\/script>\n<!-- \/ Yoast SEO plugin. -->","yoast_head_json":{"title":"StatTrak\u2122 XM1014 | Cennet Korumas\u0131 (Sahada Test Edilmi\u015ftir) - Skins Universe","robots":{"index":"index","follow":"follow","max-snippet":"max-snippet:-1","max-image-preview":"max-image-preview:large","max-video-preview":"max-video-preview:-1"},"canonical":"https:\/\/skins-universe.com\/product\/stattrak-xm1014-cennet-korumasi-sahada-test-edilmistir\/","og_locale":"tr_TR","og_type":"article","og_title":"StatTrak\u2122 XM1014 | Cennet Korumas\u0131 (Sahada Test Edilmi\u015ftir) - Skins Universe","og_description":"XM1014, y\u00fcksek fiyat etiketini bir oday\u0131 h\u0131zla kur\u015funla boyayabilme yetene\u011fiyle hakl\u0131 \u00e7\u0131karan g\u00fc\u00e7l\u00fc bir tam otomatik av t\u00fcfe\u011fidir. \u0130nce desenli hidrografikler ve kuru transfer kanat \u00e7\u0131kartmalar\u0131 bir arada kullan\u0131larak boyanm\u0131\u015ft\u0131r.&hellip;","og_url":"https:\/\/skins-universe.com\/product\/stattrak-xm1014-cennet-korumasi-sahada-test-edilmistir\/","og_site_name":"Skins Universe","twitter_card":"summary_large_image","schema":{"@context":"https:\/\/schema.org","@graph":[{"@type":"WebPage","@id":"https:\/\/skins-universe.com\/product\/stattrak-xm1014-cennet-korumasi-sahada-test-edilmistir\/","url":"https:\/\/skins-universe.com\/product\/stattrak-xm1014-cennet-korumasi-sahada-test-edilmistir\/","name":"StatTrak\u2122 XM1014 | Cennet Korumas\u0131 (Sahada Test Edilmi\u015ftir) - Skins Universe","isPartOf":{"@id":"https:\/\/skins-universe.com\/#website"},"primaryImageOfPage":{"@id":"https:\/\/skins-universe.com\/product\/stattrak-xm1014-cennet-korumasi-sahada-test-edilmistir\/#primaryimage"},"image":{"@id":"https:\/\/skins-universe.com\/product\/stattrak-xm1014-cennet-korumasi-sahada-test-edilmistir\/#primaryimage"},"thumbnailUrl":"https:\/\/skins-universe.com\/wp-content\/uploads\/2026\/01\/StatTrak_XM1014_Heaven_Guard_Field_Tested.webp","datePublished":"2026-01-02T11:58:16+00:00","breadcrumb":{"@id":"https:\/\/skins-universe.com\/product\/stattrak-xm1014-cennet-korumasi-sahada-test-edilmistir\/#breadcrumb"},"inLanguage":"tr","potentialAction":[{"@type":"ReadAction","target":["https:\/\/skins-universe.com\/product\/stattrak-xm1014-cennet-korumasi-sahada-test-edilmistir\/"]}]},{"@type":"ImageObject","inLanguage":"tr","@id":"https:\/\/skins-universe.com\/product\/stattrak-xm1014-cennet-korumasi-sahada-test-edilmistir\/#primaryimage","url":"https:\/\/skins-universe.com\/wp-content\/uploads\/2026\/01\/StatTrak_XM1014_Heaven_Guard_Field_Tested.webp","contentUrl":"https:\/\/skins-universe.com\/wp-content\/uploads\/2026\/01\/StatTrak_XM1014_Heaven_Guard_Field_Tested.webp","width":458,"height":344},{"@type":"BreadcrumbList","@id":"https:\/\/skins-universe.com\/product\/stattrak-xm1014-cennet-korumasi-sahada-test-edilmistir\/#breadcrumb","itemListElement":[{"@type":"ListItem","position":1,"name":"Home","item":"https:\/\/skins-universe.com\/"},{"@type":"ListItem","position":2,"name":"Ma\u011faza","item":"https:\/\/skins-universe.com\/tr\/magaza\/"},{"@type":"ListItem","position":3,"name":"StatTrak\u2122 XM1014 | Cennet Korumas\u0131 (Sahada Test Edilmi\u015ftir)"}]},{"@type":"WebSite","@id":"https:\/\/skins-universe.com\/#website","url":"https:\/\/skins-universe.com\/","name":"Skins Universe","description":"Elite Skins for Clutch Moments.","publisher":{"@id":"https:\/\/skins-universe.com\/#organization"},"potentialAction":[{"@type":"SearchAction","target":{"@type":"EntryPoint","urlTemplate":"https:\/\/skins-universe.com\/?s={search_term_string}"},"query-input":{"@type":"PropertyValueSpecification","valueRequired":true,"valueName":"search_term_string"}}],"inLanguage":"tr"},{"@type":"Organization","@id":"https:\/\/skins-universe.com\/#organization","name":"Skins Universe","url":"https:\/\/skins-universe.com\/","logo":{"@type":"ImageObject","inLanguage":"tr","@id":"https:\/\/skins-universe.com\/#\/schema\/logo\/image\/","url":"https:\/\/skins-universe.com\/wp-content\/uploads\/2020\/06\/cropped-gaming-1-removebg-preview.png","contentUrl":"https:\/\/skins-universe.com\/wp-content\/uploads\/2020\/06\/cropped-gaming-1-removebg-preview.png","width":500,"height":262,"caption":"Skins Universe"},"image":{"@id":"https:\/\/skins-universe.com\/#\/schema\/logo\/image\/"}}]}},"_links":{"self":[{"href":"https:\/\/skins-universe.com\/tr\/wp-json\/wp\/v2\/product\/28184","targetHints":{"allow":["GET"]}}],"collection":[{"href":"https:\/\/skins-universe.com\/tr\/wp-json\/wp\/v2\/product"}],"about":[{"href":"https:\/\/skins-universe.com\/tr\/wp-json\/wp\/v2\/types\/product"}],"replies":[{"embeddable":true,"href":"https:\/\/skins-universe.com\/tr\/wp-json\/wp\/v2\/comments?post=28184"}],"wp:featuredmedia":[{"embeddable":true,"href":"https:\/\/skins-universe.com\/tr\/wp-json\/wp\/v2\/media\/27604"}],"wp:attachment":[{"href":"https:\/\/skins-universe.com\/tr\/wp-json\/wp\/v2\/media?parent=28184"}],"wp:term":[{"taxonomy":"product_brand","embeddable":true,"href":"https:\/\/skins-universe.com\/tr\/wp-json\/wp\/v2\/product_brand?post=28184"},{"taxonomy":"product_cat","embeddable":true,"href":"https:\/\/skins-universe.com\/tr\/wp-json\/wp\/v2\/product_cat?post=28184"},{"taxonomy":"product_tag","embeddable":true,"href":"https:\/\/skins-universe.com\/tr\/wp-json\/wp\/v2\/product_tag?post=28184"}],"curies":[{"name":"wp","href":"https:\/\/api.w.org\/{rel}","templated":true}]}}