{"id":28248,"date":"2026-01-02T11:56:19","date_gmt":"2026-01-02T11:56:19","guid":{"rendered":"https:\/\/skins-universe.com\/product\/awp-atheris-iyi-yipranmis\/"},"modified":"2026-01-02T11:56:19","modified_gmt":"2026-01-02T11:56:19","slug":"awp-atheris-iyi-yipranmis","status":"publish","type":"product","link":"https:\/\/skins-universe.com\/tr\/urun\/awp-atheris-iyi-yipranmis\/","title":{"rendered":"AWP | Atheris (\u0130yi Y\u0131pranm\u0131\u015f)"},"content":{"rendered":"<p>Y\u00fcksek risk ve y\u00fcksek \u00f6d\u00fcl, k\u00f6t\u00fc \u015f\u00f6hretli AWP, imza raporu ve tek at\u0131\u015f, tek \u00f6ld\u00fcrme politikas\u0131 ile tan\u0131n\u0131r. \u00c7arp\u0131c\u0131 bir ye\u015fil ve mavi \u00e7al\u0131 engere\u011fi, siyah bir taban \u00fczerine elle boyanm\u0131\u015ft\u0131r. G\u00fczel oldu\u011fu kadar \u00f6l\u00fcmc\u00fcl  <\/p>\n","protected":false},"excerpt":{"rendered":"<p>Y\u00fcksek risk ve y\u00fcksek \u00f6d\u00fcl, k\u00f6t\u00fc \u015f\u00f6hretli AWP, imza raporu ve tek at\u0131\u015f, tek \u00f6ld\u00fcrme politikas\u0131 ile tan\u0131n\u0131r. \u00c7arp\u0131c\u0131 bir ye\u015fil ve mavi \u00e7al\u0131 engere\u011fi, siyah bir taban \u00fczerine elle&hellip;<\/p>\n","protected":false},"featured_media":26388,"comment_status":"open","ping_status":"closed","template":"","meta":[],"product_brand":[],"product_cat":[751],"product_tag":[],"class_list":{"0":"post-28248","1":"product","2":"type-product","3":"status-publish","4":"has-post-thumbnail","6":"product_cat-keskin-nisanci-tufegi","8":"first","9":"instock","10":"virtual","11":"product-type-simple"},"yoast_head":"<!-- This site is optimized with the Yoast SEO plugin v26.6 - https:\/\/yoast.com\/wordpress\/plugins\/seo\/ -->\n<title>AWP | Atheris (\u0130yi Y\u0131pranm\u0131\u015f) - Skins Universe<\/title>\n<meta name=\"robots\" content=\"index, follow, max-snippet:-1, max-image-preview:large, max-video-preview:-1\" \/>\n<link rel=\"canonical\" href=\"https:\/\/skins-universe.com\/product\/awp-atheris-iyi-yipranmis\/\" \/>\n<meta property=\"og:locale\" content=\"tr_TR\" \/>\n<meta property=\"og:type\" content=\"article\" \/>\n<meta property=\"og:title\" content=\"AWP | Atheris (\u0130yi Y\u0131pranm\u0131\u015f) - Skins Universe\" \/>\n<meta property=\"og:description\" content=\"Y\u00fcksek risk ve y\u00fcksek \u00f6d\u00fcl, k\u00f6t\u00fc \u015f\u00f6hretli AWP, imza raporu ve tek at\u0131\u015f, tek \u00f6ld\u00fcrme politikas\u0131 ile tan\u0131n\u0131r. \u00c7arp\u0131c\u0131 bir ye\u015fil ve mavi \u00e7al\u0131 engere\u011fi, siyah bir taban \u00fczerine elle&hellip;\" \/>\n<meta property=\"og:url\" content=\"https:\/\/skins-universe.com\/product\/awp-atheris-iyi-yipranmis\/\" \/>\n<meta property=\"og:site_name\" content=\"Skins Universe\" \/>\n<meta name=\"twitter:card\" content=\"summary_large_image\" \/>\n<script type=\"application\/ld+json\" class=\"yoast-schema-graph\">{\"@context\":\"https:\/\/schema.org\",\"@graph\":[{\"@type\":\"WebPage\",\"@id\":\"https:\/\/skins-universe.com\/product\/awp-atheris-iyi-yipranmis\/\",\"url\":\"https:\/\/skins-universe.com\/product\/awp-atheris-iyi-yipranmis\/\",\"name\":\"AWP | Atheris (\u0130yi Y\u0131pranm\u0131\u015f) - Skins Universe\",\"isPartOf\":{\"@id\":\"https:\/\/skins-universe.com\/#website\"},\"primaryImageOfPage\":{\"@id\":\"https:\/\/skins-universe.com\/product\/awp-atheris-iyi-yipranmis\/#primaryimage\"},\"image\":{\"@id\":\"https:\/\/skins-universe.com\/product\/awp-atheris-iyi-yipranmis\/#primaryimage\"},\"thumbnailUrl\":\"https:\/\/skins-universe.com\/wp-content\/uploads\/2025\/12\/AWP_Atheris_Well_Worn.webp\",\"datePublished\":\"2026-01-02T11:56:19+00:00\",\"breadcrumb\":{\"@id\":\"https:\/\/skins-universe.com\/product\/awp-atheris-iyi-yipranmis\/#breadcrumb\"},\"inLanguage\":\"tr\",\"potentialAction\":[{\"@type\":\"ReadAction\",\"target\":[\"https:\/\/skins-universe.com\/product\/awp-atheris-iyi-yipranmis\/\"]}]},{\"@type\":\"ImageObject\",\"inLanguage\":\"tr\",\"@id\":\"https:\/\/skins-universe.com\/product\/awp-atheris-iyi-yipranmis\/#primaryimage\",\"url\":\"https:\/\/skins-universe.com\/wp-content\/uploads\/2025\/12\/AWP_Atheris_Well_Worn.webp\",\"contentUrl\":\"https:\/\/skins-universe.com\/wp-content\/uploads\/2025\/12\/AWP_Atheris_Well_Worn.webp\",\"width\":458,\"height\":344},{\"@type\":\"BreadcrumbList\",\"@id\":\"https:\/\/skins-universe.com\/product\/awp-atheris-iyi-yipranmis\/#breadcrumb\",\"itemListElement\":[{\"@type\":\"ListItem\",\"position\":1,\"name\":\"Home\",\"item\":\"https:\/\/skins-universe.com\/\"},{\"@type\":\"ListItem\",\"position\":2,\"name\":\"Ma\u011faza\",\"item\":\"https:\/\/skins-universe.com\/tr\/magaza\/\"},{\"@type\":\"ListItem\",\"position\":3,\"name\":\"AWP | Atheris (\u0130yi Y\u0131pranm\u0131\u015f)\"}]},{\"@type\":\"WebSite\",\"@id\":\"https:\/\/skins-universe.com\/#website\",\"url\":\"https:\/\/skins-universe.com\/\",\"name\":\"Skins Universe\",\"description\":\"Elite Skins for Clutch Moments.\",\"publisher\":{\"@id\":\"https:\/\/skins-universe.com\/#organization\"},\"potentialAction\":[{\"@type\":\"SearchAction\",\"target\":{\"@type\":\"EntryPoint\",\"urlTemplate\":\"https:\/\/skins-universe.com\/?s={search_term_string}\"},\"query-input\":{\"@type\":\"PropertyValueSpecification\",\"valueRequired\":true,\"valueName\":\"search_term_string\"}}],\"inLanguage\":\"tr\"},{\"@type\":\"Organization\",\"@id\":\"https:\/\/skins-universe.com\/#organization\",\"name\":\"Skins Universe\",\"url\":\"https:\/\/skins-universe.com\/\",\"logo\":{\"@type\":\"ImageObject\",\"inLanguage\":\"tr\",\"@id\":\"https:\/\/skins-universe.com\/#\/schema\/logo\/image\/\",\"url\":\"https:\/\/skins-universe.com\/wp-content\/uploads\/2020\/06\/cropped-gaming-1-removebg-preview.png\",\"contentUrl\":\"https:\/\/skins-universe.com\/wp-content\/uploads\/2020\/06\/cropped-gaming-1-removebg-preview.png\",\"width\":500,\"height\":262,\"caption\":\"Skins Universe\"},\"image\":{\"@id\":\"https:\/\/skins-universe.com\/#\/schema\/logo\/image\/\"}}]}<\/script>\n<!-- \/ Yoast SEO plugin. -->","yoast_head_json":{"title":"AWP | Atheris (\u0130yi Y\u0131pranm\u0131\u015f) - Skins Universe","robots":{"index":"index","follow":"follow","max-snippet":"max-snippet:-1","max-image-preview":"max-image-preview:large","max-video-preview":"max-video-preview:-1"},"canonical":"https:\/\/skins-universe.com\/product\/awp-atheris-iyi-yipranmis\/","og_locale":"tr_TR","og_type":"article","og_title":"AWP | Atheris (\u0130yi Y\u0131pranm\u0131\u015f) - Skins Universe","og_description":"Y\u00fcksek risk ve y\u00fcksek \u00f6d\u00fcl, k\u00f6t\u00fc \u015f\u00f6hretli AWP, imza raporu ve tek at\u0131\u015f, tek \u00f6ld\u00fcrme politikas\u0131 ile tan\u0131n\u0131r. \u00c7arp\u0131c\u0131 bir ye\u015fil ve mavi \u00e7al\u0131 engere\u011fi, siyah bir taban \u00fczerine elle&hellip;","og_url":"https:\/\/skins-universe.com\/product\/awp-atheris-iyi-yipranmis\/","og_site_name":"Skins Universe","twitter_card":"summary_large_image","schema":{"@context":"https:\/\/schema.org","@graph":[{"@type":"WebPage","@id":"https:\/\/skins-universe.com\/product\/awp-atheris-iyi-yipranmis\/","url":"https:\/\/skins-universe.com\/product\/awp-atheris-iyi-yipranmis\/","name":"AWP | Atheris (\u0130yi Y\u0131pranm\u0131\u015f) - Skins Universe","isPartOf":{"@id":"https:\/\/skins-universe.com\/#website"},"primaryImageOfPage":{"@id":"https:\/\/skins-universe.com\/product\/awp-atheris-iyi-yipranmis\/#primaryimage"},"image":{"@id":"https:\/\/skins-universe.com\/product\/awp-atheris-iyi-yipranmis\/#primaryimage"},"thumbnailUrl":"https:\/\/skins-universe.com\/wp-content\/uploads\/2025\/12\/AWP_Atheris_Well_Worn.webp","datePublished":"2026-01-02T11:56:19+00:00","breadcrumb":{"@id":"https:\/\/skins-universe.com\/product\/awp-atheris-iyi-yipranmis\/#breadcrumb"},"inLanguage":"tr","potentialAction":[{"@type":"ReadAction","target":["https:\/\/skins-universe.com\/product\/awp-atheris-iyi-yipranmis\/"]}]},{"@type":"ImageObject","inLanguage":"tr","@id":"https:\/\/skins-universe.com\/product\/awp-atheris-iyi-yipranmis\/#primaryimage","url":"https:\/\/skins-universe.com\/wp-content\/uploads\/2025\/12\/AWP_Atheris_Well_Worn.webp","contentUrl":"https:\/\/skins-universe.com\/wp-content\/uploads\/2025\/12\/AWP_Atheris_Well_Worn.webp","width":458,"height":344},{"@type":"BreadcrumbList","@id":"https:\/\/skins-universe.com\/product\/awp-atheris-iyi-yipranmis\/#breadcrumb","itemListElement":[{"@type":"ListItem","position":1,"name":"Home","item":"https:\/\/skins-universe.com\/"},{"@type":"ListItem","position":2,"name":"Ma\u011faza","item":"https:\/\/skins-universe.com\/tr\/magaza\/"},{"@type":"ListItem","position":3,"name":"AWP | Atheris (\u0130yi Y\u0131pranm\u0131\u015f)"}]},{"@type":"WebSite","@id":"https:\/\/skins-universe.com\/#website","url":"https:\/\/skins-universe.com\/","name":"Skins Universe","description":"Elite Skins for Clutch Moments.","publisher":{"@id":"https:\/\/skins-universe.com\/#organization"},"potentialAction":[{"@type":"SearchAction","target":{"@type":"EntryPoint","urlTemplate":"https:\/\/skins-universe.com\/?s={search_term_string}"},"query-input":{"@type":"PropertyValueSpecification","valueRequired":true,"valueName":"search_term_string"}}],"inLanguage":"tr"},{"@type":"Organization","@id":"https:\/\/skins-universe.com\/#organization","name":"Skins Universe","url":"https:\/\/skins-universe.com\/","logo":{"@type":"ImageObject","inLanguage":"tr","@id":"https:\/\/skins-universe.com\/#\/schema\/logo\/image\/","url":"https:\/\/skins-universe.com\/wp-content\/uploads\/2020\/06\/cropped-gaming-1-removebg-preview.png","contentUrl":"https:\/\/skins-universe.com\/wp-content\/uploads\/2020\/06\/cropped-gaming-1-removebg-preview.png","width":500,"height":262,"caption":"Skins Universe"},"image":{"@id":"https:\/\/skins-universe.com\/#\/schema\/logo\/image\/"}}]}},"_links":{"self":[{"href":"https:\/\/skins-universe.com\/tr\/wp-json\/wp\/v2\/product\/28248","targetHints":{"allow":["GET"]}}],"collection":[{"href":"https:\/\/skins-universe.com\/tr\/wp-json\/wp\/v2\/product"}],"about":[{"href":"https:\/\/skins-universe.com\/tr\/wp-json\/wp\/v2\/types\/product"}],"replies":[{"embeddable":true,"href":"https:\/\/skins-universe.com\/tr\/wp-json\/wp\/v2\/comments?post=28248"}],"wp:featuredmedia":[{"embeddable":true,"href":"https:\/\/skins-universe.com\/tr\/wp-json\/wp\/v2\/media\/26388"}],"wp:attachment":[{"href":"https:\/\/skins-universe.com\/tr\/wp-json\/wp\/v2\/media?parent=28248"}],"wp:term":[{"taxonomy":"product_brand","embeddable":true,"href":"https:\/\/skins-universe.com\/tr\/wp-json\/wp\/v2\/product_brand?post=28248"},{"taxonomy":"product_cat","embeddable":true,"href":"https:\/\/skins-universe.com\/tr\/wp-json\/wp\/v2\/product_cat?post=28248"},{"taxonomy":"product_tag","embeddable":true,"href":"https:\/\/skins-universe.com\/tr\/wp-json\/wp\/v2\/product_tag?post=28248"}],"curies":[{"name":"wp","href":"https:\/\/api.w.org\/{rel}","templated":true}]}}