{"id":28269,"date":"2026-01-02T11:56:48","date_gmt":"2026-01-02T11:56:48","guid":{"rendered":"https:\/\/skins-universe.com\/product\/ssg-08-bloodshot-savas-yarali\/"},"modified":"2026-01-02T11:56:48","modified_gmt":"2026-01-02T11:56:48","slug":"ssg-08-bloodshot-savas-yarali","status":"publish","type":"product","link":"https:\/\/skins-universe.com\/tr\/urun\/ssg-08-bloodshot-savas-yarali\/","title":{"rendered":"SSG 08 | Bloodshot (Sava\u015f Yaral\u0131)"},"content":{"rendered":"<p>SSG08 bolt-action, d\u00fc\u015f\u00fck hasarl\u0131 ancak \u00e7ok uygun maliyetli bir keskin ni\u015fanc\u0131 t\u00fcfe\u011fidir, bu da onu erken tur uzun menzilli ni\u015fanc\u0131l\u0131k i\u00e7in ak\u0131ll\u0131 bir se\u00e7im haline getirir. Ye\u015fil dokuna\u00e7lar, di\u015fler ve bir g\u00f6z k\u00fcresinden olu\u015fan bir canavarl\u0131kla \u00f6zel olarak boyanm\u0131\u015ft\u0131r. Sizi daha iyi g\u00f6rmek i\u00e7in  <\/p>\n","protected":false},"excerpt":{"rendered":"<p>SSG08 bolt-action, d\u00fc\u015f\u00fck hasarl\u0131 ancak \u00e7ok uygun maliyetli bir keskin ni\u015fanc\u0131 t\u00fcfe\u011fidir, bu da onu erken tur uzun menzilli ni\u015fanc\u0131l\u0131k i\u00e7in ak\u0131ll\u0131 bir se\u00e7im haline getirir. Ye\u015fil dokuna\u00e7lar, di\u015fler ve&hellip;<\/p>\n","protected":false},"featured_media":27373,"comment_status":"open","ping_status":"closed","template":"","meta":[],"product_brand":[],"product_cat":[751],"product_tag":[],"class_list":{"0":"post-28269","1":"product","2":"type-product","3":"status-publish","4":"has-post-thumbnail","6":"product_cat-keskin-nisanci-tufegi","8":"first","9":"instock","10":"virtual","11":"product-type-simple"},"yoast_head":"<!-- This site is optimized with the Yoast SEO plugin v26.6 - https:\/\/yoast.com\/wordpress\/plugins\/seo\/ -->\n<title>SSG 08 | Bloodshot (Sava\u015f Yaral\u0131) - Skins Universe<\/title>\n<meta name=\"robots\" content=\"index, follow, max-snippet:-1, max-image-preview:large, max-video-preview:-1\" \/>\n<link rel=\"canonical\" href=\"https:\/\/skins-universe.com\/product\/ssg-08-bloodshot-savas-yarali\/\" \/>\n<meta property=\"og:locale\" content=\"tr_TR\" \/>\n<meta property=\"og:type\" content=\"article\" \/>\n<meta property=\"og:title\" content=\"SSG 08 | Bloodshot (Sava\u015f Yaral\u0131) - Skins Universe\" \/>\n<meta property=\"og:description\" content=\"SSG08 bolt-action, d\u00fc\u015f\u00fck hasarl\u0131 ancak \u00e7ok uygun maliyetli bir keskin ni\u015fanc\u0131 t\u00fcfe\u011fidir, bu da onu erken tur uzun menzilli ni\u015fanc\u0131l\u0131k i\u00e7in ak\u0131ll\u0131 bir se\u00e7im haline getirir. Ye\u015fil dokuna\u00e7lar, di\u015fler ve&hellip;\" \/>\n<meta property=\"og:url\" content=\"https:\/\/skins-universe.com\/product\/ssg-08-bloodshot-savas-yarali\/\" \/>\n<meta property=\"og:site_name\" content=\"Skins Universe\" \/>\n<meta name=\"twitter:card\" content=\"summary_large_image\" \/>\n<script type=\"application\/ld+json\" class=\"yoast-schema-graph\">{\"@context\":\"https:\/\/schema.org\",\"@graph\":[{\"@type\":\"WebPage\",\"@id\":\"https:\/\/skins-universe.com\/product\/ssg-08-bloodshot-savas-yarali\/\",\"url\":\"https:\/\/skins-universe.com\/product\/ssg-08-bloodshot-savas-yarali\/\",\"name\":\"SSG 08 | Bloodshot (Sava\u015f Yaral\u0131) - Skins Universe\",\"isPartOf\":{\"@id\":\"https:\/\/skins-universe.com\/#website\"},\"primaryImageOfPage\":{\"@id\":\"https:\/\/skins-universe.com\/product\/ssg-08-bloodshot-savas-yarali\/#primaryimage\"},\"image\":{\"@id\":\"https:\/\/skins-universe.com\/product\/ssg-08-bloodshot-savas-yarali\/#primaryimage\"},\"thumbnailUrl\":\"https:\/\/skins-universe.com\/wp-content\/uploads\/2026\/01\/SSG_08_Bloodshot_Battle_Scarred.webp\",\"datePublished\":\"2026-01-02T11:56:48+00:00\",\"breadcrumb\":{\"@id\":\"https:\/\/skins-universe.com\/product\/ssg-08-bloodshot-savas-yarali\/#breadcrumb\"},\"inLanguage\":\"tr\",\"potentialAction\":[{\"@type\":\"ReadAction\",\"target\":[\"https:\/\/skins-universe.com\/product\/ssg-08-bloodshot-savas-yarali\/\"]}]},{\"@type\":\"ImageObject\",\"inLanguage\":\"tr\",\"@id\":\"https:\/\/skins-universe.com\/product\/ssg-08-bloodshot-savas-yarali\/#primaryimage\",\"url\":\"https:\/\/skins-universe.com\/wp-content\/uploads\/2026\/01\/SSG_08_Bloodshot_Battle_Scarred.webp\",\"contentUrl\":\"https:\/\/skins-universe.com\/wp-content\/uploads\/2026\/01\/SSG_08_Bloodshot_Battle_Scarred.webp\",\"width\":458,\"height\":344},{\"@type\":\"BreadcrumbList\",\"@id\":\"https:\/\/skins-universe.com\/product\/ssg-08-bloodshot-savas-yarali\/#breadcrumb\",\"itemListElement\":[{\"@type\":\"ListItem\",\"position\":1,\"name\":\"Home\",\"item\":\"https:\/\/skins-universe.com\/\"},{\"@type\":\"ListItem\",\"position\":2,\"name\":\"Ma\u011faza\",\"item\":\"https:\/\/skins-universe.com\/tr\/magaza\/\"},{\"@type\":\"ListItem\",\"position\":3,\"name\":\"SSG 08 | Bloodshot (Sava\u015f Yaral\u0131)\"}]},{\"@type\":\"WebSite\",\"@id\":\"https:\/\/skins-universe.com\/#website\",\"url\":\"https:\/\/skins-universe.com\/\",\"name\":\"Skins Universe\",\"description\":\"Elite Skins for Clutch Moments.\",\"publisher\":{\"@id\":\"https:\/\/skins-universe.com\/#organization\"},\"potentialAction\":[{\"@type\":\"SearchAction\",\"target\":{\"@type\":\"EntryPoint\",\"urlTemplate\":\"https:\/\/skins-universe.com\/?s={search_term_string}\"},\"query-input\":{\"@type\":\"PropertyValueSpecification\",\"valueRequired\":true,\"valueName\":\"search_term_string\"}}],\"inLanguage\":\"tr\"},{\"@type\":\"Organization\",\"@id\":\"https:\/\/skins-universe.com\/#organization\",\"name\":\"Skins Universe\",\"url\":\"https:\/\/skins-universe.com\/\",\"logo\":{\"@type\":\"ImageObject\",\"inLanguage\":\"tr\",\"@id\":\"https:\/\/skins-universe.com\/#\/schema\/logo\/image\/\",\"url\":\"https:\/\/skins-universe.com\/wp-content\/uploads\/2020\/06\/cropped-gaming-1-removebg-preview.png\",\"contentUrl\":\"https:\/\/skins-universe.com\/wp-content\/uploads\/2020\/06\/cropped-gaming-1-removebg-preview.png\",\"width\":500,\"height\":262,\"caption\":\"Skins Universe\"},\"image\":{\"@id\":\"https:\/\/skins-universe.com\/#\/schema\/logo\/image\/\"}}]}<\/script>\n<!-- \/ Yoast SEO plugin. -->","yoast_head_json":{"title":"SSG 08 | Bloodshot (Sava\u015f Yaral\u0131) - Skins Universe","robots":{"index":"index","follow":"follow","max-snippet":"max-snippet:-1","max-image-preview":"max-image-preview:large","max-video-preview":"max-video-preview:-1"},"canonical":"https:\/\/skins-universe.com\/product\/ssg-08-bloodshot-savas-yarali\/","og_locale":"tr_TR","og_type":"article","og_title":"SSG 08 | Bloodshot (Sava\u015f Yaral\u0131) - Skins Universe","og_description":"SSG08 bolt-action, d\u00fc\u015f\u00fck hasarl\u0131 ancak \u00e7ok uygun maliyetli bir keskin ni\u015fanc\u0131 t\u00fcfe\u011fidir, bu da onu erken tur uzun menzilli ni\u015fanc\u0131l\u0131k i\u00e7in ak\u0131ll\u0131 bir se\u00e7im haline getirir. Ye\u015fil dokuna\u00e7lar, di\u015fler ve&hellip;","og_url":"https:\/\/skins-universe.com\/product\/ssg-08-bloodshot-savas-yarali\/","og_site_name":"Skins Universe","twitter_card":"summary_large_image","schema":{"@context":"https:\/\/schema.org","@graph":[{"@type":"WebPage","@id":"https:\/\/skins-universe.com\/product\/ssg-08-bloodshot-savas-yarali\/","url":"https:\/\/skins-universe.com\/product\/ssg-08-bloodshot-savas-yarali\/","name":"SSG 08 | Bloodshot (Sava\u015f Yaral\u0131) - Skins Universe","isPartOf":{"@id":"https:\/\/skins-universe.com\/#website"},"primaryImageOfPage":{"@id":"https:\/\/skins-universe.com\/product\/ssg-08-bloodshot-savas-yarali\/#primaryimage"},"image":{"@id":"https:\/\/skins-universe.com\/product\/ssg-08-bloodshot-savas-yarali\/#primaryimage"},"thumbnailUrl":"https:\/\/skins-universe.com\/wp-content\/uploads\/2026\/01\/SSG_08_Bloodshot_Battle_Scarred.webp","datePublished":"2026-01-02T11:56:48+00:00","breadcrumb":{"@id":"https:\/\/skins-universe.com\/product\/ssg-08-bloodshot-savas-yarali\/#breadcrumb"},"inLanguage":"tr","potentialAction":[{"@type":"ReadAction","target":["https:\/\/skins-universe.com\/product\/ssg-08-bloodshot-savas-yarali\/"]}]},{"@type":"ImageObject","inLanguage":"tr","@id":"https:\/\/skins-universe.com\/product\/ssg-08-bloodshot-savas-yarali\/#primaryimage","url":"https:\/\/skins-universe.com\/wp-content\/uploads\/2026\/01\/SSG_08_Bloodshot_Battle_Scarred.webp","contentUrl":"https:\/\/skins-universe.com\/wp-content\/uploads\/2026\/01\/SSG_08_Bloodshot_Battle_Scarred.webp","width":458,"height":344},{"@type":"BreadcrumbList","@id":"https:\/\/skins-universe.com\/product\/ssg-08-bloodshot-savas-yarali\/#breadcrumb","itemListElement":[{"@type":"ListItem","position":1,"name":"Home","item":"https:\/\/skins-universe.com\/"},{"@type":"ListItem","position":2,"name":"Ma\u011faza","item":"https:\/\/skins-universe.com\/tr\/magaza\/"},{"@type":"ListItem","position":3,"name":"SSG 08 | Bloodshot (Sava\u015f Yaral\u0131)"}]},{"@type":"WebSite","@id":"https:\/\/skins-universe.com\/#website","url":"https:\/\/skins-universe.com\/","name":"Skins Universe","description":"Elite Skins for Clutch Moments.","publisher":{"@id":"https:\/\/skins-universe.com\/#organization"},"potentialAction":[{"@type":"SearchAction","target":{"@type":"EntryPoint","urlTemplate":"https:\/\/skins-universe.com\/?s={search_term_string}"},"query-input":{"@type":"PropertyValueSpecification","valueRequired":true,"valueName":"search_term_string"}}],"inLanguage":"tr"},{"@type":"Organization","@id":"https:\/\/skins-universe.com\/#organization","name":"Skins Universe","url":"https:\/\/skins-universe.com\/","logo":{"@type":"ImageObject","inLanguage":"tr","@id":"https:\/\/skins-universe.com\/#\/schema\/logo\/image\/","url":"https:\/\/skins-universe.com\/wp-content\/uploads\/2020\/06\/cropped-gaming-1-removebg-preview.png","contentUrl":"https:\/\/skins-universe.com\/wp-content\/uploads\/2020\/06\/cropped-gaming-1-removebg-preview.png","width":500,"height":262,"caption":"Skins Universe"},"image":{"@id":"https:\/\/skins-universe.com\/#\/schema\/logo\/image\/"}}]}},"_links":{"self":[{"href":"https:\/\/skins-universe.com\/tr\/wp-json\/wp\/v2\/product\/28269","targetHints":{"allow":["GET"]}}],"collection":[{"href":"https:\/\/skins-universe.com\/tr\/wp-json\/wp\/v2\/product"}],"about":[{"href":"https:\/\/skins-universe.com\/tr\/wp-json\/wp\/v2\/types\/product"}],"replies":[{"embeddable":true,"href":"https:\/\/skins-universe.com\/tr\/wp-json\/wp\/v2\/comments?post=28269"}],"wp:featuredmedia":[{"embeddable":true,"href":"https:\/\/skins-universe.com\/tr\/wp-json\/wp\/v2\/media\/27373"}],"wp:attachment":[{"href":"https:\/\/skins-universe.com\/tr\/wp-json\/wp\/v2\/media?parent=28269"}],"wp:term":[{"taxonomy":"product_brand","embeddable":true,"href":"https:\/\/skins-universe.com\/tr\/wp-json\/wp\/v2\/product_brand?post=28269"},{"taxonomy":"product_cat","embeddable":true,"href":"https:\/\/skins-universe.com\/tr\/wp-json\/wp\/v2\/product_cat?post=28269"},{"taxonomy":"product_tag","embeddable":true,"href":"https:\/\/skins-universe.com\/tr\/wp-json\/wp\/v2\/product_tag?post=28269"}],"curies":[{"name":"wp","href":"https:\/\/api.w.org\/{rel}","templated":true}]}}