{"id":28285,"date":"2026-01-02T11:56:59","date_gmt":"2026-01-02T11:56:59","guid":{"rendered":"https:\/\/skins-universe.com\/product\/m4a1-s-kursunlu-cam-sahada-test-edilmistir\/"},"modified":"2026-01-02T11:56:59","modified_gmt":"2026-01-02T11:56:59","slug":"m4a1-s-kursunlu-cam-sahada-test-edilmistir","status":"publish","type":"product","link":"https:\/\/skins-universe.com\/tr\/urun\/m4a1-s-kursunlu-cam-sahada-test-edilmistir\/","title":{"rendered":"M4A1-S | Kur\u015funlu Cam (Sahada Test Edilmi\u015ftir)"},"content":{"rendered":"<p>Susturulmam\u0131\u015f muadilinden daha k\u00fc\u00e7\u00fck bir \u015farj\u00f6re sahip olan susturulmu\u015f M4A1, daha az geri tepme ve daha iyi isabet ile daha sessiz at\u0131\u015flar sa\u011flar. Par\u00e7alanm\u0131\u015f mavi ve turuncu cam\u0131 and\u0131rmas\u0131 i\u00e7in elle boyanm\u0131\u015ft\u0131r. \u00d6l\u00fcmc\u00fcl k\u0131r\u0131lganl\u0131k  <\/p>\n","protected":false},"excerpt":{"rendered":"<p>Susturulmam\u0131\u015f muadilinden daha k\u00fc\u00e7\u00fck bir \u015farj\u00f6re sahip olan susturulmu\u015f M4A1, daha az geri tepme ve daha iyi isabet ile daha sessiz at\u0131\u015flar sa\u011flar. Par\u00e7alanm\u0131\u015f mavi ve turuncu cam\u0131 and\u0131rmas\u0131 i\u00e7in&hellip;<\/p>\n","protected":false},"featured_media":26587,"comment_status":"open","ping_status":"closed","template":"","meta":[],"product_brand":[],"product_cat":[750],"product_tag":[],"class_list":{"0":"post-28285","1":"product","2":"type-product","3":"status-publish","4":"has-post-thumbnail","6":"product_cat-tufek","8":"first","9":"instock","10":"virtual","11":"product-type-simple"},"yoast_head":"<!-- This site is optimized with the Yoast SEO plugin v26.6 - https:\/\/yoast.com\/wordpress\/plugins\/seo\/ -->\n<title>M4A1-S | Kur\u015funlu Cam (Sahada Test Edilmi\u015ftir) - Skins Universe<\/title>\n<meta name=\"robots\" content=\"index, follow, max-snippet:-1, max-image-preview:large, max-video-preview:-1\" \/>\n<link rel=\"canonical\" href=\"https:\/\/skins-universe.com\/product\/m4a1-s-kursunlu-cam-sahada-test-edilmistir\/\" \/>\n<meta property=\"og:locale\" content=\"tr_TR\" \/>\n<meta property=\"og:type\" content=\"article\" \/>\n<meta property=\"og:title\" content=\"M4A1-S | Kur\u015funlu Cam (Sahada Test Edilmi\u015ftir) - Skins Universe\" \/>\n<meta property=\"og:description\" content=\"Susturulmam\u0131\u015f muadilinden daha k\u00fc\u00e7\u00fck bir \u015farj\u00f6re sahip olan susturulmu\u015f M4A1, daha az geri tepme ve daha iyi isabet ile daha sessiz at\u0131\u015flar sa\u011flar. Par\u00e7alanm\u0131\u015f mavi ve turuncu cam\u0131 and\u0131rmas\u0131 i\u00e7in&hellip;\" \/>\n<meta property=\"og:url\" content=\"https:\/\/skins-universe.com\/product\/m4a1-s-kursunlu-cam-sahada-test-edilmistir\/\" \/>\n<meta property=\"og:site_name\" content=\"Skins Universe\" \/>\n<meta name=\"twitter:card\" content=\"summary_large_image\" \/>\n<script type=\"application\/ld+json\" class=\"yoast-schema-graph\">{\"@context\":\"https:\/\/schema.org\",\"@graph\":[{\"@type\":\"WebPage\",\"@id\":\"https:\/\/skins-universe.com\/product\/m4a1-s-kursunlu-cam-sahada-test-edilmistir\/\",\"url\":\"https:\/\/skins-universe.com\/product\/m4a1-s-kursunlu-cam-sahada-test-edilmistir\/\",\"name\":\"M4A1-S | Kur\u015funlu Cam (Sahada Test Edilmi\u015ftir) - Skins Universe\",\"isPartOf\":{\"@id\":\"https:\/\/skins-universe.com\/#website\"},\"primaryImageOfPage\":{\"@id\":\"https:\/\/skins-universe.com\/product\/m4a1-s-kursunlu-cam-sahada-test-edilmistir\/#primaryimage\"},\"image\":{\"@id\":\"https:\/\/skins-universe.com\/product\/m4a1-s-kursunlu-cam-sahada-test-edilmistir\/#primaryimage\"},\"thumbnailUrl\":\"https:\/\/skins-universe.com\/wp-content\/uploads\/2025\/12\/M4A1_S_Leaded_Glass_Field_Tested.webp\",\"datePublished\":\"2026-01-02T11:56:59+00:00\",\"breadcrumb\":{\"@id\":\"https:\/\/skins-universe.com\/product\/m4a1-s-kursunlu-cam-sahada-test-edilmistir\/#breadcrumb\"},\"inLanguage\":\"tr\",\"potentialAction\":[{\"@type\":\"ReadAction\",\"target\":[\"https:\/\/skins-universe.com\/product\/m4a1-s-kursunlu-cam-sahada-test-edilmistir\/\"]}]},{\"@type\":\"ImageObject\",\"inLanguage\":\"tr\",\"@id\":\"https:\/\/skins-universe.com\/product\/m4a1-s-kursunlu-cam-sahada-test-edilmistir\/#primaryimage\",\"url\":\"https:\/\/skins-universe.com\/wp-content\/uploads\/2025\/12\/M4A1_S_Leaded_Glass_Field_Tested.webp\",\"contentUrl\":\"https:\/\/skins-universe.com\/wp-content\/uploads\/2025\/12\/M4A1_S_Leaded_Glass_Field_Tested.webp\",\"width\":458,\"height\":344},{\"@type\":\"BreadcrumbList\",\"@id\":\"https:\/\/skins-universe.com\/product\/m4a1-s-kursunlu-cam-sahada-test-edilmistir\/#breadcrumb\",\"itemListElement\":[{\"@type\":\"ListItem\",\"position\":1,\"name\":\"Home\",\"item\":\"https:\/\/skins-universe.com\/\"},{\"@type\":\"ListItem\",\"position\":2,\"name\":\"Ma\u011faza\",\"item\":\"https:\/\/skins-universe.com\/tr\/magaza\/\"},{\"@type\":\"ListItem\",\"position\":3,\"name\":\"M4A1-S | Kur\u015funlu Cam (Sahada Test Edilmi\u015ftir)\"}]},{\"@type\":\"WebSite\",\"@id\":\"https:\/\/skins-universe.com\/#website\",\"url\":\"https:\/\/skins-universe.com\/\",\"name\":\"Skins Universe\",\"description\":\"Elite Skins for Clutch Moments.\",\"publisher\":{\"@id\":\"https:\/\/skins-universe.com\/#organization\"},\"potentialAction\":[{\"@type\":\"SearchAction\",\"target\":{\"@type\":\"EntryPoint\",\"urlTemplate\":\"https:\/\/skins-universe.com\/?s={search_term_string}\"},\"query-input\":{\"@type\":\"PropertyValueSpecification\",\"valueRequired\":true,\"valueName\":\"search_term_string\"}}],\"inLanguage\":\"tr\"},{\"@type\":\"Organization\",\"@id\":\"https:\/\/skins-universe.com\/#organization\",\"name\":\"Skins Universe\",\"url\":\"https:\/\/skins-universe.com\/\",\"logo\":{\"@type\":\"ImageObject\",\"inLanguage\":\"tr\",\"@id\":\"https:\/\/skins-universe.com\/#\/schema\/logo\/image\/\",\"url\":\"https:\/\/skins-universe.com\/wp-content\/uploads\/2020\/06\/cropped-gaming-1-removebg-preview.png\",\"contentUrl\":\"https:\/\/skins-universe.com\/wp-content\/uploads\/2020\/06\/cropped-gaming-1-removebg-preview.png\",\"width\":500,\"height\":262,\"caption\":\"Skins Universe\"},\"image\":{\"@id\":\"https:\/\/skins-universe.com\/#\/schema\/logo\/image\/\"}}]}<\/script>\n<!-- \/ Yoast SEO plugin. -->","yoast_head_json":{"title":"M4A1-S | Kur\u015funlu Cam (Sahada Test Edilmi\u015ftir) - Skins Universe","robots":{"index":"index","follow":"follow","max-snippet":"max-snippet:-1","max-image-preview":"max-image-preview:large","max-video-preview":"max-video-preview:-1"},"canonical":"https:\/\/skins-universe.com\/product\/m4a1-s-kursunlu-cam-sahada-test-edilmistir\/","og_locale":"tr_TR","og_type":"article","og_title":"M4A1-S | Kur\u015funlu Cam (Sahada Test Edilmi\u015ftir) - Skins Universe","og_description":"Susturulmam\u0131\u015f muadilinden daha k\u00fc\u00e7\u00fck bir \u015farj\u00f6re sahip olan susturulmu\u015f M4A1, daha az geri tepme ve daha iyi isabet ile daha sessiz at\u0131\u015flar sa\u011flar. Par\u00e7alanm\u0131\u015f mavi ve turuncu cam\u0131 and\u0131rmas\u0131 i\u00e7in&hellip;","og_url":"https:\/\/skins-universe.com\/product\/m4a1-s-kursunlu-cam-sahada-test-edilmistir\/","og_site_name":"Skins Universe","twitter_card":"summary_large_image","schema":{"@context":"https:\/\/schema.org","@graph":[{"@type":"WebPage","@id":"https:\/\/skins-universe.com\/product\/m4a1-s-kursunlu-cam-sahada-test-edilmistir\/","url":"https:\/\/skins-universe.com\/product\/m4a1-s-kursunlu-cam-sahada-test-edilmistir\/","name":"M4A1-S | Kur\u015funlu Cam (Sahada Test Edilmi\u015ftir) - Skins Universe","isPartOf":{"@id":"https:\/\/skins-universe.com\/#website"},"primaryImageOfPage":{"@id":"https:\/\/skins-universe.com\/product\/m4a1-s-kursunlu-cam-sahada-test-edilmistir\/#primaryimage"},"image":{"@id":"https:\/\/skins-universe.com\/product\/m4a1-s-kursunlu-cam-sahada-test-edilmistir\/#primaryimage"},"thumbnailUrl":"https:\/\/skins-universe.com\/wp-content\/uploads\/2025\/12\/M4A1_S_Leaded_Glass_Field_Tested.webp","datePublished":"2026-01-02T11:56:59+00:00","breadcrumb":{"@id":"https:\/\/skins-universe.com\/product\/m4a1-s-kursunlu-cam-sahada-test-edilmistir\/#breadcrumb"},"inLanguage":"tr","potentialAction":[{"@type":"ReadAction","target":["https:\/\/skins-universe.com\/product\/m4a1-s-kursunlu-cam-sahada-test-edilmistir\/"]}]},{"@type":"ImageObject","inLanguage":"tr","@id":"https:\/\/skins-universe.com\/product\/m4a1-s-kursunlu-cam-sahada-test-edilmistir\/#primaryimage","url":"https:\/\/skins-universe.com\/wp-content\/uploads\/2025\/12\/M4A1_S_Leaded_Glass_Field_Tested.webp","contentUrl":"https:\/\/skins-universe.com\/wp-content\/uploads\/2025\/12\/M4A1_S_Leaded_Glass_Field_Tested.webp","width":458,"height":344},{"@type":"BreadcrumbList","@id":"https:\/\/skins-universe.com\/product\/m4a1-s-kursunlu-cam-sahada-test-edilmistir\/#breadcrumb","itemListElement":[{"@type":"ListItem","position":1,"name":"Home","item":"https:\/\/skins-universe.com\/"},{"@type":"ListItem","position":2,"name":"Ma\u011faza","item":"https:\/\/skins-universe.com\/tr\/magaza\/"},{"@type":"ListItem","position":3,"name":"M4A1-S | Kur\u015funlu Cam (Sahada Test Edilmi\u015ftir)"}]},{"@type":"WebSite","@id":"https:\/\/skins-universe.com\/#website","url":"https:\/\/skins-universe.com\/","name":"Skins Universe","description":"Elite Skins for Clutch Moments.","publisher":{"@id":"https:\/\/skins-universe.com\/#organization"},"potentialAction":[{"@type":"SearchAction","target":{"@type":"EntryPoint","urlTemplate":"https:\/\/skins-universe.com\/?s={search_term_string}"},"query-input":{"@type":"PropertyValueSpecification","valueRequired":true,"valueName":"search_term_string"}}],"inLanguage":"tr"},{"@type":"Organization","@id":"https:\/\/skins-universe.com\/#organization","name":"Skins Universe","url":"https:\/\/skins-universe.com\/","logo":{"@type":"ImageObject","inLanguage":"tr","@id":"https:\/\/skins-universe.com\/#\/schema\/logo\/image\/","url":"https:\/\/skins-universe.com\/wp-content\/uploads\/2020\/06\/cropped-gaming-1-removebg-preview.png","contentUrl":"https:\/\/skins-universe.com\/wp-content\/uploads\/2020\/06\/cropped-gaming-1-removebg-preview.png","width":500,"height":262,"caption":"Skins Universe"},"image":{"@id":"https:\/\/skins-universe.com\/#\/schema\/logo\/image\/"}}]}},"_links":{"self":[{"href":"https:\/\/skins-universe.com\/tr\/wp-json\/wp\/v2\/product\/28285","targetHints":{"allow":["GET"]}}],"collection":[{"href":"https:\/\/skins-universe.com\/tr\/wp-json\/wp\/v2\/product"}],"about":[{"href":"https:\/\/skins-universe.com\/tr\/wp-json\/wp\/v2\/types\/product"}],"replies":[{"embeddable":true,"href":"https:\/\/skins-universe.com\/tr\/wp-json\/wp\/v2\/comments?post=28285"}],"wp:featuredmedia":[{"embeddable":true,"href":"https:\/\/skins-universe.com\/tr\/wp-json\/wp\/v2\/media\/26587"}],"wp:attachment":[{"href":"https:\/\/skins-universe.com\/tr\/wp-json\/wp\/v2\/media?parent=28285"}],"wp:term":[{"taxonomy":"product_brand","embeddable":true,"href":"https:\/\/skins-universe.com\/tr\/wp-json\/wp\/v2\/product_brand?post=28285"},{"taxonomy":"product_cat","embeddable":true,"href":"https:\/\/skins-universe.com\/tr\/wp-json\/wp\/v2\/product_cat?post=28285"},{"taxonomy":"product_tag","embeddable":true,"href":"https:\/\/skins-universe.com\/tr\/wp-json\/wp\/v2\/product_tag?post=28285"}],"curies":[{"name":"wp","href":"https:\/\/api.w.org\/{rel}","templated":true}]}}