{"id":28317,"date":"2026-01-02T11:57:22","date_gmt":"2026-01-02T11:57:22","guid":{"rendered":"https:\/\/skins-universe.com\/product\/ak-47-oligark-savas-kararli\/"},"modified":"2026-01-02T11:57:22","modified_gmt":"2026-01-02T11:57:22","slug":"ak-47-oligark-savas-kararli","status":"publish","type":"product","link":"https:\/\/skins-universe.com\/tr\/urun\/ak-47-oligark-savas-kararli\/","title":{"rendered":"AK-47 | Oligark (Sava\u015f Kararl\u0131)"},"content":{"rendered":"<p>G\u00fc\u00e7l\u00fc ve g\u00fcvenilir AK-47, d\u00fcnyan\u0131n en pop\u00fcler sald\u0131r\u0131 t\u00fcfeklerinden biridir. En \u00f6l\u00fcmc\u00fcl oldu\u011fu anlar k\u0131sa ve kontroll\u00fc at\u0131\u015flard\u0131r. L\u00fcks bir beyaz ve siyah puffer ceketin g\u00f6r\u00fcn\u00fcm\u00fcn\u00fc ve hissini taklit etmek i\u00e7in \u00f6zel olarak boyanm\u0131\u015f ve alt\u0131n vurgularla tamamlanm\u0131\u015ft\u0131r. G\u00fc\u00e7 aray\u0131n, g\u00fc\u00e7 kazan\u0131n, g\u00fcc\u00fc elinizde tutun   <\/p>\n","protected":false},"excerpt":{"rendered":"<p>G\u00fc\u00e7l\u00fc ve g\u00fcvenilir AK-47, d\u00fcnyan\u0131n en pop\u00fcler sald\u0131r\u0131 t\u00fcfeklerinden biridir. En \u00f6l\u00fcmc\u00fcl oldu\u011fu anlar k\u0131sa ve kontroll\u00fc at\u0131\u015flard\u0131r. L\u00fcks bir beyaz ve siyah puffer ceketin g\u00f6r\u00fcn\u00fcm\u00fcn\u00fc ve hissini taklit etmek&hellip;<\/p>\n","protected":false},"featured_media":27457,"comment_status":"open","ping_status":"closed","template":"","meta":[],"product_brand":[],"product_cat":[750],"product_tag":[],"class_list":{"0":"post-28317","1":"product","2":"type-product","3":"status-publish","4":"has-post-thumbnail","6":"product_cat-tufek","8":"first","9":"instock","10":"virtual","11":"product-type-simple"},"yoast_head":"<!-- This site is optimized with the Yoast SEO plugin v26.6 - https:\/\/yoast.com\/wordpress\/plugins\/seo\/ -->\n<title>AK-47 | Oligark (Sava\u015f Kararl\u0131) - Skins Universe<\/title>\n<meta name=\"robots\" content=\"index, follow, max-snippet:-1, max-image-preview:large, max-video-preview:-1\" \/>\n<link rel=\"canonical\" href=\"https:\/\/skins-universe.com\/product\/ak-47-oligark-savas-kararli\/\" \/>\n<meta property=\"og:locale\" content=\"tr_TR\" \/>\n<meta property=\"og:type\" content=\"article\" \/>\n<meta property=\"og:title\" content=\"AK-47 | Oligark (Sava\u015f Kararl\u0131) - Skins Universe\" \/>\n<meta property=\"og:description\" content=\"G\u00fc\u00e7l\u00fc ve g\u00fcvenilir AK-47, d\u00fcnyan\u0131n en pop\u00fcler sald\u0131r\u0131 t\u00fcfeklerinden biridir. En \u00f6l\u00fcmc\u00fcl oldu\u011fu anlar k\u0131sa ve kontroll\u00fc at\u0131\u015flard\u0131r. L\u00fcks bir beyaz ve siyah puffer ceketin g\u00f6r\u00fcn\u00fcm\u00fcn\u00fc ve hissini taklit etmek&hellip;\" \/>\n<meta property=\"og:url\" content=\"https:\/\/skins-universe.com\/product\/ak-47-oligark-savas-kararli\/\" \/>\n<meta property=\"og:site_name\" content=\"Skins Universe\" \/>\n<meta name=\"twitter:card\" content=\"summary_large_image\" \/>\n<script type=\"application\/ld+json\" class=\"yoast-schema-graph\">{\"@context\":\"https:\/\/schema.org\",\"@graph\":[{\"@type\":\"WebPage\",\"@id\":\"https:\/\/skins-universe.com\/product\/ak-47-oligark-savas-kararli\/\",\"url\":\"https:\/\/skins-universe.com\/product\/ak-47-oligark-savas-kararli\/\",\"name\":\"AK-47 | Oligark (Sava\u015f Kararl\u0131) - Skins Universe\",\"isPartOf\":{\"@id\":\"https:\/\/skins-universe.com\/#website\"},\"primaryImageOfPage\":{\"@id\":\"https:\/\/skins-universe.com\/product\/ak-47-oligark-savas-kararli\/#primaryimage\"},\"image\":{\"@id\":\"https:\/\/skins-universe.com\/product\/ak-47-oligark-savas-kararli\/#primaryimage\"},\"thumbnailUrl\":\"https:\/\/skins-universe.com\/wp-content\/uploads\/2026\/01\/AK_47_The_Oligarch_Battle_Scarred.webp\",\"datePublished\":\"2026-01-02T11:57:22+00:00\",\"breadcrumb\":{\"@id\":\"https:\/\/skins-universe.com\/product\/ak-47-oligark-savas-kararli\/#breadcrumb\"},\"inLanguage\":\"tr\",\"potentialAction\":[{\"@type\":\"ReadAction\",\"target\":[\"https:\/\/skins-universe.com\/product\/ak-47-oligark-savas-kararli\/\"]}]},{\"@type\":\"ImageObject\",\"inLanguage\":\"tr\",\"@id\":\"https:\/\/skins-universe.com\/product\/ak-47-oligark-savas-kararli\/#primaryimage\",\"url\":\"https:\/\/skins-universe.com\/wp-content\/uploads\/2026\/01\/AK_47_The_Oligarch_Battle_Scarred.webp\",\"contentUrl\":\"https:\/\/skins-universe.com\/wp-content\/uploads\/2026\/01\/AK_47_The_Oligarch_Battle_Scarred.webp\",\"width\":458,\"height\":344},{\"@type\":\"BreadcrumbList\",\"@id\":\"https:\/\/skins-universe.com\/product\/ak-47-oligark-savas-kararli\/#breadcrumb\",\"itemListElement\":[{\"@type\":\"ListItem\",\"position\":1,\"name\":\"Home\",\"item\":\"https:\/\/skins-universe.com\/\"},{\"@type\":\"ListItem\",\"position\":2,\"name\":\"Ma\u011faza\",\"item\":\"https:\/\/skins-universe.com\/tr\/magaza\/\"},{\"@type\":\"ListItem\",\"position\":3,\"name\":\"AK-47 | Oligark (Sava\u015f Kararl\u0131)\"}]},{\"@type\":\"WebSite\",\"@id\":\"https:\/\/skins-universe.com\/#website\",\"url\":\"https:\/\/skins-universe.com\/\",\"name\":\"Skins Universe\",\"description\":\"Elite Skins for Clutch Moments.\",\"publisher\":{\"@id\":\"https:\/\/skins-universe.com\/#organization\"},\"potentialAction\":[{\"@type\":\"SearchAction\",\"target\":{\"@type\":\"EntryPoint\",\"urlTemplate\":\"https:\/\/skins-universe.com\/?s={search_term_string}\"},\"query-input\":{\"@type\":\"PropertyValueSpecification\",\"valueRequired\":true,\"valueName\":\"search_term_string\"}}],\"inLanguage\":\"tr\"},{\"@type\":\"Organization\",\"@id\":\"https:\/\/skins-universe.com\/#organization\",\"name\":\"Skins Universe\",\"url\":\"https:\/\/skins-universe.com\/\",\"logo\":{\"@type\":\"ImageObject\",\"inLanguage\":\"tr\",\"@id\":\"https:\/\/skins-universe.com\/#\/schema\/logo\/image\/\",\"url\":\"https:\/\/skins-universe.com\/wp-content\/uploads\/2020\/06\/cropped-gaming-1-removebg-preview.png\",\"contentUrl\":\"https:\/\/skins-universe.com\/wp-content\/uploads\/2020\/06\/cropped-gaming-1-removebg-preview.png\",\"width\":500,\"height\":262,\"caption\":\"Skins Universe\"},\"image\":{\"@id\":\"https:\/\/skins-universe.com\/#\/schema\/logo\/image\/\"}}]}<\/script>\n<!-- \/ Yoast SEO plugin. -->","yoast_head_json":{"title":"AK-47 | Oligark (Sava\u015f Kararl\u0131) - Skins Universe","robots":{"index":"index","follow":"follow","max-snippet":"max-snippet:-1","max-image-preview":"max-image-preview:large","max-video-preview":"max-video-preview:-1"},"canonical":"https:\/\/skins-universe.com\/product\/ak-47-oligark-savas-kararli\/","og_locale":"tr_TR","og_type":"article","og_title":"AK-47 | Oligark (Sava\u015f Kararl\u0131) - Skins Universe","og_description":"G\u00fc\u00e7l\u00fc ve g\u00fcvenilir AK-47, d\u00fcnyan\u0131n en pop\u00fcler sald\u0131r\u0131 t\u00fcfeklerinden biridir. En \u00f6l\u00fcmc\u00fcl oldu\u011fu anlar k\u0131sa ve kontroll\u00fc at\u0131\u015flard\u0131r. L\u00fcks bir beyaz ve siyah puffer ceketin g\u00f6r\u00fcn\u00fcm\u00fcn\u00fc ve hissini taklit etmek&hellip;","og_url":"https:\/\/skins-universe.com\/product\/ak-47-oligark-savas-kararli\/","og_site_name":"Skins Universe","twitter_card":"summary_large_image","schema":{"@context":"https:\/\/schema.org","@graph":[{"@type":"WebPage","@id":"https:\/\/skins-universe.com\/product\/ak-47-oligark-savas-kararli\/","url":"https:\/\/skins-universe.com\/product\/ak-47-oligark-savas-kararli\/","name":"AK-47 | Oligark (Sava\u015f Kararl\u0131) - Skins Universe","isPartOf":{"@id":"https:\/\/skins-universe.com\/#website"},"primaryImageOfPage":{"@id":"https:\/\/skins-universe.com\/product\/ak-47-oligark-savas-kararli\/#primaryimage"},"image":{"@id":"https:\/\/skins-universe.com\/product\/ak-47-oligark-savas-kararli\/#primaryimage"},"thumbnailUrl":"https:\/\/skins-universe.com\/wp-content\/uploads\/2026\/01\/AK_47_The_Oligarch_Battle_Scarred.webp","datePublished":"2026-01-02T11:57:22+00:00","breadcrumb":{"@id":"https:\/\/skins-universe.com\/product\/ak-47-oligark-savas-kararli\/#breadcrumb"},"inLanguage":"tr","potentialAction":[{"@type":"ReadAction","target":["https:\/\/skins-universe.com\/product\/ak-47-oligark-savas-kararli\/"]}]},{"@type":"ImageObject","inLanguage":"tr","@id":"https:\/\/skins-universe.com\/product\/ak-47-oligark-savas-kararli\/#primaryimage","url":"https:\/\/skins-universe.com\/wp-content\/uploads\/2026\/01\/AK_47_The_Oligarch_Battle_Scarred.webp","contentUrl":"https:\/\/skins-universe.com\/wp-content\/uploads\/2026\/01\/AK_47_The_Oligarch_Battle_Scarred.webp","width":458,"height":344},{"@type":"BreadcrumbList","@id":"https:\/\/skins-universe.com\/product\/ak-47-oligark-savas-kararli\/#breadcrumb","itemListElement":[{"@type":"ListItem","position":1,"name":"Home","item":"https:\/\/skins-universe.com\/"},{"@type":"ListItem","position":2,"name":"Ma\u011faza","item":"https:\/\/skins-universe.com\/tr\/magaza\/"},{"@type":"ListItem","position":3,"name":"AK-47 | Oligark (Sava\u015f Kararl\u0131)"}]},{"@type":"WebSite","@id":"https:\/\/skins-universe.com\/#website","url":"https:\/\/skins-universe.com\/","name":"Skins Universe","description":"Elite Skins for Clutch Moments.","publisher":{"@id":"https:\/\/skins-universe.com\/#organization"},"potentialAction":[{"@type":"SearchAction","target":{"@type":"EntryPoint","urlTemplate":"https:\/\/skins-universe.com\/?s={search_term_string}"},"query-input":{"@type":"PropertyValueSpecification","valueRequired":true,"valueName":"search_term_string"}}],"inLanguage":"tr"},{"@type":"Organization","@id":"https:\/\/skins-universe.com\/#organization","name":"Skins Universe","url":"https:\/\/skins-universe.com\/","logo":{"@type":"ImageObject","inLanguage":"tr","@id":"https:\/\/skins-universe.com\/#\/schema\/logo\/image\/","url":"https:\/\/skins-universe.com\/wp-content\/uploads\/2020\/06\/cropped-gaming-1-removebg-preview.png","contentUrl":"https:\/\/skins-universe.com\/wp-content\/uploads\/2020\/06\/cropped-gaming-1-removebg-preview.png","width":500,"height":262,"caption":"Skins Universe"},"image":{"@id":"https:\/\/skins-universe.com\/#\/schema\/logo\/image\/"}}]}},"_links":{"self":[{"href":"https:\/\/skins-universe.com\/tr\/wp-json\/wp\/v2\/product\/28317","targetHints":{"allow":["GET"]}}],"collection":[{"href":"https:\/\/skins-universe.com\/tr\/wp-json\/wp\/v2\/product"}],"about":[{"href":"https:\/\/skins-universe.com\/tr\/wp-json\/wp\/v2\/types\/product"}],"replies":[{"embeddable":true,"href":"https:\/\/skins-universe.com\/tr\/wp-json\/wp\/v2\/comments?post=28317"}],"wp:featuredmedia":[{"embeddable":true,"href":"https:\/\/skins-universe.com\/tr\/wp-json\/wp\/v2\/media\/27457"}],"wp:attachment":[{"href":"https:\/\/skins-universe.com\/tr\/wp-json\/wp\/v2\/media?parent=28317"}],"wp:term":[{"taxonomy":"product_brand","embeddable":true,"href":"https:\/\/skins-universe.com\/tr\/wp-json\/wp\/v2\/product_brand?post=28317"},{"taxonomy":"product_cat","embeddable":true,"href":"https:\/\/skins-universe.com\/tr\/wp-json\/wp\/v2\/product_cat?post=28317"},{"taxonomy":"product_tag","embeddable":true,"href":"https:\/\/skins-universe.com\/tr\/wp-json\/wp\/v2\/product_tag?post=28317"}],"curies":[{"name":"wp","href":"https:\/\/api.w.org\/{rel}","templated":true}]}}