{"id":28350,"date":"2026-01-02T11:55:08","date_gmt":"2026-01-02T11:55:08","guid":{"rendered":"https:\/\/skins-universe.com\/product\/mp7-sigara-oldurur-savas-kararli\/"},"modified":"2026-01-02T11:55:08","modified_gmt":"2026-01-02T11:55:08","slug":"mp7-sigara-oldurur-savas-kararli","status":"publish","type":"product","link":"https:\/\/skins-universe.com\/tr\/urun\/mp7-sigara-oldurur-savas-kararli\/","title":{"rendered":"MP7 | Sigara \u00d6ld\u00fcr\u00fcr (Sava\u015f Kararl\u0131)"},"content":{"rendered":"<p>\u00c7ok y\u00f6nl\u00fc ama pahal\u0131 olan Alman yap\u0131m\u0131 MP7 SMG, y\u00fcksek etkili yak\u0131n mesafe \u00e7at\u0131\u015fmalar\u0131 i\u00e7in m\u00fckemmel bir se\u00e7imdir. Sigara i\u00e7en g\u00f6zl\u00fckl\u00fc bir kad\u0131n\u0131n yer ald\u0131\u011f\u0131 renkli bir tasar\u0131mla \u00f6zel olarak boyanm\u0131\u015ft\u0131r. &#8220;Bunu h\u0131zl\u0131 ya da yava\u015f yapabiliriz, karar sizin&#8221;  <\/p>\n","protected":false},"excerpt":{"rendered":"<p>\u00c7ok y\u00f6nl\u00fc ama pahal\u0131 olan Alman yap\u0131m\u0131 MP7 SMG, y\u00fcksek etkili yak\u0131n mesafe \u00e7at\u0131\u015fmalar\u0131 i\u00e7in m\u00fckemmel bir se\u00e7imdir. Sigara i\u00e7en g\u00f6zl\u00fckl\u00fc bir kad\u0131n\u0131n yer ald\u0131\u011f\u0131 renkli bir tasar\u0131mla \u00f6zel olarak&hellip;<\/p>\n","protected":false},"featured_media":26403,"comment_status":"open","ping_status":"closed","template":"","meta":[],"product_brand":[],"product_cat":[755],"product_tag":[],"class_list":{"0":"post-28350","1":"product","2":"type-product","3":"status-publish","4":"has-post-thumbnail","6":"product_cat-smg-tr","8":"first","9":"instock","10":"virtual","11":"product-type-simple"},"yoast_head":"<!-- This site is optimized with the Yoast SEO plugin v26.6 - https:\/\/yoast.com\/wordpress\/plugins\/seo\/ -->\n<title>MP7 | Sigara \u00d6ld\u00fcr\u00fcr (Sava\u015f Kararl\u0131) - Skins Universe<\/title>\n<meta name=\"robots\" content=\"index, follow, max-snippet:-1, max-image-preview:large, max-video-preview:-1\" \/>\n<link rel=\"canonical\" href=\"https:\/\/skins-universe.com\/product\/mp7-sigara-oldurur-savas-kararli\/\" \/>\n<meta property=\"og:locale\" content=\"tr_TR\" \/>\n<meta property=\"og:type\" content=\"article\" \/>\n<meta property=\"og:title\" content=\"MP7 | Sigara \u00d6ld\u00fcr\u00fcr (Sava\u015f Kararl\u0131) - Skins Universe\" \/>\n<meta property=\"og:description\" content=\"\u00c7ok y\u00f6nl\u00fc ama pahal\u0131 olan Alman yap\u0131m\u0131 MP7 SMG, y\u00fcksek etkili yak\u0131n mesafe \u00e7at\u0131\u015fmalar\u0131 i\u00e7in m\u00fckemmel bir se\u00e7imdir. Sigara i\u00e7en g\u00f6zl\u00fckl\u00fc bir kad\u0131n\u0131n yer ald\u0131\u011f\u0131 renkli bir tasar\u0131mla \u00f6zel olarak&hellip;\" \/>\n<meta property=\"og:url\" content=\"https:\/\/skins-universe.com\/product\/mp7-sigara-oldurur-savas-kararli\/\" \/>\n<meta property=\"og:site_name\" content=\"Skins Universe\" \/>\n<meta name=\"twitter:card\" content=\"summary_large_image\" \/>\n<script type=\"application\/ld+json\" class=\"yoast-schema-graph\">{\"@context\":\"https:\/\/schema.org\",\"@graph\":[{\"@type\":\"WebPage\",\"@id\":\"https:\/\/skins-universe.com\/product\/mp7-sigara-oldurur-savas-kararli\/\",\"url\":\"https:\/\/skins-universe.com\/product\/mp7-sigara-oldurur-savas-kararli\/\",\"name\":\"MP7 | Sigara \u00d6ld\u00fcr\u00fcr (Sava\u015f Kararl\u0131) - Skins Universe\",\"isPartOf\":{\"@id\":\"https:\/\/skins-universe.com\/#website\"},\"primaryImageOfPage\":{\"@id\":\"https:\/\/skins-universe.com\/product\/mp7-sigara-oldurur-savas-kararli\/#primaryimage\"},\"image\":{\"@id\":\"https:\/\/skins-universe.com\/product\/mp7-sigara-oldurur-savas-kararli\/#primaryimage\"},\"thumbnailUrl\":\"https:\/\/skins-universe.com\/wp-content\/uploads\/2025\/12\/MP7_Smoking_Kills_Battle_Scarred.webp\",\"datePublished\":\"2026-01-02T11:55:08+00:00\",\"breadcrumb\":{\"@id\":\"https:\/\/skins-universe.com\/product\/mp7-sigara-oldurur-savas-kararli\/#breadcrumb\"},\"inLanguage\":\"tr\",\"potentialAction\":[{\"@type\":\"ReadAction\",\"target\":[\"https:\/\/skins-universe.com\/product\/mp7-sigara-oldurur-savas-kararli\/\"]}]},{\"@type\":\"ImageObject\",\"inLanguage\":\"tr\",\"@id\":\"https:\/\/skins-universe.com\/product\/mp7-sigara-oldurur-savas-kararli\/#primaryimage\",\"url\":\"https:\/\/skins-universe.com\/wp-content\/uploads\/2025\/12\/MP7_Smoking_Kills_Battle_Scarred.webp\",\"contentUrl\":\"https:\/\/skins-universe.com\/wp-content\/uploads\/2025\/12\/MP7_Smoking_Kills_Battle_Scarred.webp\",\"width\":458,\"height\":344},{\"@type\":\"BreadcrumbList\",\"@id\":\"https:\/\/skins-universe.com\/product\/mp7-sigara-oldurur-savas-kararli\/#breadcrumb\",\"itemListElement\":[{\"@type\":\"ListItem\",\"position\":1,\"name\":\"Home\",\"item\":\"https:\/\/skins-universe.com\/\"},{\"@type\":\"ListItem\",\"position\":2,\"name\":\"Ma\u011faza\",\"item\":\"https:\/\/skins-universe.com\/tr\/magaza\/\"},{\"@type\":\"ListItem\",\"position\":3,\"name\":\"MP7 | Sigara \u00d6ld\u00fcr\u00fcr (Sava\u015f Kararl\u0131)\"}]},{\"@type\":\"WebSite\",\"@id\":\"https:\/\/skins-universe.com\/#website\",\"url\":\"https:\/\/skins-universe.com\/\",\"name\":\"Skins Universe\",\"description\":\"Elite Skins for Clutch Moments.\",\"publisher\":{\"@id\":\"https:\/\/skins-universe.com\/#organization\"},\"potentialAction\":[{\"@type\":\"SearchAction\",\"target\":{\"@type\":\"EntryPoint\",\"urlTemplate\":\"https:\/\/skins-universe.com\/?s={search_term_string}\"},\"query-input\":{\"@type\":\"PropertyValueSpecification\",\"valueRequired\":true,\"valueName\":\"search_term_string\"}}],\"inLanguage\":\"tr\"},{\"@type\":\"Organization\",\"@id\":\"https:\/\/skins-universe.com\/#organization\",\"name\":\"Skins Universe\",\"url\":\"https:\/\/skins-universe.com\/\",\"logo\":{\"@type\":\"ImageObject\",\"inLanguage\":\"tr\",\"@id\":\"https:\/\/skins-universe.com\/#\/schema\/logo\/image\/\",\"url\":\"https:\/\/skins-universe.com\/wp-content\/uploads\/2020\/06\/cropped-gaming-1-removebg-preview.png\",\"contentUrl\":\"https:\/\/skins-universe.com\/wp-content\/uploads\/2020\/06\/cropped-gaming-1-removebg-preview.png\",\"width\":500,\"height\":262,\"caption\":\"Skins Universe\"},\"image\":{\"@id\":\"https:\/\/skins-universe.com\/#\/schema\/logo\/image\/\"}}]}<\/script>\n<!-- \/ Yoast SEO plugin. -->","yoast_head_json":{"title":"MP7 | Sigara \u00d6ld\u00fcr\u00fcr (Sava\u015f Kararl\u0131) - Skins Universe","robots":{"index":"index","follow":"follow","max-snippet":"max-snippet:-1","max-image-preview":"max-image-preview:large","max-video-preview":"max-video-preview:-1"},"canonical":"https:\/\/skins-universe.com\/product\/mp7-sigara-oldurur-savas-kararli\/","og_locale":"tr_TR","og_type":"article","og_title":"MP7 | Sigara \u00d6ld\u00fcr\u00fcr (Sava\u015f Kararl\u0131) - Skins Universe","og_description":"\u00c7ok y\u00f6nl\u00fc ama pahal\u0131 olan Alman yap\u0131m\u0131 MP7 SMG, y\u00fcksek etkili yak\u0131n mesafe \u00e7at\u0131\u015fmalar\u0131 i\u00e7in m\u00fckemmel bir se\u00e7imdir. Sigara i\u00e7en g\u00f6zl\u00fckl\u00fc bir kad\u0131n\u0131n yer ald\u0131\u011f\u0131 renkli bir tasar\u0131mla \u00f6zel olarak&hellip;","og_url":"https:\/\/skins-universe.com\/product\/mp7-sigara-oldurur-savas-kararli\/","og_site_name":"Skins Universe","twitter_card":"summary_large_image","schema":{"@context":"https:\/\/schema.org","@graph":[{"@type":"WebPage","@id":"https:\/\/skins-universe.com\/product\/mp7-sigara-oldurur-savas-kararli\/","url":"https:\/\/skins-universe.com\/product\/mp7-sigara-oldurur-savas-kararli\/","name":"MP7 | Sigara \u00d6ld\u00fcr\u00fcr (Sava\u015f Kararl\u0131) - Skins Universe","isPartOf":{"@id":"https:\/\/skins-universe.com\/#website"},"primaryImageOfPage":{"@id":"https:\/\/skins-universe.com\/product\/mp7-sigara-oldurur-savas-kararli\/#primaryimage"},"image":{"@id":"https:\/\/skins-universe.com\/product\/mp7-sigara-oldurur-savas-kararli\/#primaryimage"},"thumbnailUrl":"https:\/\/skins-universe.com\/wp-content\/uploads\/2025\/12\/MP7_Smoking_Kills_Battle_Scarred.webp","datePublished":"2026-01-02T11:55:08+00:00","breadcrumb":{"@id":"https:\/\/skins-universe.com\/product\/mp7-sigara-oldurur-savas-kararli\/#breadcrumb"},"inLanguage":"tr","potentialAction":[{"@type":"ReadAction","target":["https:\/\/skins-universe.com\/product\/mp7-sigara-oldurur-savas-kararli\/"]}]},{"@type":"ImageObject","inLanguage":"tr","@id":"https:\/\/skins-universe.com\/product\/mp7-sigara-oldurur-savas-kararli\/#primaryimage","url":"https:\/\/skins-universe.com\/wp-content\/uploads\/2025\/12\/MP7_Smoking_Kills_Battle_Scarred.webp","contentUrl":"https:\/\/skins-universe.com\/wp-content\/uploads\/2025\/12\/MP7_Smoking_Kills_Battle_Scarred.webp","width":458,"height":344},{"@type":"BreadcrumbList","@id":"https:\/\/skins-universe.com\/product\/mp7-sigara-oldurur-savas-kararli\/#breadcrumb","itemListElement":[{"@type":"ListItem","position":1,"name":"Home","item":"https:\/\/skins-universe.com\/"},{"@type":"ListItem","position":2,"name":"Ma\u011faza","item":"https:\/\/skins-universe.com\/tr\/magaza\/"},{"@type":"ListItem","position":3,"name":"MP7 | Sigara \u00d6ld\u00fcr\u00fcr (Sava\u015f Kararl\u0131)"}]},{"@type":"WebSite","@id":"https:\/\/skins-universe.com\/#website","url":"https:\/\/skins-universe.com\/","name":"Skins Universe","description":"Elite Skins for Clutch Moments.","publisher":{"@id":"https:\/\/skins-universe.com\/#organization"},"potentialAction":[{"@type":"SearchAction","target":{"@type":"EntryPoint","urlTemplate":"https:\/\/skins-universe.com\/?s={search_term_string}"},"query-input":{"@type":"PropertyValueSpecification","valueRequired":true,"valueName":"search_term_string"}}],"inLanguage":"tr"},{"@type":"Organization","@id":"https:\/\/skins-universe.com\/#organization","name":"Skins Universe","url":"https:\/\/skins-universe.com\/","logo":{"@type":"ImageObject","inLanguage":"tr","@id":"https:\/\/skins-universe.com\/#\/schema\/logo\/image\/","url":"https:\/\/skins-universe.com\/wp-content\/uploads\/2020\/06\/cropped-gaming-1-removebg-preview.png","contentUrl":"https:\/\/skins-universe.com\/wp-content\/uploads\/2020\/06\/cropped-gaming-1-removebg-preview.png","width":500,"height":262,"caption":"Skins Universe"},"image":{"@id":"https:\/\/skins-universe.com\/#\/schema\/logo\/image\/"}}]}},"_links":{"self":[{"href":"https:\/\/skins-universe.com\/tr\/wp-json\/wp\/v2\/product\/28350","targetHints":{"allow":["GET"]}}],"collection":[{"href":"https:\/\/skins-universe.com\/tr\/wp-json\/wp\/v2\/product"}],"about":[{"href":"https:\/\/skins-universe.com\/tr\/wp-json\/wp\/v2\/types\/product"}],"replies":[{"embeddable":true,"href":"https:\/\/skins-universe.com\/tr\/wp-json\/wp\/v2\/comments?post=28350"}],"wp:featuredmedia":[{"embeddable":true,"href":"https:\/\/skins-universe.com\/tr\/wp-json\/wp\/v2\/media\/26403"}],"wp:attachment":[{"href":"https:\/\/skins-universe.com\/tr\/wp-json\/wp\/v2\/media?parent=28350"}],"wp:term":[{"taxonomy":"product_brand","embeddable":true,"href":"https:\/\/skins-universe.com\/tr\/wp-json\/wp\/v2\/product_brand?post=28350"},{"taxonomy":"product_cat","embeddable":true,"href":"https:\/\/skins-universe.com\/tr\/wp-json\/wp\/v2\/product_cat?post=28350"},{"taxonomy":"product_tag","embeddable":true,"href":"https:\/\/skins-universe.com\/tr\/wp-json\/wp\/v2\/product_tag?post=28350"}],"curies":[{"name":"wp","href":"https:\/\/api.w.org\/{rel}","templated":true}]}}