{"id":28353,"date":"2026-01-02T11:55:10","date_gmt":"2026-01-02T11:55:10","guid":{"rendered":"https:\/\/skins-universe.com\/product\/mac-10-disco-tech-iyi-yipranmis\/"},"modified":"2026-01-02T11:55:10","modified_gmt":"2026-01-02T11:55:10","slug":"mac-10-disco-tech-iyi-yipranmis","status":"publish","type":"product","link":"https:\/\/skins-universe.com\/tr\/urun\/mac-10-disco-tech-iyi-yipranmis\/","title":{"rendered":"MAC-10 | Disco Tech (\u0130yi Y\u0131pranm\u0131\u015f)"},"content":{"rendered":"<p>Esasen mermilerin i\u00e7inden \u00e7\u0131kt\u0131\u011f\u0131 bir kutu olan MAC-10 SMG, y\u00fcksek at\u0131\u015f h\u0131z\u0131na sahiptir, ancak zay\u0131f yay\u0131lma do\u011frulu\u011fu ve y\u00fcksek geri tepme ile de\u011fi\u015f toku\u015f edilir. Holografik kendinden yap\u0131\u015fkanl\u0131 vinile benzemek i\u00e7in sedefli bir kaplama kullan\u0131larak \u00f6zel olarak boyanm\u0131\u015ft\u0131r. I\u015f\u0131\u011fa ba\u011fl\u0131 olarak g\u00f6r\u00fcn\u00fcm\u00fc de\u011fi\u015fir. O \u015feyi do\u011frulttu\u011funuzda dikkat edin   <\/p>\n","protected":false},"excerpt":{"rendered":"<p>Esasen mermilerin i\u00e7inden \u00e7\u0131kt\u0131\u011f\u0131 bir kutu olan MAC-10 SMG, y\u00fcksek at\u0131\u015f h\u0131z\u0131na sahiptir, ancak zay\u0131f yay\u0131lma do\u011frulu\u011fu ve y\u00fcksek geri tepme ile de\u011fi\u015f toku\u015f edilir. Holografik kendinden yap\u0131\u015fkanl\u0131 vinile benzemek&hellip;<\/p>\n","protected":false},"featured_media":26427,"comment_status":"open","ping_status":"closed","template":"","meta":[],"product_brand":[],"product_cat":[755],"product_tag":[],"class_list":{"0":"post-28353","1":"product","2":"type-product","3":"status-publish","4":"has-post-thumbnail","6":"product_cat-smg-tr","8":"first","9":"instock","10":"virtual","11":"product-type-simple"},"yoast_head":"<!-- This site is optimized with the Yoast SEO plugin v26.6 - https:\/\/yoast.com\/wordpress\/plugins\/seo\/ -->\n<title>MAC-10 | Disco Tech (\u0130yi Y\u0131pranm\u0131\u015f) - Skins Universe<\/title>\n<meta name=\"robots\" content=\"index, follow, max-snippet:-1, max-image-preview:large, max-video-preview:-1\" \/>\n<link rel=\"canonical\" href=\"https:\/\/skins-universe.com\/product\/mac-10-disco-tech-iyi-yipranmis\/\" \/>\n<meta property=\"og:locale\" content=\"tr_TR\" \/>\n<meta property=\"og:type\" content=\"article\" \/>\n<meta property=\"og:title\" content=\"MAC-10 | Disco Tech (\u0130yi Y\u0131pranm\u0131\u015f) - Skins Universe\" \/>\n<meta property=\"og:description\" content=\"Esasen mermilerin i\u00e7inden \u00e7\u0131kt\u0131\u011f\u0131 bir kutu olan MAC-10 SMG, y\u00fcksek at\u0131\u015f h\u0131z\u0131na sahiptir, ancak zay\u0131f yay\u0131lma do\u011frulu\u011fu ve y\u00fcksek geri tepme ile de\u011fi\u015f toku\u015f edilir. Holografik kendinden yap\u0131\u015fkanl\u0131 vinile benzemek&hellip;\" \/>\n<meta property=\"og:url\" content=\"https:\/\/skins-universe.com\/product\/mac-10-disco-tech-iyi-yipranmis\/\" \/>\n<meta property=\"og:site_name\" content=\"Skins Universe\" \/>\n<meta name=\"twitter:card\" content=\"summary_large_image\" \/>\n<script type=\"application\/ld+json\" class=\"yoast-schema-graph\">{\"@context\":\"https:\/\/schema.org\",\"@graph\":[{\"@type\":\"WebPage\",\"@id\":\"https:\/\/skins-universe.com\/product\/mac-10-disco-tech-iyi-yipranmis\/\",\"url\":\"https:\/\/skins-universe.com\/product\/mac-10-disco-tech-iyi-yipranmis\/\",\"name\":\"MAC-10 | Disco Tech (\u0130yi Y\u0131pranm\u0131\u015f) - Skins Universe\",\"isPartOf\":{\"@id\":\"https:\/\/skins-universe.com\/#website\"},\"primaryImageOfPage\":{\"@id\":\"https:\/\/skins-universe.com\/product\/mac-10-disco-tech-iyi-yipranmis\/#primaryimage\"},\"image\":{\"@id\":\"https:\/\/skins-universe.com\/product\/mac-10-disco-tech-iyi-yipranmis\/#primaryimage\"},\"thumbnailUrl\":\"https:\/\/skins-universe.com\/wp-content\/uploads\/2025\/12\/MAC_10_Disco_Tech_Well_Worn.webp\",\"datePublished\":\"2026-01-02T11:55:10+00:00\",\"breadcrumb\":{\"@id\":\"https:\/\/skins-universe.com\/product\/mac-10-disco-tech-iyi-yipranmis\/#breadcrumb\"},\"inLanguage\":\"tr\",\"potentialAction\":[{\"@type\":\"ReadAction\",\"target\":[\"https:\/\/skins-universe.com\/product\/mac-10-disco-tech-iyi-yipranmis\/\"]}]},{\"@type\":\"ImageObject\",\"inLanguage\":\"tr\",\"@id\":\"https:\/\/skins-universe.com\/product\/mac-10-disco-tech-iyi-yipranmis\/#primaryimage\",\"url\":\"https:\/\/skins-universe.com\/wp-content\/uploads\/2025\/12\/MAC_10_Disco_Tech_Well_Worn.webp\",\"contentUrl\":\"https:\/\/skins-universe.com\/wp-content\/uploads\/2025\/12\/MAC_10_Disco_Tech_Well_Worn.webp\",\"width\":458,\"height\":344},{\"@type\":\"BreadcrumbList\",\"@id\":\"https:\/\/skins-universe.com\/product\/mac-10-disco-tech-iyi-yipranmis\/#breadcrumb\",\"itemListElement\":[{\"@type\":\"ListItem\",\"position\":1,\"name\":\"Home\",\"item\":\"https:\/\/skins-universe.com\/\"},{\"@type\":\"ListItem\",\"position\":2,\"name\":\"Ma\u011faza\",\"item\":\"https:\/\/skins-universe.com\/tr\/magaza\/\"},{\"@type\":\"ListItem\",\"position\":3,\"name\":\"MAC-10 | Disco Tech (\u0130yi Y\u0131pranm\u0131\u015f)\"}]},{\"@type\":\"WebSite\",\"@id\":\"https:\/\/skins-universe.com\/#website\",\"url\":\"https:\/\/skins-universe.com\/\",\"name\":\"Skins Universe\",\"description\":\"Elite Skins for Clutch Moments.\",\"publisher\":{\"@id\":\"https:\/\/skins-universe.com\/#organization\"},\"potentialAction\":[{\"@type\":\"SearchAction\",\"target\":{\"@type\":\"EntryPoint\",\"urlTemplate\":\"https:\/\/skins-universe.com\/?s={search_term_string}\"},\"query-input\":{\"@type\":\"PropertyValueSpecification\",\"valueRequired\":true,\"valueName\":\"search_term_string\"}}],\"inLanguage\":\"tr\"},{\"@type\":\"Organization\",\"@id\":\"https:\/\/skins-universe.com\/#organization\",\"name\":\"Skins Universe\",\"url\":\"https:\/\/skins-universe.com\/\",\"logo\":{\"@type\":\"ImageObject\",\"inLanguage\":\"tr\",\"@id\":\"https:\/\/skins-universe.com\/#\/schema\/logo\/image\/\",\"url\":\"https:\/\/skins-universe.com\/wp-content\/uploads\/2020\/06\/cropped-gaming-1-removebg-preview.png\",\"contentUrl\":\"https:\/\/skins-universe.com\/wp-content\/uploads\/2020\/06\/cropped-gaming-1-removebg-preview.png\",\"width\":500,\"height\":262,\"caption\":\"Skins Universe\"},\"image\":{\"@id\":\"https:\/\/skins-universe.com\/#\/schema\/logo\/image\/\"}}]}<\/script>\n<!-- \/ Yoast SEO plugin. -->","yoast_head_json":{"title":"MAC-10 | Disco Tech (\u0130yi Y\u0131pranm\u0131\u015f) - Skins Universe","robots":{"index":"index","follow":"follow","max-snippet":"max-snippet:-1","max-image-preview":"max-image-preview:large","max-video-preview":"max-video-preview:-1"},"canonical":"https:\/\/skins-universe.com\/product\/mac-10-disco-tech-iyi-yipranmis\/","og_locale":"tr_TR","og_type":"article","og_title":"MAC-10 | Disco Tech (\u0130yi Y\u0131pranm\u0131\u015f) - Skins Universe","og_description":"Esasen mermilerin i\u00e7inden \u00e7\u0131kt\u0131\u011f\u0131 bir kutu olan MAC-10 SMG, y\u00fcksek at\u0131\u015f h\u0131z\u0131na sahiptir, ancak zay\u0131f yay\u0131lma do\u011frulu\u011fu ve y\u00fcksek geri tepme ile de\u011fi\u015f toku\u015f edilir. Holografik kendinden yap\u0131\u015fkanl\u0131 vinile benzemek&hellip;","og_url":"https:\/\/skins-universe.com\/product\/mac-10-disco-tech-iyi-yipranmis\/","og_site_name":"Skins Universe","twitter_card":"summary_large_image","schema":{"@context":"https:\/\/schema.org","@graph":[{"@type":"WebPage","@id":"https:\/\/skins-universe.com\/product\/mac-10-disco-tech-iyi-yipranmis\/","url":"https:\/\/skins-universe.com\/product\/mac-10-disco-tech-iyi-yipranmis\/","name":"MAC-10 | Disco Tech (\u0130yi Y\u0131pranm\u0131\u015f) - Skins Universe","isPartOf":{"@id":"https:\/\/skins-universe.com\/#website"},"primaryImageOfPage":{"@id":"https:\/\/skins-universe.com\/product\/mac-10-disco-tech-iyi-yipranmis\/#primaryimage"},"image":{"@id":"https:\/\/skins-universe.com\/product\/mac-10-disco-tech-iyi-yipranmis\/#primaryimage"},"thumbnailUrl":"https:\/\/skins-universe.com\/wp-content\/uploads\/2025\/12\/MAC_10_Disco_Tech_Well_Worn.webp","datePublished":"2026-01-02T11:55:10+00:00","breadcrumb":{"@id":"https:\/\/skins-universe.com\/product\/mac-10-disco-tech-iyi-yipranmis\/#breadcrumb"},"inLanguage":"tr","potentialAction":[{"@type":"ReadAction","target":["https:\/\/skins-universe.com\/product\/mac-10-disco-tech-iyi-yipranmis\/"]}]},{"@type":"ImageObject","inLanguage":"tr","@id":"https:\/\/skins-universe.com\/product\/mac-10-disco-tech-iyi-yipranmis\/#primaryimage","url":"https:\/\/skins-universe.com\/wp-content\/uploads\/2025\/12\/MAC_10_Disco_Tech_Well_Worn.webp","contentUrl":"https:\/\/skins-universe.com\/wp-content\/uploads\/2025\/12\/MAC_10_Disco_Tech_Well_Worn.webp","width":458,"height":344},{"@type":"BreadcrumbList","@id":"https:\/\/skins-universe.com\/product\/mac-10-disco-tech-iyi-yipranmis\/#breadcrumb","itemListElement":[{"@type":"ListItem","position":1,"name":"Home","item":"https:\/\/skins-universe.com\/"},{"@type":"ListItem","position":2,"name":"Ma\u011faza","item":"https:\/\/skins-universe.com\/tr\/magaza\/"},{"@type":"ListItem","position":3,"name":"MAC-10 | Disco Tech (\u0130yi Y\u0131pranm\u0131\u015f)"}]},{"@type":"WebSite","@id":"https:\/\/skins-universe.com\/#website","url":"https:\/\/skins-universe.com\/","name":"Skins Universe","description":"Elite Skins for Clutch Moments.","publisher":{"@id":"https:\/\/skins-universe.com\/#organization"},"potentialAction":[{"@type":"SearchAction","target":{"@type":"EntryPoint","urlTemplate":"https:\/\/skins-universe.com\/?s={search_term_string}"},"query-input":{"@type":"PropertyValueSpecification","valueRequired":true,"valueName":"search_term_string"}}],"inLanguage":"tr"},{"@type":"Organization","@id":"https:\/\/skins-universe.com\/#organization","name":"Skins Universe","url":"https:\/\/skins-universe.com\/","logo":{"@type":"ImageObject","inLanguage":"tr","@id":"https:\/\/skins-universe.com\/#\/schema\/logo\/image\/","url":"https:\/\/skins-universe.com\/wp-content\/uploads\/2020\/06\/cropped-gaming-1-removebg-preview.png","contentUrl":"https:\/\/skins-universe.com\/wp-content\/uploads\/2020\/06\/cropped-gaming-1-removebg-preview.png","width":500,"height":262,"caption":"Skins Universe"},"image":{"@id":"https:\/\/skins-universe.com\/#\/schema\/logo\/image\/"}}]}},"_links":{"self":[{"href":"https:\/\/skins-universe.com\/tr\/wp-json\/wp\/v2\/product\/28353","targetHints":{"allow":["GET"]}}],"collection":[{"href":"https:\/\/skins-universe.com\/tr\/wp-json\/wp\/v2\/product"}],"about":[{"href":"https:\/\/skins-universe.com\/tr\/wp-json\/wp\/v2\/types\/product"}],"replies":[{"embeddable":true,"href":"https:\/\/skins-universe.com\/tr\/wp-json\/wp\/v2\/comments?post=28353"}],"wp:featuredmedia":[{"embeddable":true,"href":"https:\/\/skins-universe.com\/tr\/wp-json\/wp\/v2\/media\/26427"}],"wp:attachment":[{"href":"https:\/\/skins-universe.com\/tr\/wp-json\/wp\/v2\/media?parent=28353"}],"wp:term":[{"taxonomy":"product_brand","embeddable":true,"href":"https:\/\/skins-universe.com\/tr\/wp-json\/wp\/v2\/product_brand?post=28353"},{"taxonomy":"product_cat","embeddable":true,"href":"https:\/\/skins-universe.com\/tr\/wp-json\/wp\/v2\/product_cat?post=28353"},{"taxonomy":"product_tag","embeddable":true,"href":"https:\/\/skins-universe.com\/tr\/wp-json\/wp\/v2\/product_tag?post=28353"}],"curies":[{"name":"wp","href":"https:\/\/api.w.org\/{rel}","templated":true}]}}