{"id":28366,"date":"2026-01-02T11:55:20","date_gmt":"2026-01-02T11:55:20","guid":{"rendered":"https:\/\/skins-universe.com\/product\/mp9-arctic-tri-tone-savas-kareli\/"},"modified":"2026-01-02T11:55:20","modified_gmt":"2026-01-02T11:55:20","slug":"mp9-arctic-tri-tone-savas-kareli","status":"publish","type":"product","link":"https:\/\/skins-universe.com\/tr\/urun\/mp9-arctic-tri-tone-savas-kareli\/","title":{"rendered":"MP9 | Arctic Tri-Tone (Sava\u015f Kareli)"},"content":{"rendered":"<p>\u0130svi\u00e7re&#8217;de \u00fcretilen son teknoloji MP9 SMG, \u00f6zel g\u00fcvenlik firmalar\u0131 taraf\u0131ndan tercih edilen ergonomik bir polimer silaht\u0131r. Bu \u00f6zel boya i\u015fi beyaz ve mavi renk bloklar\u0131na sahiptir ve e\u015fle\u015fen bir kamuflajla tamamlanm\u0131\u015ft\u0131r. So\u011fuk son  <\/p>\n","protected":false},"excerpt":{"rendered":"<p>\u0130svi\u00e7re&#8217;de \u00fcretilen son teknoloji MP9 SMG, \u00f6zel g\u00fcvenlik firmalar\u0131 taraf\u0131ndan tercih edilen ergonomik bir polimer silaht\u0131r. Bu \u00f6zel boya i\u015fi beyaz ve mavi renk bloklar\u0131na sahiptir ve e\u015fle\u015fen bir kamuflajla&hellip;<\/p>\n","protected":false},"featured_media":27133,"comment_status":"open","ping_status":"closed","template":"","meta":[],"product_brand":[],"product_cat":[755],"product_tag":[],"class_list":{"0":"post-28366","1":"product","2":"type-product","3":"status-publish","4":"has-post-thumbnail","6":"product_cat-smg-tr","8":"first","9":"instock","10":"virtual","11":"product-type-simple"},"yoast_head":"<!-- This site is optimized with the Yoast SEO plugin v26.6 - https:\/\/yoast.com\/wordpress\/plugins\/seo\/ -->\n<title>MP9 | Arctic Tri-Tone (Sava\u015f Kareli) - Skins Universe<\/title>\n<meta name=\"robots\" content=\"index, follow, max-snippet:-1, max-image-preview:large, max-video-preview:-1\" \/>\n<link rel=\"canonical\" href=\"https:\/\/skins-universe.com\/product\/mp9-arctic-tri-tone-savas-kareli\/\" \/>\n<meta property=\"og:locale\" content=\"tr_TR\" \/>\n<meta property=\"og:type\" content=\"article\" \/>\n<meta property=\"og:title\" content=\"MP9 | Arctic Tri-Tone (Sava\u015f Kareli) - Skins Universe\" \/>\n<meta property=\"og:description\" content=\"\u0130svi\u00e7re&#8217;de \u00fcretilen son teknoloji MP9 SMG, \u00f6zel g\u00fcvenlik firmalar\u0131 taraf\u0131ndan tercih edilen ergonomik bir polimer silaht\u0131r. Bu \u00f6zel boya i\u015fi beyaz ve mavi renk bloklar\u0131na sahiptir ve e\u015fle\u015fen bir kamuflajla&hellip;\" \/>\n<meta property=\"og:url\" content=\"https:\/\/skins-universe.com\/product\/mp9-arctic-tri-tone-savas-kareli\/\" \/>\n<meta property=\"og:site_name\" content=\"Skins Universe\" \/>\n<meta name=\"twitter:card\" content=\"summary_large_image\" \/>\n<script type=\"application\/ld+json\" class=\"yoast-schema-graph\">{\"@context\":\"https:\/\/schema.org\",\"@graph\":[{\"@type\":\"WebPage\",\"@id\":\"https:\/\/skins-universe.com\/product\/mp9-arctic-tri-tone-savas-kareli\/\",\"url\":\"https:\/\/skins-universe.com\/product\/mp9-arctic-tri-tone-savas-kareli\/\",\"name\":\"MP9 | Arctic Tri-Tone (Sava\u015f Kareli) - Skins Universe\",\"isPartOf\":{\"@id\":\"https:\/\/skins-universe.com\/#website\"},\"primaryImageOfPage\":{\"@id\":\"https:\/\/skins-universe.com\/product\/mp9-arctic-tri-tone-savas-kareli\/#primaryimage\"},\"image\":{\"@id\":\"https:\/\/skins-universe.com\/product\/mp9-arctic-tri-tone-savas-kareli\/#primaryimage\"},\"thumbnailUrl\":\"https:\/\/skins-universe.com\/wp-content\/uploads\/2026\/01\/MP9_Arctic_Tri_Tone_Battle_Scarred.webp\",\"datePublished\":\"2026-01-02T11:55:20+00:00\",\"breadcrumb\":{\"@id\":\"https:\/\/skins-universe.com\/product\/mp9-arctic-tri-tone-savas-kareli\/#breadcrumb\"},\"inLanguage\":\"tr\",\"potentialAction\":[{\"@type\":\"ReadAction\",\"target\":[\"https:\/\/skins-universe.com\/product\/mp9-arctic-tri-tone-savas-kareli\/\"]}]},{\"@type\":\"ImageObject\",\"inLanguage\":\"tr\",\"@id\":\"https:\/\/skins-universe.com\/product\/mp9-arctic-tri-tone-savas-kareli\/#primaryimage\",\"url\":\"https:\/\/skins-universe.com\/wp-content\/uploads\/2026\/01\/MP9_Arctic_Tri_Tone_Battle_Scarred.webp\",\"contentUrl\":\"https:\/\/skins-universe.com\/wp-content\/uploads\/2026\/01\/MP9_Arctic_Tri_Tone_Battle_Scarred.webp\",\"width\":458,\"height\":344},{\"@type\":\"BreadcrumbList\",\"@id\":\"https:\/\/skins-universe.com\/product\/mp9-arctic-tri-tone-savas-kareli\/#breadcrumb\",\"itemListElement\":[{\"@type\":\"ListItem\",\"position\":1,\"name\":\"Home\",\"item\":\"https:\/\/skins-universe.com\/\"},{\"@type\":\"ListItem\",\"position\":2,\"name\":\"Ma\u011faza\",\"item\":\"https:\/\/skins-universe.com\/tr\/magaza\/\"},{\"@type\":\"ListItem\",\"position\":3,\"name\":\"MP9 | Arctic Tri-Tone (Sava\u015f Kareli)\"}]},{\"@type\":\"WebSite\",\"@id\":\"https:\/\/skins-universe.com\/#website\",\"url\":\"https:\/\/skins-universe.com\/\",\"name\":\"Skins Universe\",\"description\":\"Elite Skins for Clutch Moments.\",\"publisher\":{\"@id\":\"https:\/\/skins-universe.com\/#organization\"},\"potentialAction\":[{\"@type\":\"SearchAction\",\"target\":{\"@type\":\"EntryPoint\",\"urlTemplate\":\"https:\/\/skins-universe.com\/?s={search_term_string}\"},\"query-input\":{\"@type\":\"PropertyValueSpecification\",\"valueRequired\":true,\"valueName\":\"search_term_string\"}}],\"inLanguage\":\"tr\"},{\"@type\":\"Organization\",\"@id\":\"https:\/\/skins-universe.com\/#organization\",\"name\":\"Skins Universe\",\"url\":\"https:\/\/skins-universe.com\/\",\"logo\":{\"@type\":\"ImageObject\",\"inLanguage\":\"tr\",\"@id\":\"https:\/\/skins-universe.com\/#\/schema\/logo\/image\/\",\"url\":\"https:\/\/skins-universe.com\/wp-content\/uploads\/2020\/06\/cropped-gaming-1-removebg-preview.png\",\"contentUrl\":\"https:\/\/skins-universe.com\/wp-content\/uploads\/2020\/06\/cropped-gaming-1-removebg-preview.png\",\"width\":500,\"height\":262,\"caption\":\"Skins Universe\"},\"image\":{\"@id\":\"https:\/\/skins-universe.com\/#\/schema\/logo\/image\/\"}}]}<\/script>\n<!-- \/ Yoast SEO plugin. -->","yoast_head_json":{"title":"MP9 | Arctic Tri-Tone (Sava\u015f Kareli) - Skins Universe","robots":{"index":"index","follow":"follow","max-snippet":"max-snippet:-1","max-image-preview":"max-image-preview:large","max-video-preview":"max-video-preview:-1"},"canonical":"https:\/\/skins-universe.com\/product\/mp9-arctic-tri-tone-savas-kareli\/","og_locale":"tr_TR","og_type":"article","og_title":"MP9 | Arctic Tri-Tone (Sava\u015f Kareli) - Skins Universe","og_description":"\u0130svi\u00e7re&#8217;de \u00fcretilen son teknoloji MP9 SMG, \u00f6zel g\u00fcvenlik firmalar\u0131 taraf\u0131ndan tercih edilen ergonomik bir polimer silaht\u0131r. Bu \u00f6zel boya i\u015fi beyaz ve mavi renk bloklar\u0131na sahiptir ve e\u015fle\u015fen bir kamuflajla&hellip;","og_url":"https:\/\/skins-universe.com\/product\/mp9-arctic-tri-tone-savas-kareli\/","og_site_name":"Skins Universe","twitter_card":"summary_large_image","schema":{"@context":"https:\/\/schema.org","@graph":[{"@type":"WebPage","@id":"https:\/\/skins-universe.com\/product\/mp9-arctic-tri-tone-savas-kareli\/","url":"https:\/\/skins-universe.com\/product\/mp9-arctic-tri-tone-savas-kareli\/","name":"MP9 | Arctic Tri-Tone (Sava\u015f Kareli) - Skins Universe","isPartOf":{"@id":"https:\/\/skins-universe.com\/#website"},"primaryImageOfPage":{"@id":"https:\/\/skins-universe.com\/product\/mp9-arctic-tri-tone-savas-kareli\/#primaryimage"},"image":{"@id":"https:\/\/skins-universe.com\/product\/mp9-arctic-tri-tone-savas-kareli\/#primaryimage"},"thumbnailUrl":"https:\/\/skins-universe.com\/wp-content\/uploads\/2026\/01\/MP9_Arctic_Tri_Tone_Battle_Scarred.webp","datePublished":"2026-01-02T11:55:20+00:00","breadcrumb":{"@id":"https:\/\/skins-universe.com\/product\/mp9-arctic-tri-tone-savas-kareli\/#breadcrumb"},"inLanguage":"tr","potentialAction":[{"@type":"ReadAction","target":["https:\/\/skins-universe.com\/product\/mp9-arctic-tri-tone-savas-kareli\/"]}]},{"@type":"ImageObject","inLanguage":"tr","@id":"https:\/\/skins-universe.com\/product\/mp9-arctic-tri-tone-savas-kareli\/#primaryimage","url":"https:\/\/skins-universe.com\/wp-content\/uploads\/2026\/01\/MP9_Arctic_Tri_Tone_Battle_Scarred.webp","contentUrl":"https:\/\/skins-universe.com\/wp-content\/uploads\/2026\/01\/MP9_Arctic_Tri_Tone_Battle_Scarred.webp","width":458,"height":344},{"@type":"BreadcrumbList","@id":"https:\/\/skins-universe.com\/product\/mp9-arctic-tri-tone-savas-kareli\/#breadcrumb","itemListElement":[{"@type":"ListItem","position":1,"name":"Home","item":"https:\/\/skins-universe.com\/"},{"@type":"ListItem","position":2,"name":"Ma\u011faza","item":"https:\/\/skins-universe.com\/tr\/magaza\/"},{"@type":"ListItem","position":3,"name":"MP9 | Arctic Tri-Tone (Sava\u015f Kareli)"}]},{"@type":"WebSite","@id":"https:\/\/skins-universe.com\/#website","url":"https:\/\/skins-universe.com\/","name":"Skins Universe","description":"Elite Skins for Clutch Moments.","publisher":{"@id":"https:\/\/skins-universe.com\/#organization"},"potentialAction":[{"@type":"SearchAction","target":{"@type":"EntryPoint","urlTemplate":"https:\/\/skins-universe.com\/?s={search_term_string}"},"query-input":{"@type":"PropertyValueSpecification","valueRequired":true,"valueName":"search_term_string"}}],"inLanguage":"tr"},{"@type":"Organization","@id":"https:\/\/skins-universe.com\/#organization","name":"Skins Universe","url":"https:\/\/skins-universe.com\/","logo":{"@type":"ImageObject","inLanguage":"tr","@id":"https:\/\/skins-universe.com\/#\/schema\/logo\/image\/","url":"https:\/\/skins-universe.com\/wp-content\/uploads\/2020\/06\/cropped-gaming-1-removebg-preview.png","contentUrl":"https:\/\/skins-universe.com\/wp-content\/uploads\/2020\/06\/cropped-gaming-1-removebg-preview.png","width":500,"height":262,"caption":"Skins Universe"},"image":{"@id":"https:\/\/skins-universe.com\/#\/schema\/logo\/image\/"}}]}},"_links":{"self":[{"href":"https:\/\/skins-universe.com\/tr\/wp-json\/wp\/v2\/product\/28366","targetHints":{"allow":["GET"]}}],"collection":[{"href":"https:\/\/skins-universe.com\/tr\/wp-json\/wp\/v2\/product"}],"about":[{"href":"https:\/\/skins-universe.com\/tr\/wp-json\/wp\/v2\/types\/product"}],"replies":[{"embeddable":true,"href":"https:\/\/skins-universe.com\/tr\/wp-json\/wp\/v2\/comments?post=28366"}],"wp:featuredmedia":[{"embeddable":true,"href":"https:\/\/skins-universe.com\/tr\/wp-json\/wp\/v2\/media\/27133"}],"wp:attachment":[{"href":"https:\/\/skins-universe.com\/tr\/wp-json\/wp\/v2\/media?parent=28366"}],"wp:term":[{"taxonomy":"product_brand","embeddable":true,"href":"https:\/\/skins-universe.com\/tr\/wp-json\/wp\/v2\/product_brand?post=28366"},{"taxonomy":"product_cat","embeddable":true,"href":"https:\/\/skins-universe.com\/tr\/wp-json\/wp\/v2\/product_cat?post=28366"},{"taxonomy":"product_tag","embeddable":true,"href":"https:\/\/skins-universe.com\/tr\/wp-json\/wp\/v2\/product_tag?post=28366"}],"curies":[{"name":"wp","href":"https:\/\/api.w.org\/{rel}","templated":true}]}}