{"id":28368,"date":"2026-01-02T11:55:20","date_gmt":"2026-01-02T11:55:20","guid":{"rendered":"https:\/\/skins-universe.com\/product\/mp9-hipnotik-fabrikada-yeni\/"},"modified":"2026-01-02T11:55:20","modified_gmt":"2026-01-02T11:55:20","slug":"mp9-hipnotik-fabrikada-yeni","status":"publish","type":"product","link":"https:\/\/skins-universe.com\/tr\/urun\/mp9-hipnotik-fabrikada-yeni\/","title":{"rendered":"MP9 | Hipnotik (Fabrikada Yeni)"},"content":{"rendered":"<p>\u0130svi\u00e7re&#8217;de \u00fcretilen son teknoloji MP9 SMG, \u00f6zel g\u00fcvenlik firmalar\u0131 taraf\u0131ndan tercih edilen ergonomik bir polimer silaht\u0131r. \u0130nci baz kat ile boyanm\u0131\u015f, ard\u0131ndan grafik desenli bir \u015fablon arac\u0131l\u0131\u011f\u0131yla sprey boya ile siyaha boyanm\u0131\u015ft\u0131r. Uykunuz gelmiyor, kan kayb\u0131ndan bay\u0131l\u0131yorsunuz.  <\/p>\n","protected":false},"excerpt":{"rendered":"<p>\u0130svi\u00e7re&#8217;de \u00fcretilen son teknoloji MP9 SMG, \u00f6zel g\u00fcvenlik firmalar\u0131 taraf\u0131ndan tercih edilen ergonomik bir polimer silaht\u0131r. \u0130nci baz kat ile boyanm\u0131\u015f, ard\u0131ndan grafik desenli bir \u015fablon arac\u0131l\u0131\u011f\u0131yla sprey boya ile&hellip;<\/p>\n","protected":false},"featured_media":26469,"comment_status":"open","ping_status":"closed","template":"","meta":[],"product_brand":[],"product_cat":[755],"product_tag":[],"class_list":{"0":"post-28368","1":"product","2":"type-product","3":"status-publish","4":"has-post-thumbnail","6":"product_cat-smg-tr","8":"first","9":"instock","10":"virtual","11":"product-type-simple"},"yoast_head":"<!-- This site is optimized with the Yoast SEO plugin v26.6 - https:\/\/yoast.com\/wordpress\/plugins\/seo\/ -->\n<title>MP9 | Hipnotik (Fabrikada Yeni) - Skins Universe<\/title>\n<meta name=\"robots\" content=\"index, follow, max-snippet:-1, max-image-preview:large, max-video-preview:-1\" \/>\n<link rel=\"canonical\" href=\"https:\/\/skins-universe.com\/product\/mp9-hipnotik-fabrikada-yeni\/\" \/>\n<meta property=\"og:locale\" content=\"tr_TR\" \/>\n<meta property=\"og:type\" content=\"article\" \/>\n<meta property=\"og:title\" content=\"MP9 | Hipnotik (Fabrikada Yeni) - Skins Universe\" \/>\n<meta property=\"og:description\" content=\"\u0130svi\u00e7re&#8217;de \u00fcretilen son teknoloji MP9 SMG, \u00f6zel g\u00fcvenlik firmalar\u0131 taraf\u0131ndan tercih edilen ergonomik bir polimer silaht\u0131r. \u0130nci baz kat ile boyanm\u0131\u015f, ard\u0131ndan grafik desenli bir \u015fablon arac\u0131l\u0131\u011f\u0131yla sprey boya ile&hellip;\" \/>\n<meta property=\"og:url\" content=\"https:\/\/skins-universe.com\/product\/mp9-hipnotik-fabrikada-yeni\/\" \/>\n<meta property=\"og:site_name\" content=\"Skins Universe\" \/>\n<meta name=\"twitter:card\" content=\"summary_large_image\" \/>\n<script type=\"application\/ld+json\" class=\"yoast-schema-graph\">{\"@context\":\"https:\/\/schema.org\",\"@graph\":[{\"@type\":\"WebPage\",\"@id\":\"https:\/\/skins-universe.com\/product\/mp9-hipnotik-fabrikada-yeni\/\",\"url\":\"https:\/\/skins-universe.com\/product\/mp9-hipnotik-fabrikada-yeni\/\",\"name\":\"MP9 | Hipnotik (Fabrikada Yeni) - Skins Universe\",\"isPartOf\":{\"@id\":\"https:\/\/skins-universe.com\/#website\"},\"primaryImageOfPage\":{\"@id\":\"https:\/\/skins-universe.com\/product\/mp9-hipnotik-fabrikada-yeni\/#primaryimage\"},\"image\":{\"@id\":\"https:\/\/skins-universe.com\/product\/mp9-hipnotik-fabrikada-yeni\/#primaryimage\"},\"thumbnailUrl\":\"https:\/\/skins-universe.com\/wp-content\/uploads\/2025\/12\/MP9_Hypnotic_Factory_New.webp\",\"datePublished\":\"2026-01-02T11:55:20+00:00\",\"breadcrumb\":{\"@id\":\"https:\/\/skins-universe.com\/product\/mp9-hipnotik-fabrikada-yeni\/#breadcrumb\"},\"inLanguage\":\"tr\",\"potentialAction\":[{\"@type\":\"ReadAction\",\"target\":[\"https:\/\/skins-universe.com\/product\/mp9-hipnotik-fabrikada-yeni\/\"]}]},{\"@type\":\"ImageObject\",\"inLanguage\":\"tr\",\"@id\":\"https:\/\/skins-universe.com\/product\/mp9-hipnotik-fabrikada-yeni\/#primaryimage\",\"url\":\"https:\/\/skins-universe.com\/wp-content\/uploads\/2025\/12\/MP9_Hypnotic_Factory_New.webp\",\"contentUrl\":\"https:\/\/skins-universe.com\/wp-content\/uploads\/2025\/12\/MP9_Hypnotic_Factory_New.webp\",\"width\":458,\"height\":344},{\"@type\":\"BreadcrumbList\",\"@id\":\"https:\/\/skins-universe.com\/product\/mp9-hipnotik-fabrikada-yeni\/#breadcrumb\",\"itemListElement\":[{\"@type\":\"ListItem\",\"position\":1,\"name\":\"Home\",\"item\":\"https:\/\/skins-universe.com\/\"},{\"@type\":\"ListItem\",\"position\":2,\"name\":\"Ma\u011faza\",\"item\":\"https:\/\/skins-universe.com\/tr\/magaza\/\"},{\"@type\":\"ListItem\",\"position\":3,\"name\":\"MP9 | Hipnotik (Fabrikada Yeni)\"}]},{\"@type\":\"WebSite\",\"@id\":\"https:\/\/skins-universe.com\/#website\",\"url\":\"https:\/\/skins-universe.com\/\",\"name\":\"Skins Universe\",\"description\":\"Elite Skins for Clutch Moments.\",\"publisher\":{\"@id\":\"https:\/\/skins-universe.com\/#organization\"},\"potentialAction\":[{\"@type\":\"SearchAction\",\"target\":{\"@type\":\"EntryPoint\",\"urlTemplate\":\"https:\/\/skins-universe.com\/?s={search_term_string}\"},\"query-input\":{\"@type\":\"PropertyValueSpecification\",\"valueRequired\":true,\"valueName\":\"search_term_string\"}}],\"inLanguage\":\"tr\"},{\"@type\":\"Organization\",\"@id\":\"https:\/\/skins-universe.com\/#organization\",\"name\":\"Skins Universe\",\"url\":\"https:\/\/skins-universe.com\/\",\"logo\":{\"@type\":\"ImageObject\",\"inLanguage\":\"tr\",\"@id\":\"https:\/\/skins-universe.com\/#\/schema\/logo\/image\/\",\"url\":\"https:\/\/skins-universe.com\/wp-content\/uploads\/2020\/06\/cropped-gaming-1-removebg-preview.png\",\"contentUrl\":\"https:\/\/skins-universe.com\/wp-content\/uploads\/2020\/06\/cropped-gaming-1-removebg-preview.png\",\"width\":500,\"height\":262,\"caption\":\"Skins Universe\"},\"image\":{\"@id\":\"https:\/\/skins-universe.com\/#\/schema\/logo\/image\/\"}}]}<\/script>\n<!-- \/ Yoast SEO plugin. -->","yoast_head_json":{"title":"MP9 | Hipnotik (Fabrikada Yeni) - Skins Universe","robots":{"index":"index","follow":"follow","max-snippet":"max-snippet:-1","max-image-preview":"max-image-preview:large","max-video-preview":"max-video-preview:-1"},"canonical":"https:\/\/skins-universe.com\/product\/mp9-hipnotik-fabrikada-yeni\/","og_locale":"tr_TR","og_type":"article","og_title":"MP9 | Hipnotik (Fabrikada Yeni) - Skins Universe","og_description":"\u0130svi\u00e7re&#8217;de \u00fcretilen son teknoloji MP9 SMG, \u00f6zel g\u00fcvenlik firmalar\u0131 taraf\u0131ndan tercih edilen ergonomik bir polimer silaht\u0131r. \u0130nci baz kat ile boyanm\u0131\u015f, ard\u0131ndan grafik desenli bir \u015fablon arac\u0131l\u0131\u011f\u0131yla sprey boya ile&hellip;","og_url":"https:\/\/skins-universe.com\/product\/mp9-hipnotik-fabrikada-yeni\/","og_site_name":"Skins Universe","twitter_card":"summary_large_image","schema":{"@context":"https:\/\/schema.org","@graph":[{"@type":"WebPage","@id":"https:\/\/skins-universe.com\/product\/mp9-hipnotik-fabrikada-yeni\/","url":"https:\/\/skins-universe.com\/product\/mp9-hipnotik-fabrikada-yeni\/","name":"MP9 | Hipnotik (Fabrikada Yeni) - Skins Universe","isPartOf":{"@id":"https:\/\/skins-universe.com\/#website"},"primaryImageOfPage":{"@id":"https:\/\/skins-universe.com\/product\/mp9-hipnotik-fabrikada-yeni\/#primaryimage"},"image":{"@id":"https:\/\/skins-universe.com\/product\/mp9-hipnotik-fabrikada-yeni\/#primaryimage"},"thumbnailUrl":"https:\/\/skins-universe.com\/wp-content\/uploads\/2025\/12\/MP9_Hypnotic_Factory_New.webp","datePublished":"2026-01-02T11:55:20+00:00","breadcrumb":{"@id":"https:\/\/skins-universe.com\/product\/mp9-hipnotik-fabrikada-yeni\/#breadcrumb"},"inLanguage":"tr","potentialAction":[{"@type":"ReadAction","target":["https:\/\/skins-universe.com\/product\/mp9-hipnotik-fabrikada-yeni\/"]}]},{"@type":"ImageObject","inLanguage":"tr","@id":"https:\/\/skins-universe.com\/product\/mp9-hipnotik-fabrikada-yeni\/#primaryimage","url":"https:\/\/skins-universe.com\/wp-content\/uploads\/2025\/12\/MP9_Hypnotic_Factory_New.webp","contentUrl":"https:\/\/skins-universe.com\/wp-content\/uploads\/2025\/12\/MP9_Hypnotic_Factory_New.webp","width":458,"height":344},{"@type":"BreadcrumbList","@id":"https:\/\/skins-universe.com\/product\/mp9-hipnotik-fabrikada-yeni\/#breadcrumb","itemListElement":[{"@type":"ListItem","position":1,"name":"Home","item":"https:\/\/skins-universe.com\/"},{"@type":"ListItem","position":2,"name":"Ma\u011faza","item":"https:\/\/skins-universe.com\/tr\/magaza\/"},{"@type":"ListItem","position":3,"name":"MP9 | Hipnotik (Fabrikada Yeni)"}]},{"@type":"WebSite","@id":"https:\/\/skins-universe.com\/#website","url":"https:\/\/skins-universe.com\/","name":"Skins Universe","description":"Elite Skins for Clutch Moments.","publisher":{"@id":"https:\/\/skins-universe.com\/#organization"},"potentialAction":[{"@type":"SearchAction","target":{"@type":"EntryPoint","urlTemplate":"https:\/\/skins-universe.com\/?s={search_term_string}"},"query-input":{"@type":"PropertyValueSpecification","valueRequired":true,"valueName":"search_term_string"}}],"inLanguage":"tr"},{"@type":"Organization","@id":"https:\/\/skins-universe.com\/#organization","name":"Skins Universe","url":"https:\/\/skins-universe.com\/","logo":{"@type":"ImageObject","inLanguage":"tr","@id":"https:\/\/skins-universe.com\/#\/schema\/logo\/image\/","url":"https:\/\/skins-universe.com\/wp-content\/uploads\/2020\/06\/cropped-gaming-1-removebg-preview.png","contentUrl":"https:\/\/skins-universe.com\/wp-content\/uploads\/2020\/06\/cropped-gaming-1-removebg-preview.png","width":500,"height":262,"caption":"Skins Universe"},"image":{"@id":"https:\/\/skins-universe.com\/#\/schema\/logo\/image\/"}}]}},"_links":{"self":[{"href":"https:\/\/skins-universe.com\/tr\/wp-json\/wp\/v2\/product\/28368","targetHints":{"allow":["GET"]}}],"collection":[{"href":"https:\/\/skins-universe.com\/tr\/wp-json\/wp\/v2\/product"}],"about":[{"href":"https:\/\/skins-universe.com\/tr\/wp-json\/wp\/v2\/types\/product"}],"replies":[{"embeddable":true,"href":"https:\/\/skins-universe.com\/tr\/wp-json\/wp\/v2\/comments?post=28368"}],"wp:featuredmedia":[{"embeddable":true,"href":"https:\/\/skins-universe.com\/tr\/wp-json\/wp\/v2\/media\/26469"}],"wp:attachment":[{"href":"https:\/\/skins-universe.com\/tr\/wp-json\/wp\/v2\/media?parent=28368"}],"wp:term":[{"taxonomy":"product_brand","embeddable":true,"href":"https:\/\/skins-universe.com\/tr\/wp-json\/wp\/v2\/product_brand?post=28368"},{"taxonomy":"product_cat","embeddable":true,"href":"https:\/\/skins-universe.com\/tr\/wp-json\/wp\/v2\/product_cat?post=28368"},{"taxonomy":"product_tag","embeddable":true,"href":"https:\/\/skins-universe.com\/tr\/wp-json\/wp\/v2\/product_tag?post=28368"}],"curies":[{"name":"wp","href":"https:\/\/api.w.org\/{rel}","templated":true}]}}