{"id":28399,"date":"2026-01-02T11:55:52","date_gmt":"2026-01-02T11:55:52","guid":{"rendered":"https:\/\/skins-universe.com\/product\/stattrak-mp9-besin-zinciri-iyi-yipranmis\/"},"modified":"2026-01-02T11:55:52","modified_gmt":"2026-01-02T11:55:52","slug":"stattrak-mp9-besin-zinciri-iyi-yipranmis","status":"publish","type":"product","link":"https:\/\/skins-universe.com\/tr\/urun\/stattrak-mp9-besin-zinciri-iyi-yipranmis\/","title":{"rendered":"StatTrak\u2122 MP9 | Besin Zinciri (\u0130yi Y\u0131pranm\u0131\u015f)"},"content":{"rendered":"<p>\u0130svi\u00e7re&#8217;de \u00fcretilen son teknoloji MP9 SMG, \u00f6zel g\u00fcvenlik firmalar\u0131 taraf\u0131ndan tercih edilen ergonomik bir polimer silaht\u0131r. Bu parlak renkli MP9, bir canavar besin zinciri ile \u00f6zel olarak boyanm\u0131\u015ft\u0131r. Yiyin ya da yenilin  <\/p>\n","protected":false},"excerpt":{"rendered":"<p>\u0130svi\u00e7re&#8217;de \u00fcretilen son teknoloji MP9 SMG, \u00f6zel g\u00fcvenlik firmalar\u0131 taraf\u0131ndan tercih edilen ergonomik bir polimer silaht\u0131r. Bu parlak renkli MP9, bir canavar besin zinciri ile \u00f6zel olarak boyanm\u0131\u015ft\u0131r. Yiyin ya&hellip;<\/p>\n","protected":false},"featured_media":27221,"comment_status":"open","ping_status":"closed","template":"","meta":[],"product_brand":[],"product_cat":[755],"product_tag":[],"class_list":{"0":"post-28399","1":"product","2":"type-product","3":"status-publish","4":"has-post-thumbnail","6":"product_cat-smg-tr","8":"first","9":"instock","10":"virtual","11":"product-type-simple"},"yoast_head":"<!-- This site is optimized with the Yoast SEO plugin v26.6 - https:\/\/yoast.com\/wordpress\/plugins\/seo\/ -->\n<title>StatTrak\u2122 MP9 | Besin Zinciri (\u0130yi Y\u0131pranm\u0131\u015f) - Skins Universe<\/title>\n<meta name=\"robots\" content=\"index, follow, max-snippet:-1, max-image-preview:large, max-video-preview:-1\" \/>\n<link rel=\"canonical\" href=\"https:\/\/skins-universe.com\/product\/stattrak-mp9-besin-zinciri-iyi-yipranmis\/\" \/>\n<meta property=\"og:locale\" content=\"tr_TR\" \/>\n<meta property=\"og:type\" content=\"article\" \/>\n<meta property=\"og:title\" content=\"StatTrak\u2122 MP9 | Besin Zinciri (\u0130yi Y\u0131pranm\u0131\u015f) - Skins Universe\" \/>\n<meta property=\"og:description\" content=\"\u0130svi\u00e7re&#8217;de \u00fcretilen son teknoloji MP9 SMG, \u00f6zel g\u00fcvenlik firmalar\u0131 taraf\u0131ndan tercih edilen ergonomik bir polimer silaht\u0131r. Bu parlak renkli MP9, bir canavar besin zinciri ile \u00f6zel olarak boyanm\u0131\u015ft\u0131r. Yiyin ya&hellip;\" \/>\n<meta property=\"og:url\" content=\"https:\/\/skins-universe.com\/product\/stattrak-mp9-besin-zinciri-iyi-yipranmis\/\" \/>\n<meta property=\"og:site_name\" content=\"Skins Universe\" \/>\n<meta name=\"twitter:card\" content=\"summary_large_image\" \/>\n<script type=\"application\/ld+json\" class=\"yoast-schema-graph\">{\"@context\":\"https:\/\/schema.org\",\"@graph\":[{\"@type\":\"WebPage\",\"@id\":\"https:\/\/skins-universe.com\/product\/stattrak-mp9-besin-zinciri-iyi-yipranmis\/\",\"url\":\"https:\/\/skins-universe.com\/product\/stattrak-mp9-besin-zinciri-iyi-yipranmis\/\",\"name\":\"StatTrak\u2122 MP9 | Besin Zinciri (\u0130yi Y\u0131pranm\u0131\u015f) - Skins Universe\",\"isPartOf\":{\"@id\":\"https:\/\/skins-universe.com\/#website\"},\"primaryImageOfPage\":{\"@id\":\"https:\/\/skins-universe.com\/product\/stattrak-mp9-besin-zinciri-iyi-yipranmis\/#primaryimage\"},\"image\":{\"@id\":\"https:\/\/skins-universe.com\/product\/stattrak-mp9-besin-zinciri-iyi-yipranmis\/#primaryimage\"},\"thumbnailUrl\":\"https:\/\/skins-universe.com\/wp-content\/uploads\/2026\/01\/StatTrak_MP9_Food_Chain_Well_Worn.webp\",\"datePublished\":\"2026-01-02T11:55:52+00:00\",\"breadcrumb\":{\"@id\":\"https:\/\/skins-universe.com\/product\/stattrak-mp9-besin-zinciri-iyi-yipranmis\/#breadcrumb\"},\"inLanguage\":\"tr\",\"potentialAction\":[{\"@type\":\"ReadAction\",\"target\":[\"https:\/\/skins-universe.com\/product\/stattrak-mp9-besin-zinciri-iyi-yipranmis\/\"]}]},{\"@type\":\"ImageObject\",\"inLanguage\":\"tr\",\"@id\":\"https:\/\/skins-universe.com\/product\/stattrak-mp9-besin-zinciri-iyi-yipranmis\/#primaryimage\",\"url\":\"https:\/\/skins-universe.com\/wp-content\/uploads\/2026\/01\/StatTrak_MP9_Food_Chain_Well_Worn.webp\",\"contentUrl\":\"https:\/\/skins-universe.com\/wp-content\/uploads\/2026\/01\/StatTrak_MP9_Food_Chain_Well_Worn.webp\",\"width\":458,\"height\":344},{\"@type\":\"BreadcrumbList\",\"@id\":\"https:\/\/skins-universe.com\/product\/stattrak-mp9-besin-zinciri-iyi-yipranmis\/#breadcrumb\",\"itemListElement\":[{\"@type\":\"ListItem\",\"position\":1,\"name\":\"Home\",\"item\":\"https:\/\/skins-universe.com\/\"},{\"@type\":\"ListItem\",\"position\":2,\"name\":\"Ma\u011faza\",\"item\":\"https:\/\/skins-universe.com\/tr\/magaza\/\"},{\"@type\":\"ListItem\",\"position\":3,\"name\":\"StatTrak\u2122 MP9 | Besin Zinciri (\u0130yi Y\u0131pranm\u0131\u015f)\"}]},{\"@type\":\"WebSite\",\"@id\":\"https:\/\/skins-universe.com\/#website\",\"url\":\"https:\/\/skins-universe.com\/\",\"name\":\"Skins Universe\",\"description\":\"Elite Skins for Clutch Moments.\",\"publisher\":{\"@id\":\"https:\/\/skins-universe.com\/#organization\"},\"potentialAction\":[{\"@type\":\"SearchAction\",\"target\":{\"@type\":\"EntryPoint\",\"urlTemplate\":\"https:\/\/skins-universe.com\/?s={search_term_string}\"},\"query-input\":{\"@type\":\"PropertyValueSpecification\",\"valueRequired\":true,\"valueName\":\"search_term_string\"}}],\"inLanguage\":\"tr\"},{\"@type\":\"Organization\",\"@id\":\"https:\/\/skins-universe.com\/#organization\",\"name\":\"Skins Universe\",\"url\":\"https:\/\/skins-universe.com\/\",\"logo\":{\"@type\":\"ImageObject\",\"inLanguage\":\"tr\",\"@id\":\"https:\/\/skins-universe.com\/#\/schema\/logo\/image\/\",\"url\":\"https:\/\/skins-universe.com\/wp-content\/uploads\/2020\/06\/cropped-gaming-1-removebg-preview.png\",\"contentUrl\":\"https:\/\/skins-universe.com\/wp-content\/uploads\/2020\/06\/cropped-gaming-1-removebg-preview.png\",\"width\":500,\"height\":262,\"caption\":\"Skins Universe\"},\"image\":{\"@id\":\"https:\/\/skins-universe.com\/#\/schema\/logo\/image\/\"}}]}<\/script>\n<!-- \/ Yoast SEO plugin. -->","yoast_head_json":{"title":"StatTrak\u2122 MP9 | Besin Zinciri (\u0130yi Y\u0131pranm\u0131\u015f) - Skins Universe","robots":{"index":"index","follow":"follow","max-snippet":"max-snippet:-1","max-image-preview":"max-image-preview:large","max-video-preview":"max-video-preview:-1"},"canonical":"https:\/\/skins-universe.com\/product\/stattrak-mp9-besin-zinciri-iyi-yipranmis\/","og_locale":"tr_TR","og_type":"article","og_title":"StatTrak\u2122 MP9 | Besin Zinciri (\u0130yi Y\u0131pranm\u0131\u015f) - Skins Universe","og_description":"\u0130svi\u00e7re&#8217;de \u00fcretilen son teknoloji MP9 SMG, \u00f6zel g\u00fcvenlik firmalar\u0131 taraf\u0131ndan tercih edilen ergonomik bir polimer silaht\u0131r. Bu parlak renkli MP9, bir canavar besin zinciri ile \u00f6zel olarak boyanm\u0131\u015ft\u0131r. Yiyin ya&hellip;","og_url":"https:\/\/skins-universe.com\/product\/stattrak-mp9-besin-zinciri-iyi-yipranmis\/","og_site_name":"Skins Universe","twitter_card":"summary_large_image","schema":{"@context":"https:\/\/schema.org","@graph":[{"@type":"WebPage","@id":"https:\/\/skins-universe.com\/product\/stattrak-mp9-besin-zinciri-iyi-yipranmis\/","url":"https:\/\/skins-universe.com\/product\/stattrak-mp9-besin-zinciri-iyi-yipranmis\/","name":"StatTrak\u2122 MP9 | Besin Zinciri (\u0130yi Y\u0131pranm\u0131\u015f) - Skins Universe","isPartOf":{"@id":"https:\/\/skins-universe.com\/#website"},"primaryImageOfPage":{"@id":"https:\/\/skins-universe.com\/product\/stattrak-mp9-besin-zinciri-iyi-yipranmis\/#primaryimage"},"image":{"@id":"https:\/\/skins-universe.com\/product\/stattrak-mp9-besin-zinciri-iyi-yipranmis\/#primaryimage"},"thumbnailUrl":"https:\/\/skins-universe.com\/wp-content\/uploads\/2026\/01\/StatTrak_MP9_Food_Chain_Well_Worn.webp","datePublished":"2026-01-02T11:55:52+00:00","breadcrumb":{"@id":"https:\/\/skins-universe.com\/product\/stattrak-mp9-besin-zinciri-iyi-yipranmis\/#breadcrumb"},"inLanguage":"tr","potentialAction":[{"@type":"ReadAction","target":["https:\/\/skins-universe.com\/product\/stattrak-mp9-besin-zinciri-iyi-yipranmis\/"]}]},{"@type":"ImageObject","inLanguage":"tr","@id":"https:\/\/skins-universe.com\/product\/stattrak-mp9-besin-zinciri-iyi-yipranmis\/#primaryimage","url":"https:\/\/skins-universe.com\/wp-content\/uploads\/2026\/01\/StatTrak_MP9_Food_Chain_Well_Worn.webp","contentUrl":"https:\/\/skins-universe.com\/wp-content\/uploads\/2026\/01\/StatTrak_MP9_Food_Chain_Well_Worn.webp","width":458,"height":344},{"@type":"BreadcrumbList","@id":"https:\/\/skins-universe.com\/product\/stattrak-mp9-besin-zinciri-iyi-yipranmis\/#breadcrumb","itemListElement":[{"@type":"ListItem","position":1,"name":"Home","item":"https:\/\/skins-universe.com\/"},{"@type":"ListItem","position":2,"name":"Ma\u011faza","item":"https:\/\/skins-universe.com\/tr\/magaza\/"},{"@type":"ListItem","position":3,"name":"StatTrak\u2122 MP9 | Besin Zinciri (\u0130yi Y\u0131pranm\u0131\u015f)"}]},{"@type":"WebSite","@id":"https:\/\/skins-universe.com\/#website","url":"https:\/\/skins-universe.com\/","name":"Skins Universe","description":"Elite Skins for Clutch Moments.","publisher":{"@id":"https:\/\/skins-universe.com\/#organization"},"potentialAction":[{"@type":"SearchAction","target":{"@type":"EntryPoint","urlTemplate":"https:\/\/skins-universe.com\/?s={search_term_string}"},"query-input":{"@type":"PropertyValueSpecification","valueRequired":true,"valueName":"search_term_string"}}],"inLanguage":"tr"},{"@type":"Organization","@id":"https:\/\/skins-universe.com\/#organization","name":"Skins Universe","url":"https:\/\/skins-universe.com\/","logo":{"@type":"ImageObject","inLanguage":"tr","@id":"https:\/\/skins-universe.com\/#\/schema\/logo\/image\/","url":"https:\/\/skins-universe.com\/wp-content\/uploads\/2020\/06\/cropped-gaming-1-removebg-preview.png","contentUrl":"https:\/\/skins-universe.com\/wp-content\/uploads\/2020\/06\/cropped-gaming-1-removebg-preview.png","width":500,"height":262,"caption":"Skins Universe"},"image":{"@id":"https:\/\/skins-universe.com\/#\/schema\/logo\/image\/"}}]}},"_links":{"self":[{"href":"https:\/\/skins-universe.com\/tr\/wp-json\/wp\/v2\/product\/28399","targetHints":{"allow":["GET"]}}],"collection":[{"href":"https:\/\/skins-universe.com\/tr\/wp-json\/wp\/v2\/product"}],"about":[{"href":"https:\/\/skins-universe.com\/tr\/wp-json\/wp\/v2\/types\/product"}],"replies":[{"embeddable":true,"href":"https:\/\/skins-universe.com\/tr\/wp-json\/wp\/v2\/comments?post=28399"}],"wp:featuredmedia":[{"embeddable":true,"href":"https:\/\/skins-universe.com\/tr\/wp-json\/wp\/v2\/media\/27221"}],"wp:attachment":[{"href":"https:\/\/skins-universe.com\/tr\/wp-json\/wp\/v2\/media?parent=28399"}],"wp:term":[{"taxonomy":"product_brand","embeddable":true,"href":"https:\/\/skins-universe.com\/tr\/wp-json\/wp\/v2\/product_brand?post=28399"},{"taxonomy":"product_cat","embeddable":true,"href":"https:\/\/skins-universe.com\/tr\/wp-json\/wp\/v2\/product_cat?post=28399"},{"taxonomy":"product_tag","embeddable":true,"href":"https:\/\/skins-universe.com\/tr\/wp-json\/wp\/v2\/product_tag?post=28399"}],"curies":[{"name":"wp","href":"https:\/\/api.w.org\/{rel}","templated":true}]}}