{"id":28401,"date":"2026-01-02T11:55:53","date_gmt":"2026-01-02T11:55:53","guid":{"rendered":"https:\/\/skins-universe.com\/product\/p90-saldiri-vektoru-savas-arabasi\/"},"modified":"2026-01-02T11:55:53","modified_gmt":"2026-01-02T11:55:53","slug":"p90-saldiri-vektoru-savas-arabasi","status":"publish","type":"product","link":"https:\/\/skins-universe.com\/tr\/urun\/p90-saldiri-vektoru-savas-arabasi\/","title":{"rendered":"P90 | Sald\u0131r\u0131 Vekt\u00f6r\u00fc (Sava\u015f Arabas\u0131)"},"content":{"rendered":"<p>Benzersiz bullpup tasar\u0131m\u0131yla kolayca tan\u0131nan P90, y\u00fcksek kapasiteli \u015farj\u00f6r\u00fc ve d\u00fc\u015f\u00fck geri tepmesi sayesinde hareket halindeyken ate\u015f etmek i\u00e7in harika bir silaht\u0131r. \u00c7ok renkli soyut bir tasar\u0131mla \u00f6zel olarak boyanm\u0131\u015ft\u0131r. Agresif sald\u0131r\u0131 a\u00e7\u0131lar\u0131  <\/p>\n","protected":false},"excerpt":{"rendered":"<p>Benzersiz bullpup tasar\u0131m\u0131yla kolayca tan\u0131nan P90, y\u00fcksek kapasiteli \u015farj\u00f6r\u00fc ve d\u00fc\u015f\u00fck geri tepmesi sayesinde hareket halindeyken ate\u015f etmek i\u00e7in harika bir silaht\u0131r. \u00c7ok renkli soyut bir tasar\u0131mla \u00f6zel olarak boyanm\u0131\u015ft\u0131r.&hellip;<\/p>\n","protected":false},"featured_media":27224,"comment_status":"open","ping_status":"closed","template":"","meta":[],"product_brand":[],"product_cat":[755],"product_tag":[],"class_list":{"0":"post-28401","1":"product","2":"type-product","3":"status-publish","4":"has-post-thumbnail","6":"product_cat-smg-tr","8":"first","9":"instock","10":"virtual","11":"product-type-simple"},"yoast_head":"<!-- This site is optimized with the Yoast SEO plugin v26.6 - https:\/\/yoast.com\/wordpress\/plugins\/seo\/ -->\n<title>P90 | Sald\u0131r\u0131 Vekt\u00f6r\u00fc (Sava\u015f Arabas\u0131) - Skins Universe<\/title>\n<meta name=\"robots\" content=\"index, follow, max-snippet:-1, max-image-preview:large, max-video-preview:-1\" \/>\n<link rel=\"canonical\" href=\"https:\/\/skins-universe.com\/product\/p90-saldiri-vektoru-savas-arabasi\/\" \/>\n<meta property=\"og:locale\" content=\"tr_TR\" \/>\n<meta property=\"og:type\" content=\"article\" \/>\n<meta property=\"og:title\" content=\"P90 | Sald\u0131r\u0131 Vekt\u00f6r\u00fc (Sava\u015f Arabas\u0131) - Skins Universe\" \/>\n<meta property=\"og:description\" content=\"Benzersiz bullpup tasar\u0131m\u0131yla kolayca tan\u0131nan P90, y\u00fcksek kapasiteli \u015farj\u00f6r\u00fc ve d\u00fc\u015f\u00fck geri tepmesi sayesinde hareket halindeyken ate\u015f etmek i\u00e7in harika bir silaht\u0131r. \u00c7ok renkli soyut bir tasar\u0131mla \u00f6zel olarak boyanm\u0131\u015ft\u0131r.&hellip;\" \/>\n<meta property=\"og:url\" content=\"https:\/\/skins-universe.com\/product\/p90-saldiri-vektoru-savas-arabasi\/\" \/>\n<meta property=\"og:site_name\" content=\"Skins Universe\" \/>\n<meta name=\"twitter:card\" content=\"summary_large_image\" \/>\n<script type=\"application\/ld+json\" class=\"yoast-schema-graph\">{\"@context\":\"https:\/\/schema.org\",\"@graph\":[{\"@type\":\"WebPage\",\"@id\":\"https:\/\/skins-universe.com\/product\/p90-saldiri-vektoru-savas-arabasi\/\",\"url\":\"https:\/\/skins-universe.com\/product\/p90-saldiri-vektoru-savas-arabasi\/\",\"name\":\"P90 | Sald\u0131r\u0131 Vekt\u00f6r\u00fc (Sava\u015f Arabas\u0131) - Skins Universe\",\"isPartOf\":{\"@id\":\"https:\/\/skins-universe.com\/#website\"},\"primaryImageOfPage\":{\"@id\":\"https:\/\/skins-universe.com\/product\/p90-saldiri-vektoru-savas-arabasi\/#primaryimage\"},\"image\":{\"@id\":\"https:\/\/skins-universe.com\/product\/p90-saldiri-vektoru-savas-arabasi\/#primaryimage\"},\"thumbnailUrl\":\"https:\/\/skins-universe.com\/wp-content\/uploads\/2026\/01\/P90_Attack_Vector_Battle_Scarred.webp\",\"datePublished\":\"2026-01-02T11:55:53+00:00\",\"breadcrumb\":{\"@id\":\"https:\/\/skins-universe.com\/product\/p90-saldiri-vektoru-savas-arabasi\/#breadcrumb\"},\"inLanguage\":\"tr\",\"potentialAction\":[{\"@type\":\"ReadAction\",\"target\":[\"https:\/\/skins-universe.com\/product\/p90-saldiri-vektoru-savas-arabasi\/\"]}]},{\"@type\":\"ImageObject\",\"inLanguage\":\"tr\",\"@id\":\"https:\/\/skins-universe.com\/product\/p90-saldiri-vektoru-savas-arabasi\/#primaryimage\",\"url\":\"https:\/\/skins-universe.com\/wp-content\/uploads\/2026\/01\/P90_Attack_Vector_Battle_Scarred.webp\",\"contentUrl\":\"https:\/\/skins-universe.com\/wp-content\/uploads\/2026\/01\/P90_Attack_Vector_Battle_Scarred.webp\",\"width\":458,\"height\":344},{\"@type\":\"BreadcrumbList\",\"@id\":\"https:\/\/skins-universe.com\/product\/p90-saldiri-vektoru-savas-arabasi\/#breadcrumb\",\"itemListElement\":[{\"@type\":\"ListItem\",\"position\":1,\"name\":\"Home\",\"item\":\"https:\/\/skins-universe.com\/\"},{\"@type\":\"ListItem\",\"position\":2,\"name\":\"Ma\u011faza\",\"item\":\"https:\/\/skins-universe.com\/tr\/magaza\/\"},{\"@type\":\"ListItem\",\"position\":3,\"name\":\"P90 | Sald\u0131r\u0131 Vekt\u00f6r\u00fc (Sava\u015f Arabas\u0131)\"}]},{\"@type\":\"WebSite\",\"@id\":\"https:\/\/skins-universe.com\/#website\",\"url\":\"https:\/\/skins-universe.com\/\",\"name\":\"Skins Universe\",\"description\":\"Elite Skins for Clutch Moments.\",\"publisher\":{\"@id\":\"https:\/\/skins-universe.com\/#organization\"},\"potentialAction\":[{\"@type\":\"SearchAction\",\"target\":{\"@type\":\"EntryPoint\",\"urlTemplate\":\"https:\/\/skins-universe.com\/?s={search_term_string}\"},\"query-input\":{\"@type\":\"PropertyValueSpecification\",\"valueRequired\":true,\"valueName\":\"search_term_string\"}}],\"inLanguage\":\"tr\"},{\"@type\":\"Organization\",\"@id\":\"https:\/\/skins-universe.com\/#organization\",\"name\":\"Skins Universe\",\"url\":\"https:\/\/skins-universe.com\/\",\"logo\":{\"@type\":\"ImageObject\",\"inLanguage\":\"tr\",\"@id\":\"https:\/\/skins-universe.com\/#\/schema\/logo\/image\/\",\"url\":\"https:\/\/skins-universe.com\/wp-content\/uploads\/2020\/06\/cropped-gaming-1-removebg-preview.png\",\"contentUrl\":\"https:\/\/skins-universe.com\/wp-content\/uploads\/2020\/06\/cropped-gaming-1-removebg-preview.png\",\"width\":500,\"height\":262,\"caption\":\"Skins Universe\"},\"image\":{\"@id\":\"https:\/\/skins-universe.com\/#\/schema\/logo\/image\/\"}}]}<\/script>\n<!-- \/ Yoast SEO plugin. -->","yoast_head_json":{"title":"P90 | Sald\u0131r\u0131 Vekt\u00f6r\u00fc (Sava\u015f Arabas\u0131) - Skins Universe","robots":{"index":"index","follow":"follow","max-snippet":"max-snippet:-1","max-image-preview":"max-image-preview:large","max-video-preview":"max-video-preview:-1"},"canonical":"https:\/\/skins-universe.com\/product\/p90-saldiri-vektoru-savas-arabasi\/","og_locale":"tr_TR","og_type":"article","og_title":"P90 | Sald\u0131r\u0131 Vekt\u00f6r\u00fc (Sava\u015f Arabas\u0131) - Skins Universe","og_description":"Benzersiz bullpup tasar\u0131m\u0131yla kolayca tan\u0131nan P90, y\u00fcksek kapasiteli \u015farj\u00f6r\u00fc ve d\u00fc\u015f\u00fck geri tepmesi sayesinde hareket halindeyken ate\u015f etmek i\u00e7in harika bir silaht\u0131r. \u00c7ok renkli soyut bir tasar\u0131mla \u00f6zel olarak boyanm\u0131\u015ft\u0131r.&hellip;","og_url":"https:\/\/skins-universe.com\/product\/p90-saldiri-vektoru-savas-arabasi\/","og_site_name":"Skins Universe","twitter_card":"summary_large_image","schema":{"@context":"https:\/\/schema.org","@graph":[{"@type":"WebPage","@id":"https:\/\/skins-universe.com\/product\/p90-saldiri-vektoru-savas-arabasi\/","url":"https:\/\/skins-universe.com\/product\/p90-saldiri-vektoru-savas-arabasi\/","name":"P90 | Sald\u0131r\u0131 Vekt\u00f6r\u00fc (Sava\u015f Arabas\u0131) - Skins Universe","isPartOf":{"@id":"https:\/\/skins-universe.com\/#website"},"primaryImageOfPage":{"@id":"https:\/\/skins-universe.com\/product\/p90-saldiri-vektoru-savas-arabasi\/#primaryimage"},"image":{"@id":"https:\/\/skins-universe.com\/product\/p90-saldiri-vektoru-savas-arabasi\/#primaryimage"},"thumbnailUrl":"https:\/\/skins-universe.com\/wp-content\/uploads\/2026\/01\/P90_Attack_Vector_Battle_Scarred.webp","datePublished":"2026-01-02T11:55:53+00:00","breadcrumb":{"@id":"https:\/\/skins-universe.com\/product\/p90-saldiri-vektoru-savas-arabasi\/#breadcrumb"},"inLanguage":"tr","potentialAction":[{"@type":"ReadAction","target":["https:\/\/skins-universe.com\/product\/p90-saldiri-vektoru-savas-arabasi\/"]}]},{"@type":"ImageObject","inLanguage":"tr","@id":"https:\/\/skins-universe.com\/product\/p90-saldiri-vektoru-savas-arabasi\/#primaryimage","url":"https:\/\/skins-universe.com\/wp-content\/uploads\/2026\/01\/P90_Attack_Vector_Battle_Scarred.webp","contentUrl":"https:\/\/skins-universe.com\/wp-content\/uploads\/2026\/01\/P90_Attack_Vector_Battle_Scarred.webp","width":458,"height":344},{"@type":"BreadcrumbList","@id":"https:\/\/skins-universe.com\/product\/p90-saldiri-vektoru-savas-arabasi\/#breadcrumb","itemListElement":[{"@type":"ListItem","position":1,"name":"Home","item":"https:\/\/skins-universe.com\/"},{"@type":"ListItem","position":2,"name":"Ma\u011faza","item":"https:\/\/skins-universe.com\/tr\/magaza\/"},{"@type":"ListItem","position":3,"name":"P90 | Sald\u0131r\u0131 Vekt\u00f6r\u00fc (Sava\u015f Arabas\u0131)"}]},{"@type":"WebSite","@id":"https:\/\/skins-universe.com\/#website","url":"https:\/\/skins-universe.com\/","name":"Skins Universe","description":"Elite Skins for Clutch Moments.","publisher":{"@id":"https:\/\/skins-universe.com\/#organization"},"potentialAction":[{"@type":"SearchAction","target":{"@type":"EntryPoint","urlTemplate":"https:\/\/skins-universe.com\/?s={search_term_string}"},"query-input":{"@type":"PropertyValueSpecification","valueRequired":true,"valueName":"search_term_string"}}],"inLanguage":"tr"},{"@type":"Organization","@id":"https:\/\/skins-universe.com\/#organization","name":"Skins Universe","url":"https:\/\/skins-universe.com\/","logo":{"@type":"ImageObject","inLanguage":"tr","@id":"https:\/\/skins-universe.com\/#\/schema\/logo\/image\/","url":"https:\/\/skins-universe.com\/wp-content\/uploads\/2020\/06\/cropped-gaming-1-removebg-preview.png","contentUrl":"https:\/\/skins-universe.com\/wp-content\/uploads\/2020\/06\/cropped-gaming-1-removebg-preview.png","width":500,"height":262,"caption":"Skins Universe"},"image":{"@id":"https:\/\/skins-universe.com\/#\/schema\/logo\/image\/"}}]}},"_links":{"self":[{"href":"https:\/\/skins-universe.com\/tr\/wp-json\/wp\/v2\/product\/28401","targetHints":{"allow":["GET"]}}],"collection":[{"href":"https:\/\/skins-universe.com\/tr\/wp-json\/wp\/v2\/product"}],"about":[{"href":"https:\/\/skins-universe.com\/tr\/wp-json\/wp\/v2\/types\/product"}],"replies":[{"embeddable":true,"href":"https:\/\/skins-universe.com\/tr\/wp-json\/wp\/v2\/comments?post=28401"}],"wp:featuredmedia":[{"embeddable":true,"href":"https:\/\/skins-universe.com\/tr\/wp-json\/wp\/v2\/media\/27224"}],"wp:attachment":[{"href":"https:\/\/skins-universe.com\/tr\/wp-json\/wp\/v2\/media?parent=28401"}],"wp:term":[{"taxonomy":"product_brand","embeddable":true,"href":"https:\/\/skins-universe.com\/tr\/wp-json\/wp\/v2\/product_brand?post=28401"},{"taxonomy":"product_cat","embeddable":true,"href":"https:\/\/skins-universe.com\/tr\/wp-json\/wp\/v2\/product_cat?post=28401"},{"taxonomy":"product_tag","embeddable":true,"href":"https:\/\/skins-universe.com\/tr\/wp-json\/wp\/v2\/product_tag?post=28401"}],"curies":[{"name":"wp","href":"https:\/\/api.w.org\/{rel}","templated":true}]}}