{"id":28434,"date":"2025-12-30T16:15:33","date_gmt":"2025-12-30T16:15:33","guid":{"rendered":"https:\/\/skins-universe.com\/product\/stattrak-awp-mortis-sahada-test-edilmistir-2\/"},"modified":"2025-12-30T16:15:33","modified_gmt":"2025-12-30T16:15:33","slug":"stattrak-awp-mortis-sahada-test-edilmistir-2","status":"publish","type":"product","link":"https:\/\/skins-universe.com\/tr\/urun\/stattrak-awp-mortis-sahada-test-edilmistir-2\/","title":{"rendered":"StatTrak\u2122 AWP | Mortis (Sahada Test Edilmi\u015ftir)"},"content":{"rendered":"<p>Y\u00fcksek risk ve y\u00fcksek \u00f6d\u00fcl, k\u00f6t\u00fc \u015f\u00f6hretli AWP, imza raporu ve tek at\u0131\u015f, tek \u00f6ld\u00fcrme politikas\u0131 ile tan\u0131n\u0131r. \u00d6l\u00fcm tarot kart\u0131ndan ilham al\u0131narak \u00f6zel olarak boyanm\u0131\u015ft\u0131r. Her son yeni bir ba\u015flang\u0131\u00e7t\u0131r  <\/p>\n","protected":false},"excerpt":{"rendered":"<p>Y\u00fcksek risk ve y\u00fcksek \u00f6d\u00fcl, k\u00f6t\u00fc \u015f\u00f6hretli AWP, imza raporu ve tek at\u0131\u015f, tek \u00f6ld\u00fcrme politikas\u0131 ile tan\u0131n\u0131r. \u00d6l\u00fcm tarot kart\u0131ndan ilham al\u0131narak \u00f6zel olarak boyanm\u0131\u015ft\u0131r. Her son yeni bir&hellip;<\/p>\n","protected":false},"featured_media":26325,"comment_status":"open","ping_status":"closed","template":"","meta":[],"product_brand":[],"product_cat":[751],"product_tag":[],"class_list":{"0":"post-28434","1":"product","2":"type-product","3":"status-publish","4":"has-post-thumbnail","6":"product_cat-keskin-nisanci-tufegi","8":"first","9":"instock","10":"featured","11":"virtual","12":"product-type-simple"},"yoast_head":"<!-- This site is optimized with the Yoast SEO plugin v26.6 - https:\/\/yoast.com\/wordpress\/plugins\/seo\/ -->\n<title>StatTrak\u2122 AWP | Mortis (Sahada Test Edilmi\u015ftir) - Skins Universe<\/title>\n<meta name=\"robots\" content=\"index, follow, max-snippet:-1, max-image-preview:large, max-video-preview:-1\" \/>\n<link rel=\"canonical\" href=\"https:\/\/skins-universe.com\/product\/stattrak-awp-mortis-sahada-test-edilmistir-2\/\" \/>\n<meta property=\"og:locale\" content=\"tr_TR\" \/>\n<meta property=\"og:type\" content=\"article\" \/>\n<meta property=\"og:title\" content=\"StatTrak\u2122 AWP | Mortis (Sahada Test Edilmi\u015ftir) - Skins Universe\" \/>\n<meta property=\"og:description\" content=\"Y\u00fcksek risk ve y\u00fcksek \u00f6d\u00fcl, k\u00f6t\u00fc \u015f\u00f6hretli AWP, imza raporu ve tek at\u0131\u015f, tek \u00f6ld\u00fcrme politikas\u0131 ile tan\u0131n\u0131r. \u00d6l\u00fcm tarot kart\u0131ndan ilham al\u0131narak \u00f6zel olarak boyanm\u0131\u015ft\u0131r. Her son yeni bir&hellip;\" \/>\n<meta property=\"og:url\" content=\"https:\/\/skins-universe.com\/product\/stattrak-awp-mortis-sahada-test-edilmistir-2\/\" \/>\n<meta property=\"og:site_name\" content=\"Skins Universe\" \/>\n<meta name=\"twitter:card\" content=\"summary_large_image\" \/>\n<script type=\"application\/ld+json\" class=\"yoast-schema-graph\">{\"@context\":\"https:\/\/schema.org\",\"@graph\":[{\"@type\":\"WebPage\",\"@id\":\"https:\/\/skins-universe.com\/product\/stattrak-awp-mortis-sahada-test-edilmistir-2\/\",\"url\":\"https:\/\/skins-universe.com\/product\/stattrak-awp-mortis-sahada-test-edilmistir-2\/\",\"name\":\"StatTrak\u2122 AWP | Mortis (Sahada Test Edilmi\u015ftir) - Skins Universe\",\"isPartOf\":{\"@id\":\"https:\/\/skins-universe.com\/#website\"},\"primaryImageOfPage\":{\"@id\":\"https:\/\/skins-universe.com\/product\/stattrak-awp-mortis-sahada-test-edilmistir-2\/#primaryimage\"},\"image\":{\"@id\":\"https:\/\/skins-universe.com\/product\/stattrak-awp-mortis-sahada-test-edilmistir-2\/#primaryimage\"},\"thumbnailUrl\":\"https:\/\/skins-universe.com\/wp-content\/uploads\/2025\/12\/StatTrak_AWP_Mortis_Field_Tested.webp\",\"datePublished\":\"2025-12-30T16:15:33+00:00\",\"breadcrumb\":{\"@id\":\"https:\/\/skins-universe.com\/product\/stattrak-awp-mortis-sahada-test-edilmistir-2\/#breadcrumb\"},\"inLanguage\":\"tr\",\"potentialAction\":[{\"@type\":\"ReadAction\",\"target\":[\"https:\/\/skins-universe.com\/product\/stattrak-awp-mortis-sahada-test-edilmistir-2\/\"]}]},{\"@type\":\"ImageObject\",\"inLanguage\":\"tr\",\"@id\":\"https:\/\/skins-universe.com\/product\/stattrak-awp-mortis-sahada-test-edilmistir-2\/#primaryimage\",\"url\":\"https:\/\/skins-universe.com\/wp-content\/uploads\/2025\/12\/StatTrak_AWP_Mortis_Field_Tested.webp\",\"contentUrl\":\"https:\/\/skins-universe.com\/wp-content\/uploads\/2025\/12\/StatTrak_AWP_Mortis_Field_Tested.webp\",\"width\":458,\"height\":344},{\"@type\":\"BreadcrumbList\",\"@id\":\"https:\/\/skins-universe.com\/product\/stattrak-awp-mortis-sahada-test-edilmistir-2\/#breadcrumb\",\"itemListElement\":[{\"@type\":\"ListItem\",\"position\":1,\"name\":\"Home\",\"item\":\"https:\/\/skins-universe.com\/\"},{\"@type\":\"ListItem\",\"position\":2,\"name\":\"Ma\u011faza\",\"item\":\"https:\/\/skins-universe.com\/tr\/magaza\/\"},{\"@type\":\"ListItem\",\"position\":3,\"name\":\"StatTrak\u2122 AWP | Mortis (Sahada Test Edilmi\u015ftir)\"}]},{\"@type\":\"WebSite\",\"@id\":\"https:\/\/skins-universe.com\/#website\",\"url\":\"https:\/\/skins-universe.com\/\",\"name\":\"Skins Universe\",\"description\":\"Elite Skins for Clutch Moments.\",\"publisher\":{\"@id\":\"https:\/\/skins-universe.com\/#organization\"},\"potentialAction\":[{\"@type\":\"SearchAction\",\"target\":{\"@type\":\"EntryPoint\",\"urlTemplate\":\"https:\/\/skins-universe.com\/?s={search_term_string}\"},\"query-input\":{\"@type\":\"PropertyValueSpecification\",\"valueRequired\":true,\"valueName\":\"search_term_string\"}}],\"inLanguage\":\"tr\"},{\"@type\":\"Organization\",\"@id\":\"https:\/\/skins-universe.com\/#organization\",\"name\":\"Skins Universe\",\"url\":\"https:\/\/skins-universe.com\/\",\"logo\":{\"@type\":\"ImageObject\",\"inLanguage\":\"tr\",\"@id\":\"https:\/\/skins-universe.com\/#\/schema\/logo\/image\/\",\"url\":\"https:\/\/skins-universe.com\/wp-content\/uploads\/2020\/06\/cropped-gaming-1-removebg-preview.png\",\"contentUrl\":\"https:\/\/skins-universe.com\/wp-content\/uploads\/2020\/06\/cropped-gaming-1-removebg-preview.png\",\"width\":500,\"height\":262,\"caption\":\"Skins Universe\"},\"image\":{\"@id\":\"https:\/\/skins-universe.com\/#\/schema\/logo\/image\/\"}}]}<\/script>\n<!-- \/ Yoast SEO plugin. -->","yoast_head_json":{"title":"StatTrak\u2122 AWP | Mortis (Sahada Test Edilmi\u015ftir) - Skins Universe","robots":{"index":"index","follow":"follow","max-snippet":"max-snippet:-1","max-image-preview":"max-image-preview:large","max-video-preview":"max-video-preview:-1"},"canonical":"https:\/\/skins-universe.com\/product\/stattrak-awp-mortis-sahada-test-edilmistir-2\/","og_locale":"tr_TR","og_type":"article","og_title":"StatTrak\u2122 AWP | Mortis (Sahada Test Edilmi\u015ftir) - Skins Universe","og_description":"Y\u00fcksek risk ve y\u00fcksek \u00f6d\u00fcl, k\u00f6t\u00fc \u015f\u00f6hretli AWP, imza raporu ve tek at\u0131\u015f, tek \u00f6ld\u00fcrme politikas\u0131 ile tan\u0131n\u0131r. \u00d6l\u00fcm tarot kart\u0131ndan ilham al\u0131narak \u00f6zel olarak boyanm\u0131\u015ft\u0131r. Her son yeni bir&hellip;","og_url":"https:\/\/skins-universe.com\/product\/stattrak-awp-mortis-sahada-test-edilmistir-2\/","og_site_name":"Skins Universe","twitter_card":"summary_large_image","schema":{"@context":"https:\/\/schema.org","@graph":[{"@type":"WebPage","@id":"https:\/\/skins-universe.com\/product\/stattrak-awp-mortis-sahada-test-edilmistir-2\/","url":"https:\/\/skins-universe.com\/product\/stattrak-awp-mortis-sahada-test-edilmistir-2\/","name":"StatTrak\u2122 AWP | Mortis (Sahada Test Edilmi\u015ftir) - Skins Universe","isPartOf":{"@id":"https:\/\/skins-universe.com\/#website"},"primaryImageOfPage":{"@id":"https:\/\/skins-universe.com\/product\/stattrak-awp-mortis-sahada-test-edilmistir-2\/#primaryimage"},"image":{"@id":"https:\/\/skins-universe.com\/product\/stattrak-awp-mortis-sahada-test-edilmistir-2\/#primaryimage"},"thumbnailUrl":"https:\/\/skins-universe.com\/wp-content\/uploads\/2025\/12\/StatTrak_AWP_Mortis_Field_Tested.webp","datePublished":"2025-12-30T16:15:33+00:00","breadcrumb":{"@id":"https:\/\/skins-universe.com\/product\/stattrak-awp-mortis-sahada-test-edilmistir-2\/#breadcrumb"},"inLanguage":"tr","potentialAction":[{"@type":"ReadAction","target":["https:\/\/skins-universe.com\/product\/stattrak-awp-mortis-sahada-test-edilmistir-2\/"]}]},{"@type":"ImageObject","inLanguage":"tr","@id":"https:\/\/skins-universe.com\/product\/stattrak-awp-mortis-sahada-test-edilmistir-2\/#primaryimage","url":"https:\/\/skins-universe.com\/wp-content\/uploads\/2025\/12\/StatTrak_AWP_Mortis_Field_Tested.webp","contentUrl":"https:\/\/skins-universe.com\/wp-content\/uploads\/2025\/12\/StatTrak_AWP_Mortis_Field_Tested.webp","width":458,"height":344},{"@type":"BreadcrumbList","@id":"https:\/\/skins-universe.com\/product\/stattrak-awp-mortis-sahada-test-edilmistir-2\/#breadcrumb","itemListElement":[{"@type":"ListItem","position":1,"name":"Home","item":"https:\/\/skins-universe.com\/"},{"@type":"ListItem","position":2,"name":"Ma\u011faza","item":"https:\/\/skins-universe.com\/tr\/magaza\/"},{"@type":"ListItem","position":3,"name":"StatTrak\u2122 AWP | Mortis (Sahada Test Edilmi\u015ftir)"}]},{"@type":"WebSite","@id":"https:\/\/skins-universe.com\/#website","url":"https:\/\/skins-universe.com\/","name":"Skins Universe","description":"Elite Skins for Clutch Moments.","publisher":{"@id":"https:\/\/skins-universe.com\/#organization"},"potentialAction":[{"@type":"SearchAction","target":{"@type":"EntryPoint","urlTemplate":"https:\/\/skins-universe.com\/?s={search_term_string}"},"query-input":{"@type":"PropertyValueSpecification","valueRequired":true,"valueName":"search_term_string"}}],"inLanguage":"tr"},{"@type":"Organization","@id":"https:\/\/skins-universe.com\/#organization","name":"Skins Universe","url":"https:\/\/skins-universe.com\/","logo":{"@type":"ImageObject","inLanguage":"tr","@id":"https:\/\/skins-universe.com\/#\/schema\/logo\/image\/","url":"https:\/\/skins-universe.com\/wp-content\/uploads\/2020\/06\/cropped-gaming-1-removebg-preview.png","contentUrl":"https:\/\/skins-universe.com\/wp-content\/uploads\/2020\/06\/cropped-gaming-1-removebg-preview.png","width":500,"height":262,"caption":"Skins Universe"},"image":{"@id":"https:\/\/skins-universe.com\/#\/schema\/logo\/image\/"}}]}},"_links":{"self":[{"href":"https:\/\/skins-universe.com\/tr\/wp-json\/wp\/v2\/product\/28434","targetHints":{"allow":["GET"]}}],"collection":[{"href":"https:\/\/skins-universe.com\/tr\/wp-json\/wp\/v2\/product"}],"about":[{"href":"https:\/\/skins-universe.com\/tr\/wp-json\/wp\/v2\/types\/product"}],"replies":[{"embeddable":true,"href":"https:\/\/skins-universe.com\/tr\/wp-json\/wp\/v2\/comments?post=28434"}],"wp:featuredmedia":[{"embeddable":true,"href":"https:\/\/skins-universe.com\/tr\/wp-json\/wp\/v2\/media\/26325"}],"wp:attachment":[{"href":"https:\/\/skins-universe.com\/tr\/wp-json\/wp\/v2\/media?parent=28434"}],"wp:term":[{"taxonomy":"product_brand","embeddable":true,"href":"https:\/\/skins-universe.com\/tr\/wp-json\/wp\/v2\/product_brand?post=28434"},{"taxonomy":"product_cat","embeddable":true,"href":"https:\/\/skins-universe.com\/tr\/wp-json\/wp\/v2\/product_cat?post=28434"},{"taxonomy":"product_tag","embeddable":true,"href":"https:\/\/skins-universe.com\/tr\/wp-json\/wp\/v2\/product_tag?post=28434"}],"curies":[{"name":"wp","href":"https:\/\/api.w.org\/{rel}","templated":true}]}}