{"id":28465,"date":"2026-01-02T11:54:24","date_gmt":"2026-01-02T11:54:24","guid":{"rendered":"https:\/\/skins-universe.com\/product\/m249-jungle-savas-kararli\/"},"modified":"2026-01-02T11:54:24","modified_gmt":"2026-01-02T11:54:24","slug":"m249-jungle-savas-kararli","status":"publish","type":"product","link":"https:\/\/skins-universe.com\/tr\/urun\/m249-jungle-savas-kararli\/","title":{"rendered":"M249 | Jungle (Sava\u015f Kararl\u0131)"},"content":{"rendered":"<p>G\u00fc\u00e7l\u00fc bir a\u00e7\u0131k alan LMG&#8217;si olan M249, daha y\u00fcksek isabet ve y\u00fcksek cephane kapasitesi i\u00e7in yava\u015f bir at\u0131\u015f h\u0131z\u0131n\u0131 takas etmek isteyen oyuncular i\u00e7in m\u00fckemmel bir se\u00e7imdir. Her bir par\u00e7as\u0131 orman renklerinde sprey boyal\u0131 d\u00fcz renklere sahiptir. <\/p>\n","protected":false},"excerpt":{"rendered":"<p>G\u00fc\u00e7l\u00fc bir a\u00e7\u0131k alan LMG&#8217;si olan M249, daha y\u00fcksek isabet ve y\u00fcksek cephane kapasitesi i\u00e7in yava\u015f bir at\u0131\u015f h\u0131z\u0131n\u0131 takas etmek isteyen oyuncular i\u00e7in m\u00fckemmel bir se\u00e7imdir. Her bir par\u00e7as\u0131&hellip;<\/p>\n","protected":false},"featured_media":26959,"comment_status":"open","ping_status":"closed","template":"","meta":[],"product_brand":[],"product_cat":[754],"product_tag":[],"class_list":{"0":"post-28465","1":"product","2":"type-product","3":"status-publish","4":"has-post-thumbnail","6":"product_cat-makineli-tufek-tr","8":"first","9":"instock","10":"virtual","11":"product-type-simple"},"yoast_head":"<!-- This site is optimized with the Yoast SEO plugin v26.6 - https:\/\/yoast.com\/wordpress\/plugins\/seo\/ -->\n<title>M249 | Jungle (Sava\u015f Kararl\u0131) - Skins Universe<\/title>\n<meta name=\"robots\" content=\"index, follow, max-snippet:-1, max-image-preview:large, max-video-preview:-1\" \/>\n<link rel=\"canonical\" href=\"https:\/\/skins-universe.com\/product\/m249-jungle-savas-kararli\/\" \/>\n<meta property=\"og:locale\" content=\"tr_TR\" \/>\n<meta property=\"og:type\" content=\"article\" \/>\n<meta property=\"og:title\" content=\"M249 | Jungle (Sava\u015f Kararl\u0131) - Skins Universe\" \/>\n<meta property=\"og:description\" content=\"G\u00fc\u00e7l\u00fc bir a\u00e7\u0131k alan LMG&#8217;si olan M249, daha y\u00fcksek isabet ve y\u00fcksek cephane kapasitesi i\u00e7in yava\u015f bir at\u0131\u015f h\u0131z\u0131n\u0131 takas etmek isteyen oyuncular i\u00e7in m\u00fckemmel bir se\u00e7imdir. Her bir par\u00e7as\u0131&hellip;\" \/>\n<meta property=\"og:url\" content=\"https:\/\/skins-universe.com\/product\/m249-jungle-savas-kararli\/\" \/>\n<meta property=\"og:site_name\" content=\"Skins Universe\" \/>\n<meta name=\"twitter:card\" content=\"summary_large_image\" \/>\n<script type=\"application\/ld+json\" class=\"yoast-schema-graph\">{\"@context\":\"https:\/\/schema.org\",\"@graph\":[{\"@type\":\"WebPage\",\"@id\":\"https:\/\/skins-universe.com\/product\/m249-jungle-savas-kararli\/\",\"url\":\"https:\/\/skins-universe.com\/product\/m249-jungle-savas-kararli\/\",\"name\":\"M249 | Jungle (Sava\u015f Kararl\u0131) - Skins Universe\",\"isPartOf\":{\"@id\":\"https:\/\/skins-universe.com\/#website\"},\"primaryImageOfPage\":{\"@id\":\"https:\/\/skins-universe.com\/product\/m249-jungle-savas-kararli\/#primaryimage\"},\"image\":{\"@id\":\"https:\/\/skins-universe.com\/product\/m249-jungle-savas-kararli\/#primaryimage\"},\"thumbnailUrl\":\"https:\/\/skins-universe.com\/wp-content\/uploads\/2026\/01\/M249_Jungle_Battle_Scarred.webp\",\"datePublished\":\"2026-01-02T11:54:24+00:00\",\"breadcrumb\":{\"@id\":\"https:\/\/skins-universe.com\/product\/m249-jungle-savas-kararli\/#breadcrumb\"},\"inLanguage\":\"tr\",\"potentialAction\":[{\"@type\":\"ReadAction\",\"target\":[\"https:\/\/skins-universe.com\/product\/m249-jungle-savas-kararli\/\"]}]},{\"@type\":\"ImageObject\",\"inLanguage\":\"tr\",\"@id\":\"https:\/\/skins-universe.com\/product\/m249-jungle-savas-kararli\/#primaryimage\",\"url\":\"https:\/\/skins-universe.com\/wp-content\/uploads\/2026\/01\/M249_Jungle_Battle_Scarred.webp\",\"contentUrl\":\"https:\/\/skins-universe.com\/wp-content\/uploads\/2026\/01\/M249_Jungle_Battle_Scarred.webp\",\"width\":458,\"height\":344},{\"@type\":\"BreadcrumbList\",\"@id\":\"https:\/\/skins-universe.com\/product\/m249-jungle-savas-kararli\/#breadcrumb\",\"itemListElement\":[{\"@type\":\"ListItem\",\"position\":1,\"name\":\"Home\",\"item\":\"https:\/\/skins-universe.com\/\"},{\"@type\":\"ListItem\",\"position\":2,\"name\":\"Ma\u011faza\",\"item\":\"https:\/\/skins-universe.com\/tr\/magaza\/\"},{\"@type\":\"ListItem\",\"position\":3,\"name\":\"M249 | Jungle (Sava\u015f Kararl\u0131)\"}]},{\"@type\":\"WebSite\",\"@id\":\"https:\/\/skins-universe.com\/#website\",\"url\":\"https:\/\/skins-universe.com\/\",\"name\":\"Skins Universe\",\"description\":\"Elite Skins for Clutch Moments.\",\"publisher\":{\"@id\":\"https:\/\/skins-universe.com\/#organization\"},\"potentialAction\":[{\"@type\":\"SearchAction\",\"target\":{\"@type\":\"EntryPoint\",\"urlTemplate\":\"https:\/\/skins-universe.com\/?s={search_term_string}\"},\"query-input\":{\"@type\":\"PropertyValueSpecification\",\"valueRequired\":true,\"valueName\":\"search_term_string\"}}],\"inLanguage\":\"tr\"},{\"@type\":\"Organization\",\"@id\":\"https:\/\/skins-universe.com\/#organization\",\"name\":\"Skins Universe\",\"url\":\"https:\/\/skins-universe.com\/\",\"logo\":{\"@type\":\"ImageObject\",\"inLanguage\":\"tr\",\"@id\":\"https:\/\/skins-universe.com\/#\/schema\/logo\/image\/\",\"url\":\"https:\/\/skins-universe.com\/wp-content\/uploads\/2020\/06\/cropped-gaming-1-removebg-preview.png\",\"contentUrl\":\"https:\/\/skins-universe.com\/wp-content\/uploads\/2020\/06\/cropped-gaming-1-removebg-preview.png\",\"width\":500,\"height\":262,\"caption\":\"Skins Universe\"},\"image\":{\"@id\":\"https:\/\/skins-universe.com\/#\/schema\/logo\/image\/\"}}]}<\/script>\n<!-- \/ Yoast SEO plugin. -->","yoast_head_json":{"title":"M249 | Jungle (Sava\u015f Kararl\u0131) - Skins Universe","robots":{"index":"index","follow":"follow","max-snippet":"max-snippet:-1","max-image-preview":"max-image-preview:large","max-video-preview":"max-video-preview:-1"},"canonical":"https:\/\/skins-universe.com\/product\/m249-jungle-savas-kararli\/","og_locale":"tr_TR","og_type":"article","og_title":"M249 | Jungle (Sava\u015f Kararl\u0131) - Skins Universe","og_description":"G\u00fc\u00e7l\u00fc bir a\u00e7\u0131k alan LMG&#8217;si olan M249, daha y\u00fcksek isabet ve y\u00fcksek cephane kapasitesi i\u00e7in yava\u015f bir at\u0131\u015f h\u0131z\u0131n\u0131 takas etmek isteyen oyuncular i\u00e7in m\u00fckemmel bir se\u00e7imdir. Her bir par\u00e7as\u0131&hellip;","og_url":"https:\/\/skins-universe.com\/product\/m249-jungle-savas-kararli\/","og_site_name":"Skins Universe","twitter_card":"summary_large_image","schema":{"@context":"https:\/\/schema.org","@graph":[{"@type":"WebPage","@id":"https:\/\/skins-universe.com\/product\/m249-jungle-savas-kararli\/","url":"https:\/\/skins-universe.com\/product\/m249-jungle-savas-kararli\/","name":"M249 | Jungle (Sava\u015f Kararl\u0131) - Skins Universe","isPartOf":{"@id":"https:\/\/skins-universe.com\/#website"},"primaryImageOfPage":{"@id":"https:\/\/skins-universe.com\/product\/m249-jungle-savas-kararli\/#primaryimage"},"image":{"@id":"https:\/\/skins-universe.com\/product\/m249-jungle-savas-kararli\/#primaryimage"},"thumbnailUrl":"https:\/\/skins-universe.com\/wp-content\/uploads\/2026\/01\/M249_Jungle_Battle_Scarred.webp","datePublished":"2026-01-02T11:54:24+00:00","breadcrumb":{"@id":"https:\/\/skins-universe.com\/product\/m249-jungle-savas-kararli\/#breadcrumb"},"inLanguage":"tr","potentialAction":[{"@type":"ReadAction","target":["https:\/\/skins-universe.com\/product\/m249-jungle-savas-kararli\/"]}]},{"@type":"ImageObject","inLanguage":"tr","@id":"https:\/\/skins-universe.com\/product\/m249-jungle-savas-kararli\/#primaryimage","url":"https:\/\/skins-universe.com\/wp-content\/uploads\/2026\/01\/M249_Jungle_Battle_Scarred.webp","contentUrl":"https:\/\/skins-universe.com\/wp-content\/uploads\/2026\/01\/M249_Jungle_Battle_Scarred.webp","width":458,"height":344},{"@type":"BreadcrumbList","@id":"https:\/\/skins-universe.com\/product\/m249-jungle-savas-kararli\/#breadcrumb","itemListElement":[{"@type":"ListItem","position":1,"name":"Home","item":"https:\/\/skins-universe.com\/"},{"@type":"ListItem","position":2,"name":"Ma\u011faza","item":"https:\/\/skins-universe.com\/tr\/magaza\/"},{"@type":"ListItem","position":3,"name":"M249 | Jungle (Sava\u015f Kararl\u0131)"}]},{"@type":"WebSite","@id":"https:\/\/skins-universe.com\/#website","url":"https:\/\/skins-universe.com\/","name":"Skins Universe","description":"Elite Skins for Clutch Moments.","publisher":{"@id":"https:\/\/skins-universe.com\/#organization"},"potentialAction":[{"@type":"SearchAction","target":{"@type":"EntryPoint","urlTemplate":"https:\/\/skins-universe.com\/?s={search_term_string}"},"query-input":{"@type":"PropertyValueSpecification","valueRequired":true,"valueName":"search_term_string"}}],"inLanguage":"tr"},{"@type":"Organization","@id":"https:\/\/skins-universe.com\/#organization","name":"Skins Universe","url":"https:\/\/skins-universe.com\/","logo":{"@type":"ImageObject","inLanguage":"tr","@id":"https:\/\/skins-universe.com\/#\/schema\/logo\/image\/","url":"https:\/\/skins-universe.com\/wp-content\/uploads\/2020\/06\/cropped-gaming-1-removebg-preview.png","contentUrl":"https:\/\/skins-universe.com\/wp-content\/uploads\/2020\/06\/cropped-gaming-1-removebg-preview.png","width":500,"height":262,"caption":"Skins Universe"},"image":{"@id":"https:\/\/skins-universe.com\/#\/schema\/logo\/image\/"}}]}},"_links":{"self":[{"href":"https:\/\/skins-universe.com\/tr\/wp-json\/wp\/v2\/product\/28465","targetHints":{"allow":["GET"]}}],"collection":[{"href":"https:\/\/skins-universe.com\/tr\/wp-json\/wp\/v2\/product"}],"about":[{"href":"https:\/\/skins-universe.com\/tr\/wp-json\/wp\/v2\/types\/product"}],"replies":[{"embeddable":true,"href":"https:\/\/skins-universe.com\/tr\/wp-json\/wp\/v2\/comments?post=28465"}],"wp:featuredmedia":[{"embeddable":true,"href":"https:\/\/skins-universe.com\/tr\/wp-json\/wp\/v2\/media\/26959"}],"wp:attachment":[{"href":"https:\/\/skins-universe.com\/tr\/wp-json\/wp\/v2\/media?parent=28465"}],"wp:term":[{"taxonomy":"product_brand","embeddable":true,"href":"https:\/\/skins-universe.com\/tr\/wp-json\/wp\/v2\/product_brand?post=28465"},{"taxonomy":"product_cat","embeddable":true,"href":"https:\/\/skins-universe.com\/tr\/wp-json\/wp\/v2\/product_cat?post=28465"},{"taxonomy":"product_tag","embeddable":true,"href":"https:\/\/skins-universe.com\/tr\/wp-json\/wp\/v2\/product_tag?post=28465"}],"curies":[{"name":"wp","href":"https:\/\/api.w.org\/{rel}","templated":true}]}}