{"id":28472,"date":"2026-01-02T11:54:27","date_gmt":"2026-01-02T11:54:27","guid":{"rendered":"https:\/\/skins-universe.com\/product\/stattrak-m249-derin-kabartma-fabrikada-yeni\/"},"modified":"2026-01-02T11:54:27","modified_gmt":"2026-01-02T11:54:27","slug":"stattrak-m249-derin-kabartma-fabrikada-yeni","status":"publish","type":"product","link":"https:\/\/skins-universe.com\/tr\/urun\/stattrak-m249-derin-kabartma-fabrikada-yeni\/","title":{"rendered":"StatTrak\u2122 M249 | Derin Kabartma (Fabrikada Yeni)"},"content":{"rendered":"<p>G\u00fc\u00e7l\u00fc bir a\u00e7\u0131k alan LMG&#8217;si olan M249, daha y\u00fcksek isabet oran\u0131 ve y\u00fcksek cephane kapasitesi i\u00e7in yava\u015f bir at\u0131\u015f h\u0131z\u0131n\u0131 takas etmek isteyen oyuncular i\u00e7in m\u00fckemmel bir se\u00e7imdir. Kum renkli \u00fcst katman, derine indik\u00e7e yerini daha koyu ye\u015fillere b\u0131rak\u0131r. Bu hissedebilece\u011finiz \u00f6zel bir boya i\u015fi. Merkeze ula\u015fmak i\u00e7in ka\u00e7 mermi gerekiyor?   <\/p>\n","protected":false},"excerpt":{"rendered":"<p>G\u00fc\u00e7l\u00fc bir a\u00e7\u0131k alan LMG&#8217;si olan M249, daha y\u00fcksek isabet oran\u0131 ve y\u00fcksek cephane kapasitesi i\u00e7in yava\u015f bir at\u0131\u015f h\u0131z\u0131n\u0131 takas etmek isteyen oyuncular i\u00e7in m\u00fckemmel bir se\u00e7imdir. Kum renkli&hellip;<\/p>\n","protected":false},"featured_media":26974,"comment_status":"open","ping_status":"closed","template":"","meta":[],"product_brand":[],"product_cat":[754],"product_tag":[],"class_list":{"0":"post-28472","1":"product","2":"type-product","3":"status-publish","4":"has-post-thumbnail","6":"product_cat-makineli-tufek-tr","8":"first","9":"instock","10":"virtual","11":"product-type-simple"},"yoast_head":"<!-- This site is optimized with the Yoast SEO plugin v26.6 - https:\/\/yoast.com\/wordpress\/plugins\/seo\/ -->\n<title>StatTrak\u2122 M249 | Derin Kabartma (Fabrikada Yeni) - Skins Universe<\/title>\n<meta name=\"robots\" content=\"index, follow, max-snippet:-1, max-image-preview:large, max-video-preview:-1\" \/>\n<link rel=\"canonical\" href=\"https:\/\/skins-universe.com\/product\/stattrak-m249-derin-kabartma-fabrikada-yeni\/\" \/>\n<meta property=\"og:locale\" content=\"tr_TR\" \/>\n<meta property=\"og:type\" content=\"article\" \/>\n<meta property=\"og:title\" content=\"StatTrak\u2122 M249 | Derin Kabartma (Fabrikada Yeni) - Skins Universe\" \/>\n<meta property=\"og:description\" content=\"G\u00fc\u00e7l\u00fc bir a\u00e7\u0131k alan LMG&#8217;si olan M249, daha y\u00fcksek isabet oran\u0131 ve y\u00fcksek cephane kapasitesi i\u00e7in yava\u015f bir at\u0131\u015f h\u0131z\u0131n\u0131 takas etmek isteyen oyuncular i\u00e7in m\u00fckemmel bir se\u00e7imdir. Kum renkli&hellip;\" \/>\n<meta property=\"og:url\" content=\"https:\/\/skins-universe.com\/product\/stattrak-m249-derin-kabartma-fabrikada-yeni\/\" \/>\n<meta property=\"og:site_name\" content=\"Skins Universe\" \/>\n<meta name=\"twitter:card\" content=\"summary_large_image\" \/>\n<script type=\"application\/ld+json\" class=\"yoast-schema-graph\">{\"@context\":\"https:\/\/schema.org\",\"@graph\":[{\"@type\":\"WebPage\",\"@id\":\"https:\/\/skins-universe.com\/product\/stattrak-m249-derin-kabartma-fabrikada-yeni\/\",\"url\":\"https:\/\/skins-universe.com\/product\/stattrak-m249-derin-kabartma-fabrikada-yeni\/\",\"name\":\"StatTrak\u2122 M249 | Derin Kabartma (Fabrikada Yeni) - Skins Universe\",\"isPartOf\":{\"@id\":\"https:\/\/skins-universe.com\/#website\"},\"primaryImageOfPage\":{\"@id\":\"https:\/\/skins-universe.com\/product\/stattrak-m249-derin-kabartma-fabrikada-yeni\/#primaryimage\"},\"image\":{\"@id\":\"https:\/\/skins-universe.com\/product\/stattrak-m249-derin-kabartma-fabrikada-yeni\/#primaryimage\"},\"thumbnailUrl\":\"https:\/\/skins-universe.com\/wp-content\/uploads\/2026\/01\/StatTrak_M249_Deep_Relief_Factory_New.webp\",\"datePublished\":\"2026-01-02T11:54:27+00:00\",\"breadcrumb\":{\"@id\":\"https:\/\/skins-universe.com\/product\/stattrak-m249-derin-kabartma-fabrikada-yeni\/#breadcrumb\"},\"inLanguage\":\"tr\",\"potentialAction\":[{\"@type\":\"ReadAction\",\"target\":[\"https:\/\/skins-universe.com\/product\/stattrak-m249-derin-kabartma-fabrikada-yeni\/\"]}]},{\"@type\":\"ImageObject\",\"inLanguage\":\"tr\",\"@id\":\"https:\/\/skins-universe.com\/product\/stattrak-m249-derin-kabartma-fabrikada-yeni\/#primaryimage\",\"url\":\"https:\/\/skins-universe.com\/wp-content\/uploads\/2026\/01\/StatTrak_M249_Deep_Relief_Factory_New.webp\",\"contentUrl\":\"https:\/\/skins-universe.com\/wp-content\/uploads\/2026\/01\/StatTrak_M249_Deep_Relief_Factory_New.webp\",\"width\":458,\"height\":344},{\"@type\":\"BreadcrumbList\",\"@id\":\"https:\/\/skins-universe.com\/product\/stattrak-m249-derin-kabartma-fabrikada-yeni\/#breadcrumb\",\"itemListElement\":[{\"@type\":\"ListItem\",\"position\":1,\"name\":\"Home\",\"item\":\"https:\/\/skins-universe.com\/\"},{\"@type\":\"ListItem\",\"position\":2,\"name\":\"Ma\u011faza\",\"item\":\"https:\/\/skins-universe.com\/tr\/magaza\/\"},{\"@type\":\"ListItem\",\"position\":3,\"name\":\"StatTrak\u2122 M249 | Derin Kabartma (Fabrikada Yeni)\"}]},{\"@type\":\"WebSite\",\"@id\":\"https:\/\/skins-universe.com\/#website\",\"url\":\"https:\/\/skins-universe.com\/\",\"name\":\"Skins Universe\",\"description\":\"Elite Skins for Clutch Moments.\",\"publisher\":{\"@id\":\"https:\/\/skins-universe.com\/#organization\"},\"potentialAction\":[{\"@type\":\"SearchAction\",\"target\":{\"@type\":\"EntryPoint\",\"urlTemplate\":\"https:\/\/skins-universe.com\/?s={search_term_string}\"},\"query-input\":{\"@type\":\"PropertyValueSpecification\",\"valueRequired\":true,\"valueName\":\"search_term_string\"}}],\"inLanguage\":\"tr\"},{\"@type\":\"Organization\",\"@id\":\"https:\/\/skins-universe.com\/#organization\",\"name\":\"Skins Universe\",\"url\":\"https:\/\/skins-universe.com\/\",\"logo\":{\"@type\":\"ImageObject\",\"inLanguage\":\"tr\",\"@id\":\"https:\/\/skins-universe.com\/#\/schema\/logo\/image\/\",\"url\":\"https:\/\/skins-universe.com\/wp-content\/uploads\/2020\/06\/cropped-gaming-1-removebg-preview.png\",\"contentUrl\":\"https:\/\/skins-universe.com\/wp-content\/uploads\/2020\/06\/cropped-gaming-1-removebg-preview.png\",\"width\":500,\"height\":262,\"caption\":\"Skins Universe\"},\"image\":{\"@id\":\"https:\/\/skins-universe.com\/#\/schema\/logo\/image\/\"}}]}<\/script>\n<!-- \/ Yoast SEO plugin. -->","yoast_head_json":{"title":"StatTrak\u2122 M249 | Derin Kabartma (Fabrikada Yeni) - Skins Universe","robots":{"index":"index","follow":"follow","max-snippet":"max-snippet:-1","max-image-preview":"max-image-preview:large","max-video-preview":"max-video-preview:-1"},"canonical":"https:\/\/skins-universe.com\/product\/stattrak-m249-derin-kabartma-fabrikada-yeni\/","og_locale":"tr_TR","og_type":"article","og_title":"StatTrak\u2122 M249 | Derin Kabartma (Fabrikada Yeni) - Skins Universe","og_description":"G\u00fc\u00e7l\u00fc bir a\u00e7\u0131k alan LMG&#8217;si olan M249, daha y\u00fcksek isabet oran\u0131 ve y\u00fcksek cephane kapasitesi i\u00e7in yava\u015f bir at\u0131\u015f h\u0131z\u0131n\u0131 takas etmek isteyen oyuncular i\u00e7in m\u00fckemmel bir se\u00e7imdir. Kum renkli&hellip;","og_url":"https:\/\/skins-universe.com\/product\/stattrak-m249-derin-kabartma-fabrikada-yeni\/","og_site_name":"Skins Universe","twitter_card":"summary_large_image","schema":{"@context":"https:\/\/schema.org","@graph":[{"@type":"WebPage","@id":"https:\/\/skins-universe.com\/product\/stattrak-m249-derin-kabartma-fabrikada-yeni\/","url":"https:\/\/skins-universe.com\/product\/stattrak-m249-derin-kabartma-fabrikada-yeni\/","name":"StatTrak\u2122 M249 | Derin Kabartma (Fabrikada Yeni) - Skins Universe","isPartOf":{"@id":"https:\/\/skins-universe.com\/#website"},"primaryImageOfPage":{"@id":"https:\/\/skins-universe.com\/product\/stattrak-m249-derin-kabartma-fabrikada-yeni\/#primaryimage"},"image":{"@id":"https:\/\/skins-universe.com\/product\/stattrak-m249-derin-kabartma-fabrikada-yeni\/#primaryimage"},"thumbnailUrl":"https:\/\/skins-universe.com\/wp-content\/uploads\/2026\/01\/StatTrak_M249_Deep_Relief_Factory_New.webp","datePublished":"2026-01-02T11:54:27+00:00","breadcrumb":{"@id":"https:\/\/skins-universe.com\/product\/stattrak-m249-derin-kabartma-fabrikada-yeni\/#breadcrumb"},"inLanguage":"tr","potentialAction":[{"@type":"ReadAction","target":["https:\/\/skins-universe.com\/product\/stattrak-m249-derin-kabartma-fabrikada-yeni\/"]}]},{"@type":"ImageObject","inLanguage":"tr","@id":"https:\/\/skins-universe.com\/product\/stattrak-m249-derin-kabartma-fabrikada-yeni\/#primaryimage","url":"https:\/\/skins-universe.com\/wp-content\/uploads\/2026\/01\/StatTrak_M249_Deep_Relief_Factory_New.webp","contentUrl":"https:\/\/skins-universe.com\/wp-content\/uploads\/2026\/01\/StatTrak_M249_Deep_Relief_Factory_New.webp","width":458,"height":344},{"@type":"BreadcrumbList","@id":"https:\/\/skins-universe.com\/product\/stattrak-m249-derin-kabartma-fabrikada-yeni\/#breadcrumb","itemListElement":[{"@type":"ListItem","position":1,"name":"Home","item":"https:\/\/skins-universe.com\/"},{"@type":"ListItem","position":2,"name":"Ma\u011faza","item":"https:\/\/skins-universe.com\/tr\/magaza\/"},{"@type":"ListItem","position":3,"name":"StatTrak\u2122 M249 | Derin Kabartma (Fabrikada Yeni)"}]},{"@type":"WebSite","@id":"https:\/\/skins-universe.com\/#website","url":"https:\/\/skins-universe.com\/","name":"Skins Universe","description":"Elite Skins for Clutch Moments.","publisher":{"@id":"https:\/\/skins-universe.com\/#organization"},"potentialAction":[{"@type":"SearchAction","target":{"@type":"EntryPoint","urlTemplate":"https:\/\/skins-universe.com\/?s={search_term_string}"},"query-input":{"@type":"PropertyValueSpecification","valueRequired":true,"valueName":"search_term_string"}}],"inLanguage":"tr"},{"@type":"Organization","@id":"https:\/\/skins-universe.com\/#organization","name":"Skins Universe","url":"https:\/\/skins-universe.com\/","logo":{"@type":"ImageObject","inLanguage":"tr","@id":"https:\/\/skins-universe.com\/#\/schema\/logo\/image\/","url":"https:\/\/skins-universe.com\/wp-content\/uploads\/2020\/06\/cropped-gaming-1-removebg-preview.png","contentUrl":"https:\/\/skins-universe.com\/wp-content\/uploads\/2020\/06\/cropped-gaming-1-removebg-preview.png","width":500,"height":262,"caption":"Skins Universe"},"image":{"@id":"https:\/\/skins-universe.com\/#\/schema\/logo\/image\/"}}]}},"_links":{"self":[{"href":"https:\/\/skins-universe.com\/tr\/wp-json\/wp\/v2\/product\/28472","targetHints":{"allow":["GET"]}}],"collection":[{"href":"https:\/\/skins-universe.com\/tr\/wp-json\/wp\/v2\/product"}],"about":[{"href":"https:\/\/skins-universe.com\/tr\/wp-json\/wp\/v2\/types\/product"}],"replies":[{"embeddable":true,"href":"https:\/\/skins-universe.com\/tr\/wp-json\/wp\/v2\/comments?post=28472"}],"wp:featuredmedia":[{"embeddable":true,"href":"https:\/\/skins-universe.com\/tr\/wp-json\/wp\/v2\/media\/26974"}],"wp:attachment":[{"href":"https:\/\/skins-universe.com\/tr\/wp-json\/wp\/v2\/media?parent=28472"}],"wp:term":[{"taxonomy":"product_brand","embeddable":true,"href":"https:\/\/skins-universe.com\/tr\/wp-json\/wp\/v2\/product_brand?post=28472"},{"taxonomy":"product_cat","embeddable":true,"href":"https:\/\/skins-universe.com\/tr\/wp-json\/wp\/v2\/product_cat?post=28472"},{"taxonomy":"product_tag","embeddable":true,"href":"https:\/\/skins-universe.com\/tr\/wp-json\/wp\/v2\/product_tag?post=28472"}],"curies":[{"name":"wp","href":"https:\/\/api.w.org\/{rel}","templated":true}]}}